{"id":6879,"date":"2025-08-24T07:27:22","date_gmt":"2025-08-24T07:27:22","guid":{"rendered":"https:\/\/puffvapestore.com\/?post_type=product&#038;p=6879"},"modified":"2026-01-19T10:31:54","modified_gmt":"2026-01-19T10:31:54","slug":"peach-ice-bang-king-35k-offre-une-saveur-de-peche-sucree","status":"publish","type":"product","link":"https:\/\/puffvapestore.com\/sv\/product\/peach-ice-bang-king-35k-ger-en-sot-smak-av-persika\/","title":{"rendered":"Persika is - Bang King 35K"},"content":{"rendered":"<div data-elementor-type=\"wp-post\" data-elementor-id=\"6879\" class=\"elementor elementor-6879\">\n\t\t\t\t<div class=\"elementor-element elementor-element-08c26f9 e-flex e-con-boxed e-con e-parent\" data-id=\"08c26f9\" data-element_type=\"container\" data-e-type=\"container\">\n\t\t\t\t\t<div class=\"e-con-inner\">\n\t\t\t\t<div class=\"elementor-element elementor-element-a005a97 elementor-widget elementor-widget-text-editor\" data-id=\"a005a97\" data-element_type=\"widget\" data-e-type=\"widget\" data-widget_type=\"text-editor.default\">\n\t\t\t\t<div class=\"elementor-widget-container\">\n\t\t\t\t\t\t\t\t\t<p>Bang King 35000 Glazed Peach erbjuder en s\u00f6t, saftig persikosmak med en mild k\u00e4nsla av friskhet, vilket skapar en uppfriskande komplex smak.<\/p><h2>Rik persikoarom<\/h2><p>Den dominerande smaken \u00e4r f\u00e4rsk, mogen persika, med en naturlig fruktig arom som \u00e4r s\u00f6t men inte \u00f6verv\u00e4ldigande. Det \u00e4r som att bita i en saftig gul persika med en livlig arom. Persikosmaken, med sin subtila syra, balanserar s\u00f6tman och g\u00f6r smaken mer autentisk och naturlig.<\/p><p>Till persikosmaken l\u00e4gger Bang King 35000 Peach Ice till en distinkt och uppfriskande mentolnot. Denna friskhet \u00e4r uppfriskande mjuk, som att dricka ett glas isad persikosaft en varm sommardag. Den ger omedelbart en uppfriskande svalka, lugnar munnen och f\u00f6rb\u00e4ttrar den totala friskheten.<\/p><h2>Balanserad s\u00f6tma och syra<\/h2><p>S\u00f6tman \u00e4r relativt ren och ih\u00e5llande, varken f\u00f6r s\u00f6t eller kladdig. Persikans syra d\u00e4mpar s\u00f6tman och skapar en livlig, komplex smak, undviker en monoton s\u00f6tma och tillf\u00f6r en subtil fruktig syra som f\u00f6rst\u00e4rker smakdjupet.<\/p><p>R\u00f6ken \u00e4r mjuk och delikat, utan att irritera halsen. Kombinationen av friskhet och fruktiga aromer skapar en trevlig, uppfriskande upplevelse.<\/p><h2>LED-sk\u00e4rm med h\u00f6g uppl\u00f6sning<\/h2><p>Bang King 35000 Peach Ice har en innovativ, intelligent LED-display som visar enhetens status i realtid. Den anv\u00e4ndarv\u00e4nliga displayen visar viktig information som \u00e5terst\u00e5ende batteritid och e-v\u00e4tskeniv\u00e5, vilket g\u00f6r det enkelt f\u00f6r anv\u00e4ndaren att \u00f6vervaka sin konsumtion. Displayen \u00e4r praktisk och s\u00e4kerst\u00e4ller optimal anv\u00e4ndning i h\u00e4ndelse av urladdat batteri eller l\u00e5g e-v\u00e4tskeniv\u00e5.<\/p><h2>Stor kapacitet f\u00f6r e-v\u00e4tska<\/h2><p>Bang King 35000 Peach Ice \u00e4r f\u00f6rfylld med 23 ml premium e-v\u00e4tska, vilket garanterar l\u00e5ngvarig anv\u00e4ndning utan p\u00e5fyllning. Den stora kapaciteten \u00e4r perfekt f\u00f6r dem som vill ha en l\u00e5ngvarig och bekymmersfri upplevelse, oavsett om de \u00e4r tillf\u00e4lliga eller intensiva anv\u00e4ndare. Den f\u00f6rfyllda designen eliminerar besv\u00e4ret med manuell p\u00e5fyllning av e-v\u00e4tska och erbjuder en enkel l\u00f6sning som \u00e4r klar att anv\u00e4nda.<\/p><p>Bang King 35000 \u00e4r utformad f\u00f6r l\u00e5ngvarig h\u00e5llbarhet och erbjuder imponerande 35 000 puffar per enhet. Detta h\u00f6ga antal puffar g\u00f6r den till en av de mest h\u00e5llbara elektroniska eng\u00e5ngscigaretterna p\u00e5 marknaden och uppfyller behoven hos anv\u00e4ndare som f\u00f6redrar l\u00e5ngvarig anv\u00e4ndning utan frekvent byte av enhet. En h\u00f6g puffcykel s\u00e4kerst\u00e4ller l\u00e5ngvarig, konsekvent prestanda, vilket g\u00f6r det till ett prisv\u00e4rt val f\u00f6r vapers.<\/p><h2>Flera nikotindoser och Mesh resistance-teknik<\/h2><p>Bang King 35000 Peach Ice erbjuder en m\u00e4ngd olika nikotindoser f\u00f6r att passa alla behov: 0 %, 2 %, 3 % och 5 %. Oavsett om du \u00e4r ute efter en nikotinfri upplevelse eller en mer intensiv vape erbjuder dessa alternativ stor flexibilitet, b\u00e5de f\u00f6r nyb\u00f6rjare som slutar med traditionella cigaretter och f\u00f6r erfarna vapers som vill ha en personligt anpassad upplevelse. Det h\u00e4r sortimentet uppfyller en m\u00e4ngd olika behov och tilltalar en bred publik.<\/p><p>I hj\u00e4rtat av Bang King 35000 finns ett 0,6 \u03a9 Mesh-motst\u00e5nd som \u00e4r utformat f\u00f6r att optimera smak- och \u00e5ngproduktionen. Den st\u00f6rre ytan p\u00e5 Mesh-motst\u00e5ndet s\u00e4kerst\u00e4ller j\u00e4mn uppv\u00e4rmning, vilket ger en j\u00e4mn och rik smak och en j\u00e4mn och bekv\u00e4m vape-upplevelse. Den h\u00e4r avancerade tekniken f\u00f6rb\u00e4ttrar den totala vapingupplevelsen och ger \u00f6verl\u00e4gsen smak och prestanda j\u00e4mf\u00f6rt med traditionella resistorer.<\/p><h2>Uppladdningsbart batteri<\/h2><p>Bang King 35000 Peach Ice \u00e4r utrustad med ett uppladdningsbart batteri p\u00e5 1000 mAh, vilket kombinerar bekv\u00e4mligheten med en elektronisk eng\u00e5ngscigarett med h\u00e5llbarheten hos ett uppladdningsbart batteri. Batteriet med h\u00f6g kapacitet m\u00f6jligg\u00f6r l\u00e5ngvarig anv\u00e4ndning och typ C-laddningsporten s\u00e4kerst\u00e4ller snabb och effektiv laddning. Denna funktion minimerar driftstopp och g\u00f6r det m\u00f6jligt f\u00f6r anv\u00e4ndare att \u00e5nga utan avbrott.<\/p>\t\t\t\t\t\t\t\t<\/div>\n\t\t\t\t<\/div>\n\t\t\t\t\t<\/div>\n\t\t\t\t<\/div>\n\t\t\t\t<\/div>","protected":false},"excerpt":{"rendered":"<p>La Bang King 35000 P\u00eache Glac\u00e9e offre une saveur de p\u00eache sucr\u00e9e et juteuse avec une douce sensation de fra\u00eecheur, cr\u00e9ant un go\u00fbt rafra\u00eechissant et complexe. Ar\u00f4me riche de p\u00eache La saveur dominante est celle de la p\u00eache m\u00fbre et fra\u00eeche, avec un ar\u00f4me fruit\u00e9 naturel, doux mais sans \u00eatre envahissant. C&rsquo;est comme croquer dans [&hellip;]<\/p>\n","protected":false},"featured_media":6666,"comment_status":"open","ping_status":"closed","template":"","meta":{"site-sidebar-layout":"no-sidebar","site-content-layout":"page-builder","ast-site-content-layout":"normal-width-container","site-content-style":"default","site-sidebar-style":"default","ast-global-header-display":"","ast-banner-title-visibility":"","ast-main-header-display":"","ast-hfb-above-header-display":"","ast-hfb-below-header-display":"","ast-hfb-mobile-header-display":"","site-post-title":"disabled","ast-breadcrumbs-content":"","ast-featured-img":"disabled","footer-sml-layout":"","ast-disable-related-posts":"","theme-transparent-header-meta":"default","adv-header-id-meta":"","stick-header-meta":"default","header-above-stick-meta":"","header-main-stick-meta":"","header-below-stick-meta":"","astra-migrate-meta-layouts":"set","ast-page-background-enabled":"default","ast-page-background-meta":{"desktop":{"background-color":"","background-image":"","background-repeat":"repeat","background-position":"center center","background-size":"auto","background-attachment":"scroll","background-type":"","background-media":"","overlay-type":"","overlay-color":"","overlay-opacity":"","overlay-gradient":""},"tablet":{"background-color":"","background-image":"","background-repeat":"repeat","background-position":"center center","background-size":"auto","background-attachment":"scroll","background-type":"","background-media":"","overlay-type":"","overlay-color":"","overlay-opacity":"","overlay-gradient":""},"mobile":{"background-color":"","background-image":"","background-repeat":"repeat","background-position":"center center","background-size":"auto","background-attachment":"scroll","background-type":"","background-media":"","overlay-type":"","overlay-color":"","overlay-opacity":"","overlay-gradient":""}},"ast-content-background-meta":{"desktop":{"background-color":"var(--ast-global-color-5)","background-image":"","background-repeat":"repeat","background-position":"center center","background-size":"auto","background-attachment":"scroll","background-type":"","background-media":"","overlay-type":"","overlay-color":"","overlay-opacity":"","overlay-gradient":""},"tablet":{"background-color":"var(--ast-global-color-5)","background-image":"","background-repeat":"repeat","background-position":"center center","background-size":"auto","background-attachment":"scroll","background-type":"","background-media":"","overlay-type":"","overlay-color":"","overlay-opacity":"","overlay-gradient":""},"mobile":{"background-color":"var(--ast-global-color-5)","background-image":"","background-repeat":"repeat","background-position":"center center","background-size":"auto","background-attachment":"scroll","background-type":"","background-media":"","overlay-type":"","overlay-color":"","overlay-opacity":"","overlay-gradient":""}}},"product_brand":[52],"product_cat":[57,105,15],"product_tag":[],"class_list":{"0":"post-6879","1":"product","2":"type-product","3":"status-publish","4":"has-post-thumbnail","6":"product_brand-bang-king","7":"product_cat-bang-king-35k-resistance-mesh","8":"product_cat-puff-35k","9":"product_cat-magasin-cigarette-electronique","10":"desktop-align-center","11":"tablet-align-center","12":"mobile-align-center","13":"ast-product-gallery-layout-horizontal","14":"ast-product-gallery-with-no-image","15":"ast-product-single-variable","16":"ast-product-tabs-layout-horizontal","17":"ast-qv-on-image","19":"first","20":"instock","21":"sale","22":"shipping-taxable","23":"purchasable","24":"product-type-variable","25":"has-default-attributes"},"tiered_pricing_type":"fixed","tiered_pricing_fixed_rules":{"50":6.83,"100":6.22},"tiered_pricing_product_settings":{"layout":"default","base_unit_name":{"singular":null,"plural":null},"default_variation":null},"tiered_pricing_minimum_quantity":null,"tiered_pricing_roles_data":[],"tiered_pricing_percentage_rules":[],"_links":{"self":[{"href":"https:\/\/puffvapestore.com\/sv\/wp-json\/wp\/v2\/product\/6879","targetHints":{"allow":["GET"]}}],"collection":[{"href":"https:\/\/puffvapestore.com\/sv\/wp-json\/wp\/v2\/product"}],"about":[{"href":"https:\/\/puffvapestore.com\/sv\/wp-json\/wp\/v2\/types\/product"}],"replies":[{"embeddable":true,"href":"https:\/\/puffvapestore.com\/sv\/wp-json\/wp\/v2\/comments?post=6879"}],"version-history":[{"count":7,"href":"https:\/\/puffvapestore.com\/sv\/wp-json\/wp\/v2\/product\/6879\/revisions"}],"predecessor-version":[{"id":7229,"href":"https:\/\/puffvapestore.com\/sv\/wp-json\/wp\/v2\/product\/6879\/revisions\/7229"}],"wp:featuredmedia":[{"embeddable":true,"href":"https:\/\/puffvapestore.com\/sv\/wp-json\/wp\/v2\/media\/6666"}],"wp:attachment":[{"href":"https:\/\/puffvapestore.com\/sv\/wp-json\/wp\/v2\/media?parent=6879"}],"wp:term":[{"taxonomy":"product_brand","embeddable":true,"href":"https:\/\/puffvapestore.com\/sv\/wp-json\/wp\/v2\/product_brand?post=6879"},{"taxonomy":"product_cat","embeddable":true,"href":"https:\/\/puffvapestore.com\/sv\/wp-json\/wp\/v2\/product_cat?post=6879"},{"taxonomy":"product_tag","embeddable":true,"href":"https:\/\/puffvapestore.com\/sv\/wp-json\/wp\/v2\/product_tag?post=6879"}],"curies":[{"name":"wp","href":"https:\/\/api.w.org\/{rel}","templated":true}]}}