{"id":6809,"date":"2025-08-23T07:43:10","date_gmt":"2025-08-23T07:43:10","guid":{"rendered":"https:\/\/puffvapestore.com\/?post_type=product&#038;p=6809"},"modified":"2026-01-19T10:31:54","modified_gmt":"2026-01-19T10:31:54","slug":"blueberry-ice-bang-king-35k-est-incroyablement-authentique","status":"publish","type":"product","link":"https:\/\/puffvapestore.com\/sv\/product\/blabarsis-bang-king-35k-ar-otroligt-akta\/","title":{"rendered":"Bl\u00e5b\u00e4rsis - Bang King 35000"},"content":{"rendered":"<div data-elementor-type=\"wp-post\" data-elementor-id=\"6809\" class=\"elementor elementor-6809\">\n\t\t\t\t<div class=\"elementor-element elementor-element-08c26f9 e-flex e-con-boxed e-con e-parent\" data-id=\"08c26f9\" data-element_type=\"container\" data-e-type=\"container\">\n\t\t\t\t\t<div class=\"e-con-inner\">\n\t\t\t\t<div class=\"elementor-element elementor-element-a005a97 elementor-widget elementor-widget-text-editor\" data-id=\"a005a97\" data-element_type=\"widget\" data-e-type=\"widget\" data-widget_type=\"text-editor.default\">\n\t\t\t\t<div class=\"elementor-widget-container\">\n\t\t\t\t\t\t\t\t\t<p>Blueberry Ice-smaken domineras av bl\u00e5b\u00e4r, och det f\u00f6rsta du m\u00e4rker n\u00e4r du r\u00f6ker den \u00e4r en rik, frisk bl\u00e5b\u00e4rsarom. Bl\u00e5b\u00e4rssmaken \u00e4r livlig och s\u00f6t, med en naturlig syra som balanserar s\u00f6tman perfekt och undviker en sjuklig eller monoton smak. Bl\u00e5b\u00e4rssmaken \u00e4r otroligt autentisk, som nyplockade bl\u00e5b\u00e4r, med en kraftfull, k\u00f6ttig konsistens och subtil b\u00e4rsyra.<\/p><p>Det s\u00f6ta bl\u00e5b\u00e4ret f\u00f6ljs av en tydlig smak av f\u00e4rsk mynta. Den svalkande k\u00e4nslan \u00e4r uppfriskande, utan att vara aggressiv, utan mild och ih\u00e5llande, och ger en uppfriskande svalka i gommen som f\u00f6rst\u00e4rker den \u00f6vergripande smaken. Den uppfriskande effekten f\u00f6rst\u00e4rker bl\u00e5b\u00e4rss\u00f6tman och balanserar den starka s\u00f6tman i gommen.<\/p><h2>S\u00f6tman \u00e4r m\u00e5ttlig och komplex.<\/h2><p>Trots sin mycket s\u00f6ta bas \u00f6verv\u00e4ldigar den inte de fruktiga och mentoliska tonerna. Ist\u00e4llet skapar den en harmonisk trio med syrligheten fr\u00e5n bl\u00e5b\u00e4r och friskheten fr\u00e5n mynta. S\u00f6tman \u00e4r delikat, med en antydan till fruktos som full\u00e4ndar den mjuka, kr\u00e4miga smaken.<\/p><h2>Avslutningen \u00e4r l\u00e5ng och ren.<\/h2><p>Efter inandning av r\u00f6ken dr\u00f6jer sig de fruktiga, f\u00e4rska bl\u00e5b\u00e4rssmakerna kvar i gommen och l\u00e4mnar en ren, uppfriskande finish utan n\u00e5gon kvardr\u00f6jande s\u00f6tma eller obehagliga k\u00e4nslor. Friskheten f\u00f6rsvinner l\u00e5ngsamt och l\u00e4mnar en kvardr\u00f6jande fruktig eftersmak.<\/p><h2>Allm\u00e4n smakbeskrivning<\/h2><p>Bang King 35000 Blueberry Ice \u00e4r en v\u00e4lbalanserad blandning som kombinerar fruktens friskhet med glassens friskhet. Den \u00e4r perfekt f\u00f6r dem som gillar en rik, fruktig smak, samtidigt som den tillfredsst\u00e4ller dem som f\u00f6redrar en uppfriskande smak. Oavsett om du avnjuter den l\u00e5ngsamt eller inhalerar den snabbt kommer du att uppt\u00e4cka en rik smak och en j\u00e4mn, behaglig munk\u00e4nsla.<\/p><h2>Stor v\u00e4tskekapacitet och batteri med h\u00f6g kapacitet<\/h2><p>Bang King 35000 Blueberry Ice levereras med 23 ml f\u00f6rfylld e-v\u00e4tska, vilket eliminerar behovet av frekventa p\u00e5fyllningar och garanterar l\u00e5ng, bekymmersfri anv\u00e4ndning. Den stora kapaciteten garanterar en j\u00e4mn smak och l\u00e5ngvarig atomisering.<\/p><p>Den \u00e4r utrustad med ett litiumbatteri med h\u00f6g kapacitet p\u00e5 1000 mAh och snabbladdningskompatibilitet av typ C, vilket ger ut\u00f6kad autonomi och snabbladdning f\u00f6r dina dagliga vapingbehov.<\/p><p>Varje Bang King 35000 Blueberry Ice elektronisk cigarett erbjuder upp till 35 000 bloss, vilket \u00e4r l\u00e4ngre \u00e4n konventionella produkter p\u00e5 marknaden, perfekt f\u00f6r intensiva anv\u00e4ndare eller l\u00e5ngdistansresen\u00e4rer.<\/p><h2>H\u00f6gpresterande atomiseringsmotst\u00e5nd<\/h2><p>Bang King 35000 Blueberry Ice har ett 0,6 \u03a9 mesh-motst\u00e5nd f\u00f6r j\u00e4mn uppv\u00e4rmning och h\u00f6g \u00e5ngvolym, vilket ger en mer intensiv smak och mjukare inandning.<\/p><h2>Intelligent LED-display<\/h2><p>Den oberoende intelligenta LED-displayen visar batteriniv\u00e5 och kvarvarande e-v\u00e4tska i realtid, vilket g\u00f6r att anv\u00e4ndarna tydligt kan \u00f6vervaka enhetens status och undvika ov\u00e4ntade str\u00f6mavbrott eller l\u00e5ga e-v\u00e4tskeniv\u00e5er.<\/p><h2>Ett urval av nikotinkoncentrationer<\/h2><p>Bang King 35000 Blueberry Ice erbjuder flera nikotinstyrkor: 0 %, 2 %, 3 % och 5 %, f\u00f6r att m\u00f6ta behoven hos alla anv\u00e4ndare, fr\u00e5n noll nikotinupplevelse till nikotinrik throat hit.<\/p><h2>Skyddssystem<\/h2><p>Bang King 35000 har ett inbyggt torrbr\u00e4nningsskydd som automatiskt stoppar uppv\u00e4rmningen n\u00e4r e-v\u00e4tskan tar slut, vilket f\u00f6rhindrar skador p\u00e5 finf\u00f6rdelningsmotst\u00e5ndet och garanterar anv\u00e4ndarens s\u00e4kerhet.<\/p><p>Bang King 35000 har en ergonomisk, rundad kropp som \u00e4r bekv\u00e4m att h\u00e5lla i och en delikat, rept\u00e5lig, halks\u00e4ker yta f\u00f6r enkel transport och anv\u00e4ndning.<\/p>\t\t\t\t\t\t\t\t<\/div>\n\t\t\t\t<\/div>\n\t\t\t\t\t<\/div>\n\t\t\t\t<\/div>\n\t\t\t\t<\/div>","protected":false},"excerpt":{"rendered":"<p>L&rsquo;ar\u00f4me Blueberry Ice est domin\u00e9 par la myrtille, et la premi\u00e8re chose que l&rsquo;on per\u00e7oit en fumant est un ar\u00f4me riche et frais de myrtille. La saveur de myrtille est vive et sucr\u00e9e, avec une acidit\u00e9 naturelle qui \u00e9quilibre parfaitement la douceur, \u00e9vitant ainsi un go\u00fbt \u00e9c\u0153urant ou monotone. La saveur de myrtille est incroyablement [&hellip;]<\/p>\n","protected":false},"featured_media":6659,"comment_status":"open","ping_status":"closed","template":"","meta":{"site-sidebar-layout":"no-sidebar","site-content-layout":"page-builder","ast-site-content-layout":"normal-width-container","site-content-style":"default","site-sidebar-style":"default","ast-global-header-display":"","ast-banner-title-visibility":"","ast-main-header-display":"","ast-hfb-above-header-display":"","ast-hfb-below-header-display":"","ast-hfb-mobile-header-display":"","site-post-title":"disabled","ast-breadcrumbs-content":"","ast-featured-img":"disabled","footer-sml-layout":"","ast-disable-related-posts":"","theme-transparent-header-meta":"default","adv-header-id-meta":"","stick-header-meta":"default","header-above-stick-meta":"","header-main-stick-meta":"","header-below-stick-meta":"","astra-migrate-meta-layouts":"set","ast-page-background-enabled":"default","ast-page-background-meta":{"desktop":{"background-color":"","background-image":"","background-repeat":"repeat","background-position":"center center","background-size":"auto","background-attachment":"scroll","background-type":"","background-media":"","overlay-type":"","overlay-color":"","overlay-opacity":"","overlay-gradient":""},"tablet":{"background-color":"","background-image":"","background-repeat":"repeat","background-position":"center center","background-size":"auto","background-attachment":"scroll","background-type":"","background-media":"","overlay-type":"","overlay-color":"","overlay-opacity":"","overlay-gradient":""},"mobile":{"background-color":"","background-image":"","background-repeat":"repeat","background-position":"center center","background-size":"auto","background-attachment":"scroll","background-type":"","background-media":"","overlay-type":"","overlay-color":"","overlay-opacity":"","overlay-gradient":""}},"ast-content-background-meta":{"desktop":{"background-color":"var(--ast-global-color-5)","background-image":"","background-repeat":"repeat","background-position":"center center","background-size":"auto","background-attachment":"scroll","background-type":"","background-media":"","overlay-type":"","overlay-color":"","overlay-opacity":"","overlay-gradient":""},"tablet":{"background-color":"var(--ast-global-color-5)","background-image":"","background-repeat":"repeat","background-position":"center center","background-size":"auto","background-attachment":"scroll","background-type":"","background-media":"","overlay-type":"","overlay-color":"","overlay-opacity":"","overlay-gradient":""},"mobile":{"background-color":"var(--ast-global-color-5)","background-image":"","background-repeat":"repeat","background-position":"center center","background-size":"auto","background-attachment":"scroll","background-type":"","background-media":"","overlay-type":"","overlay-color":"","overlay-opacity":"","overlay-gradient":""}}},"product_brand":[52],"product_cat":[57,105,15],"product_tag":[],"class_list":{"0":"post-6809","1":"product","2":"type-product","3":"status-publish","4":"has-post-thumbnail","6":"product_brand-bang-king","7":"product_cat-bang-king-35k-resistance-mesh","8":"product_cat-puff-35k","9":"product_cat-magasin-cigarette-electronique","10":"desktop-align-center","11":"tablet-align-center","12":"mobile-align-center","13":"ast-product-gallery-layout-horizontal","14":"ast-product-gallery-with-no-image","15":"ast-product-single-variable","16":"ast-product-tabs-layout-horizontal","17":"ast-qv-on-image","19":"first","20":"instock","21":"sale","22":"shipping-taxable","23":"purchasable","24":"product-type-variable","25":"has-default-attributes"},"tiered_pricing_type":"fixed","tiered_pricing_fixed_rules":{"50":6.83,"100":6.22},"tiered_pricing_product_settings":{"layout":"default","base_unit_name":{"singular":null,"plural":null},"default_variation":null},"tiered_pricing_minimum_quantity":null,"tiered_pricing_roles_data":[],"tiered_pricing_percentage_rules":[],"_links":{"self":[{"href":"https:\/\/puffvapestore.com\/sv\/wp-json\/wp\/v2\/product\/6809","targetHints":{"allow":["GET"]}}],"collection":[{"href":"https:\/\/puffvapestore.com\/sv\/wp-json\/wp\/v2\/product"}],"about":[{"href":"https:\/\/puffvapestore.com\/sv\/wp-json\/wp\/v2\/types\/product"}],"replies":[{"embeddable":true,"href":"https:\/\/puffvapestore.com\/sv\/wp-json\/wp\/v2\/comments?post=6809"}],"version-history":[{"count":7,"href":"https:\/\/puffvapestore.com\/sv\/wp-json\/wp\/v2\/product\/6809\/revisions"}],"predecessor-version":[{"id":7223,"href":"https:\/\/puffvapestore.com\/sv\/wp-json\/wp\/v2\/product\/6809\/revisions\/7223"}],"wp:featuredmedia":[{"embeddable":true,"href":"https:\/\/puffvapestore.com\/sv\/wp-json\/wp\/v2\/media\/6659"}],"wp:attachment":[{"href":"https:\/\/puffvapestore.com\/sv\/wp-json\/wp\/v2\/media?parent=6809"}],"wp:term":[{"taxonomy":"product_brand","embeddable":true,"href":"https:\/\/puffvapestore.com\/sv\/wp-json\/wp\/v2\/product_brand?post=6809"},{"taxonomy":"product_cat","embeddable":true,"href":"https:\/\/puffvapestore.com\/sv\/wp-json\/wp\/v2\/product_cat?post=6809"},{"taxonomy":"product_tag","embeddable":true,"href":"https:\/\/puffvapestore.com\/sv\/wp-json\/wp\/v2\/product_tag?post=6809"}],"curies":[{"name":"wp","href":"https:\/\/api.w.org\/{rel}","templated":true}]}}