{"id":6798,"date":"2025-08-23T02:32:08","date_gmt":"2025-08-23T02:32:08","guid":{"rendered":"https:\/\/puffvapestore.com\/?post_type=product&#038;p=6798"},"modified":"2026-01-19T10:31:54","modified_gmt":"2026-01-19T10:31:54","slug":"strawberry-watermelon-bang-king-35000-allie-la-douceur-intense-de-la-fraise","status":"publish","type":"product","link":"https:\/\/puffvapestore.com\/sv\/product\/jordgubbsvattenmelon-bang-king-35000-kombinerar-den-intensiva-sotman-hos-jordgubbar\/","title":{"rendered":"Jordgubb och vattenmelon - Bang King 35000"},"content":{"rendered":"<div data-elementor-type=\"wp-post\" data-elementor-id=\"6798\" class=\"elementor elementor-6798\">\n\t\t\t\t<div class=\"elementor-element elementor-element-08c26f9 e-flex e-con-boxed e-con e-parent\" data-id=\"08c26f9\" data-element_type=\"container\" data-e-type=\"container\">\n\t\t\t\t\t<div class=\"e-con-inner\">\n\t\t\t\t<div class=\"elementor-element elementor-element-a005a97 elementor-widget elementor-widget-text-editor\" data-id=\"a005a97\" data-element_type=\"widget\" data-e-type=\"widget\" data-widget_type=\"text-editor.default\">\n\t\t\t\t<div class=\"elementor-widget-container\">\n\t\t\t\t\t\t\t\t\t<p>Den elektroniska cigaretten Bang King 35000 Strawberry Watermelon kombinerar jordgubbens intensiva s\u00f6tma med vattenmelonens saftiga friskhet. Aromen \u00e4r s\u00f6t och uppfriskande, med en l\u00e4tt smak av vattenmelon.<\/p><p>Strawberry: Ger en livlig, s\u00f6t smak som \u00e4r typisk f\u00f6r den naturliga, milda s\u00f6tman hos mogna jordgubbar. T\u00e4nk dig f\u00e4rska jordgubbar plockade p\u00e5 f\u00f6rsommaren, med en rik men inte \u00f6verv\u00e4ldigande smak.<\/p><p>Vattenmelon: Uppfriskande och saftig, med en subtil k\u00e4nsla av friskhet, som en uppfriskande sommarfrukt. Gommen \u00e4r l\u00e4tt, lite vattnig och s\u00f6tman \u00e4r mjuk.<\/p><p>Elektronisk cigarettupplevelse: S\u00f6t och uppfriskande, den fruktiga aromen av jordgubbar blandas harmoniskt med den saftiga friskheten av vattenmelon.<\/p><p>Smak: Jordgubbens s\u00f6tma kommer f\u00f6rst, f\u00f6ljt av en frisk, saftig eftersmak.<\/p><p>Helhetsintryck : S\u00f6t, uppfriskande och diskret, perfekt f\u00f6r dem som tycker om fruktiga smaker men f\u00f6redrar en l\u00e4ttare, mer uppfriskande k\u00e4nsla.<\/p><h2>Stor v\u00e4tskekapacitet och batteri med h\u00f6g kapacitet<\/h2><p>Bang King 35000 Strawberry Watermelon levereras med 23 ml f\u00f6rfylld e-juice, vilket eliminerar behovet av frekventa p\u00e5fyllningar och garanterar l\u00e5ng, bekymmersfri anv\u00e4ndning. Den stora kapaciteten garanterar en j\u00e4mn smak och l\u00e5ngvarig atomisering.<\/p><p>Den \u00e4r utrustad med ett litiumbatteri med h\u00f6g kapacitet p\u00e5 1000 mAh och snabbladdningskompatibilitet av typ C, vilket ger ut\u00f6kad autonomi och snabbladdning f\u00f6r dina dagliga vapingbehov.<\/p><p>Varje Bang King 35000 Strawberry Watermelon elektronisk cigarett erbjuder upp till 35 000 bloss, vilket \u00e4r l\u00e4ngre \u00e4n konventionella produkter p\u00e5 marknaden, perfekt f\u00f6r intensiva anv\u00e4ndare eller l\u00e5ngdistansresen\u00e4rer.<\/p><h2>H\u00f6gpresterande atomiseringsmotst\u00e5nd<\/h2><p>Bang King 35000 Strawberry Watermelon har ett 0,6 \u03a9 mesh-motst\u00e5nd f\u00f6r j\u00e4mn uppv\u00e4rmning och h\u00f6g \u00e5ngvolym, vilket ger en mer intensiv smak och mjukare inandning.<\/p><h2>Intelligent LED-display<\/h2><p>Den oberoende intelligenta LED-displayen visar batteriniv\u00e5 och kvarvarande e-v\u00e4tska i realtid, vilket g\u00f6r att anv\u00e4ndarna tydligt kan \u00f6vervaka enhetens status och undvika ov\u00e4ntade str\u00f6mavbrott eller l\u00e5ga e-v\u00e4tskeniv\u00e5er.<\/p><h2>Ett urval av nikotinkoncentrationer<\/h2><p>Bang King 35000 erbjuder flera nikotindoser: 0 %, 2 %, 3 % och 5 %, f\u00f6r att tillgodose behoven hos alla anv\u00e4ndare, fr\u00e5n noll nikotinupplevelse till nikotinrik throat hit.<\/p><h2>Skyddssystem<\/h2><p>Bang King 35000 Strawberry Watermelon har ett inbyggt torrbr\u00e4nningsskydd som automatiskt stoppar uppv\u00e4rmningen n\u00e4r e-v\u00e4tskan tar slut, vilket f\u00f6rhindrar skador p\u00e5 finf\u00f6rdelningsmotst\u00e5ndet och garanterar anv\u00e4ndarens s\u00e4kerhet.<\/p><p>Bang King 35000 Strawberry Watermelon har en ergonomisk, rundad kropp som \u00e4r bekv\u00e4m att h\u00e5lla i och en delikat, rept\u00e5lig, halks\u00e4ker yta f\u00f6r enkel transport och anv\u00e4ndning.<\/p>\t\t\t\t\t\t\t\t<\/div>\n\t\t\t\t<\/div>\n\t\t\t\t\t<\/div>\n\t\t\t\t<\/div>\n\t\t\t\t<\/div>","protected":false},"excerpt":{"rendered":"<p>La cigarette \u00e9lectronique Bang King 35000 Fraise Past\u00e8que allie la douceur intense de la fraise \u00e0 la fra\u00eecheur juteuse de la past\u00e8que. L&rsquo;ar\u00f4me est doux et rafra\u00eechissant, avec une l\u00e9g\u00e8re saveur de past\u00e8que aqueuse. Fraise\u00a0: Offre un ar\u00f4me vif et sucr\u00e9, typique de la douceur naturelle et moelleuse des fraises m\u00fbres. Imaginez des fraises fra\u00eeches [&hellip;]<\/p>\n","protected":false},"featured_media":6669,"comment_status":"open","ping_status":"closed","template":"","meta":{"site-sidebar-layout":"no-sidebar","site-content-layout":"page-builder","ast-site-content-layout":"normal-width-container","site-content-style":"default","site-sidebar-style":"default","ast-global-header-display":"","ast-banner-title-visibility":"","ast-main-header-display":"","ast-hfb-above-header-display":"","ast-hfb-below-header-display":"","ast-hfb-mobile-header-display":"","site-post-title":"disabled","ast-breadcrumbs-content":"","ast-featured-img":"disabled","footer-sml-layout":"","ast-disable-related-posts":"","theme-transparent-header-meta":"default","adv-header-id-meta":"","stick-header-meta":"default","header-above-stick-meta":"","header-main-stick-meta":"","header-below-stick-meta":"","astra-migrate-meta-layouts":"set","ast-page-background-enabled":"default","ast-page-background-meta":{"desktop":{"background-color":"","background-image":"","background-repeat":"repeat","background-position":"center center","background-size":"auto","background-attachment":"scroll","background-type":"","background-media":"","overlay-type":"","overlay-color":"","overlay-opacity":"","overlay-gradient":""},"tablet":{"background-color":"","background-image":"","background-repeat":"repeat","background-position":"center center","background-size":"auto","background-attachment":"scroll","background-type":"","background-media":"","overlay-type":"","overlay-color":"","overlay-opacity":"","overlay-gradient":""},"mobile":{"background-color":"","background-image":"","background-repeat":"repeat","background-position":"center center","background-size":"auto","background-attachment":"scroll","background-type":"","background-media":"","overlay-type":"","overlay-color":"","overlay-opacity":"","overlay-gradient":""}},"ast-content-background-meta":{"desktop":{"background-color":"var(--ast-global-color-5)","background-image":"","background-repeat":"repeat","background-position":"center center","background-size":"auto","background-attachment":"scroll","background-type":"","background-media":"","overlay-type":"","overlay-color":"","overlay-opacity":"","overlay-gradient":""},"tablet":{"background-color":"var(--ast-global-color-5)","background-image":"","background-repeat":"repeat","background-position":"center center","background-size":"auto","background-attachment":"scroll","background-type":"","background-media":"","overlay-type":"","overlay-color":"","overlay-opacity":"","overlay-gradient":""},"mobile":{"background-color":"var(--ast-global-color-5)","background-image":"","background-repeat":"repeat","background-position":"center center","background-size":"auto","background-attachment":"scroll","background-type":"","background-media":"","overlay-type":"","overlay-color":"","overlay-opacity":"","overlay-gradient":""}}},"product_brand":[52],"product_cat":[57,105,15],"product_tag":[],"class_list":{"0":"post-6798","1":"product","2":"type-product","3":"status-publish","4":"has-post-thumbnail","6":"product_brand-bang-king","7":"product_cat-bang-king-35k-resistance-mesh","8":"product_cat-puff-35k","9":"product_cat-magasin-cigarette-electronique","10":"desktop-align-center","11":"tablet-align-center","12":"mobile-align-center","13":"ast-product-gallery-layout-horizontal","14":"ast-product-gallery-with-no-image","15":"ast-product-single-variable","16":"ast-product-tabs-layout-horizontal","17":"ast-qv-on-image","19":"first","20":"instock","21":"sale","22":"shipping-taxable","23":"purchasable","24":"product-type-variable","25":"has-default-attributes"},"tiered_pricing_type":"fixed","tiered_pricing_fixed_rules":{"50":6.83,"100":6.22},"tiered_pricing_product_settings":{"layout":"default","base_unit_name":{"singular":null,"plural":null},"default_variation":null},"tiered_pricing_minimum_quantity":null,"tiered_pricing_roles_data":[],"tiered_pricing_percentage_rules":[],"_links":{"self":[{"href":"https:\/\/puffvapestore.com\/sv\/wp-json\/wp\/v2\/product\/6798","targetHints":{"allow":["GET"]}}],"collection":[{"href":"https:\/\/puffvapestore.com\/sv\/wp-json\/wp\/v2\/product"}],"about":[{"href":"https:\/\/puffvapestore.com\/sv\/wp-json\/wp\/v2\/types\/product"}],"replies":[{"embeddable":true,"href":"https:\/\/puffvapestore.com\/sv\/wp-json\/wp\/v2\/comments?post=6798"}],"version-history":[{"count":7,"href":"https:\/\/puffvapestore.com\/sv\/wp-json\/wp\/v2\/product\/6798\/revisions"}],"predecessor-version":[{"id":7222,"href":"https:\/\/puffvapestore.com\/sv\/wp-json\/wp\/v2\/product\/6798\/revisions\/7222"}],"wp:featuredmedia":[{"embeddable":true,"href":"https:\/\/puffvapestore.com\/sv\/wp-json\/wp\/v2\/media\/6669"}],"wp:attachment":[{"href":"https:\/\/puffvapestore.com\/sv\/wp-json\/wp\/v2\/media?parent=6798"}],"wp:term":[{"taxonomy":"product_brand","embeddable":true,"href":"https:\/\/puffvapestore.com\/sv\/wp-json\/wp\/v2\/product_brand?post=6798"},{"taxonomy":"product_cat","embeddable":true,"href":"https:\/\/puffvapestore.com\/sv\/wp-json\/wp\/v2\/product_cat?post=6798"},{"taxonomy":"product_tag","embeddable":true,"href":"https:\/\/puffvapestore.com\/sv\/wp-json\/wp\/v2\/product_tag?post=6798"}],"curies":[{"name":"wp","href":"https:\/\/api.w.org\/{rel}","templated":true}]}}