{"id":6787,"date":"2025-08-18T11:23:02","date_gmt":"2025-08-18T11:23:02","guid":{"rendered":"https:\/\/puffvapestore.com\/?post_type=product&#038;p=6787"},"modified":"2026-01-19T10:31:54","modified_gmt":"2026-01-19T10:31:54","slug":"bang-king-35k-blue-razz-ice-offre-un-arome-equilibre-de-framboise-bleue","status":"publish","type":"product","link":"https:\/\/puffvapestore.com\/sv\/product\/bang-king-35k-blue-razz-ice-erbjuder-en-balanserad-arom-av-bla-hallon\/","title":{"rendered":"Bang King 35000 - Bl\u00e5 Razz Ice"},"content":{"rendered":"<div data-elementor-type=\"wp-post\" data-elementor-id=\"6787\" class=\"elementor elementor-6787\">\n\t\t\t\t<div class=\"elementor-element elementor-element-08c26f9 e-flex e-con-boxed e-con e-parent\" data-id=\"08c26f9\" data-element_type=\"container\" data-e-type=\"container\">\n\t\t\t\t\t<div class=\"e-con-inner\">\n\t\t\t\t<div class=\"elementor-element elementor-element-a005a97 elementor-widget elementor-widget-text-editor\" data-id=\"a005a97\" data-element_type=\"widget\" data-e-type=\"widget\" data-widget_type=\"text-editor.default\">\n\t\t\t\t<div class=\"elementor-widget-container\">\n\t\t\t\t\t\t\t\t\t<p>Den elektroniska cigaretten Bang King 35000 Blue Razz Ice erbjuder en balanserad bl\u00e5 hallonsmak direkt fr\u00e5n f\u00f6rsta blosset, vilket ger en fruktig, saftig och uppfriskande smak direkt fr\u00e5n f\u00f6rsta blosset, f\u00f6ljt av en sval, mintig k\u00e4nsla som sprider sig snabbt ner i halsen f\u00f6r en smidig, klar och l\u00e5ngvarig uppfriskande upplevelse.<\/p><h2>Huvudnotering : S\u00f6t och syrlig bl\u00e5 hallon<\/h2><p>Huvudsmaken \u00e4r en s\u00f6t och syrlig bl\u00e5b\u00e4rssmak, som p\u00e5minner om den fruktiga, l\u00e4tt syrliga smaken av bl\u00e5 hallon. Detta skapar en uppfriskande balans mellan fruktig arom och s\u00f6tma redan fr\u00e5n f\u00f6rsta blosset.<\/p><h2>Ice: En uppfriskande blandning av mynta och is<\/h2><p>En tydlig isk\u00e4nsla l\u00e4ggs till den fruktiga smaken, vilket skapar en uppfriskande och stimulerande k\u00e4nsla, liknande den av en mint- eller isdimma. Det ger ett djup till smaken och l\u00e4mnar en uppfriskande k\u00e4nsla i munnen och halsen vid inandning.<\/p><h2>Smak : Mild och klar<\/h2><p>Formeln betonar mjukhet och friskhet, med ett litet motst\u00e5nd mot inandning och en fr\u00e5nvaro av h\u00e5rdhet. Fr\u00e5nvaron av en obehaglig eftersmak och h\u00e5rdhet ger en ren, kristallklar upplevelse.<\/p><h2>Detaljer om Blue Razz Ice-smak<\/h2><h3>F\u00e4rsk fruktig doft + isig eftersmak<\/h3><p>S\u00f6ta och syrliga bl\u00e5b\u00e4rsaromer invaderar f\u00f6rst munnen, f\u00f6ljt av en snabb isig k\u00e4nsla som skapar en \u00abfruktig isstorm\u00bb vid inandning: en s\u00f6t, uppfriskande blandning av friskhet som g\u00f6r att du vill ha mer.<\/p><h3>Passar dig som gillar mentol-, mint- eller issmaker.<\/h3><p>Om du f\u00f6redrar en s\u00f6t, fruktig smak med en isig avslutning, \u00e4r Blue Razz Ice ett perfekt exempel p\u00e5 detta: en uppfriskande fruktig upplevelse utan att vara f\u00f6r stark eller tung.<\/p><h2>Stor v\u00e4tskekapacitet och batteri med h\u00f6g kapacitet<\/h2><p>Bang King 35000 Blue Razz Ice levereras med 23 ml f\u00f6rfylld e-v\u00e4tska, vilket eliminerar behovet av frekventa p\u00e5fyllningar och garanterar l\u00e5ng, bekymmersfri anv\u00e4ndning. Den stora kapaciteten garanterar en j\u00e4mn smak och l\u00e5ngvarig atomisering.<\/p><p>Den \u00e4r utrustad med ett litiumbatteri med h\u00f6g kapacitet p\u00e5 1000 mAh och snabbladdningskompatibilitet av typ C, vilket ger ut\u00f6kad autonomi och snabbladdning f\u00f6r dina dagliga vapingbehov.<\/p><p>Varje Bang King 35000 Blue Razz Ice elektronisk cigarett erbjuder upp till 35 000 bloss, vilket \u00e4r l\u00e4ngre \u00e4n konventionella produkter p\u00e5 marknaden, perfekt f\u00f6r intensiva anv\u00e4ndare eller l\u00e5ngdistansresen\u00e4rer.<\/p><h2>H\u00f6gpresterande atomiseringsmotst\u00e5nd<\/h2><p>Bang King 35000 Blue Razz Ice har ett 0,6 \u03a9 mesh-motst\u00e5nd f\u00f6r j\u00e4mn uppv\u00e4rmning och h\u00f6g \u00e5ngvolym, vilket ger en mer intensiv smak och mjukare inandning.<\/p><h2>Intelligent LED-display<\/h2><p>Den oberoende intelligenta LED-displayen visar batteriniv\u00e5 och kvarvarande e-v\u00e4tska i realtid, vilket g\u00f6r att anv\u00e4ndarna tydligt kan \u00f6vervaka enhetens status och undvika ov\u00e4ntade str\u00f6mavbrott eller l\u00e5ga e-v\u00e4tskeniv\u00e5er.<\/p><h2>Ett urval av nikotinkoncentrationer<\/h2><p>Bang King 35000 Blue Razz Ice erbjuder flera nikotindoser: 0 %, 2 %, 3 % och 5 %, f\u00f6r att m\u00f6ta behoven hos alla anv\u00e4ndare, fr\u00e5n noll nikotinupplevelse till nikotinrik throat hit.<\/p><h2>Skyddssystem<\/h2><p>Bang King 35000 har ett inbyggt torrbr\u00e4nningsskydd som automatiskt stoppar uppv\u00e4rmningen n\u00e4r e-v\u00e4tskan tar slut, vilket f\u00f6rhindrar skador p\u00e5 finf\u00f6rdelningsmotst\u00e5ndet och garanterar anv\u00e4ndarens s\u00e4kerhet.<\/p><p>Bang King 35000 har en ergonomisk, rundad kropp som \u00e4r bekv\u00e4m att h\u00e5lla i och en delikat, rept\u00e5lig, halks\u00e4ker yta f\u00f6r enkel transport och anv\u00e4ndning.<\/p>\t\t\t\t\t\t\t\t<\/div>\n\t\t\t\t<\/div>\n\t\t\t\t\t<\/div>\n\t\t\t\t<\/div>\n\t\t\t\t<\/div>","protected":false},"excerpt":{"rendered":"<p>La cigarette \u00e9lectronique Bang King 35000 Blue Razz Ice offre un ar\u00f4me \u00e9quilibr\u00e9 de framboise bleue d\u00e8s la premi\u00e8re bouff\u00e9e, offrant une saveur fruit\u00e9e, juteuse et rafra\u00eechissante d\u00e8s la premi\u00e8re bouff\u00e9e, suivie d&rsquo;une sensation fra\u00eeche et menthol\u00e9e qui se propage rapidement en gorge, pour une exp\u00e9rience rafra\u00eechissante douce, claire et durable. Note principale\u00a0: Framboise bleue [&hellip;]<\/p>\n","protected":false},"featured_media":6658,"comment_status":"open","ping_status":"closed","template":"","meta":{"site-sidebar-layout":"no-sidebar","site-content-layout":"page-builder","ast-site-content-layout":"normal-width-container","site-content-style":"default","site-sidebar-style":"default","ast-global-header-display":"","ast-banner-title-visibility":"","ast-main-header-display":"","ast-hfb-above-header-display":"","ast-hfb-below-header-display":"","ast-hfb-mobile-header-display":"","site-post-title":"disabled","ast-breadcrumbs-content":"","ast-featured-img":"disabled","footer-sml-layout":"","ast-disable-related-posts":"","theme-transparent-header-meta":"default","adv-header-id-meta":"","stick-header-meta":"default","header-above-stick-meta":"","header-main-stick-meta":"","header-below-stick-meta":"","astra-migrate-meta-layouts":"set","ast-page-background-enabled":"default","ast-page-background-meta":{"desktop":{"background-color":"","background-image":"","background-repeat":"repeat","background-position":"center center","background-size":"auto","background-attachment":"scroll","background-type":"","background-media":"","overlay-type":"","overlay-color":"","overlay-opacity":"","overlay-gradient":""},"tablet":{"background-color":"","background-image":"","background-repeat":"repeat","background-position":"center center","background-size":"auto","background-attachment":"scroll","background-type":"","background-media":"","overlay-type":"","overlay-color":"","overlay-opacity":"","overlay-gradient":""},"mobile":{"background-color":"","background-image":"","background-repeat":"repeat","background-position":"center center","background-size":"auto","background-attachment":"scroll","background-type":"","background-media":"","overlay-type":"","overlay-color":"","overlay-opacity":"","overlay-gradient":""}},"ast-content-background-meta":{"desktop":{"background-color":"var(--ast-global-color-5)","background-image":"","background-repeat":"repeat","background-position":"center center","background-size":"auto","background-attachment":"scroll","background-type":"","background-media":"","overlay-type":"","overlay-color":"","overlay-opacity":"","overlay-gradient":""},"tablet":{"background-color":"var(--ast-global-color-5)","background-image":"","background-repeat":"repeat","background-position":"center center","background-size":"auto","background-attachment":"scroll","background-type":"","background-media":"","overlay-type":"","overlay-color":"","overlay-opacity":"","overlay-gradient":""},"mobile":{"background-color":"var(--ast-global-color-5)","background-image":"","background-repeat":"repeat","background-position":"center center","background-size":"auto","background-attachment":"scroll","background-type":"","background-media":"","overlay-type":"","overlay-color":"","overlay-opacity":"","overlay-gradient":""}}},"product_brand":[52],"product_cat":[57,105,15],"product_tag":[],"class_list":{"0":"post-6787","1":"product","2":"type-product","3":"status-publish","4":"has-post-thumbnail","6":"product_brand-bang-king","7":"product_cat-bang-king-35k-resistance-mesh","8":"product_cat-puff-35k","9":"product_cat-magasin-cigarette-electronique","10":"desktop-align-center","11":"tablet-align-center","12":"mobile-align-center","13":"ast-product-gallery-layout-horizontal","14":"ast-product-gallery-with-no-image","15":"ast-product-single-variable","16":"ast-product-tabs-layout-horizontal","17":"ast-qv-on-image","19":"first","20":"instock","21":"sale","22":"shipping-taxable","23":"purchasable","24":"product-type-variable","25":"has-default-attributes"},"tiered_pricing_type":"fixed","tiered_pricing_fixed_rules":{"50":6.83,"100":6.22},"tiered_pricing_product_settings":{"layout":"default","base_unit_name":{"singular":null,"plural":null},"default_variation":null},"tiered_pricing_minimum_quantity":null,"tiered_pricing_roles_data":[],"tiered_pricing_percentage_rules":[],"_links":{"self":[{"href":"https:\/\/puffvapestore.com\/sv\/wp-json\/wp\/v2\/product\/6787","targetHints":{"allow":["GET"]}}],"collection":[{"href":"https:\/\/puffvapestore.com\/sv\/wp-json\/wp\/v2\/product"}],"about":[{"href":"https:\/\/puffvapestore.com\/sv\/wp-json\/wp\/v2\/types\/product"}],"replies":[{"embeddable":true,"href":"https:\/\/puffvapestore.com\/sv\/wp-json\/wp\/v2\/comments?post=6787"}],"version-history":[{"count":7,"href":"https:\/\/puffvapestore.com\/sv\/wp-json\/wp\/v2\/product\/6787\/revisions"}],"predecessor-version":[{"id":7221,"href":"https:\/\/puffvapestore.com\/sv\/wp-json\/wp\/v2\/product\/6787\/revisions\/7221"}],"wp:featuredmedia":[{"embeddable":true,"href":"https:\/\/puffvapestore.com\/sv\/wp-json\/wp\/v2\/media\/6658"}],"wp:attachment":[{"href":"https:\/\/puffvapestore.com\/sv\/wp-json\/wp\/v2\/media?parent=6787"}],"wp:term":[{"taxonomy":"product_brand","embeddable":true,"href":"https:\/\/puffvapestore.com\/sv\/wp-json\/wp\/v2\/product_brand?post=6787"},{"taxonomy":"product_cat","embeddable":true,"href":"https:\/\/puffvapestore.com\/sv\/wp-json\/wp\/v2\/product_cat?post=6787"},{"taxonomy":"product_tag","embeddable":true,"href":"https:\/\/puffvapestore.com\/sv\/wp-json\/wp\/v2\/product_tag?post=6787"}],"curies":[{"name":"wp","href":"https:\/\/api.w.org\/{rel}","templated":true}]}}