{"id":6768,"date":"2025-08-18T05:07:38","date_gmt":"2025-08-18T05:07:38","guid":{"rendered":"https:\/\/puffvapestore.com\/?post_type=product&#038;p=6768"},"modified":"2026-01-19T10:31:54","modified_gmt":"2026-01-19T10:31:54","slug":"bang-king-35k-energy-drink-est-davantage-une-saveur-reveil-energetique","status":"publish","type":"product","link":"https:\/\/puffvapestore.com\/sv\/product\/bang-king-35k-energidryck-ar-mer-en-smak-av-energiboost\/","title":{"rendered":"Bang King 35000 - Energidryck"},"content":{"rendered":"<div data-elementor-type=\"wp-post\" data-elementor-id=\"6768\" class=\"elementor elementor-6768\">\n\t\t\t\t<div class=\"elementor-element elementor-element-08c26f9 e-flex e-con-boxed e-con e-parent\" data-id=\"08c26f9\" data-element_type=\"container\" data-e-type=\"container\">\n\t\t\t\t\t<div class=\"e-con-inner\">\n\t\t\t\t<div class=\"elementor-element elementor-element-a005a97 elementor-widget elementor-widget-text-editor\" data-id=\"a005a97\" data-element_type=\"widget\" data-e-type=\"widget\" data-widget_type=\"text-editor.default\">\n\t\t\t\t<div class=\"elementor-widget-container\">\n\t\t\t\t\t\t\t\t\t<p>J\u00e4mf\u00f6rt med fruktiga och isiga smaker som Blue Razz Ice eller Peach Ice, f\u00f6redrar e-cigaretten Bang King 35000 Energy Drink en uppfriskande, stimulerande k\u00e4nsla snarare \u00e4n en rik fruktig arom eller en stark mintfriskt. Det \u00e4r mer av en \u00abenergiuppvaknande\u00bb smak \u00e4n en rent fruktig eller issmak.<\/p><h2>Aromatisk sammans\u00e4ttning<\/h2><p>Balans mellan s\u00f6tma och syra: S\u00f6tman kommer fr\u00e5n den sirap eller fruktos som ofta finns i energidrycker, medan syrligheten ger en stimulerande touch, liknande den uppfriskande syrligheten i citrusfrukter.<\/p><p>Sprudlande: \u00c4ven om den elektroniska cigaretten anv\u00e4nder \u00e5nga snarare \u00e4n v\u00e4tska, simulerar smaken bubblan fr\u00e5n kolsyrade drycker, vilket skapar en l\u00e4tt brusighet som f\u00f6rb\u00e4ttrar den totala upplevelsen.<\/p><h2>\u00d6vergripande smakupplevelse<\/h2><p>Anv\u00e4ndaren upplever en uppfriskande, icke-irriterande doft i halsen:<\/p><p>Den initiala s\u00f6tman i \u00e5ngan sprider sig snabbt och framkallar den omedelbara uppfriskningen av en burk isad energidryck.<\/p><p>En l\u00e4tt syra i mitten av smakupplevelsen ger en k\u00e4nsla av klarhet och aktivering.<\/p><p>Avslutningen erbjuder en s\u00f6t eftersmak och en subtil k\u00e4nsla av friskhet, som simulerar en k\u00e4nsla av vakenhet.<\/p><h2>Batteri med l\u00e5ng livsl\u00e4ngd och uppladdningsbart batteri med h\u00f6g kapacitet<\/h2><p>BANG KING 35000 Energy Drink \u00e4r en elektronisk eng\u00e5ngsvaporisator med h\u00f6g kapacitet som \u00e4r utformad f\u00f6r en l\u00e5ngvarig upplevelse och makal\u00f6sa smaker. Varje BANG KING 35000 elektronisk cigarett ger upp till 35 000 bloss. Det inbyggda uppladdningsbara batteriet med h\u00f6g kapacitet och den extra stora e-v\u00e4tskebeh\u00e5llaren garanterar en fullst\u00e4ndig, j\u00e4mn inandning.<\/p><p>Tack vare det h\u00f6gpresterande uppladdningsbara litiumbatteriet p\u00e5 1000 mAh och snabbladdningsport av typ C beh\u00f6ver du aldrig mer oroa dig f\u00f6r batterifel. Den extra stora 23 ml f\u00f6rfyllda e-liquid-tanken, i kombination med Mesh Coil-teknik och ett optimerat 0,6 \u03a9-motst\u00e5nd, garanterar j\u00e4mn uppv\u00e4rmning, rik smak och gener\u00f6s \u00e5ngvolym.<\/p><h2>LED-display och flera nikotinniv\u00e5er<\/h2><p>BANG KING 35000 Energy Drink har en intelligent LED-display som visar \u00e5terst\u00e5ende batteriladdning och e-v\u00e4tskeniv\u00e5 i realtid, s\u00e5 att du alltid kan \u00f6vervaka enhetens status. Den unika Anti-Dry-Burn-tekniken f\u00f6rhindrar effektivt br\u00e4nda lukter n\u00e4r e-v\u00e4tskeniv\u00e5n \u00e4r l\u00e5g, vilket f\u00f6rl\u00e4nger livsl\u00e4ngden p\u00e5 atomiseringsmotst\u00e5ndet.<\/p><p>BANG KING 35000 Energy Drink erbjuder flera nikotinniv\u00e5er: 0 %, 2 %, 3 % och 5 %, f\u00f6r att m\u00f6ta anv\u00e4ndarnas olika behov. Oavsett om du \u00e4r en nikotinfri r\u00f6kare som letar efter en ren smak eller en erfaren r\u00f6kare som f\u00f6redrar tillfredsst\u00e4llelsen av en kraftfull vape, kommer du att hitta det perfekta valet.<\/p><p>Med sin raffinerade design, sitt l\u00e5nglivade batteri och sina m\u00e5nga smakalternativ sticker BANG KING 35000 (DSK032) ut bland de b\u00e4sta elektroniska eng\u00e5ngsvaporisatorerna. F\u00f6r vardagsbruk eller p\u00e5 resan erbjuder den en j\u00e4mn, stabil och l\u00e5ngvarig vape-upplevelse.<\/p><h2>Specifikationer f\u00f6r BANG KING 35000 Energidryck:<\/h2><p>Antal puffar : Upp till 35.000<\/p><p>Batterikapacitet: 1.000 mAh uppladdningsbart (typ C)<\/p><p>V\u00e4tskekapacitet: 23 ml f\u00f6rfylld<\/p><p>Atomiserare: 0,6 \u03a9 n\u00e4tmotst\u00e5nd<\/p><p>Display: Intelligent LED-display (batteriniv\u00e5\/ v\u00e4tskeniv\u00e5)<\/p><p>Skydd: Anti-sk\u00e5llningsskydd<\/p><p>Nikotinniv\u00e5er: 0 %, 2 %, 3 %, 5 %<\/p>\t\t\t\t\t\t\t\t<\/div>\n\t\t\t\t<\/div>\n\t\t\t\t\t<\/div>\n\t\t\t\t<\/div>\n\t\t\t\t<\/div>","protected":false},"excerpt":{"rendered":"<p>Compar\u00e9e aux saveurs fruit\u00e9es et glac\u00e9es comme Blue Razz Ice ou Peach Ice, la e-cigarette Bang King 35000 Energy Drink privil\u00e9gie une sensation rafra\u00eechissante et stimulante plut\u00f4t qu&rsquo;un ar\u00f4me fruit\u00e9 riche ou une forte sensation de fra\u00eecheur menthol\u00e9e. Il s&rsquo;agit davantage d&rsquo;une saveur \u00ab\u00a0r\u00e9veil \u00e9nerg\u00e9tique\u00a0\u00bb que d&rsquo;une saveur purement fruit\u00e9e ou glac\u00e9e. Composition aromatique \u00c9quilibre [&hellip;]<\/p>\n","protected":false},"featured_media":6662,"comment_status":"open","ping_status":"closed","template":"","meta":{"site-sidebar-layout":"no-sidebar","site-content-layout":"page-builder","ast-site-content-layout":"normal-width-container","site-content-style":"default","site-sidebar-style":"default","ast-global-header-display":"","ast-banner-title-visibility":"","ast-main-header-display":"","ast-hfb-above-header-display":"","ast-hfb-below-header-display":"","ast-hfb-mobile-header-display":"","site-post-title":"disabled","ast-breadcrumbs-content":"","ast-featured-img":"disabled","footer-sml-layout":"","ast-disable-related-posts":"","theme-transparent-header-meta":"default","adv-header-id-meta":"","stick-header-meta":"default","header-above-stick-meta":"","header-main-stick-meta":"","header-below-stick-meta":"","astra-migrate-meta-layouts":"set","ast-page-background-enabled":"default","ast-page-background-meta":{"desktop":{"background-color":"","background-image":"","background-repeat":"repeat","background-position":"center center","background-size":"auto","background-attachment":"scroll","background-type":"","background-media":"","overlay-type":"","overlay-color":"","overlay-opacity":"","overlay-gradient":""},"tablet":{"background-color":"","background-image":"","background-repeat":"repeat","background-position":"center center","background-size":"auto","background-attachment":"scroll","background-type":"","background-media":"","overlay-type":"","overlay-color":"","overlay-opacity":"","overlay-gradient":""},"mobile":{"background-color":"","background-image":"","background-repeat":"repeat","background-position":"center center","background-size":"auto","background-attachment":"scroll","background-type":"","background-media":"","overlay-type":"","overlay-color":"","overlay-opacity":"","overlay-gradient":""}},"ast-content-background-meta":{"desktop":{"background-color":"var(--ast-global-color-5)","background-image":"","background-repeat":"repeat","background-position":"center center","background-size":"auto","background-attachment":"scroll","background-type":"","background-media":"","overlay-type":"","overlay-color":"","overlay-opacity":"","overlay-gradient":""},"tablet":{"background-color":"var(--ast-global-color-5)","background-image":"","background-repeat":"repeat","background-position":"center center","background-size":"auto","background-attachment":"scroll","background-type":"","background-media":"","overlay-type":"","overlay-color":"","overlay-opacity":"","overlay-gradient":""},"mobile":{"background-color":"var(--ast-global-color-5)","background-image":"","background-repeat":"repeat","background-position":"center center","background-size":"auto","background-attachment":"scroll","background-type":"","background-media":"","overlay-type":"","overlay-color":"","overlay-opacity":"","overlay-gradient":""}}},"product_brand":[52],"product_cat":[57,105,15],"product_tag":[],"class_list":{"0":"post-6768","1":"product","2":"type-product","3":"status-publish","4":"has-post-thumbnail","6":"product_brand-bang-king","7":"product_cat-bang-king-35k-resistance-mesh","8":"product_cat-puff-35k","9":"product_cat-magasin-cigarette-electronique","10":"desktop-align-center","11":"tablet-align-center","12":"mobile-align-center","13":"ast-product-gallery-layout-horizontal","14":"ast-product-gallery-with-no-image","15":"ast-product-single-variable","16":"ast-product-tabs-layout-horizontal","17":"ast-qv-on-image","19":"first","20":"instock","21":"sale","22":"shipping-taxable","23":"purchasable","24":"product-type-variable","25":"has-default-attributes"},"tiered_pricing_type":"fixed","tiered_pricing_fixed_rules":{"50":6.83,"100":6.22},"tiered_pricing_product_settings":{"layout":"default","base_unit_name":{"singular":null,"plural":null},"default_variation":null},"tiered_pricing_minimum_quantity":null,"tiered_pricing_roles_data":[],"tiered_pricing_percentage_rules":[],"_links":{"self":[{"href":"https:\/\/puffvapestore.com\/sv\/wp-json\/wp\/v2\/product\/6768","targetHints":{"allow":["GET"]}}],"collection":[{"href":"https:\/\/puffvapestore.com\/sv\/wp-json\/wp\/v2\/product"}],"about":[{"href":"https:\/\/puffvapestore.com\/sv\/wp-json\/wp\/v2\/types\/product"}],"replies":[{"embeddable":true,"href":"https:\/\/puffvapestore.com\/sv\/wp-json\/wp\/v2\/comments?post=6768"}],"version-history":[{"count":7,"href":"https:\/\/puffvapestore.com\/sv\/wp-json\/wp\/v2\/product\/6768\/revisions"}],"predecessor-version":[{"id":7220,"href":"https:\/\/puffvapestore.com\/sv\/wp-json\/wp\/v2\/product\/6768\/revisions\/7220"}],"wp:featuredmedia":[{"embeddable":true,"href":"https:\/\/puffvapestore.com\/sv\/wp-json\/wp\/v2\/media\/6662"}],"wp:attachment":[{"href":"https:\/\/puffvapestore.com\/sv\/wp-json\/wp\/v2\/media?parent=6768"}],"wp:term":[{"taxonomy":"product_brand","embeddable":true,"href":"https:\/\/puffvapestore.com\/sv\/wp-json\/wp\/v2\/product_brand?post=6768"},{"taxonomy":"product_cat","embeddable":true,"href":"https:\/\/puffvapestore.com\/sv\/wp-json\/wp\/v2\/product_cat?post=6768"},{"taxonomy":"product_tag","embeddable":true,"href":"https:\/\/puffvapestore.com\/sv\/wp-json\/wp\/v2\/product_tag?post=6768"}],"curies":[{"name":"wp","href":"https:\/\/api.w.org\/{rel}","templated":true}]}}