{"id":6746,"date":"2025-08-15T06:18:15","date_gmt":"2025-08-15T06:18:15","guid":{"rendered":"https:\/\/puffvapestore.com\/?post_type=product&#038;p=6746"},"modified":"2026-01-19T10:31:54","modified_gmt":"2026-01-19T10:31:54","slug":"bang-king-35000-double-apple-arome-fruite-riche-et-complexe","status":"publish","type":"product","link":"https:\/\/puffvapestore.com\/sv\/product\/bang-king-35000-dubbelapple-rik-komplex-fruktig-arom\/","title":{"rendered":"Bang King 35000 - Dubbla \u00e4pplen"},"content":{"rendered":"<div data-elementor-type=\"wp-post\" data-elementor-id=\"6746\" class=\"elementor elementor-6746\">\n\t\t\t\t<div class=\"elementor-element elementor-element-08c26f9 e-flex e-con-boxed e-con e-parent\" data-id=\"08c26f9\" data-element_type=\"container\" data-e-type=\"container\">\n\t\t\t\t\t<div class=\"e-con-inner\">\n\t\t\t\t<div class=\"elementor-element elementor-element-a005a97 elementor-widget elementor-widget-text-editor\" data-id=\"a005a97\" data-element_type=\"widget\" data-e-type=\"widget\" data-widget_type=\"text-editor.default\">\n\t\t\t\t<div class=\"elementor-widget-container\">\n\t\t\t\t\t\t\t\t\t<p>Huvudsmaken i Bang King 35000 Double Apple \u00e4r dubbel\u00e4pple, som erbjuder en rik, komplex fruktig arom med en perfekt balans mellan s\u00f6tma och syra. Denna tobak kompletteras av en sl\u00e4t, mjuk tobaksbas som kombinerar fruktens uppfriskande s\u00f6tma med tobakens tyngd.<\/p><h2>Med smak av dubbla \u00e4pplen<\/h2><p>Hj\u00e4rtat i denna tobak \u00e4r \u00abDouble Apple\u00bb-smaken, en blandning av aromer fr\u00e5n r\u00f6da och gr\u00f6na \u00e4pplen. Det r\u00f6da \u00e4pplet ger en mild, lite nektarins\u00f6tma, medan det gr\u00f6na \u00e4pplet ger en frisk, lite syrlig fruktig arom, vilket skapar en sl\u00e5ende kontrast och balans.<\/p><h2>Rik, komplex fruktig doft<\/h2><p>Vid inandning \u00e4r den f\u00f6rsta k\u00e4nslan en rik \u00e4ppelarom, blandad med s\u00f6tma och syra, men utan att vara f\u00f6r uttalad, vilket ger en livlig touch till helheten. N\u00e4r r\u00f6ken intensifieras blir den fruktiga aromen alltmer raffinerad och mild och avsl\u00f6jar en naturlig fruktig s\u00f6tma.<\/p><h2>S\u00f6ta toner av tobak<\/h2><p>\u00c4ven om den fruktiga smaken \u00e4r dominerande, kvarst\u00e5r den inneboende tobakssmaken, vilket ger Double Apple fyllighet och kropp.<\/p><p>Ut\u00f6ver huvudsmaken ger en subtil touch av kanel eller kryddnejlika en touch av komplexitet, vilket g\u00f6r smaken av Double Apple mer balanserad och fylligare.<\/p><h2>Smakdetaljer :<\/h2><p>Vid inandning v\u00e4cker den f\u00e4rska \u00e4ppelaromen omedelbart gommen och skapar en trevlig frukttr\u00e4dg\u00e5rdsatmosf\u00e4r.<\/p><p>R\u00f6ken \u00e4r mjuk och kr\u00e4mig, utan halsirritation, perfekt f\u00f6r l\u00e5ngvarig konsumtion.<\/p><p>Eftersmaken, med sina toner av s\u00f6tt \u00e4pple och subtil tobak, \u00e4r otroligt ih\u00e5llande.<\/p><p>Avslutningen \u00e4r mjuk i gommen och doften dr\u00f6jer sig kvar precis tillr\u00e4ckligt l\u00e4nge, utan att blekna f\u00f6r snabbt eller vara f\u00f6r l\u00e4nge f\u00f6r att bli illam\u00e5ende.<\/p><h2>Batteri med l\u00e5ng livsl\u00e4ngd och uppladdningsbart batteri med h\u00f6g kapacitet<\/h2><p>BANG KING 35000 Double Apple \u00e4r en elektronisk eng\u00e5ngsvaporisator med h\u00f6g kapacitet som \u00e4r utformad f\u00f6r en l\u00e5ngvarig upplevelse och makal\u00f6sa smaker. Varje BANG KING 35000 elektronisk cigarett ger upp till 35 000 bloss. Det inbyggda uppladdningsbara batteriet med h\u00f6g kapacitet och den extra stora e-v\u00e4tskebeh\u00e5llaren garanterar en full, j\u00e4mn inandning.<\/p><p>Tack vare det h\u00f6gpresterande uppladdningsbara litiumbatteriet p\u00e5 1000 mAh och snabbladdningsport av typ C beh\u00f6ver du aldrig mer oroa dig f\u00f6r batterifel. Den extra stora 23 ml f\u00f6rfyllda e-liquid-tanken, i kombination med Mesh Coil-teknik och ett optimerat 0,6 \u03a9-motst\u00e5nd, garanterar j\u00e4mn uppv\u00e4rmning, rik smak och gener\u00f6s \u00e5ngvolym.<\/p><h2>LED-display och flera nikotinniv\u00e5er<\/h2><p>BANG KING 35000 Double Apple har en intelligent LED-display som visar \u00e5terst\u00e5ende batteriladdning och e-v\u00e4tskeniv\u00e5 i realtid, s\u00e5 att du alltid kan \u00f6vervaka enhetens status. Den unika Anti-Dry-Burn-tekniken f\u00f6rhindrar effektivt br\u00e4nda lukter n\u00e4r e-v\u00e4tskeniv\u00e5n \u00e4r l\u00e5g, vilket f\u00f6rl\u00e4nger livsl\u00e4ngden p\u00e5 atomiseringsmotst\u00e5ndet.<\/p><p>BANG KING 35000 Double Apple erbjuder flera nikotinniv\u00e5er: 0 %, 2 %, 3 % och 5 %, f\u00f6r att m\u00f6ta anv\u00e4ndarnas olika behov. Oavsett om du \u00e4r en nikotinfri r\u00f6kare som letar efter en ren smak eller en erfaren r\u00f6kare som f\u00f6redrar tillfredsst\u00e4llelsen av en kraftfull vape, kommer du att hitta det perfekta valet.<\/p><p>Med sin raffinerade design, sitt l\u00e5nglivade batteri och sina m\u00e5nga smakalternativ sticker BANG KING 35000 (DSK032) ut bland de b\u00e4sta elektroniska eng\u00e5ngsvaporisatorerna. F\u00f6r vardagsbruk eller p\u00e5 resan erbjuder den en j\u00e4mn, stabil och l\u00e5ngvarig vape-upplevelse.<\/p><h2>Specifikationer f\u00f6r BANG KING 35000 Dual Apple :<\/h2><p>Antal puffar : Upp till 35.000<\/p><p>Batterikapacitet: 1.000 mAh uppladdningsbart (typ C)<\/p><p>V\u00e4tskekapacitet: 23 ml f\u00f6rfylld<\/p><p>Atomiserare: 0,6 \u03a9 n\u00e4tmotst\u00e5nd<\/p><p>Display: Intelligent LED-display (batteriniv\u00e5\/ v\u00e4tskeniv\u00e5)<\/p><p>Skydd: Anti-sk\u00e5llningsskydd<\/p><p>Nikotinniv\u00e5er: 0 %, 2 %, 3 %, 5 %<\/p>\t\t\t\t\t\t\t\t<\/div>\n\t\t\t\t<\/div>\n\t\t\t\t\t<\/div>\n\t\t\t\t<\/div>\n\t\t\t\t<\/div>","protected":false},"excerpt":{"rendered":"<p>La saveur principale du Bang King 35000 Double Pomme est la pomme double, offrant un ar\u00f4me fruit\u00e9 riche et complexe, avec un \u00e9quilibre parfait entre douceur et acidit\u00e9. Ce tabac est compl\u00e9t\u00e9 par une base de tabac doux et moelleux, alliant la douceur rafra\u00eechissante du fruit \u00e0 la lourdeur du tabac. Avec la saveur Double [&hellip;]<\/p>\n","protected":false},"featured_media":6661,"comment_status":"open","ping_status":"closed","template":"","meta":{"site-sidebar-layout":"no-sidebar","site-content-layout":"page-builder","ast-site-content-layout":"normal-width-container","site-content-style":"default","site-sidebar-style":"default","ast-global-header-display":"","ast-banner-title-visibility":"","ast-main-header-display":"","ast-hfb-above-header-display":"","ast-hfb-below-header-display":"","ast-hfb-mobile-header-display":"","site-post-title":"disabled","ast-breadcrumbs-content":"","ast-featured-img":"disabled","footer-sml-layout":"","ast-disable-related-posts":"","theme-transparent-header-meta":"default","adv-header-id-meta":"","stick-header-meta":"default","header-above-stick-meta":"","header-main-stick-meta":"","header-below-stick-meta":"","astra-migrate-meta-layouts":"set","ast-page-background-enabled":"default","ast-page-background-meta":{"desktop":{"background-color":"","background-image":"","background-repeat":"repeat","background-position":"center center","background-size":"auto","background-attachment":"scroll","background-type":"","background-media":"","overlay-type":"","overlay-color":"","overlay-opacity":"","overlay-gradient":""},"tablet":{"background-color":"","background-image":"","background-repeat":"repeat","background-position":"center center","background-size":"auto","background-attachment":"scroll","background-type":"","background-media":"","overlay-type":"","overlay-color":"","overlay-opacity":"","overlay-gradient":""},"mobile":{"background-color":"","background-image":"","background-repeat":"repeat","background-position":"center center","background-size":"auto","background-attachment":"scroll","background-type":"","background-media":"","overlay-type":"","overlay-color":"","overlay-opacity":"","overlay-gradient":""}},"ast-content-background-meta":{"desktop":{"background-color":"var(--ast-global-color-5)","background-image":"","background-repeat":"repeat","background-position":"center center","background-size":"auto","background-attachment":"scroll","background-type":"","background-media":"","overlay-type":"","overlay-color":"","overlay-opacity":"","overlay-gradient":""},"tablet":{"background-color":"var(--ast-global-color-5)","background-image":"","background-repeat":"repeat","background-position":"center center","background-size":"auto","background-attachment":"scroll","background-type":"","background-media":"","overlay-type":"","overlay-color":"","overlay-opacity":"","overlay-gradient":""},"mobile":{"background-color":"var(--ast-global-color-5)","background-image":"","background-repeat":"repeat","background-position":"center center","background-size":"auto","background-attachment":"scroll","background-type":"","background-media":"","overlay-type":"","overlay-color":"","overlay-opacity":"","overlay-gradient":""}}},"product_brand":[52],"product_cat":[57,105,15],"product_tag":[],"class_list":{"0":"post-6746","1":"product","2":"type-product","3":"status-publish","4":"has-post-thumbnail","6":"product_brand-bang-king","7":"product_cat-bang-king-35k-resistance-mesh","8":"product_cat-puff-35k","9":"product_cat-magasin-cigarette-electronique","10":"desktop-align-center","11":"tablet-align-center","12":"mobile-align-center","13":"ast-product-gallery-layout-horizontal","14":"ast-product-gallery-with-no-image","15":"ast-product-single-variable","16":"ast-product-tabs-layout-horizontal","17":"ast-qv-on-image","19":"first","20":"instock","21":"sale","22":"shipping-taxable","23":"purchasable","24":"product-type-variable","25":"has-default-attributes"},"tiered_pricing_type":"fixed","tiered_pricing_fixed_rules":{"50":6.83,"100":6.22},"tiered_pricing_product_settings":{"layout":"default","base_unit_name":{"singular":null,"plural":null},"default_variation":null},"tiered_pricing_minimum_quantity":null,"tiered_pricing_roles_data":[],"tiered_pricing_percentage_rules":[],"_links":{"self":[{"href":"https:\/\/puffvapestore.com\/sv\/wp-json\/wp\/v2\/product\/6746","targetHints":{"allow":["GET"]}}],"collection":[{"href":"https:\/\/puffvapestore.com\/sv\/wp-json\/wp\/v2\/product"}],"about":[{"href":"https:\/\/puffvapestore.com\/sv\/wp-json\/wp\/v2\/types\/product"}],"replies":[{"embeddable":true,"href":"https:\/\/puffvapestore.com\/sv\/wp-json\/wp\/v2\/comments?post=6746"}],"version-history":[{"count":7,"href":"https:\/\/puffvapestore.com\/sv\/wp-json\/wp\/v2\/product\/6746\/revisions"}],"predecessor-version":[{"id":7218,"href":"https:\/\/puffvapestore.com\/sv\/wp-json\/wp\/v2\/product\/6746\/revisions\/7218"}],"wp:featuredmedia":[{"embeddable":true,"href":"https:\/\/puffvapestore.com\/sv\/wp-json\/wp\/v2\/media\/6661"}],"wp:attachment":[{"href":"https:\/\/puffvapestore.com\/sv\/wp-json\/wp\/v2\/media?parent=6746"}],"wp:term":[{"taxonomy":"product_brand","embeddable":true,"href":"https:\/\/puffvapestore.com\/sv\/wp-json\/wp\/v2\/product_brand?post=6746"},{"taxonomy":"product_cat","embeddable":true,"href":"https:\/\/puffvapestore.com\/sv\/wp-json\/wp\/v2\/product_cat?post=6746"},{"taxonomy":"product_tag","embeddable":true,"href":"https:\/\/puffvapestore.com\/sv\/wp-json\/wp\/v2\/product_tag?post=6746"}],"curies":[{"name":"wp","href":"https:\/\/api.w.org\/{rel}","templated":true}]}}