{"id":6683,"date":"2025-08-14T05:04:16","date_gmt":"2025-08-14T05:04:16","guid":{"rendered":"https:\/\/puffvapestore.com\/?post_type=product&#038;p=6683"},"modified":"2026-01-19T10:31:53","modified_gmt":"2026-01-19T10:31:53","slug":"bang-king-35000-avec-23-ml-de-e-liquide-prerempli","status":"publish","type":"product","link":"https:\/\/puffvapestore.com\/sv\/product\/bang-king-35000-med-23-ml-vatska-for-forvaring\/","title":{"rendered":"BANG KING 35000: Ger 35 000 puffar, levereras med 23 ml f\u00f6rfylld e-juice, ett 0,6 \u03a9 n\u00e4tmotst\u00e5nd och en h\u00f6guppl\u00f6st LED-sk\u00e4rm"},"content":{"rendered":"<div data-elementor-type=\"wp-post\" data-elementor-id=\"6683\" class=\"elementor elementor-6683\">\n\t\t\t\t<div class=\"elementor-element elementor-element-08c26f9 e-flex e-con-boxed e-con e-parent\" data-id=\"08c26f9\" data-element_type=\"container\" data-e-type=\"container\">\n\t\t\t\t\t<div class=\"e-con-inner\">\n\t\t\t\t<div class=\"elementor-element elementor-element-a005a97 elementor-widget elementor-widget-text-editor\" data-id=\"a005a97\" data-element_type=\"widget\" data-e-type=\"widget\" data-widget_type=\"text-editor.default\">\n\t\t\t\t<div class=\"elementor-widget-container\">\n\t\t\t\t\t\t\t\t\t<h2>Batteri med l\u00e5ng livsl\u00e4ngd och uppladdningsbart batteri med h\u00f6g kapacitet<\/h2><p>BANG KING 35000 \u00e4r en elektronisk eng\u00e5ngsvaporisator med h\u00f6g kapacitet som \u00e4r utformad f\u00f6r en l\u00e5ngvarig upplevelse och makal\u00f6sa smaker. Varje elektronisk cigarett BANG KING 35000 ger upp till 35 000 bloss. Det inbyggda uppladdningsbara batteriet med h\u00f6g kapacitet och den extra stora e-v\u00e4tskebeh\u00e5llaren garanterar en fullst\u00e4ndig, j\u00e4mn inandning.<\/p><p>Tack vare det h\u00f6gpresterande uppladdningsbara litiumbatteriet p\u00e5 1000 mAh och snabbladdningsport av typ C beh\u00f6ver du aldrig mer oroa dig f\u00f6r batterifel. Den extra stora 23 ml f\u00f6rfyllda e-liquid-tanken, i kombination med Mesh Coil-teknik och ett optimerat 0,6 \u03a9-motst\u00e5nd, garanterar j\u00e4mn uppv\u00e4rmning, rik smak och gener\u00f6s \u00e5ngvolym.<\/p><h2>LED-display och flera nikotinniv\u00e5er<\/h2><p>BANG KING 35000 har en intelligent LED-display som visar \u00e5terst\u00e5ende batteriladdning och e-v\u00e4tskeniv\u00e5 i realtid, s\u00e5 att du alltid kan \u00f6vervaka enhetens status. Den unika Anti-Dry-Burn-tekniken f\u00f6rhindrar effektivt br\u00e4nda lukter n\u00e4r e-v\u00e4tskeniv\u00e5n \u00e4r l\u00e5g, vilket f\u00f6rl\u00e4nger livsl\u00e4ngden p\u00e5 atomiseringsmotst\u00e5ndet.<\/p><p>BANG KING 35000 erbjuder flera nikotinniv\u00e5er: 0 %, 2 %, 3 % och 5 %, f\u00f6r att m\u00f6ta anv\u00e4ndarnas olika behov. Oavsett om du \u00e4r en nikotinfri r\u00f6kare som letar efter en ren smak eller en erfaren r\u00f6kare som f\u00f6redrar tillfredsst\u00e4llelsen av en kraftfull vape, kommer du att hitta det perfekta valet.<\/p><p>Med sin raffinerade design, sitt l\u00e5nglivade batteri och sina m\u00e5nga smakalternativ sticker BANG KING 35000 (DSK032) ut bland de b\u00e4sta elektroniska eng\u00e5ngsvaporisatorerna. F\u00f6r vardagsbruk eller p\u00e5 resan erbjuder den en j\u00e4mn, stabil och l\u00e5ngvarig vape-upplevelse.<\/p><h2>Specifikationer f\u00f6r BANG KING 35000 :<\/h2><p>Antal puffar : Upp till 35.000<\/p><p>Batterikapacitet: 1.000 mAh uppladdningsbart (typ C)<\/p><p>V\u00e4tskekapacitet: 23 ml f\u00f6rfylld<\/p><p>Atomiserare: 0,6 \u03a9 n\u00e4tmotst\u00e5nd<\/p><p>Display: Intelligent LED-display (batteriniv\u00e5\/ v\u00e4tskeniv\u00e5)<\/p><p>Skydd: Anti-sk\u00e5llningsskydd<\/p><p>Nikotinniv\u00e5er: 0 %, 2 %, 3 %, 5 %<\/p><h2>Serien BANG KING 35000 inneh\u00e5ller 12 olika varianter.<\/h2><p>Serien BANG KING 35000 inneh\u00e5ller 12 olika smaker f\u00f6r att passa alla anv\u00e4ndares preferenser. F\u00f6rst ut \u00e4r utbudet av fruktiga smaker med en m\u00e4ngd klassiska kombinationer, som \u00abBlue Razz Ice\u00bb, \u00abBlueberry Ice\u00bb, \u00abRaspberry Ice\u00bb, \u00abPeach Ice\u00bb, \u00abStrawberry Kiwi\u00bb, \u00abStrawberry Mango\u00bb, \u00abStrawberry Watermelon\u00bb och \u00abWatermelon\u00bb. Dessa smaker ger en uppfriskande, svalkande k\u00e4nsla med en balanserad bitters\u00f6t smak, perfekt f\u00f6r fans av fruktiga och isiga smaker.<\/p><p>F\u00f6r det andra erbjuder BANG KING 35000 ocks\u00e5 unika smaker som \u00abDouble Apple\u00bb och \u00abLemon Mint\u00bb. Den f\u00f6rstn\u00e4mnda erbjuder en rik \u00e4ppelarom, medan den sistn\u00e4mnda kombinerar syrligheten fr\u00e5n citron med friskheten fr\u00e5n mynta, vilket skapar en rik och komplex smak. Slutligen erbjuder \u00abEnergy Drink\u00bb en bekant och stimulerande smakupplevelse f\u00f6r fans av energidrycker.<\/p><p>Slutligen \u00e4r \u00abLove 66\u00bb en mer originell smak i sortimentet, med ett ganska mystiskt namn. Den kan vara en blandning av olika smaker, vilket ger den en unik smakpositionering, perfekt f\u00f6r dem som gillar att uppt\u00e4cka nya smaker. Serien BANG KING 35000 \u00e4r \u00f6verv\u00e4gande fruktig och uppfriskande, samtidigt som den erbjuder en m\u00e4ngd olika smaker f\u00f6r att tillgodose behoven hos olika konsumentgrupper.<\/p>\t\t\t\t\t\t\t\t<\/div>\n\t\t\t\t<\/div>\n\t\t\t\t\t<\/div>\n\t\t\t\t<\/div>\n\t\t\t\t<\/div>","protected":false},"excerpt":{"rendered":"<p>Batterie longue dur\u00e9e et batterie rechargeable grande capacit\u00e9 Le BANG KING 35000 est un vaporisateur \u00e9lectronique jetable haute capacit\u00e9 con\u00e7u pour une exp\u00e9rience longue dur\u00e9e et des saveurs incomparables. Chaque cigarette \u00e9lectronique BANG KING 35000 offre jusqu&rsquo;\u00e0 35000 bouff\u00e9es. Sa batterie rechargeable grande capacit\u00e9 int\u00e9gr\u00e9e et son r\u00e9servoir d&rsquo;e-liquide extra-large garantissent une inhalation ample et [&hellip;]<\/p>\n","protected":false},"featured_media":6663,"comment_status":"open","ping_status":"closed","template":"","meta":{"site-sidebar-layout":"no-sidebar","site-content-layout":"page-builder","ast-site-content-layout":"normal-width-container","site-content-style":"default","site-sidebar-style":"default","ast-global-header-display":"","ast-banner-title-visibility":"","ast-main-header-display":"","ast-hfb-above-header-display":"","ast-hfb-below-header-display":"","ast-hfb-mobile-header-display":"","site-post-title":"disabled","ast-breadcrumbs-content":"","ast-featured-img":"disabled","footer-sml-layout":"","ast-disable-related-posts":"","theme-transparent-header-meta":"default","adv-header-id-meta":"","stick-header-meta":"default","header-above-stick-meta":"","header-main-stick-meta":"","header-below-stick-meta":"","astra-migrate-meta-layouts":"set","ast-page-background-enabled":"default","ast-page-background-meta":{"desktop":{"background-color":"","background-image":"","background-repeat":"repeat","background-position":"center center","background-size":"auto","background-attachment":"scroll","background-type":"","background-media":"","overlay-type":"","overlay-color":"","overlay-opacity":"","overlay-gradient":""},"tablet":{"background-color":"","background-image":"","background-repeat":"repeat","background-position":"center center","background-size":"auto","background-attachment":"scroll","background-type":"","background-media":"","overlay-type":"","overlay-color":"","overlay-opacity":"","overlay-gradient":""},"mobile":{"background-color":"","background-image":"","background-repeat":"repeat","background-position":"center center","background-size":"auto","background-attachment":"scroll","background-type":"","background-media":"","overlay-type":"","overlay-color":"","overlay-opacity":"","overlay-gradient":""}},"ast-content-background-meta":{"desktop":{"background-color":"var(--ast-global-color-5)","background-image":"","background-repeat":"repeat","background-position":"center center","background-size":"auto","background-attachment":"scroll","background-type":"","background-media":"","overlay-type":"","overlay-color":"","overlay-opacity":"","overlay-gradient":""},"tablet":{"background-color":"var(--ast-global-color-5)","background-image":"","background-repeat":"repeat","background-position":"center center","background-size":"auto","background-attachment":"scroll","background-type":"","background-media":"","overlay-type":"","overlay-color":"","overlay-opacity":"","overlay-gradient":""},"mobile":{"background-color":"var(--ast-global-color-5)","background-image":"","background-repeat":"repeat","background-position":"center center","background-size":"auto","background-attachment":"scroll","background-type":"","background-media":"","overlay-type":"","overlay-color":"","overlay-opacity":"","overlay-gradient":""}}},"product_brand":[52],"product_cat":[57,105,15],"product_tag":[],"class_list":{"0":"post-6683","1":"product","2":"type-product","3":"status-publish","4":"has-post-thumbnail","6":"product_brand-bang-king","7":"product_cat-bang-king-35k-resistance-mesh","8":"product_cat-puff-35k","9":"product_cat-magasin-cigarette-electronique","10":"desktop-align-center","11":"tablet-align-center","12":"mobile-align-center","13":"ast-product-gallery-layout-horizontal","14":"ast-product-single-variable","15":"ast-product-tabs-layout-horizontal","16":"ast-qv-on-image","18":"first","19":"instock","20":"sale","21":"shipping-taxable","22":"purchasable","23":"product-type-variable","24":"has-default-attributes"},"tiered_pricing_type":"fixed","tiered_pricing_fixed_rules":{"50":6.83,"100":6.22},"tiered_pricing_product_settings":{"layout":"default","base_unit_name":{"singular":null,"plural":null},"default_variation":null},"tiered_pricing_minimum_quantity":null,"tiered_pricing_roles_data":[],"tiered_pricing_percentage_rules":[],"_links":{"self":[{"href":"https:\/\/puffvapestore.com\/sv\/wp-json\/wp\/v2\/product\/6683","targetHints":{"allow":["GET"]}}],"collection":[{"href":"https:\/\/puffvapestore.com\/sv\/wp-json\/wp\/v2\/product"}],"about":[{"href":"https:\/\/puffvapestore.com\/sv\/wp-json\/wp\/v2\/types\/product"}],"replies":[{"embeddable":true,"href":"https:\/\/puffvapestore.com\/sv\/wp-json\/wp\/v2\/comments?post=6683"}],"version-history":[{"count":7,"href":"https:\/\/puffvapestore.com\/sv\/wp-json\/wp\/v2\/product\/6683\/revisions"}],"predecessor-version":[{"id":7230,"href":"https:\/\/puffvapestore.com\/sv\/wp-json\/wp\/v2\/product\/6683\/revisions\/7230"}],"wp:featuredmedia":[{"embeddable":true,"href":"https:\/\/puffvapestore.com\/sv\/wp-json\/wp\/v2\/media\/6663"}],"wp:attachment":[{"href":"https:\/\/puffvapestore.com\/sv\/wp-json\/wp\/v2\/media?parent=6683"}],"wp:term":[{"taxonomy":"product_brand","embeddable":true,"href":"https:\/\/puffvapestore.com\/sv\/wp-json\/wp\/v2\/product_brand?post=6683"},{"taxonomy":"product_cat","embeddable":true,"href":"https:\/\/puffvapestore.com\/sv\/wp-json\/wp\/v2\/product_cat?post=6683"},{"taxonomy":"product_tag","embeddable":true,"href":"https:\/\/puffvapestore.com\/sv\/wp-json\/wp\/v2\/product_tag?post=6683"}],"curies":[{"name":"wp","href":"https:\/\/api.w.org\/{rel}","templated":true}]}}