{"id":6598,"date":"2025-08-08T06:11:19","date_gmt":"2025-08-08T06:11:19","guid":{"rendered":"https:\/\/puffvapestore.com\/?post_type=product&#038;p=6598"},"modified":"2026-01-19T10:52:38","modified_gmt":"2026-01-19T10:52:38","slug":"fraise-kiwi-bang-king-15k-offre-un-arome-fruite-et-rafraichissant","status":"publish","type":"product","link":"https:\/\/puffvapestore.com\/sv\/product\/jordgubb-kiwi-bang-king-15k-erbjuder-en-fruktig-och-uppfriskande-doft\/","title":{"rendered":"Bang King 15K - Jordgubb Kiwi"},"content":{"rendered":"<div data-elementor-type=\"wp-post\" data-elementor-id=\"6598\" class=\"elementor elementor-6598\">\n\t\t\t\t<div class=\"elementor-element elementor-element-08c26f9 e-flex e-con-boxed e-con e-parent\" data-id=\"08c26f9\" data-element_type=\"container\" data-e-type=\"container\">\n\t\t\t\t\t<div class=\"e-con-inner\">\n\t\t\t\t<div class=\"elementor-element elementor-element-a005a97 elementor-widget elementor-widget-text-editor\" data-id=\"a005a97\" data-element_type=\"widget\" data-e-type=\"widget\" data-widget_type=\"text-editor.default\">\n\t\t\t\t<div class=\"elementor-widget-container\">\n\t\t\t\t\t\t\t\t\t<p>Smaken Strawberry Kiwi p\u00e5 Bang King 15000 \u00e4r helt i linje med denna franska k\u00e4nsla: fr\u00e4sch och fruktig, med en touch av s\u00f6tt och surt, som en musiknot som dansar mellan dina l\u00e4ppar och t\u00e4nder, uppfriskande utan att vara monotont.<\/p><h2>Smakens egenskaper f\u00f6r jordgubbar :<\/h2><p>S\u00f6t och saftig: Den f\u00f6rsta r\u00f6kpuffen avsl\u00f6jar en rik jordgubbssmak, med en antydan till jordgubbsgodiss\u00f6tma, n\u00e4rmare den naturliga fruktiga smaken av f\u00e4rska jordgubbar.<\/p><p>Len och kr\u00e4mig: I motsats till den syrliga smaken hos smultron \u00e4r jordgubbssmaken len och mjuk och p\u00e5minner om mogen jordgubbssylt, rik utan att vara \u00f6verv\u00e4ldigande.<\/p><h2>Kiwifruktens smakegenskaper :<\/h2><p>Syrlig och uppfriskande syra: Efter jordgubbarna kommer snabbt kiwins syra, som ger en l\u00e4tt pirrande k\u00e4nsla p\u00e5 tungan och f\u00f6rst\u00e4rker den \u00f6vergripande fruktiga smaken.<\/p><h2>\u00d6vergripande smak av jordgubbe kiwi :<\/h2><p>Balans mellan s\u00f6tma och syrlighet: Jordgubbens s\u00f6tma och kiwins syrlighet kombineras naturligt, utan att konkurrera, f\u00f6r en mycket uppfriskande och saftig upplevelse.<\/p><p>Fyllig men inte \u00f6verv\u00e4ldigande: Trots den fruktiga blandningen \u00e4r smaken varken tung eller klibbig, vilket g\u00f6r den idealisk f\u00f6r l\u00e5ngvarig inandning.<\/p><p>L\u00e5ngvarig i munnen: Aromen \u00e4r rik vid inandning och vid utandning dr\u00f6jer sig jordgubbssmaken kvar i munnen och n\u00e4san, medan kiwin ger en k\u00e4nsla av friskhet och erbjuder en uppfriskande eftersmak av \u00abett glas nygjord juice\u00bb.<\/p><h2>Elegant, ergonomisk design<\/h2><p>Bang King 15000 Strawberry Kiwi har en elegant design och ett ergonomiskt h\u00f6lje som ger ett bekv\u00e4mt grepp och g\u00f6r den l\u00e4tt att b\u00e4ra med sig. Den moderna designen \u00e4r inte bara estetisk utan optimerar ocks\u00e5 anv\u00e4ndarupplevelsen, vilket g\u00f6r den idealisk f\u00f6r l\u00e5ngvarig anv\u00e4ndning. Enhetens yta \u00e4r noggrant behandlad f\u00f6r en halkfri, h\u00e5llbar finish, vilket g\u00f6r den idealisk f\u00f6r ett brett spektrum av tillf\u00e4llen, fr\u00e5n den dagliga pendlingen till sammankomster med v\u00e4nner.<\/p><h2>F\u00f6rfylld e-v\u00e4tska med stor kapacitet<\/h2><p>Bang King 15000 Strawberry Kiwi har en kapacitet p\u00e5 25 ml f\u00f6rfylld e-v\u00e4tska, vilket \u00e4r mycket mer \u00e4n m\u00e5nga liknande produkter p\u00e5 marknaden. Denna gener\u00f6sa kapacitet minskar behovet av frekventa byten av e-v\u00e4tska och s\u00e4kerst\u00e4ller en smidig, l\u00e5ngvarig vapingupplevelse. E-v\u00e4tskan har en h\u00f6gkvalitativ formula som ger en rik och l\u00e5ngvarig smak f\u00f6r att tillgodose anv\u00e4ndarnas olika behov.<\/p><p>F\u00f6r att tillgodose anv\u00e4ndarnas olika \u00f6nskem\u00e5l finns Bang King 15000 i fyra olika styrkor av nikotinsalter: 0 %, 2 %, 3 % och 5 %. Det nikotinfria alternativet \u00e4r l\u00e4mpligt f\u00f6r konsumenter som s\u00f6ker en renare smak, medan alternativet med h\u00f6g styrka \u00e4r utformat f\u00f6r dem som s\u00f6ker en mer intensiv nikotink\u00e4nsla. Denna flexibilitet g\u00f6r det m\u00f6jligt f\u00f6r anv\u00e4ndarna att v\u00e4lja den styrka som passar b\u00e4st f\u00f6r deras preferenser.<\/p><h2>Teknik f\u00f6r n\u00e4tmotst\u00e5nd<\/h2><p>Den h\u00e4r elektroniska cigaretten har ett avancerat Mesh-motst\u00e5nd som ger en j\u00e4mnare finf\u00f6rdelning och stabilare uppv\u00e4rmning \u00e4n traditionella motst\u00e5nd. Denna design garanterar ett fylligt och smakrikt bloss, samtidigt som den effektivt f\u00f6rl\u00e4nger enhetens livsl\u00e4ngd och minskar risken f\u00f6r br\u00e4nnskador eller oregelbunden smak.<\/p><h2>Extrem puffvaraktighet<\/h2><p>Bang King 15000 Strawberry Kiwi erbjuder upp till 15 000 puffar, en imponerande siffra som g\u00f6r den till en av de mest l\u00e5nglivade elektroniska cigaretterna p\u00e5 marknaden. Oavsett om du \u00e4r en storr\u00f6kare eller en tillf\u00e4llig anv\u00e4ndare, erbjuder denna elektroniska cigarett exceptionell autonomi, vilket eliminerar behovet av frekventa p\u00e5fyllningar och enhetsbyten.<\/p><h2>Milj\u00f6v\u00e4nlig design f\u00f6r p\u00e5fyllning<\/h2><p>Bang King 15000 Strawberry Kiwi \u00e4r milj\u00f6v\u00e4nlig och har ett integrerat h\u00f6gpresterande 550 mAh uppladdningsbart batteri, kompatibelt med snabbladdning via en USB-C-port. Denna design f\u00f6rl\u00e4nger inte bara enhetens livsl\u00e4ngd, utan minskar ocks\u00e5 milj\u00f6p\u00e5verkan fr\u00e5n anv\u00e4nda batterier, vilket visar v\u00e5rt engagemang f\u00f6r h\u00e5llbar utveckling.<\/p><p>Denna kompakta, l\u00e4tta och b\u00e4rbara elektroniska cigarett \u00e4r l\u00e4tt att ta med sig \u00f6verallt. Fodralet \u00e4r tillverkat av h\u00f6gh\u00e5llfasta material som \u00e4r motst\u00e5ndskraftiga mot st\u00f6tar och repor i vardagen, vilket garanterar en l\u00e5ng livsl\u00e4ngd. Oavsett om du stoppar den i en ficka eller ryggs\u00e4ck beh\u00e5ller Bang King 15000 sin utm\u00e4rkta prestanda.<\/p><h2>Snabb laddning och effektiv batterihantering<\/h2><p>Batteriet p\u00e5 550 mAh har inte bara h\u00f6g kapacitet, utan ocks\u00e5 ett intelligent hanteringssystem som optimerar energif\u00f6rbrukningen och s\u00e4kerst\u00e4ller konstant str\u00f6mf\u00f6rs\u00f6rjning vid varje laddning. USB-C-porten st\u00f6der snabbladdning, vilket m\u00f6jligg\u00f6r full laddning p\u00e5 30 till 60 minuter, vilket minskar v\u00e4ntetiden och ger anv\u00e4ndarna sinnesfrid att r\u00f6ka n\u00e4r de vill.<\/p>\t\t\t\t\t\t\t\t<\/div>\n\t\t\t\t<\/div>\n\t\t\t\t\t<\/div>\n\t\t\t\t<\/div>\n\t\t\t\t<\/div>","protected":false},"excerpt":{"rendered":"<p>La saveur Fraise Kiwi de Bang King 15000 s&rsquo;inscrit parfaitement dans cette sensibilit\u00e9 fran\u00e7aise\u00a0: fra\u00eeche et fruit\u00e9e, avec une touche aigre-douce, telle une note de musique dansant entre les l\u00e8vres et les dents, rafra\u00eechissante sans \u00eatre monotone. Caract\u00e9ristiques de la saveur Fraise\u00a0: Sucr\u00e9e et juteuse\u00a0: La premi\u00e8re bouff\u00e9e de fum\u00e9e d\u00e9voile un ar\u00f4me riche de [&hellip;]<\/p>\n","protected":false},"featured_media":6249,"comment_status":"open","ping_status":"closed","template":"","meta":{"site-sidebar-layout":"no-sidebar","site-content-layout":"page-builder","ast-site-content-layout":"normal-width-container","site-content-style":"default","site-sidebar-style":"default","ast-global-header-display":"","ast-banner-title-visibility":"","ast-main-header-display":"","ast-hfb-above-header-display":"","ast-hfb-below-header-display":"","ast-hfb-mobile-header-display":"","site-post-title":"disabled","ast-breadcrumbs-content":"","ast-featured-img":"disabled","footer-sml-layout":"","ast-disable-related-posts":"","theme-transparent-header-meta":"default","adv-header-id-meta":"","stick-header-meta":"default","header-above-stick-meta":"","header-main-stick-meta":"","header-below-stick-meta":"","astra-migrate-meta-layouts":"set","ast-page-background-enabled":"default","ast-page-background-meta":{"desktop":{"background-color":"","background-image":"","background-repeat":"repeat","background-position":"center center","background-size":"auto","background-attachment":"scroll","background-type":"","background-media":"","overlay-type":"","overlay-color":"","overlay-opacity":"","overlay-gradient":""},"tablet":{"background-color":"","background-image":"","background-repeat":"repeat","background-position":"center center","background-size":"auto","background-attachment":"scroll","background-type":"","background-media":"","overlay-type":"","overlay-color":"","overlay-opacity":"","overlay-gradient":""},"mobile":{"background-color":"","background-image":"","background-repeat":"repeat","background-position":"center center","background-size":"auto","background-attachment":"scroll","background-type":"","background-media":"","overlay-type":"","overlay-color":"","overlay-opacity":"","overlay-gradient":""}},"ast-content-background-meta":{"desktop":{"background-color":"var(--ast-global-color-5)","background-image":"","background-repeat":"repeat","background-position":"center center","background-size":"auto","background-attachment":"scroll","background-type":"","background-media":"","overlay-type":"","overlay-color":"","overlay-opacity":"","overlay-gradient":""},"tablet":{"background-color":"var(--ast-global-color-5)","background-image":"","background-repeat":"repeat","background-position":"center center","background-size":"auto","background-attachment":"scroll","background-type":"","background-media":"","overlay-type":"","overlay-color":"","overlay-opacity":"","overlay-gradient":""},"mobile":{"background-color":"var(--ast-global-color-5)","background-image":"","background-repeat":"repeat","background-position":"center center","background-size":"auto","background-attachment":"scroll","background-type":"","background-media":"","overlay-type":"","overlay-color":"","overlay-opacity":"","overlay-gradient":""}}},"product_brand":[52],"product_cat":[56,80,15],"product_tag":[],"class_list":{"0":"post-6598","1":"product","2":"type-product","3":"status-publish","4":"has-post-thumbnail","6":"product_brand-bang-king","7":"product_cat-bang-king-15000-est-equipee-dune-resistance-mesh-nouvelle-generation","8":"product_cat-puff-15k","9":"product_cat-magasin-cigarette-electronique","10":"desktop-align-center","11":"tablet-align-center","12":"mobile-align-center","13":"ast-product-gallery-layout-horizontal","14":"ast-product-gallery-with-no-image","15":"ast-product-single-variable","16":"ast-product-tabs-layout-horizontal","17":"ast-qv-on-image","19":"first","20":"instock","21":"sale","22":"shipping-taxable","23":"purchasable","24":"product-type-variable","25":"has-default-attributes"},"tiered_pricing_type":"fixed","tiered_pricing_fixed_rules":{"50":6.05,"100":5.59},"tiered_pricing_product_settings":{"layout":"default","base_unit_name":{"singular":null,"plural":null},"default_variation":null},"tiered_pricing_minimum_quantity":null,"tiered_pricing_roles_data":[],"tiered_pricing_percentage_rules":[],"_links":{"self":[{"href":"https:\/\/puffvapestore.com\/sv\/wp-json\/wp\/v2\/product\/6598","targetHints":{"allow":["GET"]}}],"collection":[{"href":"https:\/\/puffvapestore.com\/sv\/wp-json\/wp\/v2\/product"}],"about":[{"href":"https:\/\/puffvapestore.com\/sv\/wp-json\/wp\/v2\/types\/product"}],"replies":[{"embeddable":true,"href":"https:\/\/puffvapestore.com\/sv\/wp-json\/wp\/v2\/comments?post=6598"}],"version-history":[{"count":7,"href":"https:\/\/puffvapestore.com\/sv\/wp-json\/wp\/v2\/product\/6598\/revisions"}],"predecessor-version":[{"id":6620,"href":"https:\/\/puffvapestore.com\/sv\/wp-json\/wp\/v2\/product\/6598\/revisions\/6620"}],"wp:featuredmedia":[{"embeddable":true,"href":"https:\/\/puffvapestore.com\/sv\/wp-json\/wp\/v2\/media\/6249"}],"wp:attachment":[{"href":"https:\/\/puffvapestore.com\/sv\/wp-json\/wp\/v2\/media?parent=6598"}],"wp:term":[{"taxonomy":"product_brand","embeddable":true,"href":"https:\/\/puffvapestore.com\/sv\/wp-json\/wp\/v2\/product_brand?post=6598"},{"taxonomy":"product_cat","embeddable":true,"href":"https:\/\/puffvapestore.com\/sv\/wp-json\/wp\/v2\/product_cat?post=6598"},{"taxonomy":"product_tag","embeddable":true,"href":"https:\/\/puffvapestore.com\/sv\/wp-json\/wp\/v2\/product_tag?post=6598"}],"curies":[{"name":"wp","href":"https:\/\/api.w.org\/{rel}","templated":true}]}}