{"id":6575,"date":"2025-08-12T05:19:26","date_gmt":"2025-08-12T05:19:26","guid":{"rendered":"https:\/\/puffvapestore.com\/?post_type=product&#038;p=6575"},"modified":"2026-01-19T10:52:38","modified_gmt":"2026-01-19T10:52:38","slug":"cool-mint-bang-king-15000-une-menthe-rafraichissante","status":"publish","type":"product","link":"https:\/\/puffvapestore.com\/sv\/product\/cool-mint-bang-king-15000-en-uppfriskande-mint\/","title":{"rendered":"Bang King 15K - Cool Mint"},"content":{"rendered":"<div data-elementor-type=\"wp-post\" data-elementor-id=\"6575\" class=\"elementor elementor-6575\">\n\t\t\t\t<div class=\"elementor-element elementor-element-08c26f9 e-flex e-con-boxed e-con e-parent\" data-id=\"08c26f9\" data-element_type=\"container\" data-e-type=\"container\">\n\t\t\t\t\t<div class=\"e-con-inner\">\n\t\t\t\t<div class=\"elementor-element elementor-element-a005a97 elementor-widget elementor-widget-text-editor\" data-id=\"a005a97\" data-element_type=\"widget\" data-e-type=\"widget\" data-widget_type=\"text-editor.default\">\n\t\t\t\t<div class=\"elementor-widget-container\">\n\t\t\t\t\t\t\t\t\t<p>Fresh Mint-doften, som nattbrisen l\u00e4ngs Seine, ger en uppfriskande k\u00e4nsla som tr\u00e4nger \u00e4nda in i hj\u00e4rtat. Det \u00e4r inte bara mentoliserad friskhet, den f\u00f6rst\u00e4rks av subtila noter: en f\u00f6rsta doft av isande friskhet, f\u00f6ljt av ren, of\u00f6rfalskad friskhet, som morgonluften i ett gath\u00f6rn i Paris, som ger en naturlig friskhet och ett andetag av frihet.<\/p><h2>Erfarenhet av elektroniska cigaretter :<\/h2><p>Den f\u00f6rsta doften av Menthe Fra\u00eeche sprider snabbt en uppfriskande svalka, som ett andetag av iskall luft som rusar ner i halsen och tr\u00e4nger djupt in i huden.<\/p><p>Utan \u00f6verdriven s\u00f6tma eller obehagliga toner \u00e4r smaken ren och of\u00f6rfalskad.<\/p><h2>Mellan smak :<\/h2><p>Den mintiga aromen sprider sig \u00f6ver gommen, liknande k\u00e4nslan av att tugga en f\u00e4rsk mynta.<\/p><p>Den \u00e4r inte bara uppfriskande, den har ocks\u00e5 en subtil \u00f6rtartad doft som skapar en naturlig och mjuk finish.<\/p><h2>Eftersmak :<\/h2><p>En k\u00e4nsla av ih\u00e5llande kyla i halsen, utan sveda eller irritation; en mjuk, isig k\u00e4nsla.<\/p><p>Vid utandning dr\u00f6jer sig en antydan till mynta kvar i n\u00e4san och l\u00e4mnar en ren, uppfriskande och obehaglig lukt.<\/p><h2>Elegant, ergonomisk design<\/h2><p>Bang King 15000 Cool Mint har en elegant design och ett ergonomiskt h\u00f6lje som ger ett bekv\u00e4mt grepp och enkel portabilitet. Den moderna designen f\u00f6rb\u00e4ttrar inte bara estetiken utan optimerar ocks\u00e5 anv\u00e4ndarupplevelsen, vilket g\u00f6r den idealisk f\u00f6r l\u00e5ngvarig anv\u00e4ndning. Enhetens yta \u00e4r noggrant behandlad f\u00f6r en halkfri, h\u00e5llbar finish, vilket g\u00f6r den idealisk f\u00f6r ett brett spektrum av tillf\u00e4llen, fr\u00e5n den dagliga pendlingen till m\u00f6ten med v\u00e4nner.<\/p><h2>F\u00f6rfylld e-v\u00e4tska med stor kapacitet<\/h2><p>Bang King 15000 Cool Mint har en kapacitet p\u00e5 25 ml f\u00f6rfylld e-v\u00e4tska, vilket \u00e4r mycket mer \u00e4n m\u00e5nga liknande produkter p\u00e5 marknaden. Denna gener\u00f6sa kapacitet minskar behovet av frekventa byten av e-v\u00e4tska och s\u00e4kerst\u00e4ller en smidig, l\u00e5ngvarig vapingupplevelse. E-v\u00e4tskan har en h\u00f6gkvalitativ formula som ger en rik och l\u00e5ngvarig smak f\u00f6r att tillgodose anv\u00e4ndarnas olika behov.<\/p><p>F\u00f6r att tillgodose anv\u00e4ndarnas olika \u00f6nskem\u00e5l finns Bang King 15000 i fyra olika styrkor av nikotinsalter: 0 %, 2 %, 3 % och 5 %. Det nikotinfria alternativet \u00e4r l\u00e4mpligt f\u00f6r konsumenter som s\u00f6ker en renare smak, medan alternativet med h\u00f6g styrka \u00e4r utformat f\u00f6r dem som s\u00f6ker en mer intensiv nikotink\u00e4nsla. Denna flexibilitet g\u00f6r det m\u00f6jligt f\u00f6r anv\u00e4ndarna att v\u00e4lja den styrka som passar b\u00e4st f\u00f6r deras preferenser.<\/p><h2>Teknik f\u00f6r n\u00e4tmotst\u00e5nd<\/h2><p>Den h\u00e4r elektroniska cigaretten har ett avancerat Mesh-motst\u00e5nd som ger en j\u00e4mnare finf\u00f6rdelning och stabilare uppv\u00e4rmning \u00e4n traditionella motst\u00e5nd. Denna design garanterar ett fylligt och smakrikt bloss, samtidigt som den effektivt f\u00f6rl\u00e4nger enhetens livsl\u00e4ngd och minskar risken f\u00f6r br\u00e4nnskador eller oregelbunden smak.<\/p><h2>Extrem puffvaraktighet<\/h2><p>Bang King 15000 Cool Mint erbjuder upp till 15 000 puffar, en imponerande siffra som g\u00f6r den till en av de mest l\u00e5nglivade elektroniska cigaretterna p\u00e5 marknaden. Oavsett om du \u00e4r en storr\u00f6kare eller en tillf\u00e4llig anv\u00e4ndare, erbjuder denna elektroniska cigarett exceptionell autonomi, vilket eliminerar behovet av frekventa p\u00e5fyllningar och enhetsbyten.<\/p><h2>Milj\u00f6v\u00e4nlig design f\u00f6r p\u00e5fyllning<\/h2><p>Bang King 15000 \u00e4r milj\u00f6v\u00e4nlig och har ett integrerat h\u00f6gpresterande 550 mAh uppladdningsbart batteri, kompatibelt med snabbladdning via en USB-C-port. Denna design f\u00f6rl\u00e4nger inte bara enhetens livsl\u00e4ngd, utan minskar ocks\u00e5 milj\u00f6p\u00e5verkan fr\u00e5n anv\u00e4nda batterier, vilket visar v\u00e5rt engagemang f\u00f6r h\u00e5llbar utveckling.<\/p><p>Denna kompakta, l\u00e4tta och b\u00e4rbara elektroniska cigarett \u00e4r l\u00e4tt att ta med sig \u00f6verallt. Fodralet \u00e4r tillverkat av h\u00f6gh\u00e5llfasta material som \u00e4r motst\u00e5ndskraftiga mot st\u00f6tar och repor i vardagen, vilket garanterar en l\u00e5ng livsl\u00e4ngd. Oavsett om du stoppar den i en ficka eller ryggs\u00e4ck beh\u00e5ller Bang King 15000 sin utm\u00e4rkta prestanda.<\/p><h2>Snabb laddning och effektiv batterihantering<\/h2><p>Batteriet p\u00e5 550 mAh har inte bara h\u00f6g kapacitet, utan ocks\u00e5 ett intelligent hanteringssystem som optimerar energif\u00f6rbrukningen och s\u00e4kerst\u00e4ller konstant str\u00f6mf\u00f6rs\u00f6rjning vid varje laddning. USB-C-porten st\u00f6der snabbladdning, vilket m\u00f6jligg\u00f6r full laddning p\u00e5 30 till 60 minuter, vilket minskar v\u00e4ntetiden och ger anv\u00e4ndarna sinnesfrid att r\u00f6ka n\u00e4r de vill.<\/p>\t\t\t\t\t\t\t\t<\/div>\n\t\t\t\t<\/div>\n\t\t\t\t\t<\/div>\n\t\t\t\t<\/div>\n\t\t\t\t<\/div>","protected":false},"excerpt":{"rendered":"<p>L&rsquo;ar\u00f4me Menthe Fra\u00eeche, telle la brise nocturne le long de la Seine, offre une sensation rafra\u00eechissante qui p\u00e9n\u00e8tre en c\u0153ur. Ce n&rsquo;est pas seulement une fra\u00eecheur menthol\u00e9e ; il est agr\u00e9ment\u00e9 de notes subtiles : une premi\u00e8re bouff\u00e9e de fra\u00eecheur glaciale, suivie d&rsquo;une fra\u00eecheur pure et pure, telle l&rsquo;air matinal au coin d&rsquo;une rue parisienne, [&hellip;]<\/p>\n","protected":false},"featured_media":6238,"comment_status":"open","ping_status":"closed","template":"","meta":{"site-sidebar-layout":"no-sidebar","site-content-layout":"page-builder","ast-site-content-layout":"normal-width-container","site-content-style":"default","site-sidebar-style":"default","ast-global-header-display":"","ast-banner-title-visibility":"","ast-main-header-display":"","ast-hfb-above-header-display":"","ast-hfb-below-header-display":"","ast-hfb-mobile-header-display":"","site-post-title":"disabled","ast-breadcrumbs-content":"","ast-featured-img":"disabled","footer-sml-layout":"","ast-disable-related-posts":"","theme-transparent-header-meta":"default","adv-header-id-meta":"","stick-header-meta":"default","header-above-stick-meta":"","header-main-stick-meta":"","header-below-stick-meta":"","astra-migrate-meta-layouts":"set","ast-page-background-enabled":"default","ast-page-background-meta":{"desktop":{"background-color":"","background-image":"","background-repeat":"repeat","background-position":"center center","background-size":"auto","background-attachment":"scroll","background-type":"","background-media":"","overlay-type":"","overlay-color":"","overlay-opacity":"","overlay-gradient":""},"tablet":{"background-color":"","background-image":"","background-repeat":"repeat","background-position":"center center","background-size":"auto","background-attachment":"scroll","background-type":"","background-media":"","overlay-type":"","overlay-color":"","overlay-opacity":"","overlay-gradient":""},"mobile":{"background-color":"","background-image":"","background-repeat":"repeat","background-position":"center center","background-size":"auto","background-attachment":"scroll","background-type":"","background-media":"","overlay-type":"","overlay-color":"","overlay-opacity":"","overlay-gradient":""}},"ast-content-background-meta":{"desktop":{"background-color":"var(--ast-global-color-5)","background-image":"","background-repeat":"repeat","background-position":"center center","background-size":"auto","background-attachment":"scroll","background-type":"","background-media":"","overlay-type":"","overlay-color":"","overlay-opacity":"","overlay-gradient":""},"tablet":{"background-color":"var(--ast-global-color-5)","background-image":"","background-repeat":"repeat","background-position":"center center","background-size":"auto","background-attachment":"scroll","background-type":"","background-media":"","overlay-type":"","overlay-color":"","overlay-opacity":"","overlay-gradient":""},"mobile":{"background-color":"var(--ast-global-color-5)","background-image":"","background-repeat":"repeat","background-position":"center center","background-size":"auto","background-attachment":"scroll","background-type":"","background-media":"","overlay-type":"","overlay-color":"","overlay-opacity":"","overlay-gradient":""}}},"product_brand":[52],"product_cat":[56,80,15],"product_tag":[],"class_list":{"0":"post-6575","1":"product","2":"type-product","3":"status-publish","4":"has-post-thumbnail","6":"product_brand-bang-king","7":"product_cat-bang-king-15000-est-equipee-dune-resistance-mesh-nouvelle-generation","8":"product_cat-puff-15k","9":"product_cat-magasin-cigarette-electronique","10":"desktop-align-center","11":"tablet-align-center","12":"mobile-align-center","13":"ast-product-gallery-layout-horizontal","14":"ast-product-gallery-with-no-image","15":"ast-product-single-variable","16":"ast-product-tabs-layout-horizontal","17":"ast-qv-on-image","19":"first","20":"instock","21":"sale","22":"shipping-taxable","23":"purchasable","24":"product-type-variable","25":"has-default-attributes"},"tiered_pricing_type":"fixed","tiered_pricing_fixed_rules":{"50":6.05,"100":5.59},"tiered_pricing_product_settings":{"layout":"default","base_unit_name":{"singular":null,"plural":null},"default_variation":null},"tiered_pricing_minimum_quantity":null,"tiered_pricing_roles_data":[],"tiered_pricing_percentage_rules":[],"_links":{"self":[{"href":"https:\/\/puffvapestore.com\/sv\/wp-json\/wp\/v2\/product\/6575","targetHints":{"allow":["GET"]}}],"collection":[{"href":"https:\/\/puffvapestore.com\/sv\/wp-json\/wp\/v2\/product"}],"about":[{"href":"https:\/\/puffvapestore.com\/sv\/wp-json\/wp\/v2\/types\/product"}],"replies":[{"embeddable":true,"href":"https:\/\/puffvapestore.com\/sv\/wp-json\/wp\/v2\/comments?post=6575"}],"version-history":[{"count":7,"href":"https:\/\/puffvapestore.com\/sv\/wp-json\/wp\/v2\/product\/6575\/revisions"}],"predecessor-version":[{"id":6622,"href":"https:\/\/puffvapestore.com\/sv\/wp-json\/wp\/v2\/product\/6575\/revisions\/6622"}],"wp:featuredmedia":[{"embeddable":true,"href":"https:\/\/puffvapestore.com\/sv\/wp-json\/wp\/v2\/media\/6238"}],"wp:attachment":[{"href":"https:\/\/puffvapestore.com\/sv\/wp-json\/wp\/v2\/media?parent=6575"}],"wp:term":[{"taxonomy":"product_brand","embeddable":true,"href":"https:\/\/puffvapestore.com\/sv\/wp-json\/wp\/v2\/product_brand?post=6575"},{"taxonomy":"product_cat","embeddable":true,"href":"https:\/\/puffvapestore.com\/sv\/wp-json\/wp\/v2\/product_cat?post=6575"},{"taxonomy":"product_tag","embeddable":true,"href":"https:\/\/puffvapestore.com\/sv\/wp-json\/wp\/v2\/product_tag?post=6575"}],"curies":[{"name":"wp","href":"https:\/\/api.w.org\/{rel}","templated":true}]}}