{"id":6544,"date":"2025-08-11T08:59:11","date_gmt":"2025-08-11T08:59:11","guid":{"rendered":"https:\/\/puffvapestore.com\/?post_type=product&#038;p=6544"},"modified":"2026-01-19T10:52:38","modified_gmt":"2026-01-19T10:52:38","slug":"pink-lemonade-bang-king-15000-offre-bien-plus-quune-simple-experience-gustative","status":"publish","type":"product","link":"https:\/\/puffvapestore.com\/sv\/product\/pink-lemonade-bang-king-15000-erbjuder-mycket-mer-an-en-enkel-smakupplevelse\/","title":{"rendered":"Pink Lemonade - Bang King 15K"},"content":{"rendered":"<div data-elementor-type=\"wp-post\" data-elementor-id=\"6544\" class=\"elementor elementor-6544\">\n\t\t\t\t<div class=\"elementor-element elementor-element-08c26f9 e-flex e-con-boxed e-con e-parent\" data-id=\"08c26f9\" data-element_type=\"container\" data-e-type=\"container\">\n\t\t\t\t\t<div class=\"e-con-inner\">\n\t\t\t\t<div class=\"elementor-element elementor-element-a005a97 elementor-widget elementor-widget-text-editor\" data-id=\"a005a97\" data-element_type=\"widget\" data-e-type=\"widget\" data-widget_type=\"text-editor.default\">\n\t\t\t\t<div class=\"elementor-widget-container\">\n\t\t\t\t\t\t\t\t\t<p>Den uppfriskande s\u00f6tsura aromen fr\u00e5n den elektroniska cigaretten Pink Lemonade p\u00e5minner om ett nybryggt glas rosa lemonad: l\u00e4tt kolsyrad, med den subtila syran fr\u00e5n citron blandad med en antydan till s\u00f6tma, vilket skapar en uppfriskande och komplex upplevelse. I Frankrike, d\u00e4r livskvalitet v\u00e4rderas h\u00f6gt och \u00abavslappnad vaping\u00bb praktiseras, erbjuder Pink Lemonade mycket mer \u00e4n bara en smakupplevelse; det \u00e4r en subtil, uppslukande upplevelse som \u00e5terspeglar den romantiska atmosf\u00e4ren: den f\u00f6r tankarna till en iskall drink p\u00e5 en balkong p\u00e5 sommaren eller ett avslappnat samtal i h\u00f6rnet av ett parisiskt caf\u00e9.<\/p><p>Pink lemonade \u00e4r inte vilken lemonad som helst; det \u00e4r en citrondryck, vanlig i Nordamerika, som i allm\u00e4nhet blandar r\u00f6d frukt (t.ex. tranb\u00e4r eller hallon) med citron. Denna blandning beh\u00e5ller syrligheten fr\u00e5n citronen samtidigt som den tillf\u00f6r den subtila s\u00f6tman och fruktiga smaken fr\u00e5n frukten.<\/p><h2>Rosa lemonad: R\u00f6kig upplevelse :<\/h2><p>Fr\u00e5n den allra f\u00f6rsta doften tr\u00e4ffar en distinkt citronsyra tungan, utan att vara aggressiv, men n\u00e5got sur.<\/p><p>Detta f\u00f6ljs av en l\u00e4tt smak av s\u00f6t r\u00f6d frukt, som tranb\u00e4r eller hallon, som ger en subtil frukts\u00f6tma som mildrar den citronartade syran.<\/p><h2>Mitten av gommen :<\/h2><p>S\u00f6tman och syran balanseras p\u00e5 mellanhanden och skapar en smak som liknar lemonad, men utan kolsyran.<\/p><p>Den fruktiga smaken \u00e4r naturligt s\u00f6t och uppfriskande.<\/p><h2>Basnoter och avslutning:<\/h2><p>Utandningen \u00e5tf\u00f6ljs av en k\u00e4nsla av friskhet utan att vara f\u00f6r stark eller isig; det \u00e4r en l\u00e4tt, isig k\u00e4nsla som inte \u00f6verv\u00e4ldigar de fruktiga tonerna.<\/p><p>N\u00e4r det g\u00e4ller livsl\u00e4ngden dr\u00f6jer den citroniga syran kvar lite l\u00e4ngre, medan b\u00e4rs\u00f6tman snabbt f\u00f6rsvinner och ger plats f\u00f6r en ren, inte illam\u00e5ende finish.<\/p><h2>P\u00e5fyllningsbar, milj\u00f6v\u00e4nlig design<\/h2><p>Med sitt inbyggda uppladdningsbara USB-C-batteri minskar den milj\u00f6p\u00e5verkan fr\u00e5n elektroniska eng\u00e5ngscigaretter. Anv\u00e4ndarna kan ladda batteriet snabbt och \u00e5teruppta anv\u00e4ndningen n\u00e4r som helst och var som helst, vilket kombinerar funktionalitet och h\u00e5llbarhet. Den h\u00e4r designen sparar inte bara pengar, den \u00e4r ocks\u00e5 milj\u00f6v\u00e4nlig.<\/p><p>Bang King 15000 Pink Lemonade har en elegant, ergonomisk design som ger ett bekv\u00e4mt grepp och l\u00e5ng livsl\u00e4ngd. Det l\u00e4tta h\u00f6ljet och de moderna f\u00e4rgerna f\u00f6rb\u00e4ttrar anv\u00e4ndarupplevelsen samtidigt som de visar p\u00e5 individualitet och stil. Fodralet har behandlats noggrant f\u00f6r slitstyrka och halkskydd och kombinerar estetik och praktiska egenskaper.<\/p><h2>F\u00f6rfylld e-v\u00e4tska med stor kapacitet<\/h2><p>Varje Bang King 15000 Pink Lemonade \u00e4r f\u00f6rfylld med 25 ml premium e-v\u00e4tska, betydligt mer \u00e4n konventionella elektroniska cigaretter, f\u00f6r l\u00e5ngvarig anv\u00e4ndning. E-v\u00e4tskan \u00e4r tillverkad av h\u00f6gkvalitativa ingredienser som ger en mjuk halsk\u00e4nsla och ett brett utbud av smaker, f\u00f6r j\u00e4mn tillfredsst\u00e4llelse vid varje bloss.<\/p><h2>En m\u00e4ngd olika nikotinkoncentrationer tillg\u00e4ngliga<\/h2><p>Bang King 15000 Pink Lemonade erbjuder fyra styrkor av nikotinsalter: 0 %, 2 %, 3 % och 5 %, f\u00f6r att tillgodose behoven hos olika anv\u00e4ndare. Det nikotinfria alternativet 0 % \u00e4r perfekt f\u00f6r dem som s\u00f6ker en renare smak, medan alternativet 5 % nikotin ger en tillfredsst\u00e4llande upplevelse f\u00f6r regelbundna vapers. Denna flexibilitet inneb\u00e4r att alla kan hitta den upplevelse som passar just dem.<\/p><p>En enda Bang King 15000 elektronisk cigarett ger upp till 15 000 bloss, och dess exceptionella autonomi inneb\u00e4r att du inte beh\u00f6ver byta ut enheten ofta. Oavsett om du anv\u00e4nder den till vardags eller p\u00e5 resan ger den h\u00e4r elektroniska cigaretten l\u00e5ngvarig komfort och f\u00f6renklar p\u00e5fyllningen.<\/p><h2>Teknik f\u00f6r n\u00e4tmotst\u00e5nd<\/h2><p>Den h\u00e4r elektroniska cigaretten har ett avancerat Mesh-motst\u00e5nd som ger en j\u00e4mnare finf\u00f6rdelning och stabilare uppv\u00e4rmning \u00e4n traditionella motst\u00e5nd, vilket garanterar en j\u00e4mn och \u00e4kta \u00e5nga. Mesh-strukturen f\u00f6rl\u00e4nger ocks\u00e5 motst\u00e5ndets livsl\u00e4ngd och minskar br\u00e4nda lukter, vilket garanterar en h\u00f6gkvalitativ \u00e5nga med varje bloss.<\/p><p>Bang King 15000 Pink Lemonade \u00e4r kompakt och l\u00e4tt och \u00e4r l\u00e4tt att b\u00e4ra med sig i en ficka eller ryggs\u00e4ck. Tillverkad av h\u00f6gh\u00e5llfasta material \u00e4r den droppt\u00e5lig och h\u00e5llbar, och beh\u00e5ller sitt utseende och sin prestanda \u00e4ven vid frekvent daglig anv\u00e4ndning.<\/p><h2>Uppladdningsbart batteri med h\u00f6g kapacitet<\/h2><p>Utrustad med ett integrerat batteri p\u00e5 cirka 550 mAh erbjuder Bang King 15000 imponerande batteritid. Tack vare USB-C snabbladdningsteknik kan anv\u00e4ndarna snabbt ladda sin telefon, vilket minskar v\u00e4ntetiden. Ett batterihanteringssystem optimerar energif\u00f6rbrukningen och s\u00e4kerst\u00e4ller en stabil och l\u00e5ngvarig drift.<\/p>\t\t\t\t\t\t\t\t<\/div>\n\t\t\t\t<\/div>\n\t\t\t\t\t<\/div>\n\t\t\t\t<\/div>\n\t\t\t\t<\/div>","protected":false},"excerpt":{"rendered":"<p>L&rsquo;ar\u00f4me aigre-doux rafra\u00eechissant de la cigarette \u00e9lectronique Pink Lemonade \u00e9voque un verre de limonade rose fra\u00eechement pr\u00e9par\u00e9\u00a0: l\u00e9g\u00e8rement p\u00e9tillant, avec la subtile acidit\u00e9 du citron m\u00eal\u00e9e \u00e0 une touche sucr\u00e9e, cr\u00e9ant une exp\u00e9rience rafra\u00eechissante et complexe. En France, o\u00f9 la qualit\u00e9 de vie est valoris\u00e9e et o\u00f9 l&rsquo;on pratique le \u00ab\u00a0vapotage relaxant\u00a0\u00bb, la Pink Lemonade [&hellip;]<\/p>\n","protected":false},"featured_media":6246,"comment_status":"open","ping_status":"closed","template":"","meta":{"site-sidebar-layout":"no-sidebar","site-content-layout":"page-builder","ast-site-content-layout":"normal-width-container","site-content-style":"default","site-sidebar-style":"default","ast-global-header-display":"","ast-banner-title-visibility":"","ast-main-header-display":"","ast-hfb-above-header-display":"","ast-hfb-below-header-display":"","ast-hfb-mobile-header-display":"","site-post-title":"disabled","ast-breadcrumbs-content":"","ast-featured-img":"disabled","footer-sml-layout":"","ast-disable-related-posts":"","theme-transparent-header-meta":"default","adv-header-id-meta":"","stick-header-meta":"default","header-above-stick-meta":"","header-main-stick-meta":"","header-below-stick-meta":"","astra-migrate-meta-layouts":"set","ast-page-background-enabled":"default","ast-page-background-meta":{"desktop":{"background-color":"","background-image":"","background-repeat":"repeat","background-position":"center center","background-size":"auto","background-attachment":"scroll","background-type":"","background-media":"","overlay-type":"","overlay-color":"","overlay-opacity":"","overlay-gradient":""},"tablet":{"background-color":"","background-image":"","background-repeat":"repeat","background-position":"center center","background-size":"auto","background-attachment":"scroll","background-type":"","background-media":"","overlay-type":"","overlay-color":"","overlay-opacity":"","overlay-gradient":""},"mobile":{"background-color":"","background-image":"","background-repeat":"repeat","background-position":"center center","background-size":"auto","background-attachment":"scroll","background-type":"","background-media":"","overlay-type":"","overlay-color":"","overlay-opacity":"","overlay-gradient":""}},"ast-content-background-meta":{"desktop":{"background-color":"var(--ast-global-color-5)","background-image":"","background-repeat":"repeat","background-position":"center center","background-size":"auto","background-attachment":"scroll","background-type":"","background-media":"","overlay-type":"","overlay-color":"","overlay-opacity":"","overlay-gradient":""},"tablet":{"background-color":"var(--ast-global-color-5)","background-image":"","background-repeat":"repeat","background-position":"center center","background-size":"auto","background-attachment":"scroll","background-type":"","background-media":"","overlay-type":"","overlay-color":"","overlay-opacity":"","overlay-gradient":""},"mobile":{"background-color":"var(--ast-global-color-5)","background-image":"","background-repeat":"repeat","background-position":"center center","background-size":"auto","background-attachment":"scroll","background-type":"","background-media":"","overlay-type":"","overlay-color":"","overlay-opacity":"","overlay-gradient":""}}},"product_brand":[52],"product_cat":[56,80,15],"product_tag":[],"class_list":{"0":"post-6544","1":"product","2":"type-product","3":"status-publish","4":"has-post-thumbnail","6":"product_brand-bang-king","7":"product_cat-bang-king-15000-est-equipee-dune-resistance-mesh-nouvelle-generation","8":"product_cat-puff-15k","9":"product_cat-magasin-cigarette-electronique","10":"desktop-align-center","11":"tablet-align-center","12":"mobile-align-center","13":"ast-product-gallery-layout-horizontal","14":"ast-product-gallery-with-no-image","15":"ast-product-single-variable","16":"ast-product-tabs-layout-horizontal","17":"ast-qv-on-image","19":"first","20":"instock","21":"sale","22":"shipping-taxable","23":"purchasable","24":"product-type-variable","25":"has-default-attributes"},"tiered_pricing_type":"fixed","tiered_pricing_fixed_rules":{"50":6.05,"100":5.59},"tiered_pricing_product_settings":{"layout":"default","base_unit_name":{"singular":null,"plural":null},"default_variation":null},"tiered_pricing_minimum_quantity":null,"tiered_pricing_roles_data":[],"tiered_pricing_percentage_rules":[],"_links":{"self":[{"href":"https:\/\/puffvapestore.com\/sv\/wp-json\/wp\/v2\/product\/6544","targetHints":{"allow":["GET"]}}],"collection":[{"href":"https:\/\/puffvapestore.com\/sv\/wp-json\/wp\/v2\/product"}],"about":[{"href":"https:\/\/puffvapestore.com\/sv\/wp-json\/wp\/v2\/types\/product"}],"replies":[{"embeddable":true,"href":"https:\/\/puffvapestore.com\/sv\/wp-json\/wp\/v2\/comments?post=6544"}],"version-history":[{"count":11,"href":"https:\/\/puffvapestore.com\/sv\/wp-json\/wp\/v2\/product\/6544\/revisions"}],"predecessor-version":[{"id":6624,"href":"https:\/\/puffvapestore.com\/sv\/wp-json\/wp\/v2\/product\/6544\/revisions\/6624"}],"wp:featuredmedia":[{"embeddable":true,"href":"https:\/\/puffvapestore.com\/sv\/wp-json\/wp\/v2\/media\/6246"}],"wp:attachment":[{"href":"https:\/\/puffvapestore.com\/sv\/wp-json\/wp\/v2\/media?parent=6544"}],"wp:term":[{"taxonomy":"product_brand","embeddable":true,"href":"https:\/\/puffvapestore.com\/sv\/wp-json\/wp\/v2\/product_brand?post=6544"},{"taxonomy":"product_cat","embeddable":true,"href":"https:\/\/puffvapestore.com\/sv\/wp-json\/wp\/v2\/product_cat?post=6544"},{"taxonomy":"product_tag","embeddable":true,"href":"https:\/\/puffvapestore.com\/sv\/wp-json\/wp\/v2\/product_tag?post=6544"}],"curies":[{"name":"wp","href":"https:\/\/api.w.org\/{rel}","templated":true}]}}