{"id":6522,"date":"2025-08-07T01:25:40","date_gmt":"2025-08-07T01:25:40","guid":{"rendered":"https:\/\/puffvapestore.com\/?post_type=product&#038;p=6522"},"modified":"2026-01-19T10:52:38","modified_gmt":"2026-01-19T10:52:38","slug":"aloe-grape-bang-king-15000-moderement-sucre","status":"publish","type":"product","link":"https:\/\/puffvapestore.com\/sv\/product\/aloe-druva-bang-king-15000-mattligt-socker\/","title":{"rendered":"Aloe druva - Bang King 15K"},"content":{"rendered":"<div data-elementor-type=\"wp-post\" data-elementor-id=\"6522\" class=\"elementor elementor-6522\">\n\t\t\t\t<div class=\"elementor-element elementor-element-08c26f9 e-flex e-con-boxed e-con e-parent\" data-id=\"08c26f9\" data-element_type=\"container\" data-e-type=\"container\">\n\t\t\t\t\t<div class=\"e-con-inner\">\n\t\t\t\t<div class=\"elementor-element elementor-element-a005a97 elementor-widget elementor-widget-text-editor\" data-id=\"a005a97\" data-element_type=\"widget\" data-e-type=\"widget\" data-widget_type=\"text-editor.default\">\n\t\t\t\t<div class=\"elementor-widget-container\">\n\t\t\t\t\t\t\t\t\t<p>Aloe Raisin-smaken p\u00e5 Bang King 15000 erbjuder en autentisk, m\u00e5ttligt s\u00f6t fruktig arom med en uppfriskande, l\u00e5ngvarig smak, perfekt f\u00f6r dem som f\u00f6redrar en naturlig, fr\u00e4sch smak. Om du f\u00f6redrar en icke-smakande, l\u00e4tt uppfriskande och autentiskt fruktig vapingupplevelse \u00e4r denna Aloe Raisin-smak definitivt v\u00e4rd en titt.<\/p><h2>Druvsmak - Huvudnotering<\/h2><p>M\u00e5ttligt s\u00f6t: Till skillnad fr\u00e5n vissa druvsmaker erbjuder druvsmaken hos Bang King en naturlig fruktig arom med en l\u00e4tt syra, n\u00e4rmare den autentiska smaken av f\u00e4rska lila druvor.<\/p><p>Rikligt fruktig: Redan fr\u00e5n f\u00f6rsta klunken ger r\u00f6ken en rik, saftig arom med tydliga nyanser och en berusande k\u00e4nsla som f\u00f6r tankarna till nykrossade druvor.<\/p><p>Smidig och mjuk: Druvornas konsistens i r\u00f6ken irriterar inte halsen och l\u00e4mnar en silkeslen, kvardr\u00f6jande finish.<\/p><h2>Aloe vera-arom: en subtil, distinkt ton<\/h2><p>Fr\u00e4sch \u00f6rtig: Aloe vera avger en lite fr\u00e4sch \u00f6rtig doft, som p\u00e5minner om gurka eller sockerr\u00f6rsjuice, vilket ger en fr\u00e4sch k\u00e4nsla till helheten.<\/p><p>Subtilt, utan \u00f6verfl\u00f6d: Aloe vera maskerar inte druvnoten, utan dyker upp mellan inandning och utandning, sm\u00f6rjer och reng\u00f6r munnen och l\u00e4mnar en ren, icke-fet smakupplevelse.<\/p><h2>P\u00e5fyllningsbar, milj\u00f6v\u00e4nlig design<\/h2><p>Med sitt inbyggda uppladdningsbara USB-C-batteri minskar den milj\u00f6p\u00e5verkan fr\u00e5n elektroniska eng\u00e5ngscigaretter. Anv\u00e4ndarna kan ladda batteriet snabbt och \u00e5teruppta anv\u00e4ndningen n\u00e4r som helst och var som helst, vilket kombinerar funktionalitet och h\u00e5llbarhet. Den h\u00e4r designen sparar inte bara pengar, den \u00e4r ocks\u00e5 milj\u00f6v\u00e4nlig.<\/p><p>Bang King 15000 Aloe Grape har en elegant, ergonomisk design som ger ett bekv\u00e4mt grepp och l\u00e5ng livsl\u00e4ngd. Det l\u00e4tta h\u00f6ljet och de moderna f\u00e4rgerna f\u00f6rb\u00e4ttrar anv\u00e4ndarupplevelsen samtidigt som de visar individualitet och stil. H\u00f6ljet har behandlats noggrant f\u00f6r slitstyrka och halkskydd och kombinerar estetik med praktiska egenskaper.<\/p><h2>F\u00f6rfylld e-v\u00e4tska med stor kapacitet<\/h2><p>Varje Bang King 15000 Aloe Grape \u00e4r f\u00f6rfylld med 25 ml premium e-v\u00e4tska, betydligt mer \u00e4n konventionella elektroniska cigaretter, f\u00f6r l\u00e5ngvarig anv\u00e4ndning. E-v\u00e4tskan \u00e4r tillverkad av h\u00f6gkvalitativa ingredienser som ger en mjuk halsk\u00e4nsla och ett brett utbud av smaker, f\u00f6r j\u00e4mn tillfredsst\u00e4llelse vid varje bloss.<\/p><h2>En m\u00e4ngd olika nikotinkoncentrationer tillg\u00e4ngliga<\/h2><p>Bang King 15000 Aloe Grape erbjuder fyra styrkor av nikotinsalter: 0 %, 2 %, 3 % och 5 %, f\u00f6r att tillgodose behoven hos olika anv\u00e4ndare. Det nikotinfria alternativet 0 % \u00e4r perfekt f\u00f6r dem som s\u00f6ker en renare smak, medan alternativet 5 % nikotin ger en tillfredsst\u00e4llande upplevelse f\u00f6r regelbundna vapers. Denna flexibilitet inneb\u00e4r att alla kan hitta den upplevelse som passar just dem.<\/p><p>En enda Bang King 15000 elektronisk cigarett ger upp till 15 000 bloss, och dess exceptionella autonomi inneb\u00e4r att du inte beh\u00f6ver byta ut enheten ofta. Oavsett om du anv\u00e4nder den till vardags eller p\u00e5 resan ger den h\u00e4r elektroniska cigaretten l\u00e5ngvarig komfort och f\u00f6renklar p\u00e5fyllningen.<\/p><h2>Teknik f\u00f6r n\u00e4tmotst\u00e5nd<\/h2><p>Den h\u00e4r elektroniska cigaretten har ett avancerat Mesh-motst\u00e5nd som ger en j\u00e4mnare finf\u00f6rdelning och stabilare uppv\u00e4rmning \u00e4n traditionella motst\u00e5nd, vilket garanterar en j\u00e4mn och \u00e4kta \u00e5nga. Mesh-strukturen f\u00f6rl\u00e4nger ocks\u00e5 motst\u00e5ndets livsl\u00e4ngd och minskar br\u00e4nda lukter, vilket garanterar en h\u00f6gkvalitativ \u00e5nga med varje bloss.<\/p><p>Bang King 15000 Aloe Grape \u00e4r kompakt och l\u00e4tt och \u00e4r l\u00e4tt att b\u00e4ra med sig. Den ryms enkelt i en ficka eller ryggs\u00e4ck. Tillverkad av h\u00f6gh\u00e5llfasta material \u00e4r den droppt\u00e5lig och h\u00e5llbar, och beh\u00e5ller sitt utseende och sin prestanda \u00e4ven vid frekvent daglig anv\u00e4ndning.<\/p><h2>Uppladdningsbart batteri med h\u00f6g kapacitet<\/h2><p>Utrustad med ett integrerat batteri p\u00e5 cirka 550 mAh erbjuder Bang King 15000 imponerande batteritid. Tack vare USB-C snabbladdningsteknik kan anv\u00e4ndarna snabbt ladda sin telefon, vilket minskar v\u00e4ntetiden. Ett batterihanteringssystem optimerar energif\u00f6rbrukningen och s\u00e4kerst\u00e4ller en stabil och l\u00e5ngvarig drift.<\/p>\t\t\t\t\t\t\t\t<\/div>\n\t\t\t\t<\/div>\n\t\t\t\t\t<\/div>\n\t\t\t\t<\/div>\n\t\t\t\t<\/div>","protected":false},"excerpt":{"rendered":"<p>L&rsquo;ar\u00f4me Aloe Raisin du Bang King 15000 offre un ar\u00f4me fruit\u00e9 authentique et mod\u00e9r\u00e9ment sucr\u00e9, avec une saveur rafra\u00eechissante et persistante, id\u00e9al pour ceux qui pr\u00e9f\u00e8rent un go\u00fbt naturel et frais. Si vous pr\u00e9f\u00e9rez une exp\u00e9rience de vapotage non \u00e9coeurante, l\u00e9g\u00e8rement rafra\u00eechissante et authentiquement fruit\u00e9e, cet ar\u00f4me Aloe Raisin vaut vraiment le d\u00e9tour. Ar\u00f4me Raisin [&hellip;]<\/p>\n","protected":false},"featured_media":6234,"comment_status":"open","ping_status":"closed","template":"","meta":{"site-sidebar-layout":"no-sidebar","site-content-layout":"page-builder","ast-site-content-layout":"normal-width-container","site-content-style":"default","site-sidebar-style":"default","ast-global-header-display":"","ast-banner-title-visibility":"","ast-main-header-display":"","ast-hfb-above-header-display":"","ast-hfb-below-header-display":"","ast-hfb-mobile-header-display":"","site-post-title":"disabled","ast-breadcrumbs-content":"","ast-featured-img":"disabled","footer-sml-layout":"","ast-disable-related-posts":"","theme-transparent-header-meta":"default","adv-header-id-meta":"","stick-header-meta":"default","header-above-stick-meta":"","header-main-stick-meta":"","header-below-stick-meta":"","astra-migrate-meta-layouts":"set","ast-page-background-enabled":"default","ast-page-background-meta":{"desktop":{"background-color":"","background-image":"","background-repeat":"repeat","background-position":"center center","background-size":"auto","background-attachment":"scroll","background-type":"","background-media":"","overlay-type":"","overlay-color":"","overlay-opacity":"","overlay-gradient":""},"tablet":{"background-color":"","background-image":"","background-repeat":"repeat","background-position":"center center","background-size":"auto","background-attachment":"scroll","background-type":"","background-media":"","overlay-type":"","overlay-color":"","overlay-opacity":"","overlay-gradient":""},"mobile":{"background-color":"","background-image":"","background-repeat":"repeat","background-position":"center center","background-size":"auto","background-attachment":"scroll","background-type":"","background-media":"","overlay-type":"","overlay-color":"","overlay-opacity":"","overlay-gradient":""}},"ast-content-background-meta":{"desktop":{"background-color":"var(--ast-global-color-5)","background-image":"","background-repeat":"repeat","background-position":"center center","background-size":"auto","background-attachment":"scroll","background-type":"","background-media":"","overlay-type":"","overlay-color":"","overlay-opacity":"","overlay-gradient":""},"tablet":{"background-color":"var(--ast-global-color-5)","background-image":"","background-repeat":"repeat","background-position":"center center","background-size":"auto","background-attachment":"scroll","background-type":"","background-media":"","overlay-type":"","overlay-color":"","overlay-opacity":"","overlay-gradient":""},"mobile":{"background-color":"var(--ast-global-color-5)","background-image":"","background-repeat":"repeat","background-position":"center center","background-size":"auto","background-attachment":"scroll","background-type":"","background-media":"","overlay-type":"","overlay-color":"","overlay-opacity":"","overlay-gradient":""}}},"product_brand":[52],"product_cat":[56,80,15],"product_tag":[],"class_list":{"0":"post-6522","1":"product","2":"type-product","3":"status-publish","4":"has-post-thumbnail","6":"product_brand-bang-king","7":"product_cat-bang-king-15000-est-equipee-dune-resistance-mesh-nouvelle-generation","8":"product_cat-puff-15k","9":"product_cat-magasin-cigarette-electronique","10":"desktop-align-center","11":"tablet-align-center","12":"mobile-align-center","13":"ast-product-gallery-layout-horizontal","14":"ast-product-gallery-with-no-image","15":"ast-product-single-variable","16":"ast-product-tabs-layout-horizontal","17":"ast-qv-on-image","19":"first","20":"instock","21":"sale","22":"shipping-taxable","23":"purchasable","24":"product-type-variable","25":"has-default-attributes"},"tiered_pricing_type":"fixed","tiered_pricing_fixed_rules":{"50":6.05,"100":5.59},"tiered_pricing_product_settings":{"layout":"default","base_unit_name":{"singular":null,"plural":null},"default_variation":null},"tiered_pricing_minimum_quantity":null,"tiered_pricing_roles_data":[],"tiered_pricing_percentage_rules":[],"_links":{"self":[{"href":"https:\/\/puffvapestore.com\/sv\/wp-json\/wp\/v2\/product\/6522","targetHints":{"allow":["GET"]}}],"collection":[{"href":"https:\/\/puffvapestore.com\/sv\/wp-json\/wp\/v2\/product"}],"about":[{"href":"https:\/\/puffvapestore.com\/sv\/wp-json\/wp\/v2\/types\/product"}],"replies":[{"embeddable":true,"href":"https:\/\/puffvapestore.com\/sv\/wp-json\/wp\/v2\/comments?post=6522"}],"version-history":[{"count":7,"href":"https:\/\/puffvapestore.com\/sv\/wp-json\/wp\/v2\/product\/6522\/revisions"}],"predecessor-version":[{"id":6626,"href":"https:\/\/puffvapestore.com\/sv\/wp-json\/wp\/v2\/product\/6522\/revisions\/6626"}],"wp:featuredmedia":[{"embeddable":true,"href":"https:\/\/puffvapestore.com\/sv\/wp-json\/wp\/v2\/media\/6234"}],"wp:attachment":[{"href":"https:\/\/puffvapestore.com\/sv\/wp-json\/wp\/v2\/media?parent=6522"}],"wp:term":[{"taxonomy":"product_brand","embeddable":true,"href":"https:\/\/puffvapestore.com\/sv\/wp-json\/wp\/v2\/product_brand?post=6522"},{"taxonomy":"product_cat","embeddable":true,"href":"https:\/\/puffvapestore.com\/sv\/wp-json\/wp\/v2\/product_cat?post=6522"},{"taxonomy":"product_tag","embeddable":true,"href":"https:\/\/puffvapestore.com\/sv\/wp-json\/wp\/v2\/product_tag?post=6522"}],"curies":[{"name":"wp","href":"https:\/\/api.w.org\/{rel}","templated":true}]}}