{"id":6495,"date":"2025-08-11T06:11:27","date_gmt":"2025-08-11T06:11:27","guid":{"rendered":"https:\/\/puffvapestore.com\/?post_type=product&#038;p=6495"},"modified":"2026-01-19T10:52:39","modified_gmt":"2026-01-19T10:52:39","slug":"lush-ice-bang-king-15000-debordez-instantanement-daromes-rafraichissants","status":"publish","type":"product","link":"https:\/\/puffvapestore.com\/sv\/product\/frodig-is-bang-king-15000-omedelbart-overflod-uppfriskande-aromer\/","title":{"rendered":"Lush Ice - Bang King 15K"},"content":{"rendered":"<div data-elementor-type=\"wp-post\" data-elementor-id=\"6495\" class=\"elementor elementor-6495\">\n\t\t\t\t<div class=\"elementor-element elementor-element-08c26f9 e-flex e-con-boxed e-con e-parent\" data-id=\"08c26f9\" data-element_type=\"container\" data-e-type=\"container\">\n\t\t\t\t\t<div class=\"e-con-inner\">\n\t\t\t\t<div class=\"elementor-element elementor-element-a005a97 elementor-widget elementor-widget-text-editor\" data-id=\"a005a97\" data-element_type=\"widget\" data-e-type=\"widget\" data-widget_type=\"text-editor.default\">\n\t\t\t\t<div class=\"elementor-widget-container\">\n\t\t\t\t\t\t\t\t\t<p>Den elektroniska cigaretten Bang King 15000 Lush Ice, med sin ergonomiska design, \u00e4r en riktig juvel av en design. S\u00e5 snart du andas in fyller den uppfriskande doften av vattenmelon och l\u00e4tt mynta omedelbart din mun och erbjuder en subtil s\u00f6tma och en sval, isig k\u00e4nsla, som den f\u00f6rsta sippan av isad vattenmelonjuice p\u00e5 Frankrikes sydkust p\u00e5 sommaren: uppfriskande och t\u00f6rstsl\u00e4ckande.<\/p><h2>Dominerande smak av vattenmelon:<\/h2><p>Verkligen fruktig: Vattenmelonsmaken hos Bang King \u00e4r mindre s\u00f6t \u00e4n en konstgjord s\u00f6tma, och p\u00e5minner mer om en nyskuren vattenmelon med en touch av naturlig frukt.<\/p><p>Intensiv fruktig arom: En l\u00e4tt ton av honungsmelon eller gurka kompletterar smaken av vattenmelon och skapar en s\u00f6t, uppfriskande k\u00e4nsla.<\/p><h2>Uppfriskande mint\/mentol :<\/h2><p>K\u00e4nnbar men icke-irriterande k\u00e4nsla av friskhet: Den ger en subtil k\u00e4nsla av friskhet, som en isbit som sm\u00e4lter l\u00e5ngsamt p\u00e5 tungan.<\/p><p>Ren eftersmak: Efter utandning dr\u00f6jer sig en frisk, ren mintarom kvar i gommen, vilket hj\u00e4lper till att skingra den \u00f6verdrivna s\u00f6tman i de fruktiga smakerna och balansera den \u00f6vergripande aromatiska profilen.<\/p><h2>Samlad erfarenhet av Lush Ice :<\/h2><p>R\u00f6ken \u00e4r mjuk i gommen, med en mjuk k\u00e4nsla i halsen: den irriterar inte halsen, vilket g\u00f6r den idealisk f\u00f6r l\u00e5ngvarig anv\u00e4ndning, s\u00e4rskilt f\u00f6r dem som f\u00f6redrar en uppfriskande smak.<\/p><p>L\u00e5ngvarig, icke-fet: Trots den fruktiga, isiga blandningen \u00e4r den totala effekten varken fet eller \u00f6verv\u00e4ldigande, vilket g\u00f6r den till en trevlig vardagssmak.<\/p><p>L\u00e5ng finish: En uppfriskande s\u00f6t arom, som liknar en kombination av vattenmelonjuice och mintgodis, dr\u00f6jer sig kvar i halsen och munnen och l\u00e4mnar en behagligt uppfriskande k\u00e4nsla.<\/p><h2>Stor lagringskapacitet f\u00f6r e-v\u00e4tska<\/h2><p>Bang King 15000 Lush Ice \u00e4r f\u00f6rfylld med 25 ml h\u00f6gkvalitativ nikotin-e-v\u00e4tska, en s\u00e4llsynt kapacitet f\u00f6r liknande produkter. Detta garanterar en l\u00e5ng livsl\u00e4ngd och minskar behovet av att ofta byta ut enheten.<\/p><p>Varje Bang King 15000 Lush Ice e-cigarett erbjuder upp till 15 000 bloss, mycket mer \u00e4n de flesta elektroniska eng\u00e5ngscigaretter p\u00e5 marknaden, vilket g\u00f6r den till riktm\u00e4rket f\u00f6r ultral\u00e5ng autonomi.<\/p><h2>Flera nikotindoser tillg\u00e4ngliga<\/h2><p>F\u00f6r att tillgodose anv\u00e4ndarnas \u00f6nskem\u00e5l och behov i samband med r\u00f6kavv\u00e4njning finns Bang King 15000 Lush Ice i fyra olika nikotinsaltstyrkor: 0 %, 2 %, 3 % och 5 %. Oavsett om du vill sluta r\u00f6ka helt eller v\u00e4lja en h\u00f6gre dos kommer du garanterat att hitta det perfekta alternativet.<\/p><p>Denna e-cigarett anv\u00e4nder en ny generation av n\u00e4tmotst\u00e5nd f\u00f6r j\u00e4mn uppv\u00e4rmning av e-v\u00e4tskan och effektiv atomisering. J\u00e4mf\u00f6rt med traditionella resistorer ger den finare finf\u00f6rdelning, rikare smak och st\u00f6rre \u00e5ngvolym, vilket f\u00f6rb\u00e4ttrar anv\u00e4ndarupplevelsen.<\/p><h2>Milj\u00f6v\u00e4nlig, p\u00e5fyllningsbar design<\/h2><p>Den har ett integrerat 550 mAh-batteri med snabb laddning via USB-C. Denna uppladdningsbara design f\u00f6rl\u00e4nger livsl\u00e4ngden avsev\u00e4rt och \u00e4r mer milj\u00f6v\u00e4nlig \u00e4n eng\u00e5ngsenheter, vilket uppfyller h\u00e5llbarhetskraven hos moderna anv\u00e4ndare.<\/p><p>Bang King 15000 Lush Ice har en ergonomisk design och ett modernt utseende. Dess k\u00e4nsla, textur och estetik \u00e5terspeglar ett fokus p\u00e5 anv\u00e4ndarupplevelsen och kombinerar komfort och stil.<\/p><p>Trots sina kraftfulla funktioner och stora lagringskapacitet har Bang King 15000 Lush Ice en kompakt, b\u00e4rbar design som \u00e4r l\u00e4tt att b\u00e4ra och passar alla livsstilar. Dessutom \u00e4r den tillverkad av slitstarka material, s\u00e5 den \u00e4r droppt\u00e5lig och h\u00e5llbar, vilket garanterar l\u00e5ngvarig och stabil anv\u00e4ndning.<\/p>\t\t\t\t\t\t\t\t<\/div>\n\t\t\t\t<\/div>\n\t\t\t\t\t<\/div>\n\t\t\t\t<\/div>\n\t\t\t\t<\/div>","protected":false},"excerpt":{"rendered":"<p>La cigarette \u00e9lectronique Lush Ice de Bang King 15000, au design ergonomique, est un v\u00e9ritable bijou de design. D\u00e8s l&rsquo;inhalation, l&rsquo;ar\u00f4me rafra\u00eechissant de past\u00e8que et de menthe l\u00e9g\u00e8re emplit instantan\u00e9ment votre bouche, offrant une douceur subtile et une sensation fra\u00eeche et glac\u00e9e, comme la premi\u00e8re gorg\u00e9e de jus de past\u00e8que glac\u00e9 sur la c\u00f4te sud [&hellip;]<\/p>\n","protected":false},"featured_media":6243,"comment_status":"open","ping_status":"closed","template":"","meta":{"site-sidebar-layout":"no-sidebar","site-content-layout":"page-builder","ast-site-content-layout":"normal-width-container","site-content-style":"default","site-sidebar-style":"default","ast-global-header-display":"","ast-banner-title-visibility":"","ast-main-header-display":"","ast-hfb-above-header-display":"","ast-hfb-below-header-display":"","ast-hfb-mobile-header-display":"","site-post-title":"disabled","ast-breadcrumbs-content":"","ast-featured-img":"disabled","footer-sml-layout":"","ast-disable-related-posts":"","theme-transparent-header-meta":"default","adv-header-id-meta":"","stick-header-meta":"default","header-above-stick-meta":"","header-main-stick-meta":"","header-below-stick-meta":"","astra-migrate-meta-layouts":"set","ast-page-background-enabled":"default","ast-page-background-meta":{"desktop":{"background-color":"","background-image":"","background-repeat":"repeat","background-position":"center center","background-size":"auto","background-attachment":"scroll","background-type":"","background-media":"","overlay-type":"","overlay-color":"","overlay-opacity":"","overlay-gradient":""},"tablet":{"background-color":"","background-image":"","background-repeat":"repeat","background-position":"center center","background-size":"auto","background-attachment":"scroll","background-type":"","background-media":"","overlay-type":"","overlay-color":"","overlay-opacity":"","overlay-gradient":""},"mobile":{"background-color":"","background-image":"","background-repeat":"repeat","background-position":"center center","background-size":"auto","background-attachment":"scroll","background-type":"","background-media":"","overlay-type":"","overlay-color":"","overlay-opacity":"","overlay-gradient":""}},"ast-content-background-meta":{"desktop":{"background-color":"var(--ast-global-color-5)","background-image":"","background-repeat":"repeat","background-position":"center center","background-size":"auto","background-attachment":"scroll","background-type":"","background-media":"","overlay-type":"","overlay-color":"","overlay-opacity":"","overlay-gradient":""},"tablet":{"background-color":"var(--ast-global-color-5)","background-image":"","background-repeat":"repeat","background-position":"center center","background-size":"auto","background-attachment":"scroll","background-type":"","background-media":"","overlay-type":"","overlay-color":"","overlay-opacity":"","overlay-gradient":""},"mobile":{"background-color":"var(--ast-global-color-5)","background-image":"","background-repeat":"repeat","background-position":"center center","background-size":"auto","background-attachment":"scroll","background-type":"","background-media":"","overlay-type":"","overlay-color":"","overlay-opacity":"","overlay-gradient":""}}},"product_brand":[52],"product_cat":[56,80,15],"product_tag":[],"class_list":{"0":"post-6495","1":"product","2":"type-product","3":"status-publish","4":"has-post-thumbnail","6":"product_brand-bang-king","7":"product_cat-bang-king-15000-est-equipee-dune-resistance-mesh-nouvelle-generation","8":"product_cat-puff-15k","9":"product_cat-magasin-cigarette-electronique","10":"desktop-align-center","11":"tablet-align-center","12":"mobile-align-center","13":"ast-product-gallery-layout-horizontal","14":"ast-product-gallery-with-no-image","15":"ast-product-single-variable","16":"ast-product-tabs-layout-horizontal","17":"ast-qv-on-image","19":"first","20":"instock","21":"sale","22":"shipping-taxable","23":"purchasable","24":"product-type-variable","25":"has-default-attributes"},"tiered_pricing_type":"fixed","tiered_pricing_fixed_rules":{"50":6.05,"100":5.59},"tiered_pricing_product_settings":{"layout":"default","base_unit_name":{"singular":null,"plural":null},"default_variation":null},"tiered_pricing_minimum_quantity":null,"tiered_pricing_roles_data":[],"tiered_pricing_percentage_rules":[],"_links":{"self":[{"href":"https:\/\/puffvapestore.com\/sv\/wp-json\/wp\/v2\/product\/6495","targetHints":{"allow":["GET"]}}],"collection":[{"href":"https:\/\/puffvapestore.com\/sv\/wp-json\/wp\/v2\/product"}],"about":[{"href":"https:\/\/puffvapestore.com\/sv\/wp-json\/wp\/v2\/types\/product"}],"replies":[{"embeddable":true,"href":"https:\/\/puffvapestore.com\/sv\/wp-json\/wp\/v2\/comments?post=6495"}],"version-history":[{"count":11,"href":"https:\/\/puffvapestore.com\/sv\/wp-json\/wp\/v2\/product\/6495\/revisions"}],"predecessor-version":[{"id":6627,"href":"https:\/\/puffvapestore.com\/sv\/wp-json\/wp\/v2\/product\/6495\/revisions\/6627"}],"wp:featuredmedia":[{"embeddable":true,"href":"https:\/\/puffvapestore.com\/sv\/wp-json\/wp\/v2\/media\/6243"}],"wp:attachment":[{"href":"https:\/\/puffvapestore.com\/sv\/wp-json\/wp\/v2\/media?parent=6495"}],"wp:term":[{"taxonomy":"product_brand","embeddable":true,"href":"https:\/\/puffvapestore.com\/sv\/wp-json\/wp\/v2\/product_brand?post=6495"},{"taxonomy":"product_cat","embeddable":true,"href":"https:\/\/puffvapestore.com\/sv\/wp-json\/wp\/v2\/product_cat?post=6495"},{"taxonomy":"product_tag","embeddable":true,"href":"https:\/\/puffvapestore.com\/sv\/wp-json\/wp\/v2\/product_tag?post=6495"}],"curies":[{"name":"wp","href":"https:\/\/api.w.org\/{rel}","templated":true}]}}