{"id":6473,"date":"2025-08-05T08:11:49","date_gmt":"2025-08-05T08:11:49","guid":{"rendered":"https:\/\/puffvapestore.com\/?post_type=product&#038;p=6473"},"modified":"2026-01-19T10:52:38","modified_gmt":"2026-01-19T10:52:38","slug":"cotton-candy-bang-king-15000-cree-une-base-douce-et-sucree","status":"publish","type":"product","link":"https:\/\/puffvapestore.com\/sv\/product\/sockervadd-bang-king-15000-skapar-en-mjuk-sot-bas\/","title":{"rendered":"Bomullsgodis - Bang King 15000"},"content":{"rendered":"<div data-elementor-type=\"wp-post\" data-elementor-id=\"6473\" class=\"elementor elementor-6473\">\n\t\t\t\t<div class=\"elementor-element elementor-element-08c26f9 e-flex e-con-boxed e-con e-parent\" data-id=\"08c26f9\" data-element_type=\"container\" data-e-type=\"container\">\n\t\t\t\t\t<div class=\"e-con-inner\">\n\t\t\t\t<div class=\"elementor-element elementor-element-a005a97 elementor-widget elementor-widget-text-editor\" data-id=\"a005a97\" data-element_type=\"widget\" data-e-type=\"widget\" data-widget_type=\"text-editor.default\">\n\t\t\t\t<div class=\"elementor-widget-container\">\n\t\t\t\t\t\t\t\t\t<p>Ta ett bloss p\u00e5 den elektroniska cigaretten Bang King 15000 Cotton Candy och n\u00e4tmotst\u00e5ndet v\u00e4rmer upp en delikat \u00e5nga, som ett tivoli i miniatyr. En n\u00e5got s\u00f6t ton, som rosa sockervadd fr\u00e5n en parisisk n\u00f6jespark, sprids l\u00e5ngsamt mellan din n\u00e4sa och dina smakl\u00f6kar.<\/p><h2>Toppnot : S\u00f6t och luftig<\/h2><p>Vid inandning \u00e4r den f\u00f6rsta noten den klassiska luftiga s\u00f6tman av candyfloss, som str\u00e4ngar av r\u00f6rsocker som sm\u00e4lter f\u00f6rsiktigt p\u00e5 tungan, s\u00f6t utan att vara sjuklig.<\/p><p>En touch av vaniljsirap ger en mjuk, s\u00f6t bas.<\/p><h2>Hj\u00e4rtnot: Mild mj\u00f6lkig \u00f6verg\u00e5ng<\/h2><p>Efter s\u00f6tman framtr\u00e4der en mild mj\u00f6lkig ton, utan att vara \u00f6verv\u00e4ldigande, som snarare p\u00e5minner om en l\u00e4tt mj\u00f6lkig arom blandad med mj\u00f6lkpulver och sackarin, vilket mjukar upp s\u00f6tman.<\/p><h2>Basnot: S\u00f6t finish<\/h2><p>Utandningen l\u00e4mnar en subtil doft av karamelliserat socker med en liten kola eftersmak.<\/p><p>Avslutningen \u00e4r l\u00e5ng, utan att vara \u00f6verv\u00e4ldigande. Den dr\u00f6jer sig kvar i gommen, som den s\u00f6ta eftersmaken av en liten godisbit.<\/p><h2>Stor lagringskapacitet f\u00f6r e-v\u00e4tska<\/h2><p>Bang King 15000 Cotton Candy \u00e4r f\u00f6rfylld med 25 ml h\u00f6gkvalitativ nikotin-e-v\u00e4tska, en s\u00e4llsynt kapacitet f\u00f6r liknande produkter. Detta s\u00e4kerst\u00e4ller en l\u00e5ng livsl\u00e4ngd och minskar behovet av att ofta byta ut enheten.<\/p><p>Varje Bang King 15000 Cotton Candy e-cigarett erbjuder upp till 15 000 bloss, mycket mer \u00e4n de flesta elektroniska eng\u00e5ngscigaretter p\u00e5 marknaden, vilket g\u00f6r den till riktm\u00e4rket f\u00f6r ultral\u00e5ng autonomi.<\/p><h2>Flera nikotindoser tillg\u00e4ngliga<\/h2><p>F\u00f6r att m\u00f6ta anv\u00e4ndarnas preferenser och behov av r\u00f6kavv\u00e4njning erbjuder Bang King 15000 fyra nikotinsaltdoseringar: 0 %, 2 %, 3 % och 5 %. Oavsett om du vill sluta r\u00f6ka helt eller v\u00e4lja en h\u00f6gre dos kommer du att hitta det perfekta alternativet.<\/p><p>Denna e-cigarett anv\u00e4nder en ny generation av n\u00e4tmotst\u00e5nd f\u00f6r j\u00e4mn uppv\u00e4rmning av e-v\u00e4tskan och effektiv atomisering. J\u00e4mf\u00f6rt med traditionella resistorer ger den finare finf\u00f6rdelning, rikare smak och st\u00f6rre \u00e5ngvolym, vilket f\u00f6rb\u00e4ttrar anv\u00e4ndarupplevelsen.<\/p><h2>Milj\u00f6v\u00e4nlig, p\u00e5fyllningsbar design<\/h2><p>Den har ett integrerat 550 mAh-batteri med snabb laddning via USB-C. Denna uppladdningsbara design f\u00f6rl\u00e4nger livsl\u00e4ngden avsev\u00e4rt och \u00e4r mer milj\u00f6v\u00e4nlig \u00e4n eng\u00e5ngsenheter, vilket uppfyller h\u00e5llbarhetskraven hos moderna anv\u00e4ndare.<\/p><p>Bang King 15000 Cotton Candy har en ergonomisk design och ett modernt utseende. Dess k\u00e4nsla, textur och estetik \u00e5terspeglar ett fokus p\u00e5 anv\u00e4ndarupplevelsen och kombinerar komfort och stil.<\/p><p>Trots sina kraftfulla funktioner och stora lagringskapacitet har Bang King 15000 Cotton Candy en kompakt, b\u00e4rbar design som \u00e4r l\u00e4tt att b\u00e4ra och passar alla livsstilar. Dessutom \u00e4r den tillverkad av slitstarka material som g\u00f6r den dropps\u00e4ker och h\u00e5llbar, vilket garanterar l\u00e5ngvarig och stabil anv\u00e4ndning.<\/p>\t\t\t\t\t\t\t\t<\/div>\n\t\t\t\t<\/div>\n\t\t\t\t\t<\/div>\n\t\t\t\t<\/div>\n\t\t\t\t<\/div>","protected":false},"excerpt":{"rendered":"<p>Prenez une bouff\u00e9e de la cigarette \u00e9lectronique Bang King 15000 Barbe \u00e0 papa et la r\u00e9sistance mesh chauffe une vapeur d\u00e9licate, telle une f\u00eate foraine miniature. Une l\u00e9g\u00e8re note sucr\u00e9e, telle la barbe \u00e0 papa rose d&rsquo;un parc d&rsquo;attractions parisien, se diffuse lentement entre votre nez et vos papilles. Note de t\u00eate\u00a0: Sucr\u00e9 et a\u00e9rien [&hellip;]<\/p>\n","protected":false},"featured_media":6239,"comment_status":"open","ping_status":"closed","template":"","meta":{"site-sidebar-layout":"no-sidebar","site-content-layout":"page-builder","ast-site-content-layout":"normal-width-container","site-content-style":"default","site-sidebar-style":"default","ast-global-header-display":"","ast-banner-title-visibility":"","ast-main-header-display":"","ast-hfb-above-header-display":"","ast-hfb-below-header-display":"","ast-hfb-mobile-header-display":"","site-post-title":"disabled","ast-breadcrumbs-content":"","ast-featured-img":"disabled","footer-sml-layout":"","ast-disable-related-posts":"","theme-transparent-header-meta":"default","adv-header-id-meta":"","stick-header-meta":"default","header-above-stick-meta":"","header-main-stick-meta":"","header-below-stick-meta":"","astra-migrate-meta-layouts":"set","ast-page-background-enabled":"default","ast-page-background-meta":{"desktop":{"background-color":"","background-image":"","background-repeat":"repeat","background-position":"center center","background-size":"auto","background-attachment":"scroll","background-type":"","background-media":"","overlay-type":"","overlay-color":"","overlay-opacity":"","overlay-gradient":""},"tablet":{"background-color":"","background-image":"","background-repeat":"repeat","background-position":"center center","background-size":"auto","background-attachment":"scroll","background-type":"","background-media":"","overlay-type":"","overlay-color":"","overlay-opacity":"","overlay-gradient":""},"mobile":{"background-color":"","background-image":"","background-repeat":"repeat","background-position":"center center","background-size":"auto","background-attachment":"scroll","background-type":"","background-media":"","overlay-type":"","overlay-color":"","overlay-opacity":"","overlay-gradient":""}},"ast-content-background-meta":{"desktop":{"background-color":"var(--ast-global-color-5)","background-image":"","background-repeat":"repeat","background-position":"center center","background-size":"auto","background-attachment":"scroll","background-type":"","background-media":"","overlay-type":"","overlay-color":"","overlay-opacity":"","overlay-gradient":""},"tablet":{"background-color":"var(--ast-global-color-5)","background-image":"","background-repeat":"repeat","background-position":"center center","background-size":"auto","background-attachment":"scroll","background-type":"","background-media":"","overlay-type":"","overlay-color":"","overlay-opacity":"","overlay-gradient":""},"mobile":{"background-color":"var(--ast-global-color-5)","background-image":"","background-repeat":"repeat","background-position":"center center","background-size":"auto","background-attachment":"scroll","background-type":"","background-media":"","overlay-type":"","overlay-color":"","overlay-opacity":"","overlay-gradient":""}}},"product_brand":[52],"product_cat":[56,80,15],"product_tag":[],"class_list":{"0":"post-6473","1":"product","2":"type-product","3":"status-publish","4":"has-post-thumbnail","6":"product_brand-bang-king","7":"product_cat-bang-king-15000-est-equipee-dune-resistance-mesh-nouvelle-generation","8":"product_cat-puff-15k","9":"product_cat-magasin-cigarette-electronique","10":"desktop-align-center","11":"tablet-align-center","12":"mobile-align-center","13":"ast-product-gallery-layout-horizontal","14":"ast-product-gallery-with-no-image","15":"ast-product-single-variable","16":"ast-product-tabs-layout-horizontal","17":"ast-qv-on-image","19":"first","20":"instock","21":"sale","22":"shipping-taxable","23":"purchasable","24":"product-type-variable","25":"has-default-attributes"},"tiered_pricing_type":"fixed","tiered_pricing_fixed_rules":{"50":6.05,"100":5.59},"tiered_pricing_product_settings":{"layout":"default","base_unit_name":{"singular":null,"plural":null},"default_variation":null},"tiered_pricing_minimum_quantity":null,"tiered_pricing_roles_data":[],"tiered_pricing_percentage_rules":[],"_links":{"self":[{"href":"https:\/\/puffvapestore.com\/sv\/wp-json\/wp\/v2\/product\/6473","targetHints":{"allow":["GET"]}}],"collection":[{"href":"https:\/\/puffvapestore.com\/sv\/wp-json\/wp\/v2\/product"}],"about":[{"href":"https:\/\/puffvapestore.com\/sv\/wp-json\/wp\/v2\/types\/product"}],"replies":[{"embeddable":true,"href":"https:\/\/puffvapestore.com\/sv\/wp-json\/wp\/v2\/comments?post=6473"}],"version-history":[{"count":6,"href":"https:\/\/puffvapestore.com\/sv\/wp-json\/wp\/v2\/product\/6473\/revisions"}],"predecessor-version":[{"id":6483,"href":"https:\/\/puffvapestore.com\/sv\/wp-json\/wp\/v2\/product\/6473\/revisions\/6483"}],"wp:featuredmedia":[{"embeddable":true,"href":"https:\/\/puffvapestore.com\/sv\/wp-json\/wp\/v2\/media\/6239"}],"wp:attachment":[{"href":"https:\/\/puffvapestore.com\/sv\/wp-json\/wp\/v2\/media?parent=6473"}],"wp:term":[{"taxonomy":"product_brand","embeddable":true,"href":"https:\/\/puffvapestore.com\/sv\/wp-json\/wp\/v2\/product_brand?post=6473"},{"taxonomy":"product_cat","embeddable":true,"href":"https:\/\/puffvapestore.com\/sv\/wp-json\/wp\/v2\/product_cat?post=6473"},{"taxonomy":"product_tag","embeddable":true,"href":"https:\/\/puffvapestore.com\/sv\/wp-json\/wp\/v2\/product_tag?post=6473"}],"curies":[{"name":"wp","href":"https:\/\/api.w.org\/{rel}","templated":true}]}}