{"id":6444,"date":"2025-08-05T03:52:26","date_gmt":"2025-08-05T03:52:26","guid":{"rendered":"https:\/\/puffvapestore.com\/?post_type=product&#038;p=6444"},"modified":"2026-01-19T10:52:39","modified_gmt":"2026-01-19T10:52:39","slug":"strawberry-watermelon-bang-king-15k-est-tres-populaire-parmi-les-fruitees","status":"publish","type":"product","link":"https:\/\/puffvapestore.com\/sv\/product\/jordgubbar-vattenmelon-bang-king-15k-ar-mycket-popular-bland-fruktodlare\/","title":{"rendered":"Jordgubb vattenmelon - Bang King 15000"},"content":{"rendered":"<div data-elementor-type=\"wp-post\" data-elementor-id=\"6444\" class=\"elementor elementor-6444\">\n\t\t\t\t<div class=\"elementor-element elementor-element-08c26f9 e-flex e-con-boxed e-con e-parent\" data-id=\"08c26f9\" data-element_type=\"container\" data-e-type=\"container\">\n\t\t\t\t\t<div class=\"e-con-inner\">\n\t\t\t\t<div class=\"elementor-element elementor-element-a005a97 elementor-widget elementor-widget-text-editor\" data-id=\"a005a97\" data-element_type=\"widget\" data-e-type=\"widget\" data-widget_type=\"text-editor.default\">\n\t\t\t\t<div class=\"elementor-widget-container\">\n\t\t\t\t\t\t\t\t\t<p>Jag \u00f6ppnade denna Bang King 15000 Strawberry Watermelon-smak e-cigarett och tog ett snabbt bloss. \u00c4rligt talat, den f\u00f6rsta puffen var otrolig. Jordgubbss\u00f6tman var autentisk, l\u00e5ngt ifr\u00e5n den billiga s\u00f6tman hos en s\u00f6tsak, utan snarare aromen av nyskuren frukt, med saften fortfarande n\u00e4rvarande i k\u00f6ttet. Vattenmelonsmaken f\u00f6ljde och erbj\u00f6d en uppfriskande och perfekt balanserad smak, vilket gjorde att puffen inte var illam\u00e5ende och till och med lite t\u00f6rstsl\u00e4ckande.<\/p><h2>Upp till 15.000 puffar<\/h2><p>Bang King 15000 Strawberry Watermelon \u00e4r k\u00e4nd f\u00f6r sin h\u00f6ga puffkapacitet och erbjuder upp till 15 000 puffar per elektronisk cigarett. Det \u00e4r en av de mest l\u00e5nglivade elektroniska eng\u00e5ngscigaretterna p\u00e5 marknaden, vilket dramatiskt minskar behovet av byte och ger anv\u00e4ndarna en njutbar, l\u00e5ngvarig upplevelse.<\/p><p>Den har ett h\u00f6gpresterande 550 mAh litiumbatteri med snabbladdning via USB-C, vilket g\u00f6r den milj\u00f6v\u00e4nlig. Anv\u00e4ndarna kan ladda batteriet flera g\u00e5nger via USB-C, vilket ger en l\u00e5ng drifttid innan e-v\u00e4tskan tar slut.<\/p><h2>Stor f\u00f6rfylld kapacitet p\u00e5 25 ml<\/h2><p>Varje Bang King 15000 Strawberry Watermelon elektronisk cigarett \u00e4r f\u00f6rfylld med 25 ml h\u00f6gkvalitativ nikotinsaltad e-juice, en kapacitet som \u00e4r o\u00f6vertr\u00e4ffad i sin kategori. Denna design f\u00f6rl\u00e4nger inte bara dess livsl\u00e4ngd utan minskar ocks\u00e5 behovet av frekventa utbyten.<\/p><h2>Flera nikotindoser - f\u00f6r att passa dina preferenser<\/h2><p>F\u00f6r att tillgodose behoven hos alla anv\u00e4ndare finns Bang King 15000 Strawberry Watermelon i fyra nikotinsaltstyrkor:<\/p><p>0 % (nikotinfri)<\/p><p>2 % (ljus)<\/p><p>3 % (medium)<\/p><p>5 % (stark)<\/p><p>Detta flexibla urval g\u00f6r att anv\u00e4ndarna kan v\u00e4lja utifr\u00e5n sina planer p\u00e5 att sluta r\u00f6ka eller sina vanor.<\/p><h2>N\u00e4tmotst\u00e5ndsteknik - En renare spridning av aromer<\/h2><p>Bang King 15000 Strawberry Watermelon anv\u00e4nder en avancerad n\u00e4tmotst\u00e5ndsstruktur som s\u00e4kerst\u00e4ller snabbare uppv\u00e4rmning och j\u00e4mnare v\u00e4rmef\u00f6rdelning. Detta maximerar spridningen av e-v\u00e4tskans smaker, vilket garanterar en mjuk, fyllig k\u00e4nsla och en djup, fyllig tr\u00e4ff med varje bloss.<\/p><p>Den h\u00e4r elektroniska cigaretten har en elegant, ergonomisk design som passar bekv\u00e4mt i handflatan, vilket garanterar tr\u00f6tthetsfri anv\u00e4ndning \u00e4ven efter l\u00e5nga perioder. Den robusta konstruktionen och den mjuka k\u00e4nslan i kombination med den minimalistiska, moderna designen g\u00f6r den l\u00e4mplig f\u00f6r m\u00e5nga olika anv\u00e4ndningsomr\u00e5den.<\/p><h2>B\u00e4rbar och h\u00e5llbar - en r\u00f6kupplevelse n\u00e4r som helst, var som helst<\/h2><p>Trots sin stora kapacitet har Bang King 15000 Strawberry Watermelon ett kompakt format f\u00f6r optimal b\u00e4rbarhet och kan enkelt stoppas ner i en ficka eller v\u00e4ska. Den robusta konstruktionen motst\u00e5r effektivt vardagens st\u00f6tar och slitage, vilket g\u00f6r den idealisk f\u00f6r daglig anv\u00e4ndning, n\u00e4r du reser eller \u00e4r p\u00e5 resande fot.<\/p>\t\t\t\t\t\t\t\t<\/div>\n\t\t\t\t<\/div>\n\t\t\t\t\t<\/div>\n\t\t\t\t<\/div>\n\t\t\t\t<\/div>","protected":false},"excerpt":{"rendered":"<p>J&rsquo;ai ouvert cette e-cigarette Bang King 15000 saveur Fraise Past\u00e8que et j&rsquo;ai tir\u00e9 une petite bouff\u00e9e. Honn\u00eatement, la premi\u00e8re bouff\u00e9e \u00e9tait incroyable. La douceur de la fraise \u00e9tait authentique, loin de la douceur bon march\u00e9 d&rsquo;un bonbon, mais plut\u00f4t l&rsquo;ar\u00f4me d&rsquo;un fruit fra\u00eechement coup\u00e9, avec le jus encore pr\u00e9sent \u00e0 la chair. La saveur de [&hellip;]<\/p>\n","protected":false},"featured_media":6250,"comment_status":"open","ping_status":"closed","template":"","meta":{"site-sidebar-layout":"no-sidebar","site-content-layout":"page-builder","ast-site-content-layout":"normal-width-container","site-content-style":"default","site-sidebar-style":"default","ast-global-header-display":"","ast-banner-title-visibility":"","ast-main-header-display":"","ast-hfb-above-header-display":"","ast-hfb-below-header-display":"","ast-hfb-mobile-header-display":"","site-post-title":"disabled","ast-breadcrumbs-content":"","ast-featured-img":"disabled","footer-sml-layout":"","ast-disable-related-posts":"","theme-transparent-header-meta":"default","adv-header-id-meta":"","stick-header-meta":"default","header-above-stick-meta":"","header-main-stick-meta":"","header-below-stick-meta":"","astra-migrate-meta-layouts":"set","ast-page-background-enabled":"default","ast-page-background-meta":{"desktop":{"background-color":"","background-image":"","background-repeat":"repeat","background-position":"center center","background-size":"auto","background-attachment":"scroll","background-type":"","background-media":"","overlay-type":"","overlay-color":"","overlay-opacity":"","overlay-gradient":""},"tablet":{"background-color":"","background-image":"","background-repeat":"repeat","background-position":"center center","background-size":"auto","background-attachment":"scroll","background-type":"","background-media":"","overlay-type":"","overlay-color":"","overlay-opacity":"","overlay-gradient":""},"mobile":{"background-color":"","background-image":"","background-repeat":"repeat","background-position":"center center","background-size":"auto","background-attachment":"scroll","background-type":"","background-media":"","overlay-type":"","overlay-color":"","overlay-opacity":"","overlay-gradient":""}},"ast-content-background-meta":{"desktop":{"background-color":"var(--ast-global-color-5)","background-image":"","background-repeat":"repeat","background-position":"center center","background-size":"auto","background-attachment":"scroll","background-type":"","background-media":"","overlay-type":"","overlay-color":"","overlay-opacity":"","overlay-gradient":""},"tablet":{"background-color":"var(--ast-global-color-5)","background-image":"","background-repeat":"repeat","background-position":"center center","background-size":"auto","background-attachment":"scroll","background-type":"","background-media":"","overlay-type":"","overlay-color":"","overlay-opacity":"","overlay-gradient":""},"mobile":{"background-color":"var(--ast-global-color-5)","background-image":"","background-repeat":"repeat","background-position":"center center","background-size":"auto","background-attachment":"scroll","background-type":"","background-media":"","overlay-type":"","overlay-color":"","overlay-opacity":"","overlay-gradient":""}}},"product_brand":[52],"product_cat":[56,80,15],"product_tag":[],"class_list":{"0":"post-6444","1":"product","2":"type-product","3":"status-publish","4":"has-post-thumbnail","6":"product_brand-bang-king","7":"product_cat-bang-king-15000-est-equipee-dune-resistance-mesh-nouvelle-generation","8":"product_cat-puff-15k","9":"product_cat-magasin-cigarette-electronique","10":"desktop-align-center","11":"tablet-align-center","12":"mobile-align-center","13":"ast-product-gallery-layout-horizontal","14":"ast-product-gallery-with-no-image","15":"ast-product-single-variable","16":"ast-product-tabs-layout-horizontal","17":"ast-qv-on-image","19":"first","20":"instock","21":"sale","22":"shipping-taxable","23":"purchasable","24":"product-type-variable","25":"has-default-attributes"},"tiered_pricing_type":"fixed","tiered_pricing_fixed_rules":{"50":6.05,"100":5.59},"tiered_pricing_product_settings":{"layout":"default","base_unit_name":{"singular":null,"plural":null},"default_variation":null},"tiered_pricing_minimum_quantity":null,"tiered_pricing_roles_data":[],"tiered_pricing_percentage_rules":[],"_links":{"self":[{"href":"https:\/\/puffvapestore.com\/sv\/wp-json\/wp\/v2\/product\/6444","targetHints":{"allow":["GET"]}}],"collection":[{"href":"https:\/\/puffvapestore.com\/sv\/wp-json\/wp\/v2\/product"}],"about":[{"href":"https:\/\/puffvapestore.com\/sv\/wp-json\/wp\/v2\/types\/product"}],"replies":[{"embeddable":true,"href":"https:\/\/puffvapestore.com\/sv\/wp-json\/wp\/v2\/comments?post=6444"}],"version-history":[{"count":6,"href":"https:\/\/puffvapestore.com\/sv\/wp-json\/wp\/v2\/product\/6444\/revisions"}],"predecessor-version":[{"id":6454,"href":"https:\/\/puffvapestore.com\/sv\/wp-json\/wp\/v2\/product\/6444\/revisions\/6454"}],"wp:featuredmedia":[{"embeddable":true,"href":"https:\/\/puffvapestore.com\/sv\/wp-json\/wp\/v2\/media\/6250"}],"wp:attachment":[{"href":"https:\/\/puffvapestore.com\/sv\/wp-json\/wp\/v2\/media?parent=6444"}],"wp:term":[{"taxonomy":"product_brand","embeddable":true,"href":"https:\/\/puffvapestore.com\/sv\/wp-json\/wp\/v2\/product_brand?post=6444"},{"taxonomy":"product_cat","embeddable":true,"href":"https:\/\/puffvapestore.com\/sv\/wp-json\/wp\/v2\/product_cat?post=6444"},{"taxonomy":"product_tag","embeddable":true,"href":"https:\/\/puffvapestore.com\/sv\/wp-json\/wp\/v2\/product_tag?post=6444"}],"curies":[{"name":"wp","href":"https:\/\/api.w.org\/{rel}","templated":true}]}}