{"id":6433,"date":"2025-08-09T07:46:38","date_gmt":"2025-08-09T07:46:38","guid":{"rendered":"https:\/\/puffvapestore.com\/?post_type=product&#038;p=6433"},"modified":"2026-01-19T10:52:39","modified_gmt":"2026-01-19T10:52:39","slug":"blue-razz-ice-bang-king-15000-offre-une-sensation-rafraichissante","status":"publish","type":"product","link":"https:\/\/puffvapestore.com\/sv\/product\/blue-razz-ice-bang-king-15000-erbjuder-en-uppfriskande-kansla\/","title":{"rendered":"Blue Razz Ice - Bang King 15000"},"content":{"rendered":"<div data-elementor-type=\"wp-post\" data-elementor-id=\"6433\" class=\"elementor elementor-6433\">\n\t\t\t\t<div class=\"elementor-element elementor-element-08c26f9 e-flex e-con-boxed e-con e-parent\" data-id=\"08c26f9\" data-element_type=\"container\" data-e-type=\"container\">\n\t\t\t\t\t<div class=\"e-con-inner\">\n\t\t\t\t<div class=\"elementor-element elementor-element-a005a97 elementor-widget elementor-widget-text-editor\" data-id=\"a005a97\" data-element_type=\"widget\" data-e-type=\"widget\" data-widget_type=\"text-editor.default\">\n\t\t\t\t<div class=\"elementor-widget-container\">\n\t\t\t\t\t\t\t\t\t<p>Bang King 15000 Blue Razz Ice \u00e4r en mycket popul\u00e4r elektronisk cigarett f\u00f6r eng\u00e5ngsbruk som ger en uppfriskande s\u00f6t, syrlig och isig k\u00e4nsla.<\/p><h2>Huvudsmak : Bl\u00e5 Razz<\/h2><p>Stark s\u00f6tma: Blue Razz \u00e4r en blandning av bl\u00e5b\u00e4r och hallon, med en rik, fruktig arom. R\u00f6ken ger en saftig, s\u00f6t och isig k\u00e4nsla, som f\u00e4rsk frukt som exploderar i munnen.<\/p><p>S\u00f6tt och syrligt: Till skillnad fr\u00e5n rena bl\u00e5b\u00e4r eller hallon \u00e4r Blue Razz unik i sin fina balans mellan s\u00f6tt och syrligt, utan att vara \u00f6verv\u00e4ldigande eller enformig. Den l\u00e4tta syrligheten stimulerar smakl\u00f6karna och ger en touch av djup.<\/p><h2>Kylning med \u00abis\u00bb:<\/h2><p>Frisk mentolbas: \u00abIce\u00bb anger tillsatsen av ett uppfriskande medel (liknande mentol), vilket ger en m\u00e4rkbar k\u00e4nsla av friskhet som tr\u00e4nger in i halsen mellan inandning och utandning.<\/p><p>L\u00e5ngvarig s\u00f6tma: Efter puffen dr\u00f6jer sig en l\u00e4tt s\u00f6tma och doft kvar vid basen av tungan och halsen och l\u00e4mnar en behaglig k\u00e4nsla av friskhet i munnen under en kort tid.<\/p><h2>Upp till 15.000 puffar<\/h2><p>Bang King 15000 Blue Razz Ice \u00e4r k\u00e4nd f\u00f6r sin h\u00f6ga puffkapacitet och erbjuder upp till 15 000 puffar per elektronisk cigarett. Det \u00e4r en av de mest l\u00e5nglivade elektroniska eng\u00e5ngscigaretterna p\u00e5 marknaden, vilket dramatiskt minskar behovet av byte och ger anv\u00e4ndarna en njutbar, l\u00e5ngvarig upplevelse.<\/p><p>Den har ett h\u00f6gpresterande 550 mAh litiumbatteri med snabbladdning via USB-C, vilket g\u00f6r den milj\u00f6v\u00e4nlig. Anv\u00e4ndarna kan ladda batteriet flera g\u00e5nger via USB-C, vilket ger en l\u00e5ng drifttid innan e-v\u00e4tskan tar slut.<\/p><h2>Stor f\u00f6rfylld kapacitet p\u00e5 25 ml<\/h2><p>Varje Bang King 15000 Blue Razz Ice elektronisk cigarett \u00e4r f\u00f6rfylld med 25 ml h\u00f6gkvalitativ nikotinsaltad e-juice, en kapacitet som \u00e4r o\u00f6vertr\u00e4ffad i sin kategori. Denna design f\u00f6rl\u00e4nger inte bara dess livsl\u00e4ngd utan minskar ocks\u00e5 behovet av frekventa utbyten.<\/p><h2>Flera nikotindoser - f\u00f6r att passa dina preferenser<\/h2><p>F\u00f6r att tillgodose alla anv\u00e4ndares behov erbjuder Bang King 15000 fyra nikotinsaltdoseringar:<\/p><p>0 % (nikotinfri)<\/p><p>2 % (ljus)<\/p><p>3 % (medium)<\/p><p>5 % (stark)<\/p><p>Detta flexibla urval g\u00f6r att anv\u00e4ndarna kan v\u00e4lja utifr\u00e5n sina planer p\u00e5 att sluta r\u00f6ka eller sina vanor.<\/p><h2>N\u00e4tmotst\u00e5ndsteknik - En renare spridning av aromer<\/h2><p>Bang King 15000 Blue Razz Ice anv\u00e4nder en avancerad n\u00e4tmotst\u00e5ndsstruktur, som s\u00e4kerst\u00e4ller snabbare uppv\u00e4rmning och j\u00e4mnare v\u00e4rmef\u00f6rdelning. Detta maximerar spridningen av e-v\u00e4tskans smaker, vilket garanterar en j\u00e4mn, rik k\u00e4nsla och en djup, rik tr\u00e4ff med varje bloss.<\/p><p>Den h\u00e4r elektroniska cigaretten har en elegant, ergonomisk design som passar bekv\u00e4mt i handflatan, vilket garanterar tr\u00f6tthetsfri anv\u00e4ndning \u00e4ven efter l\u00e5nga perioder. Den robusta konstruktionen och den mjuka k\u00e4nslan i kombination med den minimalistiska, moderna designen g\u00f6r den l\u00e4mplig f\u00f6r m\u00e5nga olika anv\u00e4ndningsomr\u00e5den.<\/p><h2>B\u00e4rbar och h\u00e5llbar - en r\u00f6kupplevelse n\u00e4r som helst, var som helst<\/h2><p>Trots den stora kapaciteten har Bang King 15000 Blue Razz Ice ett kompakt format f\u00f6r optimal b\u00e4rbarhet och kan enkelt stoppas i en ficka eller v\u00e4ska. Den robusta konstruktionen motst\u00e5r effektivt vardagens st\u00f6tar och slitage, vilket g\u00f6r den idealisk f\u00f6r daglig anv\u00e4ndning, p\u00e5 resan eller i farten.<\/p>\t\t\t\t\t\t\t\t<\/div>\n\t\t\t\t<\/div>\n\t\t\t\t\t<\/div>\n\t\t\t\t<\/div>\n\t\t\t\t<\/div>","protected":false},"excerpt":{"rendered":"<p>La Bang King 15000 Blue Razz Ice est une cigarette \u00e9lectronique jetable tr\u00e8s populaire, offrant une sensation rafra\u00eechissante, sucr\u00e9e, acidul\u00e9e et glac\u00e9e. Ar\u00f4me principal\u00a0: Blue Razz Forte douceur\u00a0: Blue Razz est un m\u00e9lange de myrtille et de framboise, avec un ar\u00f4me riche et fruit\u00e9. La fum\u00e9e procure une sensation juteuse, sucr\u00e9e et glac\u00e9e, comme si [&hellip;]<\/p>\n","protected":false},"featured_media":6236,"comment_status":"open","ping_status":"closed","template":"","meta":{"site-sidebar-layout":"no-sidebar","site-content-layout":"page-builder","ast-site-content-layout":"normal-width-container","site-content-style":"default","site-sidebar-style":"default","ast-global-header-display":"","ast-banner-title-visibility":"","ast-main-header-display":"","ast-hfb-above-header-display":"","ast-hfb-below-header-display":"","ast-hfb-mobile-header-display":"","site-post-title":"disabled","ast-breadcrumbs-content":"","ast-featured-img":"disabled","footer-sml-layout":"","ast-disable-related-posts":"","theme-transparent-header-meta":"default","adv-header-id-meta":"","stick-header-meta":"default","header-above-stick-meta":"","header-main-stick-meta":"","header-below-stick-meta":"","astra-migrate-meta-layouts":"set","ast-page-background-enabled":"default","ast-page-background-meta":{"desktop":{"background-color":"","background-image":"","background-repeat":"repeat","background-position":"center center","background-size":"auto","background-attachment":"scroll","background-type":"","background-media":"","overlay-type":"","overlay-color":"","overlay-opacity":"","overlay-gradient":""},"tablet":{"background-color":"","background-image":"","background-repeat":"repeat","background-position":"center center","background-size":"auto","background-attachment":"scroll","background-type":"","background-media":"","overlay-type":"","overlay-color":"","overlay-opacity":"","overlay-gradient":""},"mobile":{"background-color":"","background-image":"","background-repeat":"repeat","background-position":"center center","background-size":"auto","background-attachment":"scroll","background-type":"","background-media":"","overlay-type":"","overlay-color":"","overlay-opacity":"","overlay-gradient":""}},"ast-content-background-meta":{"desktop":{"background-color":"var(--ast-global-color-5)","background-image":"","background-repeat":"repeat","background-position":"center center","background-size":"auto","background-attachment":"scroll","background-type":"","background-media":"","overlay-type":"","overlay-color":"","overlay-opacity":"","overlay-gradient":""},"tablet":{"background-color":"var(--ast-global-color-5)","background-image":"","background-repeat":"repeat","background-position":"center center","background-size":"auto","background-attachment":"scroll","background-type":"","background-media":"","overlay-type":"","overlay-color":"","overlay-opacity":"","overlay-gradient":""},"mobile":{"background-color":"var(--ast-global-color-5)","background-image":"","background-repeat":"repeat","background-position":"center center","background-size":"auto","background-attachment":"scroll","background-type":"","background-media":"","overlay-type":"","overlay-color":"","overlay-opacity":"","overlay-gradient":""}}},"product_brand":[52],"product_cat":[56,80,15],"product_tag":[],"class_list":{"0":"post-6433","1":"product","2":"type-product","3":"status-publish","4":"has-post-thumbnail","6":"product_brand-bang-king","7":"product_cat-bang-king-15000-est-equipee-dune-resistance-mesh-nouvelle-generation","8":"product_cat-puff-15k","9":"product_cat-magasin-cigarette-electronique","10":"desktop-align-center","11":"tablet-align-center","12":"mobile-align-center","13":"ast-product-gallery-layout-horizontal","14":"ast-product-gallery-with-no-image","15":"ast-product-single-variable","16":"ast-product-tabs-layout-horizontal","17":"ast-qv-on-image","19":"first","20":"instock","21":"sale","22":"shipping-taxable","23":"purchasable","24":"product-type-variable","25":"has-default-attributes"},"tiered_pricing_type":"fixed","tiered_pricing_fixed_rules":{"50":6.05,"100":5.59},"tiered_pricing_product_settings":{"layout":"default","base_unit_name":{"singular":null,"plural":null},"default_variation":null},"tiered_pricing_minimum_quantity":null,"tiered_pricing_roles_data":[],"tiered_pricing_percentage_rules":[],"_links":{"self":[{"href":"https:\/\/puffvapestore.com\/sv\/wp-json\/wp\/v2\/product\/6433","targetHints":{"allow":["GET"]}}],"collection":[{"href":"https:\/\/puffvapestore.com\/sv\/wp-json\/wp\/v2\/product"}],"about":[{"href":"https:\/\/puffvapestore.com\/sv\/wp-json\/wp\/v2\/types\/product"}],"replies":[{"embeddable":true,"href":"https:\/\/puffvapestore.com\/sv\/wp-json\/wp\/v2\/comments?post=6433"}],"version-history":[{"count":7,"href":"https:\/\/puffvapestore.com\/sv\/wp-json\/wp\/v2\/product\/6433\/revisions"}],"predecessor-version":[{"id":6634,"href":"https:\/\/puffvapestore.com\/sv\/wp-json\/wp\/v2\/product\/6433\/revisions\/6634"}],"wp:featuredmedia":[{"embeddable":true,"href":"https:\/\/puffvapestore.com\/sv\/wp-json\/wp\/v2\/media\/6236"}],"wp:attachment":[{"href":"https:\/\/puffvapestore.com\/sv\/wp-json\/wp\/v2\/media?parent=6433"}],"wp:term":[{"taxonomy":"product_brand","embeddable":true,"href":"https:\/\/puffvapestore.com\/sv\/wp-json\/wp\/v2\/product_brand?post=6433"},{"taxonomy":"product_cat","embeddable":true,"href":"https:\/\/puffvapestore.com\/sv\/wp-json\/wp\/v2\/product_cat?post=6433"},{"taxonomy":"product_tag","embeddable":true,"href":"https:\/\/puffvapestore.com\/sv\/wp-json\/wp\/v2\/product_tag?post=6433"}],"curies":[{"name":"wp","href":"https:\/\/api.w.org\/{rel}","templated":true}]}}