{"id":6422,"date":"2025-08-09T05:37:08","date_gmt":"2025-08-09T05:37:08","guid":{"rendered":"https:\/\/puffvapestore.com\/?post_type=product&#038;p=6422"},"modified":"2026-01-19T10:52:39","modified_gmt":"2026-01-19T10:52:39","slug":"bang-king-15000-fraise-banane-allie-douceur-onctuosite-et-equilibre","status":"publish","type":"product","link":"https:\/\/puffvapestore.com\/sv\/product\/bang-king-15000-jordgubbsbanan-kombinerar-jamnhet-och-balans\/","title":{"rendered":"Jordgubbsbanan - Bang King 15000"},"content":{"rendered":"<div data-elementor-type=\"wp-post\" data-elementor-id=\"6422\" class=\"elementor elementor-6422\">\n\t\t\t\t<div class=\"elementor-element elementor-element-08c26f9 e-flex e-con-boxed e-con e-parent\" data-id=\"08c26f9\" data-element_type=\"container\" data-e-type=\"container\">\n\t\t\t\t\t<div class=\"e-con-inner\">\n\t\t\t\t<div class=\"elementor-element elementor-element-a005a97 elementor-widget elementor-widget-text-editor\" data-id=\"a005a97\" data-element_type=\"widget\" data-e-type=\"widget\" data-widget_type=\"text-editor.default\">\n\t\t\t\t<div class=\"elementor-widget-container\">\n\t\t\t\t\t\t\t\t\t<p>Strawberry Banana-smaken av Bang King 15000 \u00e4r en elektronisk cigarett f\u00f6r eng\u00e5ngsbruk. Smaken Strawberry Banana \u00e4r en klassisk fruktblandning som k\u00e4nnetecknas av s\u00f6tma, mjukhet och balans.<\/p><p>Strawberry Banana \u00e4r en mjuk och kr\u00e4mig fruktig duo, och Bang King visar utm\u00e4rkt balans. R\u00f6ken erbjuder en uppfriskande fruktig arom fr\u00e5n f\u00f6rsta inandningen, en rik mellanm\u00e5l som inte \u00e4r \u00f6verv\u00e4ldigande och en mj\u00f6lkig milkshake-liknande finish, perfekt f\u00f6r dem som f\u00f6redrar en mildare s\u00f6tma.<\/p><h2>Smakens egenskaper f\u00f6r jordgubbar :<\/h2><p>Jordgubbsnoter: En uttalad toppnot kan uppt\u00e4ckas vid f\u00f6rsta inandningen och erbjuder en syrlig, uppfriskande jordgubbssmak. Aromen \u00e4r naturlig, utan den konstgjorda jordgubbssmaken, som p\u00e5minner om en s\u00f6t.<\/p><p>L\u00e4tt syrlig och s\u00f6t: Jordgubbarna har en l\u00e4tt syrlig ton som kompletterar den s\u00f6ta bananen och ger en aning djup.<\/p><p>En kraftfull, \u00e4kta fruktig arom: P\u00e5minner om en mogen, saftig jordgubbe, med en n\u00e5got kornig konsistens och arom.<\/p><h2>Bananernas egenskaper :<\/h2><p>Dominerande k\u00e4rna och bas: Efter jordgubben dyker bananen l\u00e5ngsamt upp och skapar en varm, rik och smetig munk\u00e4nsla.<\/p><p>Kr\u00e4mig smak: Det h\u00e4r \u00e4r inte en gr\u00f6n banan, utan snarare en mogen banan eller en bananmilkshake, s\u00f6t och kr\u00e4mig.<\/p><p>M\u00e5ttlig s\u00f6tma: S\u00f6t men inte f\u00f6r stark, liknande bananpannkakorna som finns i amerikanska frukostar, ger en tr\u00f6stande k\u00e4nsla av m\u00e4ttnad.<\/p><h2>Upp till 15.000 puffar<\/h2><p>Bang King 15000 Strawberry Banana \u00e4r k\u00e4nd f\u00f6r sin h\u00f6ga puffkapacitet och erbjuder upp till 15 000 puffar per elektronisk cigarett. Det \u00e4r en av de mest l\u00e5nglivade elektroniska eng\u00e5ngscigaretterna p\u00e5 marknaden, vilket dramatiskt minskar behovet av byte och ger anv\u00e4ndarna en njutbar, l\u00e5ngvarig upplevelse.<\/p><p>Den har ett h\u00f6gpresterande 550 mAh litiumbatteri med snabbladdning via USB-C, vilket g\u00f6r den milj\u00f6v\u00e4nlig. Anv\u00e4ndarna kan ladda batteriet flera g\u00e5nger via USB-C, vilket ger en l\u00e5ng drifttid innan e-v\u00e4tskan tar slut.<\/p><h2>Stor f\u00f6rfylld kapacitet p\u00e5 25 ml<\/h2><p>Varje Bang King 15000 Strawberry Banana elektronisk cigarett \u00e4r f\u00f6rfylld med 25 ml h\u00f6gkvalitativ nikotinsaltad e-juice, en kapacitet som \u00e4r o\u00f6vertr\u00e4ffad i sin kategori. Denna design f\u00f6rl\u00e4nger inte bara dess livsl\u00e4ngd utan minskar ocks\u00e5 behovet av frekventa utbyten.<\/p><h2>Flera nikotindoser - f\u00f6r att passa dina preferenser<\/h2><p>F\u00f6r att tillgodose alla anv\u00e4ndares behov erbjuder Bang King 15000 fyra nikotinsaltdoseringar:<\/p><p>0 % (nikotinfri)<\/p><p>2 % (ljus)<\/p><p>3 % (medium)<\/p><p>5 % (stark)<\/p><p>Detta flexibla urval g\u00f6r att anv\u00e4ndarna kan v\u00e4lja utifr\u00e5n sina planer p\u00e5 att sluta r\u00f6ka eller sina vanor.<\/p><h2>N\u00e4tmotst\u00e5ndsteknik - En renare spridning av aromer<\/h2><p>Bang King 15000 Strawberry Banana anv\u00e4nder en avancerad n\u00e4tmotst\u00e5ndsstruktur, som s\u00e4kerst\u00e4ller snabbare uppv\u00e4rmning och j\u00e4mnare v\u00e4rmef\u00f6rdelning. Detta maximerar spridningen av e-v\u00e4tskans smaker, vilket garanterar en mjuk, rik k\u00e4nsla och en djup, rik tr\u00e4ff med varje bloss.<\/p><p>Den h\u00e4r elektroniska cigaretten har en elegant, ergonomisk design som passar bekv\u00e4mt i handflatan, vilket garanterar tr\u00f6tthetsfri anv\u00e4ndning \u00e4ven efter l\u00e5nga perioder. Den robusta konstruktionen och den mjuka k\u00e4nslan i kombination med den minimalistiska, moderna designen g\u00f6r den l\u00e4mplig f\u00f6r m\u00e5nga olika anv\u00e4ndningsomr\u00e5den.<\/p><h2>B\u00e4rbar och h\u00e5llbar - en r\u00f6kupplevelse n\u00e4r som helst, var som helst<\/h2><p>Trots sin stora kapacitet har Bang King 15000 Strawberry Banana ett kompakt format f\u00f6r optimal b\u00e4rbarhet och kan enkelt stoppas ner i en ficka eller v\u00e4ska. Den robusta konstruktionen motst\u00e5r effektivt vardagens st\u00f6tar och slitage, vilket g\u00f6r den idealisk f\u00f6r daglig anv\u00e4ndning, n\u00e4r du reser eller \u00e4r p\u00e5 resande fot.<\/p>\t\t\t\t\t\t\t\t<\/div>\n\t\t\t\t<\/div>\n\t\t\t\t\t<\/div>\n\t\t\t\t<\/div>\n\t\t\t\t<\/div>","protected":false},"excerpt":{"rendered":"<p>La saveur Fraise Banane du Bang King 15000 est une cigarette \u00e9lectronique jetable. Son ar\u00f4me Fraise Banane est un m\u00e9lange fruit\u00e9 classique, caract\u00e9ris\u00e9 par sa douceur, son onctuosit\u00e9 et son \u00e9quilibre. La Fraise Banane est un duo fruit\u00e9 doux et onctueux, et Bang King fait preuve d&rsquo;un excellent \u00e9quilibre. La fum\u00e9e offre un ar\u00f4me fruit\u00e9 [&hellip;]<\/p>\n","protected":false},"featured_media":6248,"comment_status":"open","ping_status":"closed","template":"","meta":{"site-sidebar-layout":"no-sidebar","site-content-layout":"page-builder","ast-site-content-layout":"normal-width-container","site-content-style":"default","site-sidebar-style":"default","ast-global-header-display":"","ast-banner-title-visibility":"","ast-main-header-display":"","ast-hfb-above-header-display":"","ast-hfb-below-header-display":"","ast-hfb-mobile-header-display":"","site-post-title":"disabled","ast-breadcrumbs-content":"","ast-featured-img":"disabled","footer-sml-layout":"","ast-disable-related-posts":"","theme-transparent-header-meta":"default","adv-header-id-meta":"","stick-header-meta":"default","header-above-stick-meta":"","header-main-stick-meta":"","header-below-stick-meta":"","astra-migrate-meta-layouts":"set","ast-page-background-enabled":"default","ast-page-background-meta":{"desktop":{"background-color":"","background-image":"","background-repeat":"repeat","background-position":"center center","background-size":"auto","background-attachment":"scroll","background-type":"","background-media":"","overlay-type":"","overlay-color":"","overlay-opacity":"","overlay-gradient":""},"tablet":{"background-color":"","background-image":"","background-repeat":"repeat","background-position":"center center","background-size":"auto","background-attachment":"scroll","background-type":"","background-media":"","overlay-type":"","overlay-color":"","overlay-opacity":"","overlay-gradient":""},"mobile":{"background-color":"","background-image":"","background-repeat":"repeat","background-position":"center center","background-size":"auto","background-attachment":"scroll","background-type":"","background-media":"","overlay-type":"","overlay-color":"","overlay-opacity":"","overlay-gradient":""}},"ast-content-background-meta":{"desktop":{"background-color":"var(--ast-global-color-5)","background-image":"","background-repeat":"repeat","background-position":"center center","background-size":"auto","background-attachment":"scroll","background-type":"","background-media":"","overlay-type":"","overlay-color":"","overlay-opacity":"","overlay-gradient":""},"tablet":{"background-color":"var(--ast-global-color-5)","background-image":"","background-repeat":"repeat","background-position":"center center","background-size":"auto","background-attachment":"scroll","background-type":"","background-media":"","overlay-type":"","overlay-color":"","overlay-opacity":"","overlay-gradient":""},"mobile":{"background-color":"var(--ast-global-color-5)","background-image":"","background-repeat":"repeat","background-position":"center center","background-size":"auto","background-attachment":"scroll","background-type":"","background-media":"","overlay-type":"","overlay-color":"","overlay-opacity":"","overlay-gradient":""}}},"product_brand":[52],"product_cat":[56,80,15],"product_tag":[],"class_list":{"0":"post-6422","1":"product","2":"type-product","3":"status-publish","4":"has-post-thumbnail","6":"product_brand-bang-king","7":"product_cat-bang-king-15000-est-equipee-dune-resistance-mesh-nouvelle-generation","8":"product_cat-puff-15k","9":"product_cat-magasin-cigarette-electronique","10":"desktop-align-center","11":"tablet-align-center","12":"mobile-align-center","13":"ast-product-gallery-layout-horizontal","14":"ast-product-gallery-with-no-image","15":"ast-product-single-variable","16":"ast-product-tabs-layout-horizontal","17":"ast-qv-on-image","19":"first","20":"instock","21":"sale","22":"shipping-taxable","23":"purchasable","24":"product-type-variable","25":"has-default-attributes"},"tiered_pricing_type":"fixed","tiered_pricing_fixed_rules":{"50":6.05,"100":5.59},"tiered_pricing_product_settings":{"layout":"default","base_unit_name":{"singular":null,"plural":null},"default_variation":null},"tiered_pricing_minimum_quantity":null,"tiered_pricing_roles_data":[],"tiered_pricing_percentage_rules":[],"_links":{"self":[{"href":"https:\/\/puffvapestore.com\/sv\/wp-json\/wp\/v2\/product\/6422","targetHints":{"allow":["GET"]}}],"collection":[{"href":"https:\/\/puffvapestore.com\/sv\/wp-json\/wp\/v2\/product"}],"about":[{"href":"https:\/\/puffvapestore.com\/sv\/wp-json\/wp\/v2\/types\/product"}],"replies":[{"embeddable":true,"href":"https:\/\/puffvapestore.com\/sv\/wp-json\/wp\/v2\/comments?post=6422"}],"version-history":[{"count":7,"href":"https:\/\/puffvapestore.com\/sv\/wp-json\/wp\/v2\/product\/6422\/revisions"}],"predecessor-version":[{"id":6633,"href":"https:\/\/puffvapestore.com\/sv\/wp-json\/wp\/v2\/product\/6422\/revisions\/6633"}],"wp:featuredmedia":[{"embeddable":true,"href":"https:\/\/puffvapestore.com\/sv\/wp-json\/wp\/v2\/media\/6248"}],"wp:attachment":[{"href":"https:\/\/puffvapestore.com\/sv\/wp-json\/wp\/v2\/media?parent=6422"}],"wp:term":[{"taxonomy":"product_brand","embeddable":true,"href":"https:\/\/puffvapestore.com\/sv\/wp-json\/wp\/v2\/product_brand?post=6422"},{"taxonomy":"product_cat","embeddable":true,"href":"https:\/\/puffvapestore.com\/sv\/wp-json\/wp\/v2\/product_cat?post=6422"},{"taxonomy":"product_tag","embeddable":true,"href":"https:\/\/puffvapestore.com\/sv\/wp-json\/wp\/v2\/product_tag?post=6422"}],"curies":[{"name":"wp","href":"https:\/\/api.w.org\/{rel}","templated":true}]}}