{"id":6374,"date":"2025-08-04T01:49:54","date_gmt":"2025-08-04T01:49:54","guid":{"rendered":"https:\/\/puffvapestore.com\/?post_type=product&#038;p=6374"},"modified":"2026-01-19T10:52:39","modified_gmt":"2026-01-19T10:52:39","slug":"bang-king-15k-pomme-acidulee-framboise-est-ideal-pour-les-amateurs-de-saveurs-acidulees","status":"publish","type":"product","link":"https:\/\/puffvapestore.com\/sv\/product\/bang-king-15k-tart-apple-hallon-ar-perfekt-for-fans-av-syrliga-smaker\/","title":{"rendered":"Bang King 15000 - Apple Raspberry Mouse"},"content":{"rendered":"<div data-elementor-type=\"wp-post\" data-elementor-id=\"6374\" class=\"elementor elementor-6374\">\n\t\t\t\t<div class=\"elementor-element elementor-element-08c26f9 e-flex e-con-boxed e-con e-parent\" data-id=\"08c26f9\" data-element_type=\"container\" data-e-type=\"container\">\n\t\t\t\t\t<div class=\"e-con-inner\">\n\t\t\t\t<div class=\"elementor-element elementor-element-a005a97 elementor-widget elementor-widget-text-editor\" data-id=\"a005a97\" data-element_type=\"widget\" data-e-type=\"widget\" data-widget_type=\"text-editor.default\">\n\t\t\t\t<div class=\"elementor-widget-container\">\n\t\t\t\t\t\t\t\t\t<p>Denna Acidulated Apple Raspberry-smak \u00e4r perfekt f\u00f6r fans av syrlig, fruktig och naturlig vaping. Om du gillar Jolly Rancher gr\u00f6nt \u00e4ppelgodis eller syrliga r\u00f6da fruktdrycker, \u00e4r Bang King 15000 Acidulated Apple Raspberry n\u00e5got f\u00f6r dig.<\/p><p>Acidulated Apple: Fr\u00e5n den f\u00f6rsta doften \u00e4r den skarpa, syrliga smaken av det gr\u00f6na \u00e4pplet omedelbart uppenbar. I st\u00e4llet f\u00f6r ett s\u00f6tt r\u00f6tt \u00e4pple \u00e4r det mer som ett Granny Smith gr\u00f6nt \u00e4pple med en uppfriskande syra.<\/p><p>Hallon: Hallonsmaken stj\u00e4l inte showen, utan dr\u00f6jer sig kvar bakom det syrliga \u00e4pplet, som en s\u00f6t eftersmak efter syran. Hallonen, med sin touch av vild frukt, ger komplexitet och djup till helheten.<\/p><h2>Allm\u00e4n aromatisk profil av Sour Apple Raspberry :<\/h2><p>Toppnoter: Den f\u00f6rsta r\u00f6ken m\u00f6ts av ett rikt, rent, syrligt gr\u00f6nt \u00e4pple, som ett glas f\u00e4rskpressad gr\u00f6n \u00e4ppeljuice, som omedelbart v\u00e4cker gommen.<\/p><p>Mid-palate: Syran avtar n\u00e5got och ger plats f\u00f6r en arom av s\u00f6ta hallon, f\u00f6r en mjuk \u00f6verg\u00e5ng till en fruktig fusionsupplevelse.<\/p><p>Finish: En l\u00e4tt doft av r\u00f6d frukt och en uppfriskande k\u00e4nsla kvarst\u00e5r, utan att l\u00e4mna en oljig rest, f\u00f6r en ren och bekv\u00e4m finish.<\/p><h2>Specifikationer f\u00f6r Bang King 15000 Sour Apple Raspberry<\/h2><p>Puffar: Varje Bang King 15000 Sour Apple Raspberry elektronisk cigarett rymmer upp till 15 000 puffar.<\/p><p>Integrerat batteri: ca 550 mAh, uppladdningsbart via USB-C-port.<\/p><p>F\u00f6rfylld e-v\u00e4tska: ca 25 ml kapacitet.<\/p><p>Resistortyp: Mesh-motst\u00e5nd f\u00f6r j\u00e4mn finf\u00f6rdelning och stabil uppv\u00e4rmning.<\/p><h2>Flera nikotindoser tillg\u00e4ngliga.<\/h2><p>Bang King 15000 Sour Apple Raspberry erbjuder fyra nikotinsaltdoseringar: 0 %, 2 %, 3 % och 5 %, f\u00f6r att m\u00f6ta behoven hos alla anv\u00e4ndare. Oavsett om du vill undvika nikotin helt och h\u00e5llet eller f\u00f6redrar en mer intensiv upplevelse, hittar du den dosering som passar dig. Denna flexibilitet g\u00f6r det m\u00f6jligt f\u00f6r anv\u00e4ndare att anpassa sitt nikotinintag till sina personliga behov eller att gradvis minska det, f\u00f6r en personlig upplevelse.<\/p><h2>B\u00e4rbar och h\u00e5llbar design<\/h2><p>Denna elektroniska cigarett har en b\u00e4rbar design och en l\u00e4tt kropp, vilket g\u00f6r den l\u00e4tt att b\u00e4ra. Oavsett om det g\u00e4ller pendling eller l\u00e5nga resor glider den l\u00e4tt ner i en ficka eller ryggs\u00e4ck. Fodralet till Bang King 15000 \u00e4r tillverkat av noggrant utvalda material, vilket ger den en h\u00e5llbar struktur som t\u00e5l st\u00f6tar och slitage i vardagen och garanterar l\u00e5ngsiktig tillf\u00f6rlitlighet.<\/p><h2>Milj\u00f6v\u00e4nlig design f\u00f6r p\u00e5fyllning<\/h2><p>Bang King 15000 Sour Apple Raspberry \u00e4r utrustad med en snabbladdningsport av typ C, vilket garanterar snabb laddning och kompatibilitet med moderna elektroniska enheter. Det g\u00f6r det m\u00f6jligt f\u00f6r anv\u00e4ndare att ladda sin enhet n\u00e4r som helst och var som helst. J\u00e4mf\u00f6rt med traditionella elektroniska cigaretter f\u00f6r eng\u00e5ngsbruk minskar denna uppladdningsbara design avfallet avsev\u00e4rt och f\u00f6rl\u00e4nger enhetens livsl\u00e4ngd, vilket respekterar milj\u00f6principerna och bidrar till en h\u00e5llbar utveckling.<\/p><h2>Justerbart luftfl\u00f6de<\/h2><p>Den elektroniska cigaretten har ett justerbart luftfl\u00f6dessystem, vilket g\u00f6r att anv\u00e4ndarna fritt kan justera inandningsmotst\u00e5ndet efter sina preferenser, fr\u00e5n en fast inandning till en l\u00e4tt.<\/p><h2>Elegant, ergonomisk design<\/h2><p>Bang King 15000 Sour Apple Raspberry fokuserar p\u00e5 funktionalitet och har en modern design med rena linjer och en m\u00e4ngd olika f\u00e4rger f\u00f6r att passa alla anv\u00e4ndares estetiska preferenser. Den ergonomiska designen s\u00e4kerst\u00e4ller ett bekv\u00e4mt grepp och tr\u00f6tthetsfri anv\u00e4ndning \u00e4ven efter l\u00e5nga perioder.<\/p>\t\t\t\t\t\t\t\t<\/div>\n\t\t\t\t<\/div>\n\t\t\t\t\t<\/div>\n\t\t\t\t<\/div>\n\t\t\t\t<\/div>","protected":false},"excerpt":{"rendered":"<p>Cet ar\u00f4me Pomme Acidul\u00e9e Framboise est id\u00e9al pour les amateurs de vapotage acidul\u00e9, fruit\u00e9 et naturel. Si vous appr\u00e9ciez les bonbons \u00e0 la pomme verte Jolly Rancher ou les boissons aux fruits rouges acidul\u00e9es, le Bang King 15000 Pomme Acidul\u00e9e Framboise est fait pour vous. Pomme Acidul\u00e9e\u00a0: D\u00e8s la premi\u00e8re bouff\u00e9e, la saveur croquante et [&hellip;]<\/p>\n","protected":false},"featured_media":6247,"comment_status":"open","ping_status":"closed","template":"","meta":{"site-sidebar-layout":"no-sidebar","site-content-layout":"page-builder","ast-site-content-layout":"normal-width-container","site-content-style":"default","site-sidebar-style":"default","ast-global-header-display":"","ast-banner-title-visibility":"","ast-main-header-display":"","ast-hfb-above-header-display":"","ast-hfb-below-header-display":"","ast-hfb-mobile-header-display":"","site-post-title":"disabled","ast-breadcrumbs-content":"","ast-featured-img":"disabled","footer-sml-layout":"","ast-disable-related-posts":"","theme-transparent-header-meta":"default","adv-header-id-meta":"","stick-header-meta":"default","header-above-stick-meta":"","header-main-stick-meta":"","header-below-stick-meta":"","astra-migrate-meta-layouts":"set","ast-page-background-enabled":"default","ast-page-background-meta":{"desktop":{"background-color":"","background-image":"","background-repeat":"repeat","background-position":"center center","background-size":"auto","background-attachment":"scroll","background-type":"","background-media":"","overlay-type":"","overlay-color":"","overlay-opacity":"","overlay-gradient":""},"tablet":{"background-color":"","background-image":"","background-repeat":"repeat","background-position":"center center","background-size":"auto","background-attachment":"scroll","background-type":"","background-media":"","overlay-type":"","overlay-color":"","overlay-opacity":"","overlay-gradient":""},"mobile":{"background-color":"","background-image":"","background-repeat":"repeat","background-position":"center center","background-size":"auto","background-attachment":"scroll","background-type":"","background-media":"","overlay-type":"","overlay-color":"","overlay-opacity":"","overlay-gradient":""}},"ast-content-background-meta":{"desktop":{"background-color":"var(--ast-global-color-5)","background-image":"","background-repeat":"repeat","background-position":"center center","background-size":"auto","background-attachment":"scroll","background-type":"","background-media":"","overlay-type":"","overlay-color":"","overlay-opacity":"","overlay-gradient":""},"tablet":{"background-color":"var(--ast-global-color-5)","background-image":"","background-repeat":"repeat","background-position":"center center","background-size":"auto","background-attachment":"scroll","background-type":"","background-media":"","overlay-type":"","overlay-color":"","overlay-opacity":"","overlay-gradient":""},"mobile":{"background-color":"var(--ast-global-color-5)","background-image":"","background-repeat":"repeat","background-position":"center center","background-size":"auto","background-attachment":"scroll","background-type":"","background-media":"","overlay-type":"","overlay-color":"","overlay-opacity":"","overlay-gradient":""}}},"product_brand":[52],"product_cat":[56,80,15],"product_tag":[],"class_list":{"0":"post-6374","1":"product","2":"type-product","3":"status-publish","4":"has-post-thumbnail","6":"product_brand-bang-king","7":"product_cat-bang-king-15000-est-equipee-dune-resistance-mesh-nouvelle-generation","8":"product_cat-puff-15k","9":"product_cat-magasin-cigarette-electronique","10":"desktop-align-center","11":"tablet-align-center","12":"mobile-align-center","13":"ast-product-gallery-layout-horizontal","14":"ast-product-gallery-with-no-image","15":"ast-product-single-variable","16":"ast-product-tabs-layout-horizontal","17":"ast-qv-on-image","19":"first","20":"instock","21":"sale","22":"shipping-taxable","23":"purchasable","24":"product-type-variable","25":"has-default-attributes"},"tiered_pricing_type":"fixed","tiered_pricing_fixed_rules":{"50":6.05,"100":5.59},"tiered_pricing_product_settings":{"layout":"default","base_unit_name":{"singular":null,"plural":null},"default_variation":null},"tiered_pricing_minimum_quantity":null,"tiered_pricing_roles_data":[],"tiered_pricing_percentage_rules":[],"_links":{"self":[{"href":"https:\/\/puffvapestore.com\/sv\/wp-json\/wp\/v2\/product\/6374","targetHints":{"allow":["GET"]}}],"collection":[{"href":"https:\/\/puffvapestore.com\/sv\/wp-json\/wp\/v2\/product"}],"about":[{"href":"https:\/\/puffvapestore.com\/sv\/wp-json\/wp\/v2\/types\/product"}],"replies":[{"embeddable":true,"href":"https:\/\/puffvapestore.com\/sv\/wp-json\/wp\/v2\/comments?post=6374"}],"version-history":[{"count":6,"href":"https:\/\/puffvapestore.com\/sv\/wp-json\/wp\/v2\/product\/6374\/revisions"}],"predecessor-version":[{"id":6384,"href":"https:\/\/puffvapestore.com\/sv\/wp-json\/wp\/v2\/product\/6374\/revisions\/6384"}],"wp:featuredmedia":[{"embeddable":true,"href":"https:\/\/puffvapestore.com\/sv\/wp-json\/wp\/v2\/media\/6247"}],"wp:attachment":[{"href":"https:\/\/puffvapestore.com\/sv\/wp-json\/wp\/v2\/media?parent=6374"}],"wp:term":[{"taxonomy":"product_brand","embeddable":true,"href":"https:\/\/puffvapestore.com\/sv\/wp-json\/wp\/v2\/product_brand?post=6374"},{"taxonomy":"product_cat","embeddable":true,"href":"https:\/\/puffvapestore.com\/sv\/wp-json\/wp\/v2\/product_cat?post=6374"},{"taxonomy":"product_tag","embeddable":true,"href":"https:\/\/puffvapestore.com\/sv\/wp-json\/wp\/v2\/product_tag?post=6374"}],"curies":[{"name":"wp","href":"https:\/\/api.w.org\/{rel}","templated":true}]}}