{"id":6363,"date":"2025-08-02T12:20:56","date_gmt":"2025-08-02T12:20:56","guid":{"rendered":"https:\/\/puffvapestore.com\/?post_type=product&#038;p=6363"},"modified":"2026-01-19T10:52:39","modified_gmt":"2026-01-19T10:52:39","slug":"bang-king-15000-tropical-fruit-est-rafraichissant-et-sucre","status":"publish","type":"product","link":"https:\/\/puffvapestore.com\/sv\/product\/bang-king-15000-tropisk-frukt-ar-uppfriskande-och-sot\/","title":{"rendered":"Bang King 15000 - Tropisk frukt"},"content":{"rendered":"<div data-elementor-type=\"wp-post\" data-elementor-id=\"6363\" class=\"elementor elementor-6363\">\n\t\t\t\t<div class=\"elementor-element elementor-element-08c26f9 e-flex e-con-boxed e-con e-parent\" data-id=\"08c26f9\" data-element_type=\"container\" data-e-type=\"container\">\n\t\t\t\t\t<div class=\"e-con-inner\">\n\t\t\t\t<div class=\"elementor-element elementor-element-a005a97 elementor-widget elementor-widget-text-editor\" data-id=\"a005a97\" data-element_type=\"widget\" data-e-type=\"widget\" data-widget_type=\"text-editor.default\">\n\t\t\t\t<div class=\"elementor-widget-container\">\n\t\t\t\t\t\t\t\t\t<p>Bang King 15000 Tropical Fruits erbjuder en frisk, s\u00f6t och fruktig smakupplevelse tack vare en blandning av olika tropiska frukter. Den \u00f6vergripande smaken \u00e4r uppfriskande s\u00f6t, med en antydan till syra och en rik, balanserad smak.<\/p><p>Om du gillar fruktshakes, tropiska juicer och blandade fruktdrycker kommer smaken av Bang King 15000 - Tropical Fruit f\u00f6rmodligen att passa dina preferenser. Den \u00e4r inte lika monoton som en enda frukt, utan erbjuder snarare en komplex upplevelse som p\u00e5minner om en tropisk frukttr\u00e4dg\u00e5rd.<\/p><h2>Huvudsakliga smakegenskaper :<\/h2><h3>1. Dominerande fruktiga noter : Ananas och mango<\/h3><p>Ananas: Den f\u00f6rsta r\u00f6kiga noten \u00e4r en tydlig ananassmak med naturlig syra och s\u00f6tma, en balanserad s\u00f6tma och en l\u00e4tt energigivande k\u00e4nsla.<\/p><p>Mango: Detta f\u00f6ljs av en mjuk, s\u00f6t mangosmak, som liknar det mjuka fruktk\u00f6ttet i en mogen mango, som kontrasterar mot och kompletterar den s\u00f6tsura smaken av ananas.<\/p><h3>2. Sekund\u00e4ra aromer : Passionsfrukt, papaya och kokosn\u00f6t<\/h3><p>Passionsfrukt: I slutet av r\u00f6kningen framtr\u00e4der en l\u00e4tt passionsfruktarom med en subtil blommig ton som ger en exotisk touch till helheten.<\/p><p>Papeye: Den har en balanserande effekt, mjukar upp mangons s\u00f6tma och ger smaken en len, kr\u00e4mig bas.<\/p><p>Kokosn\u00f6t (l\u00e4tt): En antydan till kokosmj\u00f6lk i eftersmaken ger en mj\u00f6lkig eller kr\u00e4mig ton till helheten utan att \u00f6verv\u00e4ldiga den.<\/p><h2>Specifikationer f\u00f6r Bang King 15000 Tropisk frukt<\/h2><p>Puffar: Varje Bang King 15000 Tropical Fruit elektronisk cigarett kan rymma upp till 15 000 puffar.<\/p><p>Integrerat batteri: ca 550 mAh, uppladdningsbart via USB-C-port.<\/p><p>F\u00f6rfylld e-v\u00e4tska: ca 25 ml kapacitet.<\/p><p>Resistortyp: Mesh-motst\u00e5nd f\u00f6r j\u00e4mn finf\u00f6rdelning och stabil uppv\u00e4rmning.<\/p><h2>Flera nikotindoser tillg\u00e4ngliga.<\/h2><p>Bang King 15000 Tropical Fruit finns i fyra nikotinsaltstyrkor: 0 %, 2 %, 3 % och 5 %, f\u00f6r att tillgodose behoven hos alla anv\u00e4ndare. Oavsett om du vill undvika nikotin helt och h\u00e5llet eller f\u00f6redrar en mer intensiv upplevelse, hittar du den dosering som passar dig. Denna flexibilitet g\u00f6r det m\u00f6jligt f\u00f6r anv\u00e4ndare att anpassa sitt nikotinintag till sina personliga behov eller att gradvis minska det, f\u00f6r en personlig upplevelse.<\/p><h2>B\u00e4rbar och h\u00e5llbar design<\/h2><p>Denna elektroniska cigarett har en b\u00e4rbar design och en l\u00e4tt kropp, vilket g\u00f6r den l\u00e4tt att b\u00e4ra. Oavsett om det g\u00e4ller pendling eller l\u00e5nga resor glider den l\u00e4tt ner i en ficka eller ryggs\u00e4ck. Fodralet till Bang King 15000 \u00e4r tillverkat av noggrant utvalda material, vilket ger den en h\u00e5llbar struktur som t\u00e5l st\u00f6tar och slitage i vardagen och garanterar l\u00e5ngsiktig tillf\u00f6rlitlighet.<\/p><h2>Milj\u00f6v\u00e4nlig design f\u00f6r p\u00e5fyllning<\/h2><p>Bang King 15000 Tropical Fruit \u00e4r utrustad med en snabbladdningsport av typ C, vilket garanterar snabb laddning och kompatibilitet med moderna elektroniska enheter. Det g\u00f6r att anv\u00e4ndarna kan ladda sin enhet n\u00e4r som helst och var som helst. J\u00e4mf\u00f6rt med traditionella elektroniska cigaretter f\u00f6r eng\u00e5ngsbruk minskar denna uppladdningsbara design avfallet avsev\u00e4rt och f\u00f6rl\u00e4nger enhetens livsl\u00e4ngd, vilket respekterar milj\u00f6principerna och bidrar till h\u00e5llbar utveckling.<\/p><h2>Justerbart luftfl\u00f6de<\/h2><p>Den elektroniska cigaretten har ett justerbart luftfl\u00f6dessystem, vilket g\u00f6r att anv\u00e4ndarna fritt kan justera inandningsmotst\u00e5ndet efter sina preferenser, fr\u00e5n en fast inandning till en l\u00e4tt.<\/p><h2>Elegant, ergonomisk design<\/h2><p>Bang King 15000 Tropical Fruit fokuserar p\u00e5 funktionalitet och har en modern design med rena linjer och en m\u00e4ngd olika f\u00e4rger f\u00f6r att passa alla anv\u00e4ndares estetiska preferenser. Den ergonomiska designen ger ett bekv\u00e4mt grepp och en tr\u00f6tthetsfri anv\u00e4ndning \u00e4ven efter l\u00e5nga perioder.<\/p>\t\t\t\t\t\t\t\t<\/div>\n\t\t\t\t<\/div>\n\t\t\t\t\t<\/div>\n\t\t\t\t<\/div>\n\t\t\t\t<\/div>","protected":false},"excerpt":{"rendered":"<p>Bang King 15000 Fruits tropicaux offre une exp\u00e9rience gustative fra\u00eeche, sucr\u00e9e et fruit\u00e9e, gr\u00e2ce \u00e0 un m\u00e9lange de divers fruits tropicaux. La saveur globale est rafra\u00eechissante et sucr\u00e9e, avec une pointe d&rsquo;acidit\u00e9, et un go\u00fbt riche et \u00e9quilibr\u00e9. Si vous aimez les milk-shakes aux fruits, les jus tropicaux et les boissons aux fruits m\u00e9lang\u00e9s, la [&hellip;]<\/p>\n","protected":false},"featured_media":6253,"comment_status":"open","ping_status":"closed","template":"","meta":{"site-sidebar-layout":"no-sidebar","site-content-layout":"page-builder","ast-site-content-layout":"normal-width-container","site-content-style":"default","site-sidebar-style":"default","ast-global-header-display":"","ast-banner-title-visibility":"","ast-main-header-display":"","ast-hfb-above-header-display":"","ast-hfb-below-header-display":"","ast-hfb-mobile-header-display":"","site-post-title":"disabled","ast-breadcrumbs-content":"","ast-featured-img":"disabled","footer-sml-layout":"","ast-disable-related-posts":"","theme-transparent-header-meta":"default","adv-header-id-meta":"","stick-header-meta":"default","header-above-stick-meta":"","header-main-stick-meta":"","header-below-stick-meta":"","astra-migrate-meta-layouts":"set","ast-page-background-enabled":"default","ast-page-background-meta":{"desktop":{"background-color":"","background-image":"","background-repeat":"repeat","background-position":"center center","background-size":"auto","background-attachment":"scroll","background-type":"","background-media":"","overlay-type":"","overlay-color":"","overlay-opacity":"","overlay-gradient":""},"tablet":{"background-color":"","background-image":"","background-repeat":"repeat","background-position":"center center","background-size":"auto","background-attachment":"scroll","background-type":"","background-media":"","overlay-type":"","overlay-color":"","overlay-opacity":"","overlay-gradient":""},"mobile":{"background-color":"","background-image":"","background-repeat":"repeat","background-position":"center center","background-size":"auto","background-attachment":"scroll","background-type":"","background-media":"","overlay-type":"","overlay-color":"","overlay-opacity":"","overlay-gradient":""}},"ast-content-background-meta":{"desktop":{"background-color":"var(--ast-global-color-5)","background-image":"","background-repeat":"repeat","background-position":"center center","background-size":"auto","background-attachment":"scroll","background-type":"","background-media":"","overlay-type":"","overlay-color":"","overlay-opacity":"","overlay-gradient":""},"tablet":{"background-color":"var(--ast-global-color-5)","background-image":"","background-repeat":"repeat","background-position":"center center","background-size":"auto","background-attachment":"scroll","background-type":"","background-media":"","overlay-type":"","overlay-color":"","overlay-opacity":"","overlay-gradient":""},"mobile":{"background-color":"var(--ast-global-color-5)","background-image":"","background-repeat":"repeat","background-position":"center center","background-size":"auto","background-attachment":"scroll","background-type":"","background-media":"","overlay-type":"","overlay-color":"","overlay-opacity":"","overlay-gradient":""}}},"product_brand":[52],"product_cat":[56,80,15],"product_tag":[],"class_list":{"0":"post-6363","1":"product","2":"type-product","3":"status-publish","4":"has-post-thumbnail","6":"product_brand-bang-king","7":"product_cat-bang-king-15000-est-equipee-dune-resistance-mesh-nouvelle-generation","8":"product_cat-puff-15k","9":"product_cat-magasin-cigarette-electronique","10":"desktop-align-center","11":"tablet-align-center","12":"mobile-align-center","13":"ast-product-gallery-layout-horizontal","14":"ast-product-gallery-with-no-image","15":"ast-product-single-variable","16":"ast-product-tabs-layout-horizontal","17":"ast-qv-on-image","19":"first","20":"instock","21":"sale","22":"shipping-taxable","23":"purchasable","24":"product-type-variable","25":"has-default-attributes"},"tiered_pricing_type":"fixed","tiered_pricing_fixed_rules":{"50":6.05,"100":5.59},"tiered_pricing_product_settings":{"layout":"default","base_unit_name":{"singular":null,"plural":null},"default_variation":null},"tiered_pricing_minimum_quantity":null,"tiered_pricing_roles_data":[],"tiered_pricing_percentage_rules":[],"_links":{"self":[{"href":"https:\/\/puffvapestore.com\/sv\/wp-json\/wp\/v2\/product\/6363","targetHints":{"allow":["GET"]}}],"collection":[{"href":"https:\/\/puffvapestore.com\/sv\/wp-json\/wp\/v2\/product"}],"about":[{"href":"https:\/\/puffvapestore.com\/sv\/wp-json\/wp\/v2\/types\/product"}],"replies":[{"embeddable":true,"href":"https:\/\/puffvapestore.com\/sv\/wp-json\/wp\/v2\/comments?post=6363"}],"version-history":[{"count":6,"href":"https:\/\/puffvapestore.com\/sv\/wp-json\/wp\/v2\/product\/6363\/revisions"}],"predecessor-version":[{"id":6373,"href":"https:\/\/puffvapestore.com\/sv\/wp-json\/wp\/v2\/product\/6363\/revisions\/6373"}],"wp:featuredmedia":[{"embeddable":true,"href":"https:\/\/puffvapestore.com\/sv\/wp-json\/wp\/v2\/media\/6253"}],"wp:attachment":[{"href":"https:\/\/puffvapestore.com\/sv\/wp-json\/wp\/v2\/media?parent=6363"}],"wp:term":[{"taxonomy":"product_brand","embeddable":true,"href":"https:\/\/puffvapestore.com\/sv\/wp-json\/wp\/v2\/product_brand?post=6363"},{"taxonomy":"product_cat","embeddable":true,"href":"https:\/\/puffvapestore.com\/sv\/wp-json\/wp\/v2\/product_cat?post=6363"},{"taxonomy":"product_tag","embeddable":true,"href":"https:\/\/puffvapestore.com\/sv\/wp-json\/wp\/v2\/product_tag?post=6363"}],"curies":[{"name":"wp","href":"https:\/\/api.w.org\/{rel}","templated":true}]}}