{"id":6272,"date":"2025-08-02T08:02:02","date_gmt":"2025-08-02T08:02:02","guid":{"rendered":"https:\/\/puffvapestore.com\/?post_type=product&#038;p=6272"},"modified":"2026-01-19T10:52:38","modified_gmt":"2026-01-19T10:52:38","slug":"bang-king-15000-offre-15k-bouffees-25ml-de-liquide","status":"publish","type":"product","link":"https:\/\/puffvapestore.com\/sv\/product\/bang-king-15000-erbjudanden-15k-puffar-25ml-vatska\/","title":{"rendered":"Bang King 15000: Erbjuder 15 000 puffar, 25 ml e-juice och ett n\u00e4tmotst\u00e5nd"},"content":{"rendered":"<div data-elementor-type=\"wp-post\" data-elementor-id=\"6272\" class=\"elementor elementor-6272\">\n\t\t\t\t<div class=\"elementor-element elementor-element-08c26f9 e-flex e-con-boxed e-con e-parent\" data-id=\"08c26f9\" data-element_type=\"container\" data-e-type=\"container\">\n\t\t\t\t\t<div class=\"e-con-inner\">\n\t\t\t\t<div class=\"elementor-element elementor-element-a005a97 elementor-widget elementor-widget-text-editor\" data-id=\"a005a97\" data-element_type=\"widget\" data-e-type=\"widget\" data-widget_type=\"text-editor.default\">\n\t\t\t\t<div class=\"elementor-widget-container\">\n\t\t\t\t\t\t\t\t\t<h2>Specifikationer f\u00f6r Bang King 15000<\/h2><p>Puffar: Varje Bang King 15000 elektronisk cigarett kan rymma upp till 15 000 puffar.<\/p><p>Integrerat batteri: ca 550 mAh, uppladdningsbart via USB-C-port.<\/p><p>F\u00f6rfylld e-v\u00e4tska: ca 25 ml kapacitet.<\/p><p>Resistortyp: Mesh-motst\u00e5nd f\u00f6r j\u00e4mn finf\u00f6rdelning och stabil uppv\u00e4rmning.<\/p><h2>Flera nikotindoser tillg\u00e4ngliga.<\/h2><p>Bang King 15000 erbjuder fyra nikotinsaltdoseringar: 0 %, 2 %, 3 % och 5 %, f\u00f6r att tillgodose behoven hos alla anv\u00e4ndare. Oavsett om du vill undvika nikotin helt och h\u00e5llet eller f\u00f6redrar en mer intensiv upplevelse, hittar du den dosering som passar dig. Denna flexibilitet g\u00f6r det m\u00f6jligt f\u00f6r anv\u00e4ndarna att anpassa sitt nikotinintag till sina personliga behov, eller att minska det gradvis, f\u00f6r en personligt anpassad upplevelse.<\/p><h2>B\u00e4rbar och h\u00e5llbar design<\/h2><p>Denna elektroniska cigarett har en b\u00e4rbar design och en l\u00e4tt kropp, vilket g\u00f6r den l\u00e4tt att b\u00e4ra. Oavsett om det g\u00e4ller pendling eller l\u00e5nga resor glider den l\u00e4tt ner i en ficka eller ryggs\u00e4ck. Fodralet till Bang King 15000 \u00e4r tillverkat av noggrant utvalda material, vilket ger den en h\u00e5llbar struktur som t\u00e5l st\u00f6tar och slitage i vardagen och garanterar l\u00e5ngsiktig tillf\u00f6rlitlighet.<\/p><h2>Milj\u00f6v\u00e4nlig design f\u00f6r p\u00e5fyllning<\/h2><p>Bang King 15000 \u00e4r utrustad med en snabbladdningsport av typ C, vilket garanterar snabb laddning och kompatibilitet med moderna elektroniska enheter. Det g\u00f6r att anv\u00e4ndarna kan ladda sin enhet n\u00e4r som helst och var som helst. J\u00e4mf\u00f6rt med traditionella elektroniska eng\u00e5ngscigaretter minskar denna uppladdningsbara design avsev\u00e4rt avfallet och f\u00f6rl\u00e4nger enhetens livsl\u00e4ngd, vilket respekterar milj\u00f6principerna och bidrar till en h\u00e5llbar utveckling.<\/p><h2>Justerbart luftfl\u00f6de<\/h2><p>Den elektroniska cigaretten har ett justerbart luftfl\u00f6dessystem, vilket g\u00f6r att anv\u00e4ndarna fritt kan justera inandningsmotst\u00e5ndet efter sina preferenser, fr\u00e5n en fast inandning till en l\u00e4tt.<\/p><h2>Elegant, ergonomisk design<\/h2><p>Bang King 15000 l\u00e4gger tonvikten p\u00e5 funktionalitet och har en modern design med rena linjer och en m\u00e4ngd olika f\u00e4rger f\u00f6r att passa alla anv\u00e4ndares estetiska preferenser. Den ergonomiska designen ger ett bekv\u00e4mt grepp och en tr\u00f6tthetsfri anv\u00e4ndning \u00e4ven efter l\u00e5nga arbetspass.<\/p><h2>Bang King 15000 erbjuder 20 olika smaker<\/h2><p>Bang King 15000 erbjuder 20 olika smaker, inklusive frukt, f\u00e4rskt och dessert, f\u00f6r att tillgodose alla anv\u00e4ndares behov. Bland fruktsmakerna finns \u00abAloe Grape\u00bb (s\u00f6t och uppfriskande), \u00abPeach Mango\u00bb (tropisk och fruktig), \u00abDouble Apple\u00bb (krispig och saftig), \u00abKiwi Passion Fruit Guava\u00bb (tropisk trio), \u00abTropical Fruit\u00bb (en blandning av tropiska frukter), \u00abStrawberry Banana\u00bb (len som en milkshake), \u00abStrawberry Kiwi\u00bb (en kiwi-jordgubbe med en balanserad s\u00f6tsyrlig smak) och \u00abStrawberry Watermelon\u00bb (uppfriskande och saftig). Dessa smaker erbjuder fruktens naturliga s\u00f6tma och friskhet, perfekt f\u00f6r \u00e4lskare av fruktiga aromer.<\/p><p>De uppfriskande smakerna \u00e4r framtagna f\u00f6r dem som vill ha en uppfriskande upplevelse och omfattar \u00abBlue Razz Ice\u00bb (en syrlig och s\u00f6t bl\u00e5b\u00e4rsglass), \u00abLush Ice\u00bb (en s\u00f6t och uppfriskande vattenmelonglass), \u00abPeach Ice\u00bb (en fruktig och isig persikoglass), \u00abTriple Berry Ice\u00bb (en uppfriskande r\u00f6db\u00e4rsglass) och \u00abBlack Dragon Ice\u00bb (en unik, fruktig och uppfriskande svart pitayaglass). Dessa smaker ger en uppfriskande mintk\u00e4nsla, perfekt vid varmt v\u00e4der eller f\u00f6r dem som vill ha en svalkande k\u00e4nsla. Dessutom erbjuder \u00abCool Mint\u00bb ren mintfr\u00e4schhet f\u00f6r dem som s\u00f6ker den ultimata fr\u00e4sch\u00f6ren.<\/p><p>Till det roliga bidrar unika desserter och smaker som \u00abCotton Candy\u00bb (s\u00f6t och l\u00e4tt), \u00abWatermelon Bubblegum\u00bb (en blandning av fruktiga smaker och nostalgiska s\u00f6tsaker), \u00abStrawberry Yogurt\u00bb (en balans mellan mj\u00f6lkiga och fruktiga smaker), \u00abCherry Pop\u00bb (en s\u00f6t l\u00e4sk i godisstil) och \u00abPink Lemonade\u00bb (en uppfriskande, syrlig drink).<\/p>\t\t\t\t\t\t\t\t<\/div>\n\t\t\t\t<\/div>\n\t\t\t\t\t<\/div>\n\t\t\t\t<\/div>\n\t\t\t\t<\/div>","protected":false},"excerpt":{"rendered":"<p>Sp\u00e9cifications de la Bang King 15000 Bouff\u00e9es\u00a0: Chaque cigarette \u00e9lectronique Bang King 15000 peut contenir jusqu\u2019\u00e0 15000 bouff\u00e9es. Batterie int\u00e9gr\u00e9e\u00a0: Environ 550\u00a0mAh, rechargeable via le port USB-C. E-liquide pr\u00e9rempli\u00a0: Capacit\u00e9 d\u2019environ 25\u00a0ml. Type de r\u00e9sistance : R\u00e9sistance en mesh pour une atomisation uniforme et une chauffe stable. Plusieurs dosages de nicotine disponibles. La Bang King [&hellip;]<\/p>\n","protected":false},"featured_media":6256,"comment_status":"open","ping_status":"closed","template":"","meta":{"site-sidebar-layout":"no-sidebar","site-content-layout":"page-builder","ast-site-content-layout":"normal-width-container","site-content-style":"default","site-sidebar-style":"default","ast-global-header-display":"","ast-banner-title-visibility":"","ast-main-header-display":"","ast-hfb-above-header-display":"","ast-hfb-below-header-display":"","ast-hfb-mobile-header-display":"","site-post-title":"disabled","ast-breadcrumbs-content":"","ast-featured-img":"disabled","footer-sml-layout":"","ast-disable-related-posts":"","theme-transparent-header-meta":"default","adv-header-id-meta":"","stick-header-meta":"default","header-above-stick-meta":"","header-main-stick-meta":"","header-below-stick-meta":"","astra-migrate-meta-layouts":"set","ast-page-background-enabled":"default","ast-page-background-meta":{"desktop":{"background-color":"","background-image":"","background-repeat":"repeat","background-position":"center center","background-size":"auto","background-attachment":"scroll","background-type":"","background-media":"","overlay-type":"","overlay-color":"","overlay-opacity":"","overlay-gradient":""},"tablet":{"background-color":"","background-image":"","background-repeat":"repeat","background-position":"center center","background-size":"auto","background-attachment":"scroll","background-type":"","background-media":"","overlay-type":"","overlay-color":"","overlay-opacity":"","overlay-gradient":""},"mobile":{"background-color":"","background-image":"","background-repeat":"repeat","background-position":"center center","background-size":"auto","background-attachment":"scroll","background-type":"","background-media":"","overlay-type":"","overlay-color":"","overlay-opacity":"","overlay-gradient":""}},"ast-content-background-meta":{"desktop":{"background-color":"var(--ast-global-color-5)","background-image":"","background-repeat":"repeat","background-position":"center center","background-size":"auto","background-attachment":"scroll","background-type":"","background-media":"","overlay-type":"","overlay-color":"","overlay-opacity":"","overlay-gradient":""},"tablet":{"background-color":"var(--ast-global-color-5)","background-image":"","background-repeat":"repeat","background-position":"center center","background-size":"auto","background-attachment":"scroll","background-type":"","background-media":"","overlay-type":"","overlay-color":"","overlay-opacity":"","overlay-gradient":""},"mobile":{"background-color":"var(--ast-global-color-5)","background-image":"","background-repeat":"repeat","background-position":"center center","background-size":"auto","background-attachment":"scroll","background-type":"","background-media":"","overlay-type":"","overlay-color":"","overlay-opacity":"","overlay-gradient":""}}},"product_brand":[52],"product_cat":[56,80,15],"product_tag":[],"class_list":{"0":"post-6272","1":"product","2":"type-product","3":"status-publish","4":"has-post-thumbnail","6":"product_brand-bang-king","7":"product_cat-bang-king-15000-est-equipee-dune-resistance-mesh-nouvelle-generation","8":"product_cat-puff-15k","9":"product_cat-magasin-cigarette-electronique","10":"desktop-align-center","11":"tablet-align-center","12":"mobile-align-center","13":"ast-product-gallery-layout-horizontal","14":"ast-product-single-variable","15":"ast-product-tabs-layout-horizontal","16":"ast-qv-on-image","18":"first","19":"instock","20":"sale","21":"shipping-taxable","22":"purchasable","23":"product-type-variable","24":"has-default-attributes"},"tiered_pricing_type":"fixed","tiered_pricing_fixed_rules":{"50":6.05,"100":5.59},"tiered_pricing_product_settings":{"layout":"default","base_unit_name":{"singular":null,"plural":null},"default_variation":null},"tiered_pricing_minimum_quantity":null,"tiered_pricing_roles_data":[],"tiered_pricing_percentage_rules":[],"_links":{"self":[{"href":"https:\/\/puffvapestore.com\/sv\/wp-json\/wp\/v2\/product\/6272","targetHints":{"allow":["GET"]}}],"collection":[{"href":"https:\/\/puffvapestore.com\/sv\/wp-json\/wp\/v2\/product"}],"about":[{"href":"https:\/\/puffvapestore.com\/sv\/wp-json\/wp\/v2\/types\/product"}],"replies":[{"embeddable":true,"href":"https:\/\/puffvapestore.com\/sv\/wp-json\/wp\/v2\/comments?post=6272"}],"version-history":[{"count":6,"href":"https:\/\/puffvapestore.com\/sv\/wp-json\/wp\/v2\/product\/6272\/revisions"}],"predecessor-version":[{"id":6362,"href":"https:\/\/puffvapestore.com\/sv\/wp-json\/wp\/v2\/product\/6272\/revisions\/6362"}],"wp:featuredmedia":[{"embeddable":true,"href":"https:\/\/puffvapestore.com\/sv\/wp-json\/wp\/v2\/media\/6256"}],"wp:attachment":[{"href":"https:\/\/puffvapestore.com\/sv\/wp-json\/wp\/v2\/media?parent=6272"}],"wp:term":[{"taxonomy":"product_brand","embeddable":true,"href":"https:\/\/puffvapestore.com\/sv\/wp-json\/wp\/v2\/product_brand?post=6272"},{"taxonomy":"product_cat","embeddable":true,"href":"https:\/\/puffvapestore.com\/sv\/wp-json\/wp\/v2\/product_cat?post=6272"},{"taxonomy":"product_tag","embeddable":true,"href":"https:\/\/puffvapestore.com\/sv\/wp-json\/wp\/v2\/product_tag?post=6272"}],"curies":[{"name":"wp","href":"https:\/\/api.w.org\/{rel}","templated":true}]}}