{"id":6184,"date":"2025-08-02T03:42:18","date_gmt":"2025-08-02T03:42:18","guid":{"rendered":"https:\/\/puffvapestore.com\/?post_type=product&#038;p=6184"},"modified":"2026-01-19T10:36:11","modified_gmt":"2026-01-19T10:36:11","slug":"red-bull-watermelon-bubble-candy-bang-king-30k-un-gout-sucre-et-rafraichissant","status":"publish","type":"product","link":"https:\/\/puffvapestore.com\/sv\/product\/red-bull-vattenmelon-bubbelgodis-bang-king-30k-en-sot-och-uppfriskande-smak\/","title":{"rendered":"Red Bull &amp; Watermelon bubbelgodis - Bang King 30000 dubbel smak"},"content":{"rendered":"<div data-elementor-type=\"wp-post\" data-elementor-id=\"6184\" class=\"elementor elementor-6184\">\n\t\t\t\t<div class=\"elementor-element elementor-element-08c26f9 e-flex e-con-boxed e-con e-parent\" data-id=\"08c26f9\" data-element_type=\"container\" data-e-type=\"container\">\n\t\t\t\t\t<div class=\"e-con-inner\">\n\t\t\t\t<div class=\"elementor-element elementor-element-a005a97 elementor-widget elementor-widget-text-editor\" data-id=\"a005a97\" data-element_type=\"widget\" data-e-type=\"widget\" data-widget_type=\"text-editor.default\">\n\t\t\t\t<div class=\"elementor-widget-container\">\n\t\t\t\t\t\t\t\t\t<p>Kombinationen \u00abWatermelon and Red Bull Bubbles\u00bb i BangKing30K elektroniska cigaretter l\u00e5ter dig uppt\u00e4cka tv\u00e5 helt olika smaker: en uppfriskande energidryck och en fruktig, s\u00f6t och rolig tuggummismak.<\/p><h2>Smak 1: Red Bull (smak av energidryck)<\/h2><p>Den f\u00f6rsta k\u00e4nslan \u00e4r den l\u00e4tt s\u00f6tsyrliga kolsyresmak som \u00e4r typisk f\u00f6r klassiska energidrycker. \u00c4ven om det inte finns n\u00e5gra riktiga bubblor, simulerar r\u00f6kens \u00abgurglande\u00bb k\u00e4nslan av en isad Red Bull.<\/p><p><strong>F\u00f6rh\u00e5llandet mellan s\u00f6tt och syrligt<\/strong><br \/>S\u00f6tman \u00e4r tydlig, men inte \u00f6verdriven, och \u00e5tf\u00f6ljs av en uppfriskande syra, som om tillsatsen av citron f\u00f6rst\u00e4rkte smaken och gjorde den totala smaken l\u00e4ttare och mer energisk.<\/p><p><strong>Subtil eftersmak<\/strong><br \/>Den l\u00e4tta karamell- eller maltaromen f\u00f6rt\u00e4tar den r\u00f6kiga konsistensen och f\u00f6rsvinner l\u00e5ngsamt och l\u00e4mnar en k\u00e4nsla av friskhet som l\u00e4mnar ett best\u00e5ende intryck.<\/p><h2>Smak 2: Godis med vattenmelon<\/h2><p><strong>En s\u00f6t r\u00f6k kommer in i munnen<\/strong><br \/>Redan fr\u00e5n f\u00f6rsta doften k\u00e4nner man den friska, saftiga aromen av vattenmelon - lite som skivor av vattenmelon direkt fr\u00e5n kylsk\u00e5pet, s\u00f6t, vattnig och klar.<\/p><p><strong>Den s\u00f6ta k\u00e4nslan av att tugga tuggummi<\/strong><br \/>Sedan omsluts s\u00f6tman av en nostalgisk tuggummiarom - mer uttalad, utan att vara fet, med en l\u00e4tt rundhet av syntetiskt godis, som de tuggummin jag brukade sluka som barn.<\/p><p><strong>Smakniv\u00e5<\/strong><br \/>Den naturliga fruktiga aromen av vattenmelon och den artificiella s\u00f6tman av bubbelgum blandas harmoniskt. Kontrasten \u00e4r subtil men tydlig, s\u00e5 att s\u00f6tman i gommen snabbt \u00e4ndras fr\u00e5n \u00abnaturlig\u00bb till \u2019barnslig\u00ab, vilket ger en behaglig smakupplevelse.<\/p><p><strong>Uppfriskande eftersmak<\/strong><br \/>Eftersmaken \u00e4r fortfarande lite frisk, som en blandning av vattenmelonglass och bubbelgum, med en touch av friskhet.<\/p><h2>Scenarier f\u00f6r anv\u00e4ndning av smaker<\/h2><p>Morgon eller tr\u00f6tthet: v\u00e4lj Red Bull-smak f\u00f6r att omedelbart v\u00e4cka dina sinnen och din sj\u00e4l.<\/p><p>N\u00e4r du \u00e4r ledig, avslappnad eller k\u00e4nner dig nostalgisk: v\u00e4lj smaken Watermelon Bubble Candy f\u00f6r att njuta av s\u00f6t frukt och bubbelgum.<\/p><h2>Dubbel smak, dubbel upplevelse<\/h2><p>Bang King 30000 Red Bull &amp; Watermelon Bubble Candy har ett innovativt system med dubbla smaker, s\u00e5 att du kan byta fr\u00e5n en smak till en annan n\u00e4r som helst.<\/p><p>E-v\u00e4tsketanken p\u00e5 36 ml, som \u00e4r mycket st\u00f6rre \u00e4n konventionella produkter, s\u00e4kerst\u00e4ller en fullst\u00e4ndig och j\u00e4mn inandning, vilket minskar behovet av frekventa byten och garanterar l\u00e5ngvarig anv\u00e4ndning.<\/p><h2>M\u00e5nga puffar: upp till 30.000 puffar<\/h2><p>Bang King 30000 Red Bull &amp; Watermelon Bubble Candy ger upp till 30 000 bloss, vilket \u00e4r l\u00e4ngre \u00e4n traditionella elektroniska eng\u00e5ngscigaretter. Det \u00e4r det perfekta valet f\u00f6r intensiva anv\u00e4ndare som inte beh\u00f6ver byta ut sin utrustning ofta.<\/p><p>Inbyggt 550 mAh uppladdningsbart litiumbatteri med USB-C snabbladdningsgr\u00e4nssnitt f\u00f6r effektivare, s\u00e4krare och stabilare laddning och l\u00e4ngre anv\u00e4ndning. Tack vare energihanteringssystemet f\u00f6rb\u00e4ttras batteritiden och laddningseffektiviteten.<\/p><h2>Uppv\u00e4rmd n\u00e4tstruktur, rik smak<\/h2><p>Bang King 30000 Red Bull &amp; Watermelon Bubble Candy anv\u00e4nder en avancerad 1,0 \u03a9 Mesh Coil (Mesh Coil) atomiseringsspole, som dramatiskt f\u00f6rb\u00e4ttrar atomiseringseffektiviteten, g\u00f6r r\u00f6ken mer delikat och smaken renare, samtidigt som den rymmer den stora r\u00f6kvolymen och den delikata smaken, f\u00f6r n\u00e4stan verklig cigaretttillfredsst\u00e4llelse.<\/p><p>Fyra niv\u00e5er av nikotinkoncentration (0 %, 2 %, 3 % och 5 %) finns tillg\u00e4ngliga f\u00f6r att m\u00f6ta de olika behoven hos anv\u00e4ndare som g\u00f6r \u00f6verg\u00e5ngen till att sluta r\u00f6ka och storr\u00f6kare, och g\u00f6r det m\u00f6jligt f\u00f6r dem att fritt v\u00e4lja den intensitet som passar dem.<\/p><p>Bang King 30000 har rena linjer, en bekv\u00e4m k\u00e4nsla och optimal l\u00e4tthet och b\u00e4rbarhet, perfekt f\u00f6r vardagsbruk eller resor.<\/p>\t\t\t\t\t\t\t\t<\/div>\n\t\t\t\t<\/div>\n\t\t\t\t\t<\/div>\n\t\t\t\t<\/div>\n\t\t\t\t<\/div>","protected":false},"excerpt":{"rendered":"<p>La combinaison \u00ab\u00a0Bonbons Bubbles Past\u00e8que et Red Bull\u00a0\u00bb des cigarettes \u00e9lectroniques BangKing30K vous permet de d\u00e9couvrir deux saveurs compl\u00e8tement diff\u00e9rentes\u00a0: une boisson \u00e9nergisante rafra\u00eechissante et une saveur fruit\u00e9e et sucr\u00e9e et amusante de chewing-gum. Saveur 1\u00a0: Red Bull (saveur boisson \u00e9nergisante) La premi\u00e8re sensation ressentie est le l\u00e9ger go\u00fbt aigre-doux et acide carbonique propre aux [&hellip;]<\/p>\n","protected":false},"featured_media":5977,"comment_status":"open","ping_status":"closed","template":"","meta":{"site-sidebar-layout":"no-sidebar","site-content-layout":"page-builder","ast-site-content-layout":"normal-width-container","site-content-style":"default","site-sidebar-style":"default","ast-global-header-display":"","ast-banner-title-visibility":"","ast-main-header-display":"","ast-hfb-above-header-display":"","ast-hfb-below-header-display":"","ast-hfb-mobile-header-display":"","site-post-title":"disabled","ast-breadcrumbs-content":"","ast-featured-img":"disabled","footer-sml-layout":"","ast-disable-related-posts":"","theme-transparent-header-meta":"default","adv-header-id-meta":"","stick-header-meta":"default","header-above-stick-meta":"","header-main-stick-meta":"","header-below-stick-meta":"","astra-migrate-meta-layouts":"set","ast-page-background-enabled":"default","ast-page-background-meta":{"desktop":{"background-color":"","background-image":"","background-repeat":"repeat","background-position":"center center","background-size":"auto","background-attachment":"scroll","background-type":"","background-media":"","overlay-type":"","overlay-color":"","overlay-opacity":"","overlay-gradient":""},"tablet":{"background-color":"","background-image":"","background-repeat":"repeat","background-position":"center center","background-size":"auto","background-attachment":"scroll","background-type":"","background-media":"","overlay-type":"","overlay-color":"","overlay-opacity":"","overlay-gradient":""},"mobile":{"background-color":"","background-image":"","background-repeat":"repeat","background-position":"center center","background-size":"auto","background-attachment":"scroll","background-type":"","background-media":"","overlay-type":"","overlay-color":"","overlay-opacity":"","overlay-gradient":""}},"ast-content-background-meta":{"desktop":{"background-color":"var(--ast-global-color-5)","background-image":"","background-repeat":"repeat","background-position":"center center","background-size":"auto","background-attachment":"scroll","background-type":"","background-media":"","overlay-type":"","overlay-color":"","overlay-opacity":"","overlay-gradient":""},"tablet":{"background-color":"var(--ast-global-color-5)","background-image":"","background-repeat":"repeat","background-position":"center center","background-size":"auto","background-attachment":"scroll","background-type":"","background-media":"","overlay-type":"","overlay-color":"","overlay-opacity":"","overlay-gradient":""},"mobile":{"background-color":"var(--ast-global-color-5)","background-image":"","background-repeat":"repeat","background-position":"center center","background-size":"auto","background-attachment":"scroll","background-type":"","background-media":"","overlay-type":"","overlay-color":"","overlay-opacity":"","overlay-gradient":""}}},"product_brand":[52],"product_cat":[55,86,15],"product_tag":[],"class_list":{"0":"post-6184","1":"product","2":"type-product","3":"status-publish","4":"has-post-thumbnail","6":"product_brand-bang-king","7":"product_cat-bang-king-30000-double-saveur-offre-jusqua-36ml-de-liquide","8":"product_cat-puff-30k","9":"product_cat-magasin-cigarette-electronique","10":"desktop-align-center","11":"tablet-align-center","12":"mobile-align-center","13":"ast-product-gallery-layout-horizontal","14":"ast-product-gallery-with-no-image","15":"ast-product-single-variable","16":"ast-product-tabs-layout-horizontal","17":"ast-qv-on-image","19":"first","20":"instock","21":"sale","22":"shipping-taxable","23":"purchasable","24":"product-type-variable","25":"has-default-attributes"},"tiered_pricing_type":"fixed","tiered_pricing_fixed_rules":{"50":7.33,"100":6.66},"tiered_pricing_product_settings":{"layout":"default","base_unit_name":{"singular":null,"plural":null},"default_variation":null},"tiered_pricing_minimum_quantity":null,"tiered_pricing_roles_data":[],"tiered_pricing_percentage_rules":[],"_links":{"self":[{"href":"https:\/\/puffvapestore.com\/sv\/wp-json\/wp\/v2\/product\/6184","targetHints":{"allow":["GET"]}}],"collection":[{"href":"https:\/\/puffvapestore.com\/sv\/wp-json\/wp\/v2\/product"}],"about":[{"href":"https:\/\/puffvapestore.com\/sv\/wp-json\/wp\/v2\/types\/product"}],"replies":[{"embeddable":true,"href":"https:\/\/puffvapestore.com\/sv\/wp-json\/wp\/v2\/comments?post=6184"}],"version-history":[{"count":8,"href":"https:\/\/puffvapestore.com\/sv\/wp-json\/wp\/v2\/product\/6184\/revisions"}],"predecessor-version":[{"id":6630,"href":"https:\/\/puffvapestore.com\/sv\/wp-json\/wp\/v2\/product\/6184\/revisions\/6630"}],"wp:featuredmedia":[{"embeddable":true,"href":"https:\/\/puffvapestore.com\/sv\/wp-json\/wp\/v2\/media\/5977"}],"wp:attachment":[{"href":"https:\/\/puffvapestore.com\/sv\/wp-json\/wp\/v2\/media?parent=6184"}],"wp:term":[{"taxonomy":"product_brand","embeddable":true,"href":"https:\/\/puffvapestore.com\/sv\/wp-json\/wp\/v2\/product_brand?post=6184"},{"taxonomy":"product_cat","embeddable":true,"href":"https:\/\/puffvapestore.com\/sv\/wp-json\/wp\/v2\/product_cat?post=6184"},{"taxonomy":"product_tag","embeddable":true,"href":"https:\/\/puffvapestore.com\/sv\/wp-json\/wp\/v2\/product_tag?post=6184"}],"curies":[{"name":"wp","href":"https:\/\/api.w.org\/{rel}","templated":true}]}}