{"id":6173,"date":"2025-08-01T12:31:43","date_gmt":"2025-08-01T12:31:43","guid":{"rendered":"https:\/\/puffvapestore.com\/?post_type=product&#038;p=6173"},"modified":"2026-01-19T10:36:11","modified_gmt":"2026-01-19T10:36:11","slug":"strawberry-kiwi-sour-apple-raspberry-bang-king-30k-allie-un-arome-fruite-doux","status":"publish","type":"product","link":"https:\/\/puffvapestore.com\/sv\/product\/jordgubbe-kiwi-surt-apple-hallon-bang-king-30k-kombinerar-en-sot-fruktig-doft-med-en-fruktig-smak\/","title":{"rendered":"Jordgubb Kiwi &amp; Surt \u00e4pple Hallon - Bang King 30000 Dubbel smak"},"content":{"rendered":"<div data-elementor-type=\"wp-post\" data-elementor-id=\"6173\" class=\"elementor elementor-6173\">\n\t\t\t\t<div class=\"elementor-element elementor-element-08c26f9 e-flex e-con-boxed e-con e-parent\" data-id=\"08c26f9\" data-element_type=\"container\" data-e-type=\"container\">\n\t\t\t\t\t<div class=\"e-con-inner\">\n\t\t\t\t<div class=\"elementor-element elementor-element-a005a97 elementor-widget elementor-widget-text-editor\" data-id=\"a005a97\" data-element_type=\"widget\" data-e-type=\"widget\" data-widget_type=\"text-editor.default\">\n\t\t\t\t<div class=\"elementor-widget-container\">\n\t\t\t\t\t\t\t\t\t<p>Smakkombinationen \u00abStrawberry Kiwi &amp; Acidulated Apple Raspberry\u00bb i den elektroniska cigaretten BangKing30K skapar en unik, subtil, bitters\u00f6t upplevelse, s\u00e5 att du kan variera njutningarna n\u00e4r som helst: s\u00f6t fruktig arom och stimulerande syra.<\/p><h2>Smak 1: Jordgubb Kiwi<\/h2><p><strong>F\u00f6rsta inandning<\/strong><br \/>Jordgubbarnas s\u00f6tma och saftighet \u00e4r n\u00e4rvarande, som en nyplockad mogen jordgubbe, vilket ger dig en omedelbar varm, s\u00f6t och fruktig smak.<\/p><p><strong>S\u00f6t och syrlig balans p\u00e5 mitten av gommen<\/strong><br \/>D\u00e4refter f\u00f6ljer kiwins l\u00e4tta syra och fruktiga arom, som ger en touch av frisk syra till helheten och neutraliserar jordgubbarnas s\u00f6tma, vilket g\u00f6r den extra komplex.<\/p><p><strong>Uppfriskande eftersmak i avslutningen<\/strong><br \/>Eftersmaken ger en l\u00e4tt k\u00e4nsla av friskhet och l\u00e4mnar en uppfriskande finish p\u00e5 gommen, varken f\u00f6r stark eller dominerande, mycket balanserad och naturlig.<\/p><h3>Sammanfattning av smakegenskaper<\/h3><p>M\u00e5ttlig s\u00f6tma, rik fruktig arom<\/p><p>Mild, icke-irriterande syrlighet<\/p><h2>Smak 2: \u00c4pple och hallon<\/h2><p><strong>En syrlig attack<\/strong><br \/>Den skarpa syran fr\u00e5n krispiga syrliga \u00e4pplen \u00e4r det f\u00f6rsta du l\u00e4gger m\u00e4rke till, och det s\u00f6ta fruktk\u00f6ttet ger intrycket av att bita i ett kallt gr\u00f6nt \u00e4pple, vilket omedelbart stimulerar smakl\u00f6karna.<\/p><p><strong>Hallonsmak i mitten och i slutet av munnen<\/strong><br \/>N\u00e4r \u00e4pplets syra dr\u00f6jer sig kvar i gommen utvecklas en l\u00e4tt hallonarom, som ger en mjukare fruktig syra och varma r\u00f6da fruktsmaker, som \u00e4pplets syra och hallonets s\u00f6tma som dansar i gommen.<\/p><p><strong>Syra och balans<\/strong><br \/>Tillsatsen av hallon mildrar inte \u00e4pplets syra, utan ger en touch av s\u00f6tma, vilket g\u00f6r att den totala syran blir h\u00f6g, inte skarp eller genomtr\u00e4ngande, utan syrlig och smakrik.<\/p><p><strong>Eftersmak<\/strong><br \/>Den fruktiga aromen sprider sig genom r\u00f6ken och l\u00e4mnar en s\u00f6t och sur eftersmak i gommen, som en s\u00f6t och sur juice.<\/p><h3>Kan anv\u00e4ndas i en m\u00e4ngd olika sammanhang<\/h3><p>F\u00f6r en s\u00f6t och fruktig smak, v\u00e4lj Strawberry Kiwi f\u00f6r en uppfriskande balans.<\/p><p>Vill du ha stimulans och uppfriskning? Byt till den syrliga smaken Apple-Raspberry med ett klick och k\u00e4nn syran direkt.<\/p><h2>Dubbel smak, dubbel upplevelse<\/h2><p>Bang King 30000 Strawberry Kiwi &amp; Sour Apple Raspberry har ett innovativt system med dubbla smaker, s\u00e5 att du kan byta fr\u00e5n en smak till en annan n\u00e4r som helst.<\/p><p>E-v\u00e4tsketanken p\u00e5 36 ml, som \u00e4r mycket st\u00f6rre \u00e4n konventionella produkter, s\u00e4kerst\u00e4ller en fullst\u00e4ndig och j\u00e4mn inandning, vilket minskar behovet av frekventa byten och garanterar l\u00e5ngvarig anv\u00e4ndning.<\/p><h2>M\u00e5nga puffar: upp till 30.000 puffar<\/h2><p>Bang King 30000 Strawberry Kiwi &amp; Sour Apple Raspberry erbjuder upp till 30 000 bloss, vilket \u00e4r l\u00e4ngre \u00e4n traditionella elektroniska eng\u00e5ngscigaretter. Det \u00e4r det perfekta valet f\u00f6r intensiva anv\u00e4ndare som inte beh\u00f6ver byta ut sin utrustning ofta.<\/p><p>Inbyggt 550 mAh uppladdningsbart litiumbatteri med USB-C snabbladdningsgr\u00e4nssnitt f\u00f6r effektivare, s\u00e4krare och stabilare laddning och l\u00e4ngre anv\u00e4ndning. Tack vare energihanteringssystemet f\u00f6rb\u00e4ttras batteritiden och laddningseffektiviteten.<\/p><h2>Uppv\u00e4rmd n\u00e4tstruktur, rik smak<\/h2><p>Bang King 30000 Strawberry Kiwi &amp; Sour Apple Raspberry anv\u00e4nder en avancerad 1,0 \u03a9 Mesh Coil (Mesh Coil) atomiseringsspole, som dramatiskt f\u00f6rb\u00e4ttrar atomiseringseffektiviteten, g\u00f6r r\u00f6ken mer delikat och smaken renare, samtidigt som den rymmer den stora r\u00f6kvolymen och den delikata smaken, f\u00f6r n\u00e4stan verklig cigaretttillfredsst\u00e4llelse.<\/p><p>Fyra niv\u00e5er av nikotinkoncentration (0 %, 2 %, 3 % och 5 %) finns tillg\u00e4ngliga f\u00f6r att m\u00f6ta de olika behoven hos anv\u00e4ndare som g\u00f6r \u00f6verg\u00e5ngen till att sluta r\u00f6ka och storr\u00f6kare, och g\u00f6r det m\u00f6jligt f\u00f6r dem att fritt v\u00e4lja den intensitet som passar dem.<\/p><p>Bang King 30000 Strawberry Kiwi &amp; Sour Apple Raspberry har rena linjer, en bekv\u00e4m k\u00e4nsla och optimal l\u00e4tthet och b\u00e4rbarhet, perfekt f\u00f6r vardagsbruk eller resor.<\/p>\t\t\t\t\t\t\t\t<\/div>\n\t\t\t\t<\/div>\n\t\t\t\t\t<\/div>\n\t\t\t\t<\/div>\n\t\t\t\t<\/div>","protected":false},"excerpt":{"rendered":"<p>La combinaison de saveurs \u00ab Fraise Kiwi &amp; Pomme Acidul\u00e9e Framboise \u00bb de la cigarette \u00e9lectronique BangKing30K cr\u00e9e une exp\u00e9rience unique, aigre-douce et subtile, vous permettant de varier les plaisirs \u00e0 tout moment\u00a0: ar\u00f4me fruit\u00e9 doux et acidit\u00e9 stimulante. Ar\u00f4me 1\u00a0: Fraise Kiwi Premi\u00e8re inhalationLa douceur et la jutosit\u00e9 des fraises sont pr\u00e9sentes, comme une [&hellip;]<\/p>\n","protected":false},"featured_media":5980,"comment_status":"open","ping_status":"closed","template":"","meta":{"site-sidebar-layout":"no-sidebar","site-content-layout":"page-builder","ast-site-content-layout":"normal-width-container","site-content-style":"default","site-sidebar-style":"default","ast-global-header-display":"","ast-banner-title-visibility":"","ast-main-header-display":"","ast-hfb-above-header-display":"","ast-hfb-below-header-display":"","ast-hfb-mobile-header-display":"","site-post-title":"disabled","ast-breadcrumbs-content":"","ast-featured-img":"disabled","footer-sml-layout":"","ast-disable-related-posts":"","theme-transparent-header-meta":"default","adv-header-id-meta":"","stick-header-meta":"default","header-above-stick-meta":"","header-main-stick-meta":"","header-below-stick-meta":"","astra-migrate-meta-layouts":"set","ast-page-background-enabled":"default","ast-page-background-meta":{"desktop":{"background-color":"","background-image":"","background-repeat":"repeat","background-position":"center center","background-size":"auto","background-attachment":"scroll","background-type":"","background-media":"","overlay-type":"","overlay-color":"","overlay-opacity":"","overlay-gradient":""},"tablet":{"background-color":"","background-image":"","background-repeat":"repeat","background-position":"center center","background-size":"auto","background-attachment":"scroll","background-type":"","background-media":"","overlay-type":"","overlay-color":"","overlay-opacity":"","overlay-gradient":""},"mobile":{"background-color":"","background-image":"","background-repeat":"repeat","background-position":"center center","background-size":"auto","background-attachment":"scroll","background-type":"","background-media":"","overlay-type":"","overlay-color":"","overlay-opacity":"","overlay-gradient":""}},"ast-content-background-meta":{"desktop":{"background-color":"var(--ast-global-color-5)","background-image":"","background-repeat":"repeat","background-position":"center center","background-size":"auto","background-attachment":"scroll","background-type":"","background-media":"","overlay-type":"","overlay-color":"","overlay-opacity":"","overlay-gradient":""},"tablet":{"background-color":"var(--ast-global-color-5)","background-image":"","background-repeat":"repeat","background-position":"center center","background-size":"auto","background-attachment":"scroll","background-type":"","background-media":"","overlay-type":"","overlay-color":"","overlay-opacity":"","overlay-gradient":""},"mobile":{"background-color":"var(--ast-global-color-5)","background-image":"","background-repeat":"repeat","background-position":"center center","background-size":"auto","background-attachment":"scroll","background-type":"","background-media":"","overlay-type":"","overlay-color":"","overlay-opacity":"","overlay-gradient":""}}},"product_brand":[52],"product_cat":[55,86,15],"product_tag":[],"class_list":{"0":"post-6173","1":"product","2":"type-product","3":"status-publish","4":"has-post-thumbnail","6":"product_brand-bang-king","7":"product_cat-bang-king-30000-double-saveur-offre-jusqua-36ml-de-liquide","8":"product_cat-puff-30k","9":"product_cat-magasin-cigarette-electronique","10":"desktop-align-center","11":"tablet-align-center","12":"mobile-align-center","13":"ast-product-gallery-layout-horizontal","14":"ast-product-gallery-with-no-image","15":"ast-product-single-variable","16":"ast-product-tabs-layout-horizontal","17":"ast-qv-on-image","19":"first","20":"instock","21":"sale","22":"shipping-taxable","23":"purchasable","24":"product-type-variable","25":"has-default-attributes"},"tiered_pricing_type":"fixed","tiered_pricing_fixed_rules":{"50":7.33,"100":6.66},"tiered_pricing_product_settings":{"layout":"default","base_unit_name":{"singular":null,"plural":null},"default_variation":null},"tiered_pricing_minimum_quantity":null,"tiered_pricing_roles_data":[],"tiered_pricing_percentage_rules":[],"_links":{"self":[{"href":"https:\/\/puffvapestore.com\/sv\/wp-json\/wp\/v2\/product\/6173","targetHints":{"allow":["GET"]}}],"collection":[{"href":"https:\/\/puffvapestore.com\/sv\/wp-json\/wp\/v2\/product"}],"about":[{"href":"https:\/\/puffvapestore.com\/sv\/wp-json\/wp\/v2\/types\/product"}],"replies":[{"embeddable":true,"href":"https:\/\/puffvapestore.com\/sv\/wp-json\/wp\/v2\/comments?post=6173"}],"version-history":[{"count":7,"href":"https:\/\/puffvapestore.com\/sv\/wp-json\/wp\/v2\/product\/6173\/revisions"}],"predecessor-version":[{"id":6629,"href":"https:\/\/puffvapestore.com\/sv\/wp-json\/wp\/v2\/product\/6173\/revisions\/6629"}],"wp:featuredmedia":[{"embeddable":true,"href":"https:\/\/puffvapestore.com\/sv\/wp-json\/wp\/v2\/media\/5980"}],"wp:attachment":[{"href":"https:\/\/puffvapestore.com\/sv\/wp-json\/wp\/v2\/media?parent=6173"}],"wp:term":[{"taxonomy":"product_brand","embeddable":true,"href":"https:\/\/puffvapestore.com\/sv\/wp-json\/wp\/v2\/product_brand?post=6173"},{"taxonomy":"product_cat","embeddable":true,"href":"https:\/\/puffvapestore.com\/sv\/wp-json\/wp\/v2\/product_cat?post=6173"},{"taxonomy":"product_tag","embeddable":true,"href":"https:\/\/puffvapestore.com\/sv\/wp-json\/wp\/v2\/product_tag?post=6173"}],"curies":[{"name":"wp","href":"https:\/\/api.w.org\/{rel}","templated":true}]}}