{"id":6162,"date":"2025-08-01T09:24:36","date_gmt":"2025-08-01T09:24:36","guid":{"rendered":"https:\/\/puffvapestore.com\/?post_type=product&#038;p=6162"},"modified":"2026-01-19T10:36:11","modified_gmt":"2026-01-19T10:36:11","slug":"red-bull-blueberry-watermelon-bang-king-30k-propose-deux-styles-et-saveurs-distinctifs","status":"publish","type":"product","link":"https:\/\/puffvapestore.com\/sv\/product\/red-bull-blabar-vattenmelon-bang-king-30k-erbjuder-tva-distinkta-stilar-och-smaker\/","title":{"rendered":"Red Bull &amp; Blueberry Watermelon - Bang King 30000 Dubbel smak"},"content":{"rendered":"<div data-elementor-type=\"wp-post\" data-elementor-id=\"6162\" class=\"elementor elementor-6162\">\n\t\t\t\t<div class=\"elementor-element elementor-element-08c26f9 e-flex e-con-boxed e-con e-parent\" data-id=\"08c26f9\" data-element_type=\"container\" data-e-type=\"container\">\n\t\t\t\t\t<div class=\"e-con-inner\">\n\t\t\t\t<div class=\"elementor-element elementor-element-a005a97 elementor-widget elementor-widget-text-editor\" data-id=\"a005a97\" data-element_type=\"widget\" data-e-type=\"widget\" data-widget_type=\"text-editor.default\">\n\t\t\t\t<div class=\"elementor-widget-container\">\n\t\t\t\t\t\t\t\t\t<p>Kombinationen \u00abRed Bull &amp; Blueberry Watermelon\u00bb i den elektroniska cigaretten BangKing30K erbjuder tv\u00e5 distinkta stilar och smaker, s\u00e5 att anv\u00e4ndarna kan \u00e4ndra efter behag f\u00f6r att passa deras hum\u00f6r och tillf\u00e4llen.<\/p><h2>Smak 1: RedBull (smak av energidryck)<\/h2><p>\u00c5terst\u00e4llande av en klassisk ton: S\u00e5 snart den kommer in i munnen \u00e5terf\u00e5ngar r\u00f6ken den v\u00e4lbekanta smaken av Red Bull energidryck, lite s\u00f6t och lite syrlig, med en antydan till kolsyrad mynta, som om du dricker en klunk isad energidryck.<\/p><p>M\u00e5ttlig stimulering: \u00c4ven om den elektroniska cigaretten inte \u00e4r riktigt kolsyrad, simulerar dess aerosolteknik en delikat \u00abbubbelk\u00e4nsla\u00bb, med en l\u00e4tt \u00abgurglande\u00bb stimulering vid l\u00e4tt inandning.<\/p><p>L\u00e4tt br\u00e4nd eftersmak: Efter en l\u00e5ng paus i munnen uppfattas en l\u00e4tt br\u00e4nd eller maltig arom som ger en k\u00e4nsla av tyngd och balans till den totala s\u00f6tman.<\/p><p>Uppfriskande eftersmak: N\u00e4r r\u00f6ken har f\u00f6rsvunnit frig\u00f6rs en liten k\u00e4nsla av friskhet som p\u00e5minner om nykterheten och friskheten i energidrycker.<\/p><h2>Smak 2: Bl\u00e5b\u00e4r Vattenmelon<\/h2><p>Den s\u00f6ta smaken av vattenmelon: Den f\u00f6rsta v\u00e5gen \u00e4r s\u00f6tman av vattenmelon, saftig och uppfriskande, lika fr\u00e4sch och naturlig som en nyskuren vattenmelon.<\/p><p>Bl\u00e5b\u00e4rets syra: Bl\u00e5b\u00e4rets l\u00e4tta syra avsl\u00f6jas, vilket skapar en subtil s\u00f6t och sur kontrast och undviker den \u00f6vergripande s\u00f6tman.<\/p><p>L\u00e5ngvarig arom: Vid utandning blandas den fruktiga aromen av bl\u00e5b\u00e4r med den av vattenmelon, och eftersmaken \u00e4r l\u00e5ngvarig och p\u00e5minner om doften av en nypa bl\u00e5b\u00e4rsjuice blandad med den av vattenmelon.<\/p><h2>En f\u00f6r\u00e4ndring av smaken<\/h2><p>Omedelbart byte: Den h\u00e4r elektroniska cigaretten har en dubbel smakv\u00e4ljare som g\u00f6r att anv\u00e4ndaren snabbt kan byta smak utan att beh\u00f6va byta patroner.<\/p><h3>Olika scenarier :<\/h3><p>Tid f\u00f6r uppfriskning : Byt till Red Bull f\u00f6r att snabbt v\u00e4cka dina sinnen och \u00f6ka din energi.<\/p><p>En k\u00e4nsla av avkoppling: njut av den fruktiga, s\u00f6ta smaken av vattenmelon och dess l\u00e4tta touch av is, en naturlig l\u00f6sning f\u00f6r att sl\u00e4cka t\u00f6rsten p\u00e5 sommaren.<\/p><h2>Dubbel smak, dubbel upplevelse<\/h2><p>Bang King 30000 Red Bull &amp; Blueberry Watermelon har ett innovativt system med dubbla smaker, s\u00e5 att du kan byta fr\u00e5n en smak till en annan n\u00e4r som helst.<\/p><p>E-v\u00e4tsketanken p\u00e5 36 ml, som \u00e4r mycket st\u00f6rre \u00e4n konventionella produkter, s\u00e4kerst\u00e4ller en fullst\u00e4ndig och j\u00e4mn inandning, vilket minskar behovet av frekventa byten och garanterar l\u00e5ngvarig anv\u00e4ndning.<\/p><h2>M\u00e5nga puffar: upp till 30.000 puffar<\/h2><p>Bang King 30000 Red Bull &amp; Blueberry Watermelon ger upp till 30 000 bloss, vilket \u00e4r l\u00e4ngre \u00e4n traditionella elektroniska eng\u00e5ngscigaretter. Det \u00e4r det perfekta valet f\u00f6r intensiva anv\u00e4ndare som inte beh\u00f6ver byta ut sin utrustning ofta.<\/p><p>Inbyggt 550 mAh uppladdningsbart litiumbatteri med USB-C snabbladdningsgr\u00e4nssnitt f\u00f6r effektivare, s\u00e4krare och stabilare laddning och l\u00e4ngre anv\u00e4ndning. Tack vare energihanteringssystemet f\u00f6rb\u00e4ttras batteritiden och laddningseffektiviteten.<\/p><h2>Uppv\u00e4rmd n\u00e4tstruktur, rik smak<\/h2><p>Bang King 30000 Red Bull &amp; Blueberry Watermelon anv\u00e4nder en avancerad 1,0 \u03a9 Mesh Coil (Mesh Coil) atomiseringsspole, som dramatiskt f\u00f6rb\u00e4ttrar atomiseringseffektiviteten, g\u00f6r r\u00f6ken mer delikat och smaken renare, samtidigt som den rymmer den stora r\u00f6kvolymen och den delikata smaken, f\u00f6r n\u00e4stan verklig cigarettn\u00f6jdhet.<\/p><p>Fyra niv\u00e5er av nikotinkoncentration (0 %, 2 %, 3 % och 5 %) finns tillg\u00e4ngliga f\u00f6r att m\u00f6ta de olika behoven hos anv\u00e4ndare som g\u00f6r \u00f6verg\u00e5ngen till att sluta r\u00f6ka och storr\u00f6kare, och g\u00f6r det m\u00f6jligt f\u00f6r dem att fritt v\u00e4lja den intensitet som passar dem.<\/p><p>Bang King 30000 har rena linjer, en bekv\u00e4m k\u00e4nsla och optimal l\u00e4tthet och b\u00e4rbarhet, perfekt f\u00f6r vardagsbruk eller resor.<\/p>\t\t\t\t\t\t\t\t<\/div>\n\t\t\t\t<\/div>\n\t\t\t\t\t<\/div>\n\t\t\t\t<\/div>\n\t\t\t\t<\/div>","protected":false},"excerpt":{"rendered":"<p>La combinaison \u00ab\u00a0Red Bull &amp; Myrtille Past\u00e8que\u00a0\u00bb de la cigarette \u00e9lectronique BangKing30K offre deux styles et saveurs distinctifs, permettant aux utilisateurs de changer \u00e0 volont\u00e9 pour s&rsquo;adapter \u00e0 leurs humeurs et \u00e0 leurs occasions. Saveur 1\u00a0: RedBull (saveur boisson \u00e9nergisante) Restauration d&rsquo;une tonalit\u00e9 classique\u00a0: D\u00e8s l&rsquo;entr\u00e9e en bouche, la fum\u00e9e retrouve le go\u00fbt familier de [&hellip;]<\/p>\n","protected":false},"featured_media":5976,"comment_status":"open","ping_status":"closed","template":"","meta":{"site-sidebar-layout":"no-sidebar","site-content-layout":"page-builder","ast-site-content-layout":"normal-width-container","site-content-style":"default","site-sidebar-style":"default","ast-global-header-display":"","ast-banner-title-visibility":"","ast-main-header-display":"","ast-hfb-above-header-display":"","ast-hfb-below-header-display":"","ast-hfb-mobile-header-display":"","site-post-title":"disabled","ast-breadcrumbs-content":"","ast-featured-img":"disabled","footer-sml-layout":"","ast-disable-related-posts":"","theme-transparent-header-meta":"default","adv-header-id-meta":"","stick-header-meta":"default","header-above-stick-meta":"","header-main-stick-meta":"","header-below-stick-meta":"","astra-migrate-meta-layouts":"set","ast-page-background-enabled":"default","ast-page-background-meta":{"desktop":{"background-color":"","background-image":"","background-repeat":"repeat","background-position":"center center","background-size":"auto","background-attachment":"scroll","background-type":"","background-media":"","overlay-type":"","overlay-color":"","overlay-opacity":"","overlay-gradient":""},"tablet":{"background-color":"","background-image":"","background-repeat":"repeat","background-position":"center center","background-size":"auto","background-attachment":"scroll","background-type":"","background-media":"","overlay-type":"","overlay-color":"","overlay-opacity":"","overlay-gradient":""},"mobile":{"background-color":"","background-image":"","background-repeat":"repeat","background-position":"center center","background-size":"auto","background-attachment":"scroll","background-type":"","background-media":"","overlay-type":"","overlay-color":"","overlay-opacity":"","overlay-gradient":""}},"ast-content-background-meta":{"desktop":{"background-color":"var(--ast-global-color-5)","background-image":"","background-repeat":"repeat","background-position":"center center","background-size":"auto","background-attachment":"scroll","background-type":"","background-media":"","overlay-type":"","overlay-color":"","overlay-opacity":"","overlay-gradient":""},"tablet":{"background-color":"var(--ast-global-color-5)","background-image":"","background-repeat":"repeat","background-position":"center center","background-size":"auto","background-attachment":"scroll","background-type":"","background-media":"","overlay-type":"","overlay-color":"","overlay-opacity":"","overlay-gradient":""},"mobile":{"background-color":"var(--ast-global-color-5)","background-image":"","background-repeat":"repeat","background-position":"center center","background-size":"auto","background-attachment":"scroll","background-type":"","background-media":"","overlay-type":"","overlay-color":"","overlay-opacity":"","overlay-gradient":""}}},"product_brand":[52],"product_cat":[55,86,15],"product_tag":[],"class_list":{"0":"post-6162","1":"product","2":"type-product","3":"status-publish","4":"has-post-thumbnail","6":"product_brand-bang-king","7":"product_cat-bang-king-30000-double-saveur-offre-jusqua-36ml-de-liquide","8":"product_cat-puff-30k","9":"product_cat-magasin-cigarette-electronique","10":"desktop-align-center","11":"tablet-align-center","12":"mobile-align-center","13":"ast-product-gallery-layout-horizontal","14":"ast-product-gallery-with-no-image","15":"ast-product-single-variable","16":"ast-product-tabs-layout-horizontal","17":"ast-qv-on-image","19":"first","20":"instock","21":"sale","22":"shipping-taxable","23":"purchasable","24":"product-type-variable","25":"has-default-attributes"},"tiered_pricing_type":"fixed","tiered_pricing_fixed_rules":{"50":7.33,"100":6.66},"tiered_pricing_product_settings":{"layout":"default","base_unit_name":{"singular":null,"plural":null},"default_variation":null},"tiered_pricing_minimum_quantity":null,"tiered_pricing_roles_data":[],"tiered_pricing_percentage_rules":[],"_links":{"self":[{"href":"https:\/\/puffvapestore.com\/sv\/wp-json\/wp\/v2\/product\/6162","targetHints":{"allow":["GET"]}}],"collection":[{"href":"https:\/\/puffvapestore.com\/sv\/wp-json\/wp\/v2\/product"}],"about":[{"href":"https:\/\/puffvapestore.com\/sv\/wp-json\/wp\/v2\/types\/product"}],"replies":[{"embeddable":true,"href":"https:\/\/puffvapestore.com\/sv\/wp-json\/wp\/v2\/comments?post=6162"}],"version-history":[{"count":7,"href":"https:\/\/puffvapestore.com\/sv\/wp-json\/wp\/v2\/product\/6162\/revisions"}],"predecessor-version":[{"id":6597,"href":"https:\/\/puffvapestore.com\/sv\/wp-json\/wp\/v2\/product\/6162\/revisions\/6597"}],"wp:featuredmedia":[{"embeddable":true,"href":"https:\/\/puffvapestore.com\/sv\/wp-json\/wp\/v2\/media\/5976"}],"wp:attachment":[{"href":"https:\/\/puffvapestore.com\/sv\/wp-json\/wp\/v2\/media?parent=6162"}],"wp:term":[{"taxonomy":"product_brand","embeddable":true,"href":"https:\/\/puffvapestore.com\/sv\/wp-json\/wp\/v2\/product_brand?post=6162"},{"taxonomy":"product_cat","embeddable":true,"href":"https:\/\/puffvapestore.com\/sv\/wp-json\/wp\/v2\/product_cat?post=6162"},{"taxonomy":"product_tag","embeddable":true,"href":"https:\/\/puffvapestore.com\/sv\/wp-json\/wp\/v2\/product_tag?post=6162"}],"curies":[{"name":"wp","href":"https:\/\/api.w.org\/{rel}","templated":true}]}}