{"id":6136,"date":"2025-08-01T03:04:45","date_gmt":"2025-08-01T03:04:45","guid":{"rendered":"https:\/\/puffvapestore.com\/?post_type=product&#038;p=6136"},"modified":"2026-01-19T10:36:11","modified_gmt":"2026-01-19T10:36:11","slug":"blueberry-ice-black-dragon-ice-bang-king-30k-est-facile-a-utiliser-et-repond-a-tous-les-gouts","status":"publish","type":"product","link":"https:\/\/puffvapestore.com\/sv\/product\/blueberry-ice-black-dragon-ice-bang-king-30k-ar-latt-att-anvanda-och-tillgodoser-alla-smaker\/","title":{"rendered":"Blueberry Ice &amp; Black Dragon Ice - Bang King 30K"},"content":{"rendered":"<div data-elementor-type=\"wp-post\" data-elementor-id=\"6136\" class=\"elementor elementor-6136\">\n\t\t\t\t<div class=\"elementor-element elementor-element-08c26f9 e-flex e-con-boxed e-con e-parent\" data-id=\"08c26f9\" data-element_type=\"container\" data-e-type=\"container\">\n\t\t\t\t\t<div class=\"e-con-inner\">\n\t\t\t\t<div class=\"elementor-element elementor-element-a005a97 elementor-widget elementor-widget-text-editor\" data-id=\"a005a97\" data-element_type=\"widget\" data-e-type=\"widget\" data-widget_type=\"text-editor.default\">\n\t\t\t\t<div class=\"elementor-widget-container\">\n\t\t\t\t\t\t\t\t\t<p>Bang King 30K \u00e4r utrustad med en smakv\u00e4ljare. St\u00e4ll helt enkelt in den f\u00f6r att v\u00e4xla fr\u00e5n Blueberry Ice Cream till Black Dragon Ice Cream. Den \u00e4r enkel att anv\u00e4nda och tillgodoser alla smaker.<\/p><h2>Bl\u00e5b\u00e4rsglass<\/h2><p>Fruktiga smakegenskaper: baserad p\u00e5 f\u00e4rska bl\u00e5b\u00e4r, s\u00f6t men inte fet, med en naturligt fruktig, syrlig smak.<\/p><p>Fryst upplevelse: Den uppfriskande k\u00e4nslan av mintglass dr\u00f6jer sig kvar under hela processen, som om du befann dig i en bl\u00e5b\u00e4rstr\u00e4dg\u00e5rd t\u00e4ckt av is och sn\u00f6.<\/p><p>Smakdetaljer : Bl\u00e5b\u00e4rens s\u00f6tma k\u00e4nns s\u00e5 snart den kommer in i munnen, sedan sprider mintens friskhet sig snabbt och l\u00e4mnar en k\u00e4nsla av mjukhet i munnen och en frisk eftersmak.<\/p><h2>Svart drake is<\/h2><p>Fruktiga egenskaper: En rikt nyanserad blandning av m\u00f6rka b\u00e4rsmaker som bj\u00f6rnb\u00e4r och drakfrukt, med subtil fruktig syra och en r\u00f6kig kant.<\/p><p>Fryst upplevelse: En stark k\u00e4nsla av friskhet, som om du njuter av en fest av is och sn\u00f6 mitt i v\u00e4rmen.<\/p><p>Smakdetaljer : Fr\u00e5n den allra f\u00f6rsta smaken kommer du att uppfatta en djup fruktig arom, f\u00f6ljt av en stark k\u00e4nsla av is, en k\u00e4nsla av friskhet i halsen och en l\u00e5ngvarig eftersmak.<\/p><h2>Dubbel smak\u00e4ndringsfunktion<\/h2><p>Bang King 30000 Blueberry Ice &amp; Black Dragon Ice \u00e4r utrustad med en innovativ funktion f\u00f6r byte av dubbla smaker. Anv\u00e4ndarna kan uppt\u00e4cka tv\u00e5 olika smaker i samma elektroniska cigarett och byta enkelt, n\u00e4r som helst och var som helst, f\u00f6r en varierad r\u00f6kupplevelse. Denna funktion \u00e4r s\u00e4rskilt l\u00e4mplig f\u00f6r anv\u00e4ndare som gillar att prova olika smaker. De kan njuta av en rik smak utan att beh\u00f6va b\u00e4ra flera enheter, vilket avsev\u00e4rt f\u00f6rb\u00e4ttrar komforten och n\u00f6jet med anv\u00e4ndningen.<\/p><h2>Olika alternativ f\u00f6r nikotinkoncentration<\/h2><p>F\u00f6r att tillgodose behoven hos alla anv\u00e4ndare erbjuder Bang King 30000 Blueberry Ice &amp; Black Dragon Ice olika nikotinkoncentrationsalternativ, inklusive 0 % (nikotinfri), 2 %, 3 % och 5 %. Oavsett om du \u00e4r ute efter en ren smak eller en s\u00e4rskild nikotintillfredsst\u00e4llelse kommer den h\u00e4r elektroniska cigaretten att passa alla dina behov, fr\u00e5n nyb\u00f6rjare till entusiaster.<\/p><p>Bang King 30000 har en mycket stor kapacitet p\u00e5 36 ml e-v\u00e4tska, vilket \u00e4r mycket st\u00f6rre \u00e4n kapaciteten hos nuvarande elektroniska cigaretter p\u00e5 marknaden. Denna design garanterar l\u00e5ngvarig anv\u00e4ndning utan frekvent byte eller p\u00e5fyllning av e-v\u00e4tska, perfekt f\u00f6r l\u00e5nga resor eller intensiva anv\u00e4ndare, f\u00f6r varaktig tillfredsst\u00e4llelse.<\/p><p>Med sin 1,0 \u03a9 mesh-resistoratomiser erbjuder Bang King 30000 Blueberry Ice &amp; Black Dragon Ice den perfekta balansen mellan smak och r\u00f6kvolym. Mesh-tekniken f\u00f6rb\u00e4ttrar atomiseringseffektiviteten f\u00f6r e-juice, vilket garanterar en rik smak och delikat r\u00f6k med varje bloss, perfekt f\u00f6r anv\u00e4ndare som letar efter en h\u00f6gkvalitativ vapingupplevelse.<\/p><h2>Batteri med l\u00e5ng livsl\u00e4ngd och bekv\u00e4m laddning<\/h2><p>Utrustad med ett h\u00f6gpresterande 550 mAh-batteri erbjuder Bang King 30000 Blueberry Ice &amp; Black Dragon Ice stabil batteritid f\u00f6r bekymmersfri anv\u00e4ndning 24\/7. Dessutom st\u00f6der USB-C-porten snabbladdning, vilket minskar v\u00e4ntetiden och m\u00f6jligg\u00f6r en snabb \u00e5terh\u00e4mtning f\u00f6r att anpassa sig till behoven i dagens snabba livsstil.<\/p><p>En enda Bang King 30000 elektronisk cigarett ger dig upp till 30 000 puffar, och dess extremt l\u00e5nga livsl\u00e4ngd g\u00f6r den till ett av de mest h\u00e5llbara alternativen p\u00e5 marknaden. Oavsett om du anv\u00e4nder den varje dag eller p\u00e5 en l\u00e5ng resa kommer den h\u00e4r enheten att vara p\u00e5litlig, s\u00e5 att du inte beh\u00f6ver byta ut den ofta.<\/p>\t\t\t\t\t\t\t\t<\/div>\n\t\t\t\t<\/div>\n\t\t\t\t\t<\/div>\n\t\t\t\t<\/div>\n\t\t\t\t<\/div>","protected":false},"excerpt":{"rendered":"<p>Le Bang King 30K est \u00e9quip\u00e9 d&rsquo;un s\u00e9lecteur de saveurs. Il suffit de le r\u00e9gler pour passer de la saveur Glace \u00e0 la myrtille \u00e0 la saveur Glace au dragon noir. Facile \u00e0 utiliser et r\u00e9pond \u00e0 tous les go\u00fbts. Glace \u00e0 la myrtille Caract\u00e9ristiques de l&rsquo;ar\u00f4me fruit\u00e9\u00a0: bas\u00e9 sur des myrtilles fra\u00eeches, sucr\u00e9es mais [&hellip;]<\/p>\n","protected":false},"featured_media":5972,"comment_status":"open","ping_status":"closed","template":"","meta":{"site-sidebar-layout":"no-sidebar","site-content-layout":"page-builder","ast-site-content-layout":"normal-width-container","site-content-style":"default","site-sidebar-style":"default","ast-global-header-display":"","ast-banner-title-visibility":"","ast-main-header-display":"","ast-hfb-above-header-display":"","ast-hfb-below-header-display":"","ast-hfb-mobile-header-display":"","site-post-title":"disabled","ast-breadcrumbs-content":"","ast-featured-img":"disabled","footer-sml-layout":"","ast-disable-related-posts":"","theme-transparent-header-meta":"default","adv-header-id-meta":"","stick-header-meta":"default","header-above-stick-meta":"","header-main-stick-meta":"","header-below-stick-meta":"","astra-migrate-meta-layouts":"set","ast-page-background-enabled":"default","ast-page-background-meta":{"desktop":{"background-color":"","background-image":"","background-repeat":"repeat","background-position":"center center","background-size":"auto","background-attachment":"scroll","background-type":"","background-media":"","overlay-type":"","overlay-color":"","overlay-opacity":"","overlay-gradient":""},"tablet":{"background-color":"","background-image":"","background-repeat":"repeat","background-position":"center center","background-size":"auto","background-attachment":"scroll","background-type":"","background-media":"","overlay-type":"","overlay-color":"","overlay-opacity":"","overlay-gradient":""},"mobile":{"background-color":"","background-image":"","background-repeat":"repeat","background-position":"center center","background-size":"auto","background-attachment":"scroll","background-type":"","background-media":"","overlay-type":"","overlay-color":"","overlay-opacity":"","overlay-gradient":""}},"ast-content-background-meta":{"desktop":{"background-color":"var(--ast-global-color-5)","background-image":"","background-repeat":"repeat","background-position":"center center","background-size":"auto","background-attachment":"scroll","background-type":"","background-media":"","overlay-type":"","overlay-color":"","overlay-opacity":"","overlay-gradient":""},"tablet":{"background-color":"var(--ast-global-color-5)","background-image":"","background-repeat":"repeat","background-position":"center center","background-size":"auto","background-attachment":"scroll","background-type":"","background-media":"","overlay-type":"","overlay-color":"","overlay-opacity":"","overlay-gradient":""},"mobile":{"background-color":"var(--ast-global-color-5)","background-image":"","background-repeat":"repeat","background-position":"center center","background-size":"auto","background-attachment":"scroll","background-type":"","background-media":"","overlay-type":"","overlay-color":"","overlay-opacity":"","overlay-gradient":""}}},"product_brand":[52],"product_cat":[55,86,15],"product_tag":[],"class_list":{"0":"post-6136","1":"product","2":"type-product","3":"status-publish","4":"has-post-thumbnail","6":"product_brand-bang-king","7":"product_cat-bang-king-30000-double-saveur-offre-jusqua-36ml-de-liquide","8":"product_cat-puff-30k","9":"product_cat-magasin-cigarette-electronique","10":"desktop-align-center","11":"tablet-align-center","12":"mobile-align-center","13":"ast-product-gallery-layout-horizontal","14":"ast-product-gallery-with-no-image","15":"ast-product-single-variable","16":"ast-product-tabs-layout-horizontal","17":"ast-qv-on-image","19":"first","20":"instock","21":"sale","22":"shipping-taxable","23":"purchasable","24":"product-type-variable","25":"has-default-attributes"},"tiered_pricing_type":"fixed","tiered_pricing_fixed_rules":{"50":7.33,"100":6.66},"tiered_pricing_product_settings":{"layout":"default","base_unit_name":{"singular":null,"plural":null},"default_variation":null},"tiered_pricing_minimum_quantity":null,"tiered_pricing_roles_data":[],"tiered_pricing_percentage_rules":[],"_links":{"self":[{"href":"https:\/\/puffvapestore.com\/sv\/wp-json\/wp\/v2\/product\/6136","targetHints":{"allow":["GET"]}}],"collection":[{"href":"https:\/\/puffvapestore.com\/sv\/wp-json\/wp\/v2\/product"}],"about":[{"href":"https:\/\/puffvapestore.com\/sv\/wp-json\/wp\/v2\/types\/product"}],"replies":[{"embeddable":true,"href":"https:\/\/puffvapestore.com\/sv\/wp-json\/wp\/v2\/comments?post=6136"}],"version-history":[{"count":7,"href":"https:\/\/puffvapestore.com\/sv\/wp-json\/wp\/v2\/product\/6136\/revisions"}],"predecessor-version":[{"id":6456,"href":"https:\/\/puffvapestore.com\/sv\/wp-json\/wp\/v2\/product\/6136\/revisions\/6456"}],"wp:featuredmedia":[{"embeddable":true,"href":"https:\/\/puffvapestore.com\/sv\/wp-json\/wp\/v2\/media\/5972"}],"wp:attachment":[{"href":"https:\/\/puffvapestore.com\/sv\/wp-json\/wp\/v2\/media?parent=6136"}],"wp:term":[{"taxonomy":"product_brand","embeddable":true,"href":"https:\/\/puffvapestore.com\/sv\/wp-json\/wp\/v2\/product_brand?post=6136"},{"taxonomy":"product_cat","embeddable":true,"href":"https:\/\/puffvapestore.com\/sv\/wp-json\/wp\/v2\/product_cat?post=6136"},{"taxonomy":"product_tag","embeddable":true,"href":"https:\/\/puffvapestore.com\/sv\/wp-json\/wp\/v2\/product_tag?post=6136"}],"curies":[{"name":"wp","href":"https:\/\/api.w.org\/{rel}","templated":true}]}}