{"id":6125,"date":"2025-08-01T01:56:34","date_gmt":"2025-08-01T01:56:34","guid":{"rendered":"https:\/\/puffvapestore.com\/?post_type=product&#038;p=6125"},"modified":"2026-01-19T10:36:11","modified_gmt":"2026-01-19T10:36:11","slug":"strawberry-watermelon-grape-ice-bang-king-30k-offre-un-gout-stable-et-persistant-alliant-arome","status":"publish","type":"product","link":"https:\/\/puffvapestore.com\/sv\/product\/jordgubb-vattenmelon-druva-is-bang-king-30k-ger-en-stabil-langvarig-smak-som-kombinerar-arom\/","title":{"rendered":"Jordgubbs- och vattenmelon- och druvis - Bang King 30K"},"content":{"rendered":"<div data-elementor-type=\"wp-post\" data-elementor-id=\"6125\" class=\"elementor elementor-6125\">\n\t\t\t\t<div class=\"elementor-element elementor-element-08c26f9 e-flex e-con-boxed e-con e-parent\" data-id=\"08c26f9\" data-element_type=\"container\" data-e-type=\"container\">\n\t\t\t\t\t<div class=\"e-con-inner\">\n\t\t\t\t<div class=\"elementor-element elementor-element-a005a97 elementor-widget elementor-widget-text-editor\" data-id=\"a005a97\" data-element_type=\"widget\" data-e-type=\"widget\" data-widget_type=\"text-editor.default\">\n\t\t\t\t<div class=\"elementor-widget-container\">\n\t\t\t\t\t\t\t\t\t<p>Bang King 30K finns i tv\u00e5 smaker: \u00abStrawberry And Watermelon\u00bb och \u00abGrape Ice\u00bb. Den f\u00f6rsta \u00e4r s\u00f6t och saftig, medan den andra \u00e4r isig och lite syrlig. Det \u00e4r l\u00e4tt att byta smak. Den \u00e4r utrustad med en e-v\u00e4tska med stor kapacitet och en LED-sk\u00e4rm och erbjuder en stabil, ih\u00e5llande smak som kombinerar en fruktig arom med en k\u00e4nsla av friskhet. Denna elektroniska cigarett med dubbla l\u00e4gen \u00e4r perfekt f\u00f6r att kontrollera fruktiga smaker.<\/p><h2>Jordgubbar + vattenmelon<\/h2><p>Fruktig smak: Denna elektroniska cigarettsmak kombinerar s\u00f6tman hos mogna jordgubbar med s\u00f6tman och saftigheten hos vattenmelon, vilket skapar en typisk fruktig sommarkombination.<\/p><p>Balanserad smak: Jordgubbarna ger en rund, k\u00f6ttig k\u00e4nsla, medan vattenmelonen ger en uppfriskande k\u00e4nsla. De tv\u00e5 kompletterar varandra p\u00e5 ett harmoniskt s\u00e4tt och smaken \u00e4r mjuk och nyansrik.<\/p><h2>Glass med druvor<\/h2><p>Isig finish: Den uppfriskande k\u00e4nslan \u00e4r uppenbar, som en sl\u00f6ja av mintig glass som omsluter tungspetsen och ger en fr\u00e4sch finish.<\/p><p>L\u00e4tt syrliga druvor: En l\u00e4tt syrlighet i druvorna l\u00e4ngst bak i gommen f\u00f6rst\u00e4rker balansen mellan syra och s\u00f6tma, utan att g\u00f6ra smaken alltf\u00f6r monoton.<\/p><p>Kombination av is och syra: Den frostade effekten ger en uppfriskande k\u00e4nsla till helheten och framh\u00e4ver s\u00f6tman.<\/p><h2>Hj\u00e4lp med smak<\/h2><p>Stor smakfrihet: Du kan v\u00e4xla mellan s\u00f6ta och mjuka fruktiga aromer och iskalla druvnoter efter behag, f\u00f6r att tillgodose smakbehoven i alla situationer och p\u00e5 alla hum\u00f6r.<\/p><p>L\u00e5ngvarig exponering: 30000 puffar av r\u00f6k med h\u00f6g kapacitet plus en stor 36 ml oljereservoar, smaken \u00e4r alltid stabil och upplevelsen \u00e4r kontinuerlig och oavbruten n\u00e4r du byter smak<\/p><h2>Dubbel smak\u00e4ndringsfunktion<\/h2><p>Bang King 30000 Strawberry And Watermelon &amp; Grape Ice \u00e4r utrustad med en innovativ funktion f\u00f6r byte av dubbla smaker. Anv\u00e4ndarna kan uppt\u00e4cka tv\u00e5 olika smaker i samma elektroniska cigarett och byta enkelt, n\u00e4r som helst och var som helst, f\u00f6r en varierad r\u00f6kupplevelse. Denna funktion \u00e4r s\u00e4rskilt l\u00e4mplig f\u00f6r anv\u00e4ndare som gillar att prova olika smaker. De kan njuta av en rik smak utan att beh\u00f6va b\u00e4ra flera enheter, vilket avsev\u00e4rt f\u00f6rb\u00e4ttrar komforten och n\u00f6jet med anv\u00e4ndningen.<\/p><h2>Olika alternativ f\u00f6r nikotinkoncentration<\/h2><p>F\u00f6r att tillgodose behoven hos alla anv\u00e4ndare erbjuder Bang King 30000 Strawberry And Watermelon &amp; Grape Ice olika nikotinkoncentrationsalternativ, inklusive 0 % (nikotinfri), 2 %, 3 % och 5 %. Oavsett om du \u00e4r ute efter en ren smak eller en speciell nikotintillfredsst\u00e4llelse kommer den h\u00e4r elektroniska cigaretten att passa alla dina behov, fr\u00e5n nyb\u00f6rjare till entusiaster.<\/p><p>Bang King 30000 har en mycket stor kapacitet p\u00e5 36 ml e-v\u00e4tska, vilket \u00e4r mycket st\u00f6rre \u00e4n kapaciteten hos nuvarande elektroniska cigaretter p\u00e5 marknaden. Denna design garanterar l\u00e5ngvarig anv\u00e4ndning utan frekvent byte eller p\u00e5fyllning av e-v\u00e4tska, perfekt f\u00f6r l\u00e5nga resor eller intensiva anv\u00e4ndare, f\u00f6r varaktig tillfredsst\u00e4llelse.<\/p><p>Med sin 1,0 \u03a9 mesh-resistoratomiser erbjuder Bang King 30000 Strawberry And Watermelon &amp; Grape Ice den perfekta balansen mellan smak och r\u00f6kvolym. Mesh-tekniken f\u00f6rb\u00e4ttrar atomiseringseffektiviteten f\u00f6r e-juice, vilket garanterar en rik smak och delikat r\u00f6k med varje bloss, perfekt f\u00f6r anv\u00e4ndare som letar efter en h\u00f6gkvalitativ vapingupplevelse.<\/p><h2>Batteri med l\u00e5ng livsl\u00e4ngd och bekv\u00e4m laddning<\/h2><p>Bang King 30000 Strawberry And Watermelon &amp; Grape Ice \u00e4r utrustad med ett h\u00f6gpresterande 550 mAh-batteri och erbjuder stabil batteritid f\u00f6r bekymmersfri anv\u00e4ndning 24\/7. Dessutom st\u00f6der USB-C-porten snabbladdning, vilket minskar v\u00e4ntetiden och m\u00f6jligg\u00f6r en snabb \u00e5terh\u00e4mtning f\u00f6r att anpassa sig till behoven i dagens snabba livsstil.<\/p><p>En enda Bang King 30000 Strawberry And Watermelon &amp; Grape Ice elektronisk cigarett ger dig upp till 30K puffar, och dess extremt l\u00e5nga livsl\u00e4ngd g\u00f6r det till ett av de mest h\u00e5llbara alternativen p\u00e5 marknaden. Oavsett om det \u00e4r f\u00f6r daglig anv\u00e4ndning eller en l\u00e5ng resa, kommer den h\u00e4r enheten att f\u00f6lja med dig p\u00e5 ett tillf\u00f6rlitligt s\u00e4tt och spara dig behovet av att byta ut den ofta.<\/p>\t\t\t\t\t\t\t\t<\/div>\n\t\t\t\t<\/div>\n\t\t\t\t\t<\/div>\n\t\t\t\t<\/div>\n\t\t\t\t<\/div>","protected":false},"excerpt":{"rendered":"<p>Le Bang King 30K propose deux saveurs\u00a0: \u00ab\u00a0Strawberry And Watermelon\u00a0\u00bb et \u00ab\u00a0Grape Ice\u00a0\u00bb. La premi\u00e8re est sucr\u00e9e et juteuse, la seconde est glac\u00e9e et l\u00e9g\u00e8rement acidul\u00e9e. Le changement de saveur est pratique. Dot\u00e9e d&rsquo;un e-liquide de grande capacit\u00e9 et d&rsquo;un \u00e9cran LED, elle offre un go\u00fbt stable et persistant, alliant ar\u00f4me fruit\u00e9 et sensation de [&hellip;]<\/p>\n","protected":false},"featured_media":5978,"comment_status":"open","ping_status":"closed","template":"","meta":{"site-sidebar-layout":"no-sidebar","site-content-layout":"page-builder","ast-site-content-layout":"normal-width-container","site-content-style":"default","site-sidebar-style":"default","ast-global-header-display":"","ast-banner-title-visibility":"","ast-main-header-display":"","ast-hfb-above-header-display":"","ast-hfb-below-header-display":"","ast-hfb-mobile-header-display":"","site-post-title":"disabled","ast-breadcrumbs-content":"","ast-featured-img":"disabled","footer-sml-layout":"","ast-disable-related-posts":"","theme-transparent-header-meta":"default","adv-header-id-meta":"","stick-header-meta":"default","header-above-stick-meta":"","header-main-stick-meta":"","header-below-stick-meta":"","astra-migrate-meta-layouts":"set","ast-page-background-enabled":"default","ast-page-background-meta":{"desktop":{"background-color":"","background-image":"","background-repeat":"repeat","background-position":"center center","background-size":"auto","background-attachment":"scroll","background-type":"","background-media":"","overlay-type":"","overlay-color":"","overlay-opacity":"","overlay-gradient":""},"tablet":{"background-color":"","background-image":"","background-repeat":"repeat","background-position":"center center","background-size":"auto","background-attachment":"scroll","background-type":"","background-media":"","overlay-type":"","overlay-color":"","overlay-opacity":"","overlay-gradient":""},"mobile":{"background-color":"","background-image":"","background-repeat":"repeat","background-position":"center center","background-size":"auto","background-attachment":"scroll","background-type":"","background-media":"","overlay-type":"","overlay-color":"","overlay-opacity":"","overlay-gradient":""}},"ast-content-background-meta":{"desktop":{"background-color":"var(--ast-global-color-5)","background-image":"","background-repeat":"repeat","background-position":"center center","background-size":"auto","background-attachment":"scroll","background-type":"","background-media":"","overlay-type":"","overlay-color":"","overlay-opacity":"","overlay-gradient":""},"tablet":{"background-color":"var(--ast-global-color-5)","background-image":"","background-repeat":"repeat","background-position":"center center","background-size":"auto","background-attachment":"scroll","background-type":"","background-media":"","overlay-type":"","overlay-color":"","overlay-opacity":"","overlay-gradient":""},"mobile":{"background-color":"var(--ast-global-color-5)","background-image":"","background-repeat":"repeat","background-position":"center center","background-size":"auto","background-attachment":"scroll","background-type":"","background-media":"","overlay-type":"","overlay-color":"","overlay-opacity":"","overlay-gradient":""}}},"product_brand":[52],"product_cat":[55,86,15],"product_tag":[],"class_list":{"0":"post-6125","1":"product","2":"type-product","3":"status-publish","4":"has-post-thumbnail","6":"product_brand-bang-king","7":"product_cat-bang-king-30000-double-saveur-offre-jusqua-36ml-de-liquide","8":"product_cat-puff-30k","9":"product_cat-magasin-cigarette-electronique","10":"desktop-align-center","11":"tablet-align-center","12":"mobile-align-center","13":"ast-product-gallery-layout-horizontal","14":"ast-product-gallery-with-no-image","15":"ast-product-single-variable","16":"ast-product-tabs-layout-horizontal","17":"ast-qv-on-image","19":"first","20":"instock","21":"sale","22":"shipping-taxable","23":"purchasable","24":"product-type-variable","25":"has-default-attributes"},"tiered_pricing_type":"fixed","tiered_pricing_fixed_rules":{"50":7.33,"100":6.66},"tiered_pricing_product_settings":{"layout":"default","base_unit_name":{"singular":null,"plural":null},"default_variation":null},"tiered_pricing_minimum_quantity":null,"tiered_pricing_roles_data":[],"tiered_pricing_percentage_rules":[],"_links":{"self":[{"href":"https:\/\/puffvapestore.com\/sv\/wp-json\/wp\/v2\/product\/6125","targetHints":{"allow":["GET"]}}],"collection":[{"href":"https:\/\/puffvapestore.com\/sv\/wp-json\/wp\/v2\/product"}],"about":[{"href":"https:\/\/puffvapestore.com\/sv\/wp-json\/wp\/v2\/types\/product"}],"replies":[{"embeddable":true,"href":"https:\/\/puffvapestore.com\/sv\/wp-json\/wp\/v2\/comments?post=6125"}],"version-history":[{"count":7,"href":"https:\/\/puffvapestore.com\/sv\/wp-json\/wp\/v2\/product\/6125\/revisions"}],"predecessor-version":[{"id":6455,"href":"https:\/\/puffvapestore.com\/sv\/wp-json\/wp\/v2\/product\/6125\/revisions\/6455"}],"wp:featuredmedia":[{"embeddable":true,"href":"https:\/\/puffvapestore.com\/sv\/wp-json\/wp\/v2\/media\/5978"}],"wp:attachment":[{"href":"https:\/\/puffvapestore.com\/sv\/wp-json\/wp\/v2\/media?parent=6125"}],"wp:term":[{"taxonomy":"product_brand","embeddable":true,"href":"https:\/\/puffvapestore.com\/sv\/wp-json\/wp\/v2\/product_brand?post=6125"},{"taxonomy":"product_cat","embeddable":true,"href":"https:\/\/puffvapestore.com\/sv\/wp-json\/wp\/v2\/product_cat?post=6125"},{"taxonomy":"product_tag","embeddable":true,"href":"https:\/\/puffvapestore.com\/sv\/wp-json\/wp\/v2\/product_tag?post=6125"}],"curies":[{"name":"wp","href":"https:\/\/api.w.org\/{rel}","templated":true}]}}