{"id":6099,"date":"2025-07-30T10:40:13","date_gmt":"2025-07-30T10:40:13","guid":{"rendered":"https:\/\/puffvapestore.com\/?post_type=product&#038;p=6099"},"modified":"2026-01-19T10:36:10","modified_gmt":"2026-01-19T10:36:10","slug":"blueberry-ice-strawberry-and-banana-bang-king-30k-allie-fraicheur-fruitee-et-saveur","status":"publish","type":"product","link":"https:\/\/puffvapestore.com\/sv\/product\/blabarsglass-jordgubb-och-banan-bang-king-30k-kombinerar-fruktig-friskhet-och-smak\/","title":{"rendered":"Bang King 30K - Bl\u00e5b\u00e4rsis &amp; jordgubb och banan"},"content":{"rendered":"<div data-elementor-type=\"wp-post\" data-elementor-id=\"6099\" class=\"elementor elementor-6099\">\n\t\t\t\t<div class=\"elementor-element elementor-element-08c26f9 e-flex e-con-boxed e-con e-parent\" data-id=\"08c26f9\" data-element_type=\"container\" data-e-type=\"container\">\n\t\t\t\t\t<div class=\"e-con-inner\">\n\t\t\t\t<div class=\"elementor-element elementor-element-a005a97 elementor-widget elementor-widget-text-editor\" data-id=\"a005a97\" data-element_type=\"widget\" data-e-type=\"widget\" data-widget_type=\"text-editor.default\">\n\t\t\t\t<div class=\"elementor-widget-container\">\n\t\t\t\t\t\t\t\t\t<p>Kombinationen \u00abfrozen blueberry + strawberry banana\u00bb \u00e4r perfekt f\u00f6r dig som gillar intensiva fruktsmaker och vill ha b\u00e5de en uppfriskande, isig smak och en varm, s\u00f6t smak. Den flytande f\u00f6r\u00e4ndringen av smaker inneb\u00e4r att du kan \u00e4ndra ditt hum\u00f6r n\u00e4r som helst och uppleva helt olika k\u00e4nslor.<\/p><h2>Bl\u00e5b\u00e4rsis<\/h2><p>Fruktig och s\u00f6t: Den huvudsakliga aromen \u00e4r bl\u00e5b\u00e4rens friskhet och rundhet, med en l\u00e4tt, naturlig fruktig syra och en s\u00f6tma som p\u00e5minner om nyplockade bl\u00e5b\u00e4r.<\/p><p>Frisk eftersmak: Den uppfriskande effekten av isad mynta (mentol) bidrar till den slutliga aromen. Varje r\u00f6kpuff \u00e4r som en klunk av f\u00e4rsk dagg p\u00e5 morgonen, en l\u00e5ng och uppfriskande upplevelse.<\/p><p>Smak: Det f\u00f6rsta blosset bjuder p\u00e5 en rik bl\u00e5b\u00e4rssmak, sedan t\u00e4cks mitten gradvis av ett tunt lager is. Den fruktiga och fr\u00e4scha smaken \u00e4r balanserad och den \u00f6vergripande smaken \u00e4r len och kr\u00e4mig.<\/p><h2>Jordgubbar och bananer<\/h2><p>En blandning av fruktiga smaker: Den kombinerar s\u00f6tman fr\u00e5n mogna r\u00f6da jordgubbar med den kr\u00e4miga smaken av banan. Den l\u00e4tta syran fr\u00e5n jordgubbarna mjukar upp helheten.<\/p><p>Rik smak: Den f\u00f6rsta doften ger en syrlig, s\u00f6t k\u00e4nsla av jordgubbar, f\u00f6ljt av den t\u00e4ta mj\u00f6lkiga doften av banan, och finishen \u00e4r sl\u00e4t och kr\u00e4mig, som en f\u00e4rsk smoothie.<\/p><h2>F\u00f6r\u00e4ndring av erfarenhet<\/h2><p>Omedelbar \u00f6verg\u00e5ng: Precis efter att du har r\u00f6kt bl\u00e5b\u00e4rsglassen kan du byta till en varm jordgubbsbanansmoothie efter hum\u00f6r och smak.<\/p><h2>Smakh\u00f6jdpunkter<\/h2><p>Cold + Milky: De tv\u00e5 extrema smakerna \u00abfruktig friskhet\u00bb och \u00ablen mj\u00f6lkig arom\u00bb kombineras f\u00f6r att skapa en unik upplevelse.<\/p><p>Stark k\u00e4nsla av skiktning: Varje smakf\u00f6r\u00e4ndring \u00e4r en liten \u00f6verraskning, med en naturlig utveckling av smaker fr\u00e5n de fr\u00e4mre, mellersta och bakre delarna.<\/p><h2>Specifikationer f\u00f6r Bang King 30000 Blueberry Ice &amp; Strawberry And Banana<\/h2><p>Antal puffar: Varje elektronisk cigarett ger upp till 30 000 puffar.<\/p><p>V\u00e4tskekapacitet: 36 ml<\/p><p>Batterikapacitet: 550 mAh, uppladdningsbart via USB-C<\/p><p>Atomiseringsmotst\u00e5nd: Mesh-motst\u00e5nd p\u00e5 1,0 \u03a9, med h\u00e4nsyn till smak och volym av r\u00f6k.<\/p><p>Val av nikotinkoncentrationer: 0 %, 2 %, 3 %, 5 %<\/p><h2>Funktioner hos Bang King 30000 Bl\u00e5b\u00e4rsis &amp; jordgubbar och bananer<\/h2><p>Funktion f\u00f6r dubbel smakv\u00e4xling: st\u00f6der tv\u00e5 olika funktioner f\u00f6r smakv\u00e4xling, enkel smakv\u00e4xling<\/p><p>Typ-C snabbladdning: ger snabbare laddning f\u00f6r det uppladdningsbara batteriet p\u00e5 550 mAh.<\/p><h2>F\u00f6rdelar med Bang King 30000<\/h2><p>L\u00e4ttvikt: elektronisk cigarettdesign f\u00f6r eng\u00e5ngsbruk, inget behov av att tills\u00e4tta olja eller byta ut n\u00e4tmotst\u00e5ndet, l\u00e4tt att b\u00e4ra.<\/p><p>Utm\u00e4rkt autonomi: l\u00e4mplig f\u00f6r l\u00e5ngvarig anv\u00e4ndning, beh\u00f6ver inte laddas eller fyllas p\u00e5 med olja ofta.<\/p><p>Strukturell design: standard Stripformad kropp, behaglig k\u00e4nsla, l\u00e4tt att byta smak.<\/p><p>H\u00f6g kapacitet (36 ml olja + 550 mAh batteri), l\u00e5ng livsl\u00e4ngd.<\/p><p>Den dubbla smakv\u00e4xlingen ger en m\u00e4ngd olika smakupplevelser.<\/p><p>Mesh-motst\u00e5ndet f\u00f6rb\u00e4ttrar r\u00f6k och smak.<\/p><p>Snabb och bekv\u00e4m USB-C-laddning.<\/p>\t\t\t\t\t\t\t\t<\/div>\n\t\t\t\t<\/div>\n\t\t\t\t\t<\/div>\n\t\t\t\t<\/div>\n\t\t\t\t<\/div>","protected":false},"excerpt":{"rendered":"<p>Cette combinaison \u00ab\u00a0myrtille glac\u00e9e + fraise banane\u00a0\u00bb convient aux amateurs de cigarettes \u00e9lectroniques qui appr\u00e9cient les saveurs fruit\u00e9es intenses, recherchent tant\u00f4t un go\u00fbt rafra\u00eechissant et glac\u00e9, tant\u00f4t un go\u00fbt chaud et sucr\u00e9. Le changement de saveurs fluide vous permet de changer d&rsquo;humeur \u00e0 tout moment et de vivre des sensations totalement diff\u00e9rentes. Blueberry Ice (Myrtille [&hellip;]<\/p>\n","protected":false},"featured_media":5973,"comment_status":"open","ping_status":"closed","template":"","meta":{"site-sidebar-layout":"no-sidebar","site-content-layout":"page-builder","ast-site-content-layout":"normal-width-container","site-content-style":"default","site-sidebar-style":"default","ast-global-header-display":"","ast-banner-title-visibility":"","ast-main-header-display":"","ast-hfb-above-header-display":"","ast-hfb-below-header-display":"","ast-hfb-mobile-header-display":"","site-post-title":"disabled","ast-breadcrumbs-content":"","ast-featured-img":"disabled","footer-sml-layout":"","ast-disable-related-posts":"","theme-transparent-header-meta":"default","adv-header-id-meta":"","stick-header-meta":"default","header-above-stick-meta":"","header-main-stick-meta":"","header-below-stick-meta":"","astra-migrate-meta-layouts":"set","ast-page-background-enabled":"default","ast-page-background-meta":{"desktop":{"background-color":"","background-image":"","background-repeat":"repeat","background-position":"center center","background-size":"auto","background-attachment":"scroll","background-type":"","background-media":"","overlay-type":"","overlay-color":"","overlay-opacity":"","overlay-gradient":""},"tablet":{"background-color":"","background-image":"","background-repeat":"repeat","background-position":"center center","background-size":"auto","background-attachment":"scroll","background-type":"","background-media":"","overlay-type":"","overlay-color":"","overlay-opacity":"","overlay-gradient":""},"mobile":{"background-color":"","background-image":"","background-repeat":"repeat","background-position":"center center","background-size":"auto","background-attachment":"scroll","background-type":"","background-media":"","overlay-type":"","overlay-color":"","overlay-opacity":"","overlay-gradient":""}},"ast-content-background-meta":{"desktop":{"background-color":"var(--ast-global-color-5)","background-image":"","background-repeat":"repeat","background-position":"center center","background-size":"auto","background-attachment":"scroll","background-type":"","background-media":"","overlay-type":"","overlay-color":"","overlay-opacity":"","overlay-gradient":""},"tablet":{"background-color":"var(--ast-global-color-5)","background-image":"","background-repeat":"repeat","background-position":"center center","background-size":"auto","background-attachment":"scroll","background-type":"","background-media":"","overlay-type":"","overlay-color":"","overlay-opacity":"","overlay-gradient":""},"mobile":{"background-color":"var(--ast-global-color-5)","background-image":"","background-repeat":"repeat","background-position":"center center","background-size":"auto","background-attachment":"scroll","background-type":"","background-media":"","overlay-type":"","overlay-color":"","overlay-opacity":"","overlay-gradient":""}}},"product_brand":[52],"product_cat":[55,86,15],"product_tag":[],"class_list":{"0":"post-6099","1":"product","2":"type-product","3":"status-publish","4":"has-post-thumbnail","6":"product_brand-bang-king","7":"product_cat-bang-king-30000-double-saveur-offre-jusqua-36ml-de-liquide","8":"product_cat-puff-30k","9":"product_cat-magasin-cigarette-electronique","10":"desktop-align-center","11":"tablet-align-center","12":"mobile-align-center","13":"ast-product-gallery-layout-horizontal","14":"ast-product-gallery-with-no-image","15":"ast-product-single-variable","16":"ast-product-tabs-layout-horizontal","17":"ast-qv-on-image","19":"first","20":"instock","21":"sale","22":"shipping-taxable","23":"purchasable","24":"product-type-variable","25":"has-default-attributes"},"tiered_pricing_type":"fixed","tiered_pricing_fixed_rules":{"50":7.33,"100":6.66},"tiered_pricing_product_settings":{"layout":"default","base_unit_name":{"singular":null,"plural":null},"default_variation":null},"tiered_pricing_minimum_quantity":null,"tiered_pricing_roles_data":[],"tiered_pricing_percentage_rules":[],"_links":{"self":[{"href":"https:\/\/puffvapestore.com\/sv\/wp-json\/wp\/v2\/product\/6099","targetHints":{"allow":["GET"]}}],"collection":[{"href":"https:\/\/puffvapestore.com\/sv\/wp-json\/wp\/v2\/product"}],"about":[{"href":"https:\/\/puffvapestore.com\/sv\/wp-json\/wp\/v2\/types\/product"}],"replies":[{"embeddable":true,"href":"https:\/\/puffvapestore.com\/sv\/wp-json\/wp\/v2\/comments?post=6099"}],"version-history":[{"count":7,"href":"https:\/\/puffvapestore.com\/sv\/wp-json\/wp\/v2\/product\/6099\/revisions"}],"predecessor-version":[{"id":6232,"href":"https:\/\/puffvapestore.com\/sv\/wp-json\/wp\/v2\/product\/6099\/revisions\/6232"}],"wp:featuredmedia":[{"embeddable":true,"href":"https:\/\/puffvapestore.com\/sv\/wp-json\/wp\/v2\/media\/5973"}],"wp:attachment":[{"href":"https:\/\/puffvapestore.com\/sv\/wp-json\/wp\/v2\/media?parent=6099"}],"wp:term":[{"taxonomy":"product_brand","embeddable":true,"href":"https:\/\/puffvapestore.com\/sv\/wp-json\/wp\/v2\/product_brand?post=6099"},{"taxonomy":"product_cat","embeddable":true,"href":"https:\/\/puffvapestore.com\/sv\/wp-json\/wp\/v2\/product_cat?post=6099"},{"taxonomy":"product_tag","embeddable":true,"href":"https:\/\/puffvapestore.com\/sv\/wp-json\/wp\/v2\/product_tag?post=6099"}],"curies":[{"name":"wp","href":"https:\/\/api.w.org\/{rel}","templated":true}]}}