{"id":6088,"date":"2025-07-30T08:33:12","date_gmt":"2025-07-30T08:33:12","guid":{"rendered":"https:\/\/puffvapestore.com\/?post_type=product&#038;p=6088"},"modified":"2026-01-19T10:36:11","modified_gmt":"2026-01-19T10:36:11","slug":"bang-king-30k-blueberry-raspberry-mixed-mouldy-fruit-offre-un-contraste-de-saveurs-saisissant","status":"publish","type":"product","link":"https:\/\/puffvapestore.com\/sv\/product\/bang-king-30k-blabar-hallon-blandad-moglig-frukt-erbjuder-en-slaende-kontrast-av-smaker\/","title":{"rendered":"Bang King 30K - Bl\u00e5b\u00e4r Hallon &amp; Blandad m\u00f6glig frukt"},"content":{"rendered":"<div data-elementor-type=\"wp-post\" data-elementor-id=\"6088\" class=\"elementor elementor-6088\">\n\t\t\t\t<div class=\"elementor-element elementor-element-08c26f9 e-flex e-con-boxed e-con e-parent\" data-id=\"08c26f9\" data-element_type=\"container\" data-e-type=\"container\">\n\t\t\t\t\t<div class=\"e-con-inner\">\n\t\t\t\t<div class=\"elementor-element elementor-element-a005a97 elementor-widget elementor-widget-text-editor\" data-id=\"a005a97\" data-element_type=\"widget\" data-e-type=\"widget\" data-widget_type=\"text-editor.default\">\n\t\t\t\t<div class=\"elementor-widget-container\">\n\t\t\t\t\t\t\t\t\t<p>Blueberry Raspberry &amp; Mixed Mouldy Fruit \u00e4r en av de kombinerade smakerna av de elektroniska cigaretterna Bang King 30K. Denna kombination av smaker \u00e4r unik: den ena \u00e4r en serie f\u00e4rska, s\u00f6ta b\u00e4r, den andra \u00e4r en kraftfull j\u00e4st stil med m\u00f6glig frukt, en sl\u00e5ende kontrast men en ov\u00e4ntad samordning.<\/p><h2>Smak av bl\u00e5b\u00e4r och hallon<\/h2><p>Smak: s\u00f6t och syrlig, bl\u00e5b\u00e4ret \u00e4r rikligt syltigt, hallonet \u00e4r uppfriskande, med friskheten hos naturliga b\u00e4r.<\/p><p>Smak: R\u00f6ken \u00e4r en silkeslen b\u00e4rpur\u00e9 med precis r\u00e4tt balans mellan s\u00f6tma och syra; blandningen av bl\u00e5b\u00e4r och hallon bjuder p\u00e5 b\u00e5de fruktiga toner och frisk fruktig syra.<\/p><h2>Blandad smak av m\u00f6glig frukt<\/h2><p>Doft och smak: En kraftfull smak med en antydan till j\u00e4sning eller m\u00f6gel, liknande den rika, mjuka doften av l\u00e4nge bevarad frukt, som framh\u00e4ver mognad, \u00e5ldrande och till och med en l\u00e4tt syra i b\u00e4ren.<\/p><p>Smak: Komplex och varierad, syrlig och sammandragande, p\u00e5minner om blandade, l\u00e4tt j\u00e4sta vilda b\u00e4r. En l\u00e4tt str\u00e4vhet i gommen, som om skalet tuggats och en l\u00e4tt arom av naturlig j\u00e4st tillsatt.<\/p><h2>En dubbel upplevelse av skiftande smaker<\/h2><p>N\u00e4r du byter smak imponerar den friska s\u00f6tman och syran fr\u00e5n bl\u00e5b\u00e4r och hallon omedelbart p\u00e5 dina smakl\u00f6kar, medan du n\u00e4r du byter till smaken av blandad m\u00f6glig frukt upplever de mer komplexa lagren av fermenterad, mogen frukt.<\/p><p>Att v\u00e4xla mellan de tv\u00e5 smakerna \u00e4r som att g\u00e5 fr\u00e5n en frukttr\u00e4dg\u00e5rd till en underjordisk vink\u00e4llare: den ena \u00e4r uppfriskande, den andra \u00e4r djup, vilket \u00e4r mycket stimulerande f\u00f6r smakl\u00f6karna.<\/p><h2>Specifikationer f\u00f6r Bang King 30000 Bl\u00e5b\u00e4r Hallon &amp; Blandad m\u00f6glig frukt<\/h2><p>Antal puffar: Varje elektronisk cigarett ger upp till 30 000 puffar.<\/p><p>V\u00e4tskekapacitet: 36 ml<\/p><p>Batterikapacitet: 550 mAh, uppladdningsbart via USB-C<\/p><p>Atomiseringsmotst\u00e5nd: Mesh-motst\u00e5nd p\u00e5 1,0 \u03a9, med h\u00e4nsyn till smak och volym av r\u00f6k.<\/p><p>Val av nikotinkoncentrationer: 0 %, 2 %, 3 %, 5 %<\/p><h2>Funktioner hos Bang King 30000 Bl\u00e5b\u00e4r Hallon &amp; Blandad m\u00f6glig frukt<\/h2><p>Funktion f\u00f6r dubbel smakv\u00e4xling: st\u00f6der tv\u00e5 olika funktioner f\u00f6r smakv\u00e4xling, enkel smakv\u00e4xling<\/p><p>Typ-C snabbladdning: ger snabbare laddning f\u00f6r det uppladdningsbara batteriet p\u00e5 550 mAh.<\/p><h2>F\u00f6rdelar med Bang King 30000 Bl\u00e5b\u00e4r Hallon &amp; Blandad m\u00f6glig frukt<\/h2><p>L\u00e4ttvikt: elektronisk cigarettdesign f\u00f6r eng\u00e5ngsbruk, inget behov av att tills\u00e4tta olja eller byta ut n\u00e4tmotst\u00e5ndet, l\u00e4tt att b\u00e4ra.<\/p><p>Utm\u00e4rkt autonomi: l\u00e4mplig f\u00f6r l\u00e5ngvarig anv\u00e4ndning, beh\u00f6ver inte laddas eller fyllas p\u00e5 med olja ofta.<\/p><p>Strukturell design: standard Stripformad kropp, behaglig k\u00e4nsla, l\u00e4tt att byta smak.<\/p><p>H\u00f6g kapacitet (36 ml olja + 550 mAh batteri), l\u00e5ng livsl\u00e4ngd.<\/p><p>Den dubbla smakv\u00e4xlingen ger en m\u00e4ngd olika smakupplevelser.<\/p><p>Mesh-motst\u00e5ndet f\u00f6rb\u00e4ttrar r\u00f6k och smak.<\/p><p>Snabb och bekv\u00e4m USB-C-laddning.<\/p>\t\t\t\t\t\t\t\t<\/div>\n\t\t\t\t<\/div>\n\t\t\t\t\t<\/div>\n\t\t\t\t<\/div>\n\t\t\t\t<\/div>","protected":false},"excerpt":{"rendered":"<p>Blueberry Raspberry &amp; Mixed Mouldy Fruit est l&rsquo;une des saveurs combin\u00e9es des cigarettes \u00e9lectroniques Bang King 30K. Cette combinaison de saveurs est unique\u00a0: l&rsquo;une est une s\u00e9rie de baies fra\u00eeches et sucr\u00e9es, l&rsquo;autre est un style ferment\u00e9 puissant avec des fruits moisis, un contraste saisissant mais une coordination inattendue. Ar\u00f4me Myrtille, Framboise Ar\u00f4me\u00a0: aigre-doux, la [&hellip;]<\/p>\n","protected":false},"featured_media":5974,"comment_status":"open","ping_status":"closed","template":"","meta":{"site-sidebar-layout":"no-sidebar","site-content-layout":"page-builder","ast-site-content-layout":"normal-width-container","site-content-style":"default","site-sidebar-style":"default","ast-global-header-display":"","ast-banner-title-visibility":"","ast-main-header-display":"","ast-hfb-above-header-display":"","ast-hfb-below-header-display":"","ast-hfb-mobile-header-display":"","site-post-title":"disabled","ast-breadcrumbs-content":"","ast-featured-img":"disabled","footer-sml-layout":"","ast-disable-related-posts":"","theme-transparent-header-meta":"default","adv-header-id-meta":"","stick-header-meta":"default","header-above-stick-meta":"","header-main-stick-meta":"","header-below-stick-meta":"","astra-migrate-meta-layouts":"set","ast-page-background-enabled":"default","ast-page-background-meta":{"desktop":{"background-color":"","background-image":"","background-repeat":"repeat","background-position":"center center","background-size":"auto","background-attachment":"scroll","background-type":"","background-media":"","overlay-type":"","overlay-color":"","overlay-opacity":"","overlay-gradient":""},"tablet":{"background-color":"","background-image":"","background-repeat":"repeat","background-position":"center center","background-size":"auto","background-attachment":"scroll","background-type":"","background-media":"","overlay-type":"","overlay-color":"","overlay-opacity":"","overlay-gradient":""},"mobile":{"background-color":"","background-image":"","background-repeat":"repeat","background-position":"center center","background-size":"auto","background-attachment":"scroll","background-type":"","background-media":"","overlay-type":"","overlay-color":"","overlay-opacity":"","overlay-gradient":""}},"ast-content-background-meta":{"desktop":{"background-color":"var(--ast-global-color-5)","background-image":"","background-repeat":"repeat","background-position":"center center","background-size":"auto","background-attachment":"scroll","background-type":"","background-media":"","overlay-type":"","overlay-color":"","overlay-opacity":"","overlay-gradient":""},"tablet":{"background-color":"var(--ast-global-color-5)","background-image":"","background-repeat":"repeat","background-position":"center center","background-size":"auto","background-attachment":"scroll","background-type":"","background-media":"","overlay-type":"","overlay-color":"","overlay-opacity":"","overlay-gradient":""},"mobile":{"background-color":"var(--ast-global-color-5)","background-image":"","background-repeat":"repeat","background-position":"center center","background-size":"auto","background-attachment":"scroll","background-type":"","background-media":"","overlay-type":"","overlay-color":"","overlay-opacity":"","overlay-gradient":""}}},"product_brand":[52],"product_cat":[55,86,15],"product_tag":[],"class_list":{"0":"post-6088","1":"product","2":"type-product","3":"status-publish","4":"has-post-thumbnail","6":"product_brand-bang-king","7":"product_cat-bang-king-30000-double-saveur-offre-jusqua-36ml-de-liquide","8":"product_cat-puff-30k","9":"product_cat-magasin-cigarette-electronique","10":"desktop-align-center","11":"tablet-align-center","12":"mobile-align-center","13":"ast-product-gallery-layout-horizontal","14":"ast-product-gallery-with-no-image","15":"ast-product-single-variable","16":"ast-product-tabs-layout-horizontal","17":"ast-qv-on-image","19":"first","20":"instock","21":"sale","22":"shipping-taxable","23":"purchasable","24":"product-type-variable","25":"has-default-attributes"},"tiered_pricing_type":"fixed","tiered_pricing_fixed_rules":{"50":7.33,"100":6.66},"tiered_pricing_product_settings":{"layout":"default","base_unit_name":{"singular":null,"plural":null},"default_variation":null},"tiered_pricing_minimum_quantity":null,"tiered_pricing_roles_data":[],"tiered_pricing_percentage_rules":[],"_links":{"self":[{"href":"https:\/\/puffvapestore.com\/sv\/wp-json\/wp\/v2\/product\/6088","targetHints":{"allow":["GET"]}}],"collection":[{"href":"https:\/\/puffvapestore.com\/sv\/wp-json\/wp\/v2\/product"}],"about":[{"href":"https:\/\/puffvapestore.com\/sv\/wp-json\/wp\/v2\/types\/product"}],"replies":[{"embeddable":true,"href":"https:\/\/puffvapestore.com\/sv\/wp-json\/wp\/v2\/comments?post=6088"}],"version-history":[{"count":7,"href":"https:\/\/puffvapestore.com\/sv\/wp-json\/wp\/v2\/product\/6088\/revisions"}],"predecessor-version":[{"id":6231,"href":"https:\/\/puffvapestore.com\/sv\/wp-json\/wp\/v2\/product\/6088\/revisions\/6231"}],"wp:featuredmedia":[{"embeddable":true,"href":"https:\/\/puffvapestore.com\/sv\/wp-json\/wp\/v2\/media\/5974"}],"wp:attachment":[{"href":"https:\/\/puffvapestore.com\/sv\/wp-json\/wp\/v2\/media?parent=6088"}],"wp:term":[{"taxonomy":"product_brand","embeddable":true,"href":"https:\/\/puffvapestore.com\/sv\/wp-json\/wp\/v2\/product_brand?post=6088"},{"taxonomy":"product_cat","embeddable":true,"href":"https:\/\/puffvapestore.com\/sv\/wp-json\/wp\/v2\/product_cat?post=6088"},{"taxonomy":"product_tag","embeddable":true,"href":"https:\/\/puffvapestore.com\/sv\/wp-json\/wp\/v2\/product_tag?post=6088"}],"curies":[{"name":"wp","href":"https:\/\/api.w.org\/{rel}","templated":true}]}}