{"id":6077,"date":"2025-07-30T06:22:38","date_gmt":"2025-07-30T06:22:38","guid":{"rendered":"https:\/\/puffvapestore.com\/?post_type=product&#038;p=6077"},"modified":"2026-01-19T10:36:10","modified_gmt":"2026-01-19T10:36:10","slug":"bang-king-30k-watermelon-ice-blueberry-mint-offre-un-equilibre-parfait-entre","status":"publish","type":"product","link":"https:\/\/puffvapestore.com\/sv\/product\/bang-king-30k-vattenmelon-is-blabar-mint-erbjuder-en-perfekt-balans-mellan\/","title":{"rendered":"Bang King 30K - Vattenmelonis och bl\u00e5b\u00e4rsmynta"},"content":{"rendered":"<div data-elementor-type=\"wp-post\" data-elementor-id=\"6077\" class=\"elementor elementor-6077\">\n\t\t\t\t<div class=\"elementor-element elementor-element-08c26f9 e-flex e-con-boxed e-con e-parent\" data-id=\"08c26f9\" data-element_type=\"container\" data-e-type=\"container\">\n\t\t\t\t\t<div class=\"e-con-inner\">\n\t\t\t\t<div class=\"elementor-element elementor-element-a005a97 elementor-widget elementor-widget-text-editor\" data-id=\"a005a97\" data-element_type=\"widget\" data-e-type=\"widget\" data-widget_type=\"text-editor.default\">\n\t\t\t\t<div class=\"elementor-widget-container\">\n\t\t\t\t\t\t\t\t\t<p>Iced Watermelon &amp; Blueberry Mint-smaken p\u00e5 den elektroniska cigaretten Bang King 30K \u00e4r en blandning av frukt och mynta, vilket ger en perfekt balans mellan en s\u00f6t fruktig smak och en isig smak.<\/p><h2>Arom f\u00f6r frusen vattenmelon<\/h2><p>Fruktig och s\u00f6t: Inspirerad av den mogna, saftiga vattenmelonen \u00e4r dess s\u00f6tma tydlig fr\u00e5n f\u00f6rsta smaken, utan att vara f\u00f6r uttalad, som om du skulle bita i en isad vattenmelon.<\/p><p>Iced-f\u00f6rgyllning: Den ger en subtil k\u00e4nsla av friskhet, som om ett tunt lager av uppfriskande isbitar hade lagts till. Eftersmaken \u00e4r frisk utan att irritera halsen och bevarar fruktens naturliga doft och s\u00f6tma.<\/p><h2>Smak av bl\u00e5b\u00e4r och mint<\/h2><p>S\u00f6tsyrligt bl\u00e5b\u00e4r: Bl\u00e5b\u00e4rsaromen \u00e4r s\u00f6t och v\u00e4ldoftande, med en balans mellan s\u00f6tt och syrligt, varken f\u00f6r surt eller f\u00f6r s\u00f6tt, vilket bevarar den naturliga rikedomen i den fruktiga smaken.<\/p><p>Kall mynta: Eftersmaken ger en uppfriskande, sval, l\u00e4tt och behaglig mentolk\u00e4nsla som ger en friskhet i gommen.<\/p><h2>Upplev en smakf\u00f6r\u00e4ndring<\/h2><p>Gradvis kombination: Du kan f\u00f6rst njuta av den s\u00f6ta isiga vattenmelonen, med en l\u00e4tt isig k\u00e4nsla i munnen, och sedan g\u00e5 vidare till den friska eftersmaken av mynta och bl\u00e5b\u00e4r, perfekt f\u00f6r sommaren, med omv\u00e4xlande friskhet och fruktiga aromer och en stark stimulerande k\u00e4nsla.<\/p><h2>Specifikationer f\u00f6r Bang King 30000 Watermelon Ice &amp; Blueberry Mint<\/h2><p>Antal puffar: Varje elektronisk cigarett ger upp till 30 000 puffar.<\/p><p>V\u00e4tskekapacitet: 36 ml<\/p><p>Batterikapacitet: 550 mAh, uppladdningsbart via USB-C<\/p><p>Atomiseringsmotst\u00e5nd: Mesh-motst\u00e5nd p\u00e5 1,0 \u03a9, med h\u00e4nsyn till smak och volym av r\u00f6k.<\/p><p>Val av nikotinkoncentrationer: 0 %, 2 %, 3 %, 5 %<\/p><h2>Funktioner f\u00f6r Bang King 30000 Watermelon Ice &amp; Blueberry Mint<\/h2><p>Funktion f\u00f6r dubbel smakv\u00e4xling: st\u00f6der tv\u00e5 olika funktioner f\u00f6r smakv\u00e4xling, enkel smakv\u00e4xling<\/p><p>Typ-C snabbladdning: ger snabbare laddning f\u00f6r det uppladdningsbara batteriet p\u00e5 550 mAh.<\/p><h2>F\u00f6rdelar med Bang King 30000<\/h2><p>L\u00e4ttvikt: elektronisk cigarettdesign f\u00f6r eng\u00e5ngsbruk, inget behov av att tills\u00e4tta olja eller byta ut n\u00e4tmotst\u00e5ndet, l\u00e4tt att b\u00e4ra.<\/p><p>Utm\u00e4rkt autonomi: l\u00e4mplig f\u00f6r l\u00e5ngvarig anv\u00e4ndning, beh\u00f6ver inte laddas eller fyllas p\u00e5 med olja ofta.<\/p><p>Strukturell design: standard Stripformad kropp, behaglig k\u00e4nsla, l\u00e4tt att byta smak.<\/p><p>H\u00f6g kapacitet (36 ml olja + 550 mAh batteri), l\u00e5ng livsl\u00e4ngd.<\/p><p>Den dubbla smakv\u00e4xlingen ger en m\u00e4ngd olika smakupplevelser.<\/p><p>Mesh-motst\u00e5ndet f\u00f6rb\u00e4ttrar r\u00f6k och smak.<\/p><p>Snabb och bekv\u00e4m USB-C-laddning.<\/p>\t\t\t\t\t\t\t\t<\/div>\n\t\t\t\t<\/div>\n\t\t\t\t\t<\/div>\n\t\t\t\t<\/div>\n\t\t\t\t<\/div>","protected":false},"excerpt":{"rendered":"<p>L&rsquo;ar\u00f4me Past\u00e8que Glac\u00e9e &amp; Menthe Myrtille de la cigarette \u00e9lectronique Bang King 30K est un m\u00e9lange de fruits et de menthe, privil\u00e9giant un \u00e9quilibre parfait entre un ar\u00f4me fruit\u00e9 sucr\u00e9 et un go\u00fbt glac\u00e9. Ar\u00f4me Past\u00e8que Glac\u00e9e Fruit et sucr\u00e9\u00a0: Inspir\u00e9 de la past\u00e8que m\u00fbre et juteuse, sa douceur est \u00e9vidente d\u00e8s la premi\u00e8re d\u00e9gustation, [&hellip;]<\/p>\n","protected":false},"featured_media":5982,"comment_status":"open","ping_status":"closed","template":"","meta":{"site-sidebar-layout":"no-sidebar","site-content-layout":"page-builder","ast-site-content-layout":"normal-width-container","site-content-style":"default","site-sidebar-style":"default","ast-global-header-display":"","ast-banner-title-visibility":"","ast-main-header-display":"","ast-hfb-above-header-display":"","ast-hfb-below-header-display":"","ast-hfb-mobile-header-display":"","site-post-title":"disabled","ast-breadcrumbs-content":"","ast-featured-img":"disabled","footer-sml-layout":"","ast-disable-related-posts":"","theme-transparent-header-meta":"default","adv-header-id-meta":"","stick-header-meta":"default","header-above-stick-meta":"","header-main-stick-meta":"","header-below-stick-meta":"","astra-migrate-meta-layouts":"set","ast-page-background-enabled":"default","ast-page-background-meta":{"desktop":{"background-color":"","background-image":"","background-repeat":"repeat","background-position":"center center","background-size":"auto","background-attachment":"scroll","background-type":"","background-media":"","overlay-type":"","overlay-color":"","overlay-opacity":"","overlay-gradient":""},"tablet":{"background-color":"","background-image":"","background-repeat":"repeat","background-position":"center center","background-size":"auto","background-attachment":"scroll","background-type":"","background-media":"","overlay-type":"","overlay-color":"","overlay-opacity":"","overlay-gradient":""},"mobile":{"background-color":"","background-image":"","background-repeat":"repeat","background-position":"center center","background-size":"auto","background-attachment":"scroll","background-type":"","background-media":"","overlay-type":"","overlay-color":"","overlay-opacity":"","overlay-gradient":""}},"ast-content-background-meta":{"desktop":{"background-color":"var(--ast-global-color-5)","background-image":"","background-repeat":"repeat","background-position":"center center","background-size":"auto","background-attachment":"scroll","background-type":"","background-media":"","overlay-type":"","overlay-color":"","overlay-opacity":"","overlay-gradient":""},"tablet":{"background-color":"var(--ast-global-color-5)","background-image":"","background-repeat":"repeat","background-position":"center center","background-size":"auto","background-attachment":"scroll","background-type":"","background-media":"","overlay-type":"","overlay-color":"","overlay-opacity":"","overlay-gradient":""},"mobile":{"background-color":"var(--ast-global-color-5)","background-image":"","background-repeat":"repeat","background-position":"center center","background-size":"auto","background-attachment":"scroll","background-type":"","background-media":"","overlay-type":"","overlay-color":"","overlay-opacity":"","overlay-gradient":""}}},"product_brand":[52],"product_cat":[55,86,15],"product_tag":[],"class_list":{"0":"post-6077","1":"product","2":"type-product","3":"status-publish","4":"has-post-thumbnail","6":"product_brand-bang-king","7":"product_cat-bang-king-30000-double-saveur-offre-jusqua-36ml-de-liquide","8":"product_cat-puff-30k","9":"product_cat-magasin-cigarette-electronique","10":"desktop-align-center","11":"tablet-align-center","12":"mobile-align-center","13":"ast-product-gallery-layout-horizontal","14":"ast-product-gallery-with-no-image","15":"ast-product-single-variable","16":"ast-product-tabs-layout-horizontal","17":"ast-qv-on-image","19":"first","20":"instock","21":"sale","22":"shipping-taxable","23":"purchasable","24":"product-type-variable","25":"has-default-attributes"},"tiered_pricing_type":"fixed","tiered_pricing_fixed_rules":{"50":7.33,"100":6.66},"tiered_pricing_product_settings":{"layout":"default","base_unit_name":{"singular":null,"plural":null},"default_variation":null},"tiered_pricing_minimum_quantity":null,"tiered_pricing_roles_data":[],"tiered_pricing_percentage_rules":[],"_links":{"self":[{"href":"https:\/\/puffvapestore.com\/sv\/wp-json\/wp\/v2\/product\/6077","targetHints":{"allow":["GET"]}}],"collection":[{"href":"https:\/\/puffvapestore.com\/sv\/wp-json\/wp\/v2\/product"}],"about":[{"href":"https:\/\/puffvapestore.com\/sv\/wp-json\/wp\/v2\/types\/product"}],"replies":[{"embeddable":true,"href":"https:\/\/puffvapestore.com\/sv\/wp-json\/wp\/v2\/comments?post=6077"}],"version-history":[{"count":7,"href":"https:\/\/puffvapestore.com\/sv\/wp-json\/wp\/v2\/product\/6077\/revisions"}],"predecessor-version":[{"id":6230,"href":"https:\/\/puffvapestore.com\/sv\/wp-json\/wp\/v2\/product\/6077\/revisions\/6230"}],"wp:featuredmedia":[{"embeddable":true,"href":"https:\/\/puffvapestore.com\/sv\/wp-json\/wp\/v2\/media\/5982"}],"wp:attachment":[{"href":"https:\/\/puffvapestore.com\/sv\/wp-json\/wp\/v2\/media?parent=6077"}],"wp:term":[{"taxonomy":"product_brand","embeddable":true,"href":"https:\/\/puffvapestore.com\/sv\/wp-json\/wp\/v2\/product_brand?post=6077"},{"taxonomy":"product_cat","embeddable":true,"href":"https:\/\/puffvapestore.com\/sv\/wp-json\/wp\/v2\/product_cat?post=6077"},{"taxonomy":"product_tag","embeddable":true,"href":"https:\/\/puffvapestore.com\/sv\/wp-json\/wp\/v2\/product_tag?post=6077"}],"curies":[{"name":"wp","href":"https:\/\/api.w.org\/{rel}","templated":true}]}}