{"id":6065,"date":"2025-07-30T03:07:02","date_gmt":"2025-07-30T03:07:02","guid":{"rendered":"https:\/\/puffvapestore.com\/?post_type=product&#038;p=6065"},"modified":"2026-01-19T10:36:11","modified_gmt":"2026-01-19T10:36:11","slug":"bang-king-30k-blueberry-raspberry-peach-mango-watermelon-une-surprise-pour-vos-papilles","status":"publish","type":"product","link":"https:\/\/puffvapestore.com\/sv\/product\/bang-king-30k-blabar-hallon-persika-mango-vattenmelon-en-overraskning-for-dina-smaklokar\/","title":{"rendered":"Bang King 30K - Bl\u00e5b\u00e4r Hallon &amp; Persika Mango Vattenmelon"},"content":{"rendered":"<div data-elementor-type=\"wp-post\" data-elementor-id=\"6065\" class=\"elementor elementor-6065\">\n\t\t\t\t<div class=\"elementor-element elementor-element-08c26f9 e-flex e-con-boxed e-con e-parent\" data-id=\"08c26f9\" data-element_type=\"container\" data-e-type=\"container\">\n\t\t\t\t\t<div class=\"e-con-inner\">\n\t\t\t\t<div class=\"elementor-element elementor-element-a005a97 elementor-widget elementor-widget-text-editor\" data-id=\"a005a97\" data-element_type=\"widget\" data-e-type=\"widget\" data-widget_type=\"text-editor.default\">\n\t\t\t\t<div class=\"elementor-widget-container\">\n\t\t\t\t\t\t\t\t\t<p>Bang King 30000 Blueberry Raspberry &amp; Peach Mango Watermelon \u00e4r ingen vanlig elektronisk cigarett. Dess dubbla smak \u00e4r utformad f\u00f6r dem som \u00e4lskar livet och letar efter en f\u00f6r\u00e4ndring. Utan att byta enhet kan du navigera fritt mellan tv\u00e5 helt olika fruktiga v\u00e4rldar, som om du kunde byta destination under resan och erbjuda dina smakl\u00f6kar st\u00e4ndiga \u00f6verraskningar.<\/p><h2>Bl\u00e5b\u00e4r Hallon<\/h2><p>Denna b\u00e4rbaserade smak erbjuder en komplex, komplex smak.<\/p><p>Bl\u00e5b\u00e4r: rik, s\u00f6t arom med en touch av naturlig jordighet. R\u00f6ken \u00e4r mjuk i gommen och full av fruktiga smaker som p\u00e5minner om s\u00f6tman i mogna bl\u00e5b\u00e4r.<\/p><p>Hallon: Till skillnad fr\u00e5n bl\u00e5b\u00e4r har hallon en utpr\u00e4glad syrlig smak som ger vitalitet \u00e5t helheten.<\/p><p>Anslaget \u00e4r mjukt, f\u00f6ljt av uppfriskande syra p\u00e5 mellanpaletten, innan det avslutas med en l\u00e4tt b\u00e4rsmak och subtil balans.<\/p><h2>Persika, mango och vattenmelon<\/h2><p>Denna blandning av tropiska frukter har en fyllig, saftig och s\u00f6t smak.<\/p><p>Persika: Anfallet \u00e4r uttalat, mjukt och mjukt, med bra k\u00f6tt och en naturlig fruktig arom som p\u00e5minner om f\u00e4rska persikor.<\/p><p>Mango: Attacken \u00e4r markerad, med den tropiska smaken av mogen mango och en antydan till mj\u00f6lkig kr\u00e4mighet, som avrundar helheten.<\/p><p>Vattenmelon: Detta kommer igenom p\u00e5 finishen, vilket ger en uppfriskande vattnig k\u00e4nsla som tempererar fettet, med en m\u00e5ttlig s\u00f6tma, vilket ger toner till helheten.<\/p><p>R\u00f6ken \u00e4r rik och s\u00f6t p\u00e5 attacken, och de tre frukterna blandar sig harmoniskt, utan abrupt, s\u00f6t men inte fet. L\u00e4mplig f\u00f6r anv\u00e4ndare som tycker om smakerna i juicer f\u00f6r elektroniska cigaretter.<\/p><h2>Specifikationer f\u00f6r Bang King 30000 Bl\u00e5b\u00e4r Hallon &amp; Persika Mango Vattenmelon<\/h2><p>Antal puffar: Varje elektronisk cigarett ger upp till 30 000 puffar.<\/p><p>V\u00e4tskekapacitet: 36 ml<\/p><p>Batterikapacitet: 550 mAh, uppladdningsbart via USB-C<\/p><p>Atomiseringsmotst\u00e5nd: Mesh-motst\u00e5nd p\u00e5 1,0 \u03a9, med h\u00e4nsyn till smak och volym av r\u00f6k.<\/p><p>Val av nikotinkoncentrationer: 0 %, 2 %, 3 %, 5 %<\/p><h2>Funktioner hos Bang King 30000 Bl\u00e5b\u00e4r Hallon &amp; Persika Mango Vattenmelon<\/h2><p>Funktion f\u00f6r dubbel smakv\u00e4xling: st\u00f6der tv\u00e5 olika funktioner f\u00f6r smakv\u00e4xling, enkel smakv\u00e4xling<\/p><p>Typ-C snabbladdning: ger snabbare laddning f\u00f6r det uppladdningsbara batteriet p\u00e5 550 mAh.<\/p><h2>F\u00f6rdelar med Bang King 30000 Bl\u00e5b\u00e4r Hallon &amp; Persika Mango Vattenmelon<\/h2><p>L\u00e4ttvikt: elektronisk cigarettdesign f\u00f6r eng\u00e5ngsbruk, inget behov av att tills\u00e4tta olja eller byta ut n\u00e4tmotst\u00e5ndet, l\u00e4tt att b\u00e4ra.<\/p><p>Utm\u00e4rkt autonomi: l\u00e4mplig f\u00f6r l\u00e5ngvarig anv\u00e4ndning, beh\u00f6ver inte laddas eller fyllas p\u00e5 med olja ofta.<\/p><p>Strukturell design: standard Stripformad kropp, behaglig k\u00e4nsla, l\u00e4tt att byta smak.<\/p><p>H\u00f6g kapacitet (36 ml olja + 550 mAh batteri), l\u00e5ng livsl\u00e4ngd.<\/p><p>Den dubbla smakv\u00e4xlingen ger en m\u00e4ngd olika smakupplevelser.<\/p><p>Mesh-motst\u00e5ndet f\u00f6rb\u00e4ttrar r\u00f6k och smak.<\/p><p>Snabb och bekv\u00e4m USB-C-laddning.<\/p>\t\t\t\t\t\t\t\t<\/div>\n\t\t\t\t<\/div>\n\t\t\t\t\t<\/div>\n\t\t\t\t<\/div>\n\t\t\t\t<\/div>","protected":false},"excerpt":{"rendered":"<p>La Bang King 30000 Blueberry Raspberry &amp; Peach Mango Watermelon n&rsquo;est pas une cigarette \u00e9lectronique ordinaire. Son double ar\u00f4me est con\u00e7u pour ceux qui aiment la vie et recherchent le changement. Sans changer d&rsquo;appareil, vous pouvez naviguer librement entre deux univers fruit\u00e9s compl\u00e8tement diff\u00e9rents, comme si vous pouviez changer de destination au cours du voyage, [&hellip;]<\/p>\n","protected":false},"featured_media":5975,"comment_status":"open","ping_status":"closed","template":"","meta":{"site-sidebar-layout":"no-sidebar","site-content-layout":"page-builder","ast-site-content-layout":"normal-width-container","site-content-style":"default","site-sidebar-style":"default","ast-global-header-display":"","ast-banner-title-visibility":"","ast-main-header-display":"","ast-hfb-above-header-display":"","ast-hfb-below-header-display":"","ast-hfb-mobile-header-display":"","site-post-title":"disabled","ast-breadcrumbs-content":"","ast-featured-img":"disabled","footer-sml-layout":"","ast-disable-related-posts":"","theme-transparent-header-meta":"default","adv-header-id-meta":"","stick-header-meta":"default","header-above-stick-meta":"","header-main-stick-meta":"","header-below-stick-meta":"","astra-migrate-meta-layouts":"set","ast-page-background-enabled":"default","ast-page-background-meta":{"desktop":{"background-color":"","background-image":"","background-repeat":"repeat","background-position":"center center","background-size":"auto","background-attachment":"scroll","background-type":"","background-media":"","overlay-type":"","overlay-color":"","overlay-opacity":"","overlay-gradient":""},"tablet":{"background-color":"","background-image":"","background-repeat":"repeat","background-position":"center center","background-size":"auto","background-attachment":"scroll","background-type":"","background-media":"","overlay-type":"","overlay-color":"","overlay-opacity":"","overlay-gradient":""},"mobile":{"background-color":"","background-image":"","background-repeat":"repeat","background-position":"center center","background-size":"auto","background-attachment":"scroll","background-type":"","background-media":"","overlay-type":"","overlay-color":"","overlay-opacity":"","overlay-gradient":""}},"ast-content-background-meta":{"desktop":{"background-color":"var(--ast-global-color-5)","background-image":"","background-repeat":"repeat","background-position":"center center","background-size":"auto","background-attachment":"scroll","background-type":"","background-media":"","overlay-type":"","overlay-color":"","overlay-opacity":"","overlay-gradient":""},"tablet":{"background-color":"var(--ast-global-color-5)","background-image":"","background-repeat":"repeat","background-position":"center center","background-size":"auto","background-attachment":"scroll","background-type":"","background-media":"","overlay-type":"","overlay-color":"","overlay-opacity":"","overlay-gradient":""},"mobile":{"background-color":"var(--ast-global-color-5)","background-image":"","background-repeat":"repeat","background-position":"center center","background-size":"auto","background-attachment":"scroll","background-type":"","background-media":"","overlay-type":"","overlay-color":"","overlay-opacity":"","overlay-gradient":""}}},"product_brand":[52],"product_cat":[55,86,15],"product_tag":[],"class_list":{"0":"post-6065","1":"product","2":"type-product","3":"status-publish","4":"has-post-thumbnail","6":"product_brand-bang-king","7":"product_cat-bang-king-30000-double-saveur-offre-jusqua-36ml-de-liquide","8":"product_cat-puff-30k","9":"product_cat-magasin-cigarette-electronique","10":"desktop-align-center","11":"tablet-align-center","12":"mobile-align-center","13":"ast-product-gallery-layout-horizontal","14":"ast-product-gallery-with-no-image","15":"ast-product-single-variable","16":"ast-product-tabs-layout-horizontal","17":"ast-qv-on-image","19":"first","20":"instock","21":"sale","22":"shipping-taxable","23":"purchasable","24":"product-type-variable","25":"has-default-attributes"},"tiered_pricing_type":"fixed","tiered_pricing_fixed_rules":{"50":7.33,"100":6.66},"tiered_pricing_product_settings":{"layout":"default","base_unit_name":{"singular":null,"plural":null},"default_variation":null},"tiered_pricing_minimum_quantity":null,"tiered_pricing_roles_data":[],"tiered_pricing_percentage_rules":[],"_links":{"self":[{"href":"https:\/\/puffvapestore.com\/sv\/wp-json\/wp\/v2\/product\/6065","targetHints":{"allow":["GET"]}}],"collection":[{"href":"https:\/\/puffvapestore.com\/sv\/wp-json\/wp\/v2\/product"}],"about":[{"href":"https:\/\/puffvapestore.com\/sv\/wp-json\/wp\/v2\/types\/product"}],"replies":[{"embeddable":true,"href":"https:\/\/puffvapestore.com\/sv\/wp-json\/wp\/v2\/comments?post=6065"}],"version-history":[{"count":7,"href":"https:\/\/puffvapestore.com\/sv\/wp-json\/wp\/v2\/product\/6065\/revisions"}],"predecessor-version":[{"id":6229,"href":"https:\/\/puffvapestore.com\/sv\/wp-json\/wp\/v2\/product\/6065\/revisions\/6229"}],"wp:featuredmedia":[{"embeddable":true,"href":"https:\/\/puffvapestore.com\/sv\/wp-json\/wp\/v2\/media\/5975"}],"wp:attachment":[{"href":"https:\/\/puffvapestore.com\/sv\/wp-json\/wp\/v2\/media?parent=6065"}],"wp:term":[{"taxonomy":"product_brand","embeddable":true,"href":"https:\/\/puffvapestore.com\/sv\/wp-json\/wp\/v2\/product_brand?post=6065"},{"taxonomy":"product_cat","embeddable":true,"href":"https:\/\/puffvapestore.com\/sv\/wp-json\/wp\/v2\/product_cat?post=6065"},{"taxonomy":"product_tag","embeddable":true,"href":"https:\/\/puffvapestore.com\/sv\/wp-json\/wp\/v2\/product_tag?post=6065"}],"curies":[{"name":"wp","href":"https:\/\/api.w.org\/{rel}","templated":true}]}}