{"id":6002,"date":"2025-07-29T13:39:34","date_gmt":"2025-07-29T13:39:34","guid":{"rendered":"https:\/\/puffvapestore.com\/?post_type=product&#038;p=6002"},"modified":"2026-01-19T10:36:10","modified_gmt":"2026-01-19T10:36:10","slug":"bang-king-30000-resistance-mesh-et-une-batterie-rechargeable","status":"publish","type":"product","link":"https:\/\/puffvapestore.com\/sv\/product\/bang-king-30000-mesh-motstand-och-uppladdningsbart-batteri\/","title":{"rendered":"Bang King 30000: 36 ml e-v\u00e4tska, n\u00e4tmotst\u00e5nd, valfria nikotinkoncentrationer: 0 %, 2 %, 3 %, 5 %"},"content":{"rendered":"<div data-elementor-type=\"wp-post\" data-elementor-id=\"6002\" class=\"elementor elementor-6002\">\n\t\t\t\t<div class=\"elementor-element elementor-element-08c26f9 e-flex e-con-boxed e-con e-parent\" data-id=\"08c26f9\" data-element_type=\"container\" data-e-type=\"container\">\n\t\t\t\t\t<div class=\"e-con-inner\">\n\t\t\t\t<div class=\"elementor-element elementor-element-a005a97 elementor-widget elementor-widget-text-editor\" data-id=\"a005a97\" data-element_type=\"widget\" data-e-type=\"widget\" data-widget_type=\"text-editor.default\">\n\t\t\t\t<div class=\"elementor-widget-container\">\n\t\t\t\t\t\t\t\t\t<h2>Specifikationer f\u00f6r Bang King 30000<\/h2><p>Antal puffar: Varje elektronisk cigarett ger upp till 30 000 puffar.<\/p><p>V\u00e4tskekapacitet: 36 ml<\/p><p>Batterikapacitet: 550 mAh, uppladdningsbart via USB-C<\/p><p>Atomiseringsmotst\u00e5nd: Mesh-motst\u00e5nd p\u00e5 1,0 \u03a9, med h\u00e4nsyn till smak och volym av r\u00f6k.<\/p><p>Val av nikotinkoncentrationer: 0 %, 2 %, 3 %, 5 %<\/p><h2>Funktioner f\u00f6r Bang King 30000<\/h2><p>Funktion f\u00f6r dubbel smakv\u00e4xling: st\u00f6der tv\u00e5 olika funktioner f\u00f6r smakv\u00e4xling, enkel smakv\u00e4xling<\/p><p>Typ-C snabbladdning: ger snabbare laddning f\u00f6r det uppladdningsbara batteriet p\u00e5 550 mAh.<\/p><h2>F\u00f6rdelar med Bang King 30000<\/h2><p>L\u00e4ttvikt: elektronisk cigarettdesign f\u00f6r eng\u00e5ngsbruk, inget behov av att tills\u00e4tta olja eller byta ut n\u00e4tmotst\u00e5ndet, l\u00e4tt att b\u00e4ra.<\/p><p>Utm\u00e4rkt autonomi: l\u00e4mplig f\u00f6r l\u00e5ngvarig anv\u00e4ndning, beh\u00f6ver inte laddas eller fyllas p\u00e5 med olja ofta.<\/p><p>Strukturell design: standard Stripformad kropp, behaglig k\u00e4nsla, l\u00e4tt att byta smak.<\/p><p>H\u00f6g kapacitet (36 ml olja + 550 mAh batteri), l\u00e5ng livsl\u00e4ngd.<\/p><p>Den dubbla smakv\u00e4xlingen ger en m\u00e4ngd olika smakupplevelser.<\/p><p>Mesh-motst\u00e5ndet f\u00f6rb\u00e4ttrar r\u00f6k och smak.<\/p><p>Snabb och bekv\u00e4m USB-C-laddning.<\/p><h2>Bang King 30000 dual flavour erbjuder 12 unika smakkombinationer<\/h2><p>Den elektroniska cigaretten Bang King 30000 dual flavour erbjuder 12 unika smakkombinationer f\u00f6r att tillfredsst\u00e4lla alla smaker. Varje elektronisk cigarett inneh\u00e5ller 36 ml e-v\u00e4tska med h\u00f6g kapacitet och ger 30000 r\u00f6kpustar. Dessa smaker \u00e4r utformade med ett dubbelt smakv\u00e4xlingssystem, s\u00e5 att anv\u00e4ndarna kan njuta av tv\u00e5 helt olika smaker i en enda elektronisk cigarett. Med ett n\u00e4tmotst\u00e5nd p\u00e5 1,0 ohm och ett uppladdningsbart batteri p\u00e5 550 mAh garanterar den en j\u00e4mn och l\u00e5ngvarig smak. Oavsett om du f\u00f6redrar uppfriskande, s\u00f6ta eller originella smaker, erbjuder Bang King 30K dig ett brett urval.<\/p><h3>Uppfriskande fruktig kategori:<\/h3><p>\u00abWatermelon Ice &amp; Blueberry Mint: Fryst vattenmelon erbjuder den s\u00f6ta, saftiga smaken av vattenmelon, kombinerad med friskhet och s\u00f6tma fr\u00e5n bl\u00e5b\u00e4rsmynta, f\u00f6r en k\u00e4nsla av sommarfr\u00e4schhet.<\/p><p>\u00abBlueberry Ice &amp; Black Dragon Ice: Isade bl\u00e5b\u00e4r kombineras med den mystiska smaken av svart drakfrukt. Bl\u00e5b\u00e4rets s\u00f6ta syra och drakfruktens unika smak kompletterar varandra p\u00e5 ett harmoniskt s\u00e4tt och ger en f\u00f6rtrollande isig eftersmak.<\/p><p>\u00abStrawberry Kiwi &amp; Peach Ice: Den s\u00f6tsyrliga sammansm\u00e4ltningen av jordgubbskivi och den fruktiga aromen och fr\u00e4sch\u00f6ren fr\u00e5n persikois ger en fyllig smak, perfekt f\u00f6r alla som gillar uppfriskande fruktiga smaker.<\/p><h3>S\u00f6t och fruktig kategori:<\/h3><p>Blueberry Ice &amp; Strawberry And Banana: S\u00f6tsur bl\u00e5b\u00e4rsglass blandas med den kr\u00e4miga s\u00f6tman fr\u00e5n jordgubbsbanan, med en touch av s\u00f6t friskhet, perfekt f\u00f6r dem med en s\u00f6t tand.<\/p><p>Strawberry Watermelon &amp; Kiwi Passion Fruit Guava: Den s\u00f6ta smaken av jordgubbsvattenmelon blandas med de tropiska smakerna av kiwi, passionsfrukt och guava f\u00f6r en rik fruktig fest.<\/p><p>Watermelon Ice &amp; Strawberry And Mango: Den uppfriskande smaken av vattenmelonglass kombineras med den tropiska smaken av jordgubbsmango, s\u00f6t men inte fet, f\u00f6r ett of\u00f6rgl\u00f6mligt \u00f6gonblick.<\/p><p>\u00abBlueberry Raspberry &amp; Peach Mango Watermelon: Syran fr\u00e5n bl\u00e5b\u00e4r och hallon blandas med de tropiska smakerna fr\u00e5n persika, mango och vattenmelon f\u00f6r en rik, subtil fruktig arom.<\/p><p>\u00abStrawberry and Watermelon &amp; Grape Ice: S\u00f6tman fr\u00e5n jordgubbar och vattenmelon kombineras med den friska, fruktiga smaken av isade vindruvor f\u00f6r att skapa en balanserad upplevelse av s\u00f6tma och friskhet.<\/p><h3>En unik och kreativ kategori:<\/h3><p>\u00abRed Bull &amp; Blueberry Watermelon: Den unika stimuleringen fr\u00e5n energidrycken Red Bull kombineras med den s\u00f6ta, fruktiga smaken av bl\u00e5b\u00e4r och vattenmelon f\u00f6r en livfull r\u00f6kupplevelse.<\/p><p>\u00abRed Bull &amp; Watermelon Bubble Candy: Den uppfriskande smaken av Red Bull kombineras med s\u00f6tman fr\u00e5n vattenmelontuggummi f\u00f6r en originell och behaglig smak.<\/p><p>\u00abBlueberry Raspberry &amp; Mixed Mouldy Fruit: Den klassiska fruktiga smaken av bl\u00e5b\u00e4r och hallon kombineras med den unika aromen av fermenterad frukt f\u00f6r att skapa en ny smakupplevelse, perfekt f\u00f6r vapers som letar efter n\u00e5got nytt.<\/p><p>\u2018Strawberry Kiwi &amp; Sour Apple Raspberry\u2019: Den s\u00f6ta smaken av jordgubbskivi kombineras med den l\u00e4tt syrliga fruktiga smaken av sura \u00e4pplehallon, med en balanserad s\u00f6t och syrlig smak som \u00e4r sp\u00e4nnande.<\/p>\t\t\t\t\t\t\t\t<\/div>\n\t\t\t\t<\/div>\n\t\t\t\t\t<\/div>\n\t\t\t\t<\/div>\n\t\t\t\t<\/div>","protected":false},"excerpt":{"rendered":"<p>Sp\u00e9cifications de la Bang King 30000 Nombre de bouff\u00e9es\u00a0: Chaque cigarette \u00e9lectronique offre jusqu\u2019\u00e0 30000 bouff\u00e9es. Capacit\u00e9 en liquide\u00a0: 36\u00a0ml Capacit\u00e9 de la batterie\u00a0: 550\u00a0mAh, rechargeable par USB-C R\u00e9sistance d\u2019atomisation\u00a0: R\u00e9sistance mesh de 1,0\u00a0\u03a9, prenant en compte le go\u00fbt et le volume de fum\u00e9e. Concentration de nicotine au choix\u00a0: 0\u00a0%, 2\u00a0%, 3\u00a0%, 5\u00a0% Fonctions de [&hellip;]<\/p>\n","protected":false},"featured_media":5987,"comment_status":"open","ping_status":"closed","template":"","meta":{"site-sidebar-layout":"no-sidebar","site-content-layout":"page-builder","ast-site-content-layout":"normal-width-container","site-content-style":"default","site-sidebar-style":"default","ast-global-header-display":"","ast-banner-title-visibility":"","ast-main-header-display":"","ast-hfb-above-header-display":"","ast-hfb-below-header-display":"","ast-hfb-mobile-header-display":"","site-post-title":"disabled","ast-breadcrumbs-content":"","ast-featured-img":"disabled","footer-sml-layout":"","ast-disable-related-posts":"","theme-transparent-header-meta":"default","adv-header-id-meta":"","stick-header-meta":"default","header-above-stick-meta":"","header-main-stick-meta":"","header-below-stick-meta":"","astra-migrate-meta-layouts":"set","ast-page-background-enabled":"default","ast-page-background-meta":{"desktop":{"background-color":"","background-image":"","background-repeat":"repeat","background-position":"center center","background-size":"auto","background-attachment":"scroll","background-type":"","background-media":"","overlay-type":"","overlay-color":"","overlay-opacity":"","overlay-gradient":""},"tablet":{"background-color":"","background-image":"","background-repeat":"repeat","background-position":"center center","background-size":"auto","background-attachment":"scroll","background-type":"","background-media":"","overlay-type":"","overlay-color":"","overlay-opacity":"","overlay-gradient":""},"mobile":{"background-color":"","background-image":"","background-repeat":"repeat","background-position":"center center","background-size":"auto","background-attachment":"scroll","background-type":"","background-media":"","overlay-type":"","overlay-color":"","overlay-opacity":"","overlay-gradient":""}},"ast-content-background-meta":{"desktop":{"background-color":"var(--ast-global-color-5)","background-image":"","background-repeat":"repeat","background-position":"center center","background-size":"auto","background-attachment":"scroll","background-type":"","background-media":"","overlay-type":"","overlay-color":"","overlay-opacity":"","overlay-gradient":""},"tablet":{"background-color":"var(--ast-global-color-5)","background-image":"","background-repeat":"repeat","background-position":"center center","background-size":"auto","background-attachment":"scroll","background-type":"","background-media":"","overlay-type":"","overlay-color":"","overlay-opacity":"","overlay-gradient":""},"mobile":{"background-color":"var(--ast-global-color-5)","background-image":"","background-repeat":"repeat","background-position":"center center","background-size":"auto","background-attachment":"scroll","background-type":"","background-media":"","overlay-type":"","overlay-color":"","overlay-opacity":"","overlay-gradient":""}}},"product_brand":[52],"product_cat":[55,86,15],"product_tag":[],"class_list":{"0":"post-6002","1":"product","2":"type-product","3":"status-publish","4":"has-post-thumbnail","6":"product_brand-bang-king","7":"product_cat-bang-king-30000-double-saveur-offre-jusqua-36ml-de-liquide","8":"product_cat-puff-30k","9":"product_cat-magasin-cigarette-electronique","10":"desktop-align-center","11":"tablet-align-center","12":"mobile-align-center","13":"ast-product-gallery-layout-horizontal","14":"ast-product-single-variable","15":"ast-product-tabs-layout-horizontal","16":"ast-qv-on-image","18":"first","19":"instock","20":"sale","21":"shipping-taxable","22":"purchasable","23":"product-type-variable","24":"has-default-attributes"},"tiered_pricing_type":"fixed","tiered_pricing_fixed_rules":{"50":7.33,"100":6.66},"tiered_pricing_product_settings":{"layout":"default","base_unit_name":{"singular":null,"plural":null},"default_variation":null},"tiered_pricing_minimum_quantity":null,"tiered_pricing_roles_data":[],"tiered_pricing_percentage_rules":[],"_links":{"self":[{"href":"https:\/\/puffvapestore.com\/sv\/wp-json\/wp\/v2\/product\/6002","targetHints":{"allow":["GET"]}}],"collection":[{"href":"https:\/\/puffvapestore.com\/sv\/wp-json\/wp\/v2\/product"}],"about":[{"href":"https:\/\/puffvapestore.com\/sv\/wp-json\/wp\/v2\/types\/product"}],"replies":[{"embeddable":true,"href":"https:\/\/puffvapestore.com\/sv\/wp-json\/wp\/v2\/comments?post=6002"}],"version-history":[{"count":6,"href":"https:\/\/puffvapestore.com\/sv\/wp-json\/wp\/v2\/product\/6002\/revisions"}],"predecessor-version":[{"id":6064,"href":"https:\/\/puffvapestore.com\/sv\/wp-json\/wp\/v2\/product\/6002\/revisions\/6064"}],"wp:featuredmedia":[{"embeddable":true,"href":"https:\/\/puffvapestore.com\/sv\/wp-json\/wp\/v2\/media\/5987"}],"wp:attachment":[{"href":"https:\/\/puffvapestore.com\/sv\/wp-json\/wp\/v2\/media?parent=6002"}],"wp:term":[{"taxonomy":"product_brand","embeddable":true,"href":"https:\/\/puffvapestore.com\/sv\/wp-json\/wp\/v2\/product_brand?post=6002"},{"taxonomy":"product_cat","embeddable":true,"href":"https:\/\/puffvapestore.com\/sv\/wp-json\/wp\/v2\/product_cat?post=6002"},{"taxonomy":"product_tag","embeddable":true,"href":"https:\/\/puffvapestore.com\/sv\/wp-json\/wp\/v2\/product_tag?post=6002"}],"curies":[{"name":"wp","href":"https:\/\/api.w.org\/{rel}","templated":true}]}}