{"id":5960,"date":"2025-07-29T08:38:47","date_gmt":"2025-07-29T08:38:47","guid":{"rendered":"https:\/\/puffvapestore.com\/?post_type=product&#038;p=5960"},"modified":"2026-02-05T03:54:29","modified_gmt":"2026-02-05T03:54:29","slug":"strawberry-kiwi-peach-ice-cherry-cola-bang-leader-80k-offre-un-arome-sucre-intense","status":"publish","type":"product","link":"https:\/\/puffvapestore.com\/sv\/product\/jordgubb-kiwi-persika-is-korsbar-cola-bang-leader-80k-ger-en-intensiv-sockersmak\/","title":{"rendered":"Jordgubb Kiwi &amp; Persika Ice &amp; Cherry Cola - Bang Leader 80K 3 i 1 Triple Flavour"},"content":{"rendered":"<div data-elementor-type=\"wp-post\" data-elementor-id=\"5960\" class=\"elementor elementor-5960\">\n\t\t\t\t<div class=\"elementor-element elementor-element-08c26f9 e-flex e-con-boxed e-con e-parent\" data-id=\"08c26f9\" data-element_type=\"container\" data-e-type=\"container\">\n\t\t\t\t\t<div class=\"e-con-inner\">\n\t\t\t\t<div class=\"elementor-element elementor-element-a005a97 elementor-widget elementor-widget-text-editor\" data-id=\"a005a97\" data-element_type=\"widget\" data-e-type=\"widget\" data-widget_type=\"text-editor.default\">\n\t\t\t\t<div class=\"elementor-widget-container\">\n\t\t\t\t\t\t\t\t\t<p>Denna Bang Leader 80K \u00abStrawberry Kiwi &amp; Peach Ice &amp; Cherry Cola\u00bb elektroniska cigarettl\u00e5da kombinerar en frisk fruktig smak med en retro l\u00e4sknot. Den \u00e4r perfekt f\u00f6r e-cigarettfans som gillar s\u00f6tsyrliga, rika, fruktiga smaker, liksom en l\u00e4tt dryckessmak.<\/p><h2>Smak av jordgubb och kiwi<\/h2><p><strong>Toppnot: rund, s\u00f6t jordgubbe<\/strong><br \/>Det f\u00f6rsta blosset avger en rik jordgubbsarom som p\u00e5minner om naturlig jordgubbssylt. Doften \u00e4r s\u00f6t men kraftfull, med en l\u00e4tt mj\u00f6lkig eftersmak som p\u00e5minner om jordgubbsmilkshakes.<\/p><p><strong>Hj\u00e4rtnot: l\u00e4tt syrlig kiwifrukt lyser upp hj\u00e4rtat.<\/strong><br \/>Kiwins l\u00e4tta syrlighet neutraliserar jordgubbens s\u00f6tma, vilket g\u00f6r helheten mer tredimensionell och komplex, och g\u00f6r den mer livlig och uppfriskande tack vare en unik s\u00f6tma.<\/p><p><strong>Eftersmak: balanserad och kr\u00e4mig<\/strong><br \/>Eftersmaken \u00e4r l\u00e4tt fruktig och syrlig, utan n\u00e5gon k\u00e4nsla av kyla eller \u00f6verstimulering, vilket g\u00f6r den idealisk f\u00f6r r\u00f6kning hela dagen utan att vara fet.<\/p><p>Den h\u00e4r fruktiga blandningen \u00e4r mjuk och s\u00f6t och \u00e4r uppfriskande utan att vara alltf\u00f6r stimulerande. Den h\u00e4r fruktiga smaken \u00e4r perfekt f\u00f6r den dagliga pendlingen och uppskattas av b\u00e5de m\u00e4n och kvinnor.<\/p><h2>Smak av glaserad persika<\/h2><p><strong>Toppnoter : Fyllig arom av vit persika<\/strong><br \/>Smaken av P\u00eache Glac\u00e9e avger en delikat konsistens av persikor s\u00e5 snart du smakar p\u00e5 den. Den \u00e4r s\u00f6t utan att vara fet och har en aromatisk struktur som liknar den hos persikote eller vit persika oolong. Det \u00e4r inte en konstgjord persikogodissmak, utan en k\u00e4nsla av naturlig juice.<\/p><p><strong>I hj\u00e4rtat av smaken: en frisk, genomtr\u00e4ngande k\u00e4nsla<\/strong><br \/>Isk\u00e4nslan \u00e4r tydlig, utan att vara \u00f6verv\u00e4ldigande, som en vit persikosoda med is. F\u00e4rskheten dr\u00f6jer sig kvar p\u00e5 tungan och halsen och ger en uppfriskande elektronisk cigarettupplevelse som \u00e4r v\u00e4rd en sommardrink.<\/p><p>I avslutningen f\u00f6rsvinner s\u00f6tman och ger plats f\u00f6r friskhet.<\/p><p>K\u00e4nslan av isbitar raderar ut \u00f6verfl\u00f6digt socker och avslutningen \u00e4r ren och ih\u00e5llande.<\/p><p>Naturlig persikodoft, exceptionell isk\u00e4nsla, s\u00f6t utan att vara fet, perfekt f\u00f6r en uppfriskande sommarupplevelse eller en detox efter m\u00e5ltiden. Perfekt f\u00f6r e-cigarettfans som gillar l\u00e4tta, f\u00e4rska te- eller fruktnoter.<\/p><h2>Cola med k\u00f6rsb\u00e4rssmak<\/h2><p><strong>P\u00e5 n\u00e4san: retrodoften av cola \u00e4r f\u00f6rtrollande.<\/strong><br \/>Det \u00e4r en typiskt amerikansk Cola-k\u00f6rsb\u00e4rssmak, med colabubblor och karamellaromer, f\u00f6r ett mycket realistiskt resultat.<\/p><p><strong>Inblandad k\u00f6rsb\u00e4rsarom<\/strong><br \/>K\u00f6rsb\u00e4rssmaken saknar den uppfriskande syran fr\u00e5n f\u00e4rska k\u00f6rsb\u00e4r, men \u00e4r n\u00e4rmare rik k\u00f6rsb\u00e4rssirap eller kanderade k\u00f6rsb\u00e4r, vilket ger en uttalad s\u00f6tma och aromatiskt djup.<\/p><p><strong>L\u00e4tt friskhet och karamellig eftersmak i avslutningen<\/strong><br \/>Denna lilla friskhet g\u00f6r att l\u00e4sken inte \u00e4r s\u00e4rskilt s\u00f6t, och en touch av karamell och en subtil fruktig arom dr\u00f6jer sig kvar i avslutningen och mjukar upp dryckens eftersmak.<\/p><p>Dryck i retrostil: intensiv s\u00f6tma, m\u00e5ttlig friskhet och kvardr\u00f6jande arom. L\u00e4mplig f\u00f6r e-cigarettfans som uppskattar starka smaker och retrol\u00e4sk, eller f\u00f6r dem som letar efter den d\u00e4r speciella fruktiga touchen.<\/p><h2>Tre smakbytessystem, stor 78 ml e-v\u00e4tsketank<\/h2><p>Bang Leader 80000 Strawberry Kiwi &amp; Peach Ice &amp; Cherry Cola har en innovativ tre-i-ett-design, med tre oberoende integrerade e-juice-tankar, var och en med en kapacitet p\u00e5 26 ml, f\u00f6r totalt 78 ml v\u00e4tska. Smakv\u00e4ljaren g\u00f6r det enkelt att byta smak och tre smaker visas samtidigt p\u00e5 samma elektroniska cigarett, vilket ger dig friheten att \u00e4ndra hum\u00f6r och smak n\u00e4r som helst.<\/p><p>Exceptionellt h\u00e5llbar bland eng\u00e5ngsapparater, varje Bang Leader 80000 Strawberry Kiwi &amp; Peach Ice &amp; Cherry Cola elektronisk cigarett kan ge upp till 80K puffar, vilket g\u00f6r den till det perfekta valet f\u00f6r regelbundna vapers. Njut av l\u00e5ngvarig anv\u00e4ndning och minska frekventa byten.<\/p><p>Upp till fyra nikotinstyrkor tillg\u00e4ngliga: 0 %, 2 %, 3 %, 5 %. Oavsett om du \u00e4r ute efter en uppfriskande nikotinfri upplevelse eller om du \u00e4r en r\u00f6kare som vill ha en h\u00f6gkoncentrerad effekt i halsen, kommer du att hitta den intensitet som passar dig och enkelt kunna anpassa dig till dina r\u00f6kstoppsbehov eller smakf\u00f6r\u00e4ndringar.<\/p><h2>1,0 \u03a9 n\u00e4tmotst\u00e5nd, uts\u00f6kt smak av n\u00e4sta niv\u00e5<\/h2><p>Bang Leader 80000 Strawberry Kiwi &amp; Peach Ice &amp; Cherry Cola har ett h\u00f6gpresterande 1,0 \u03a9 mesh-motst\u00e5nd, som v\u00e4rms j\u00e4mnare och finf\u00f6rdelar mer \u00e4n traditionella motst\u00e5nd, f\u00f6r en rik, icke-irriterande r\u00f6k. Varje bloss \u00e4r mjukt och kr\u00e4migt, vilket maximerar frig\u00f6randet av e-liquidens autentiska smak.<\/p><h2>Typ-C 850 mAh snabbladdande batteri, stabil effekt utan str\u00f6mavbrott<\/h2><p>Inbyggt 850 mAh uppladdningsbart litiumbatteri med h\u00f6g kapacitet, kompatibelt med Type-C snabbladdningsgr\u00e4nssnitt, f\u00f6r en laddningstid p\u00e5 cirka 60 minuter. Den l\u00e5nga batteritiden och effektiva laddningen g\u00f6r att du kan h\u00e5lla dig motiverad och njuta av en oavbruten h\u00f6gpresterande vapingupplevelse.<\/p><p>Det integrerade h\u00f6ljet \u00e4r l\u00e4tt och b\u00e4rbart och kombinerar ergonomi och slitstyrka, vilket g\u00f6r det idealiskt f\u00f6r daglig transport och intensiv anv\u00e4ndning. Dess tre-i-ett-design g\u00f6r den inte bara mer praktisk, utan minskar ocks\u00e5 vikten som uppst\u00e5r n\u00e4r man b\u00e4r med sig flera elektroniska cigaretter. Ett m\u00e5ste f\u00f6r dig som gillar rika smaker.<\/p>\t\t\t\t\t\t\t\t<\/div>\n\t\t\t\t<\/div>\n\t\t\t\t\t<\/div>\n\t\t\t\t<\/div>\n\t\t\t\t<\/div>","protected":false},"excerpt":{"rendered":"<p>Ce coffret de cigarettes \u00e9lectroniques Bang Leader 80K \u00ab Strawberry Kiwi &amp; Peach Ice &amp; Cherry Cola \u00bb allie une saveur fruit\u00e9e fra\u00eeche \u00e0 une note r\u00e9tro de soda. Il convient aux amateurs de cigarettes \u00e9lectroniques qui appr\u00e9cient les ar\u00f4mes sucr\u00e9s-acidul\u00e9s, riches et fruit\u00e9s, ainsi qu&rsquo;une l\u00e9g\u00e8re saveur de boisson. Ar\u00f4me Fraise Kiwi Note de [&hellip;]<\/p>\n","protected":false},"featured_media":5727,"comment_status":"open","ping_status":"closed","template":"","meta":{"site-sidebar-layout":"no-sidebar","site-content-layout":"page-builder","ast-site-content-layout":"normal-width-container","site-content-style":"default","site-sidebar-style":"default","ast-global-header-display":"","ast-banner-title-visibility":"","ast-main-header-display":"","ast-hfb-above-header-display":"","ast-hfb-below-header-display":"","ast-hfb-mobile-header-display":"","site-post-title":"disabled","ast-breadcrumbs-content":"","ast-featured-img":"disabled","footer-sml-layout":"","ast-disable-related-posts":"","theme-transparent-header-meta":"default","adv-header-id-meta":"","stick-header-meta":"default","header-above-stick-meta":"","header-main-stick-meta":"","header-below-stick-meta":"","astra-migrate-meta-layouts":"set","ast-page-background-enabled":"default","ast-page-background-meta":{"desktop":{"background-color":"","background-image":"","background-repeat":"repeat","background-position":"center center","background-size":"auto","background-attachment":"scroll","background-type":"","background-media":"","overlay-type":"","overlay-color":"","overlay-opacity":"","overlay-gradient":""},"tablet":{"background-color":"","background-image":"","background-repeat":"repeat","background-position":"center center","background-size":"auto","background-attachment":"scroll","background-type":"","background-media":"","overlay-type":"","overlay-color":"","overlay-opacity":"","overlay-gradient":""},"mobile":{"background-color":"","background-image":"","background-repeat":"repeat","background-position":"center center","background-size":"auto","background-attachment":"scroll","background-type":"","background-media":"","overlay-type":"","overlay-color":"","overlay-opacity":"","overlay-gradient":""}},"ast-content-background-meta":{"desktop":{"background-color":"var(--ast-global-color-5)","background-image":"","background-repeat":"repeat","background-position":"center center","background-size":"auto","background-attachment":"scroll","background-type":"","background-media":"","overlay-type":"","overlay-color":"","overlay-opacity":"","overlay-gradient":""},"tablet":{"background-color":"var(--ast-global-color-5)","background-image":"","background-repeat":"repeat","background-position":"center center","background-size":"auto","background-attachment":"scroll","background-type":"","background-media":"","overlay-type":"","overlay-color":"","overlay-opacity":"","overlay-gradient":""},"mobile":{"background-color":"var(--ast-global-color-5)","background-image":"","background-repeat":"repeat","background-position":"center center","background-size":"auto","background-attachment":"scroll","background-type":"","background-media":"","overlay-type":"","overlay-color":"","overlay-opacity":"","overlay-gradient":""}}},"product_brand":[53],"product_cat":[54,106,15],"product_tag":[],"class_list":{"0":"post-5960","1":"product","2":"type-product","3":"status-publish","4":"has-post-thumbnail","6":"product_brand-bang-cree-une-cigarette-electronique-plus-confortable","7":"product_cat-bang-leader-80k-dispose-de-trois-reservoirs-de-liquide-independants-integres","8":"product_cat-puff-80k","9":"product_cat-magasin-cigarette-electronique","10":"desktop-align-center","11":"tablet-align-center","12":"mobile-align-center","13":"ast-product-gallery-layout-horizontal","14":"ast-product-gallery-with-no-image","15":"ast-product-single-variable","16":"ast-product-tabs-layout-horizontal","17":"ast-qv-on-image","19":"first","20":"outofstock","21":"sale","22":"shipping-taxable","23":"purchasable","24":"product-type-variable","25":"has-default-attributes"},"tiered_pricing_type":"fixed","tiered_pricing_fixed_rules":{"50":7.24,"100":6.45},"tiered_pricing_product_settings":{"layout":"default","base_unit_name":{"singular":null,"plural":null},"default_variation":null},"tiered_pricing_minimum_quantity":null,"tiered_pricing_roles_data":[],"tiered_pricing_percentage_rules":[],"_links":{"self":[{"href":"https:\/\/puffvapestore.com\/sv\/wp-json\/wp\/v2\/product\/5960","targetHints":{"allow":["GET"]}}],"collection":[{"href":"https:\/\/puffvapestore.com\/sv\/wp-json\/wp\/v2\/product"}],"about":[{"href":"https:\/\/puffvapestore.com\/sv\/wp-json\/wp\/v2\/types\/product"}],"replies":[{"embeddable":true,"href":"https:\/\/puffvapestore.com\/sv\/wp-json\/wp\/v2\/comments?post=5960"}],"version-history":[{"count":7,"href":"https:\/\/puffvapestore.com\/sv\/wp-json\/wp\/v2\/product\/5960\/revisions"}],"predecessor-version":[{"id":6228,"href":"https:\/\/puffvapestore.com\/sv\/wp-json\/wp\/v2\/product\/5960\/revisions\/6228"}],"wp:featuredmedia":[{"embeddable":true,"href":"https:\/\/puffvapestore.com\/sv\/wp-json\/wp\/v2\/media\/5727"}],"wp:attachment":[{"href":"https:\/\/puffvapestore.com\/sv\/wp-json\/wp\/v2\/media?parent=5960"}],"wp:term":[{"taxonomy":"product_brand","embeddable":true,"href":"https:\/\/puffvapestore.com\/sv\/wp-json\/wp\/v2\/product_brand?post=5960"},{"taxonomy":"product_cat","embeddable":true,"href":"https:\/\/puffvapestore.com\/sv\/wp-json\/wp\/v2\/product_cat?post=5960"},{"taxonomy":"product_tag","embeddable":true,"href":"https:\/\/puffvapestore.com\/sv\/wp-json\/wp\/v2\/product_tag?post=5960"}],"curies":[{"name":"wp","href":"https:\/\/api.w.org\/{rel}","templated":true}]}}