{"id":5945,"date":"2025-07-29T06:29:07","date_gmt":"2025-07-29T06:29:07","guid":{"rendered":"https:\/\/puffvapestore.com\/?post_type=product&#038;p=5945"},"modified":"2026-02-05T03:54:29","modified_gmt":"2026-02-05T03:54:29","slug":"raspberry-mojito-peach-ice-strawberry-watermelon-kiwi-passion-fruit-guava-bang-leader-80k","status":"publish","type":"product","link":"https:\/\/puffvapestore.com\/sv\/product\/hallon-mojito-persika-is-jordgubbar-vattenmelon-kiwi-passionsfrukt-guava-bang-leader-80k\/","title":{"rendered":"Raspberry Mojito Peach Ice &amp; Strawberry Watermelon &amp; Kiwi Passion Fruit Guava - Bang Leader 80K 3 in 1 Triple Flavour"},"content":{"rendered":"<div data-elementor-type=\"wp-post\" data-elementor-id=\"5945\" class=\"elementor elementor-5945\">\n\t\t\t\t<div class=\"elementor-element elementor-element-08c26f9 e-flex e-con-boxed e-con e-parent\" data-id=\"08c26f9\" data-element_type=\"container\" data-e-type=\"container\">\n\t\t\t\t\t<div class=\"e-con-inner\">\n\t\t\t\t<div class=\"elementor-element elementor-element-a005a97 elementor-widget elementor-widget-text-editor\" data-id=\"a005a97\" data-element_type=\"widget\" data-e-type=\"widget\" data-widget_type=\"text-editor.default\">\n\t\t\t\t<div class=\"elementor-widget-container\">\n\t\t\t\t\t\t\t\t\t<p>Bang Leader 80000 3 in 1 Raspberry Mojito Iced Peach &amp; Strawberry Watermelon &amp; Kiwi Passion Fruit Guava erbjuder en kombination av tre tropiska, fruktiga smaker: \u00abRaspberry Mojito Iced Peach\u00bb, \u00abStrawberry Watermelon\u00bb och \u00abKiwi Passion Fruit Guava\u00bb. Denna tre-i-ett-smak f\u00f6r elektroniska cigaretter erbjuder en blandning av frukt, s\u00f6t och sur balans och en isig k\u00e4nsla, med komplexa men tydliga nyanser, perfekt f\u00f6r fans av elektroniska cigaretter som gillar fruktiga smaker.<\/p><h2>Fryst Mojito med hallon och persika<\/h2><p>Uppfriskande Mojito-bas: De klassiska elementen i Mojito - lime och mynta - ger en uppfriskande svalka s\u00e5 snart du andas in, vilket ger dig intrycket av att njuta av en isdrink vid havet mitt i sommaren.<\/p><p>Den syrliga hallonsmaken \u00e4r kraftfull och genomtr\u00e4ngande, med en unik syra och arom av r\u00f6da frukter som \u00e4r mycket uppfriskande.<\/p><p>Persikan \u00e4r rund och mjukt balanserad: dess smak \u00e4r inte \u00f6verdriven, utan snarare en varm s\u00f6tma, som en fruktpur\u00e9, som f\u00f6rsiktigt neutraliserar mintens syra i b\u00f6rjan av gommen och g\u00f6r helheten mer komplett.<\/p><p>K\u00e4nslan av friskhet i eftersmaken dr\u00f6jer sig kvar l\u00e4nge, med en l\u00e4tt mintliknande eftersmak.<\/p><h2>Vattenmelon Jordgubbe<\/h2><p>Vattenmelon \u00e4r huvudingrediensen, med en fyllig, uppfriskande s\u00f6tma: till skillnad fr\u00e5n konstgjorda vattenmelons\u00f6tsaker \u00e4r denna vattenmelonsmak n\u00e4rmare saften fr\u00e5n f\u00e4rskt fruktk\u00f6tt.<\/p><p>Jordgubbar f\u00f6rst\u00e4rker aromen, s\u00f6tman och smidigheten: jordgubbarna ger en mj\u00f6lkig touch som sm\u00e4lter samman med de fruktiga aromerna och g\u00f6r den totala s\u00f6tman mer behaglig och icke-fet.<\/p><h2>Kiwi, passionsfrukt, guava<\/h2><p>Kiwifruit har en syrlig, doftande bas med en l\u00e4tt hudk\u00e4nsla: den ger dig en l\u00e4tt hudk\u00e4nsla fr\u00e5n f\u00f6rsta inandningen, mycket lik \u00e4kta kiwifrukt.<\/p><p>Passionsfrukt lyser upp aromen i dess hj\u00e4rta: dess kraftfulla arom \u00e4r explosiv, med en l\u00e4tt k\u00e4nsla av friskhet, som ett fruktst\u00e5nd under den tropiska solen.<\/p><p>Guava ger en k\u00e4nsla av tjocklek och en n\u00e5got mj\u00f6lkig, s\u00f6t finish: den ger en intensiv smak av fruktpur\u00e9, medan svansen \u00e4r fylligare och l\u00e4ngre.<\/p><p>Den \u00e4r mer syrlig \u00e4n s\u00f6t och har en typisk \u00abtropisk storm\u00bb-smak: dess syrliga, uppfriskande effekt \u00e4r uppenbar, perfekt f\u00f6r personer med stark smak som uppskattar den sanna smaken av tropisk frukt.<\/p><h2>Tre smakbytessystem, stor 78 ml e-v\u00e4tsketank<\/h2><p>Bang Leader 80000 Raspberry Mojito Peach Ice &amp; Strawberry Watermelon &amp; Kiwi Passion Fruit Guava har en innovativ tre-i-ett-design med tre oberoende integrerade e-juice-tankar, var och en med en kapacitet p\u00e5 26 ml, f\u00f6r totalt 78 ml v\u00e4tska. Smakv\u00e4ljaren g\u00f6r det enkelt att byta smak och tre smaker visas samtidigt p\u00e5 samma elektroniska cigarett, vilket ger dig friheten att \u00e4ndra hum\u00f6r och smak n\u00e4r som helst.<\/p><p>Med exceptionell h\u00e5llbarhet bland eng\u00e5ngsenheter kan varje Bang Leader 80000 Raspberry Mojito Peach Ice &amp; Strawberry Watermelon &amp; Kiwi Passion Fruit Guava elektronisk cigarett ge upp till 80K puffar, vilket g\u00f6r det till det perfekta valet f\u00f6r vanliga vapers. Njut av l\u00e5ngvarig anv\u00e4ndning och minska frekventa byten.<\/p><p>Upp till fyra nikotinstyrkor tillg\u00e4ngliga: 0 %, 2 %, 3 %, 5 %. Oavsett om du \u00e4r ute efter en uppfriskande nikotinfri upplevelse eller om du \u00e4r en r\u00f6kare som vill ha en h\u00f6gkoncentrerad effekt i halsen, kommer du att hitta den intensitet som passar dig och enkelt kunna anpassa dig till dina r\u00f6kstoppsbehov eller smakf\u00f6r\u00e4ndringar.<\/p><h2>1,0 \u03a9 n\u00e4tmotst\u00e5nd, uts\u00f6kt smak av n\u00e4sta niv\u00e5<\/h2><p>Bang Leader 80000 Raspberry Mojito Peach Ice &amp; Strawberry Watermelon &amp; Kiwi Passion Fruit Guava har ett h\u00f6gpresterande 1,0 \u03a9 mesh-motst\u00e5nd, som v\u00e4rms j\u00e4mnare och finf\u00f6rdelar mer \u00e4n traditionella motst\u00e5nd, f\u00f6r en rik, icke-irriterande r\u00f6k. Varje bloss \u00e4r mjukt och kr\u00e4migt, vilket maximerar frig\u00f6randet av e-liquidens autentiska smak.<\/p><h2>Typ-C 850 mAh snabbladdande batteri, stabil effekt utan str\u00f6mavbrott<\/h2><p>Inbyggt 850 mAh uppladdningsbart litiumbatteri med h\u00f6g kapacitet, kompatibelt med Type-C snabbladdningsgr\u00e4nssnitt, f\u00f6r en laddningstid p\u00e5 cirka 60 minuter. Den l\u00e5nga batteritiden och effektiva laddningen g\u00f6r att du kan h\u00e5lla dig motiverad och njuta av en oavbruten h\u00f6gpresterande vapingupplevelse.<\/p><p>Det integrerade h\u00f6ljet \u00e4r l\u00e4tt och b\u00e4rbart och kombinerar ergonomi och slitstyrka, vilket g\u00f6r det idealiskt f\u00f6r daglig transport och intensiv anv\u00e4ndning. Dess tre-i-ett-design g\u00f6r den inte bara mer praktisk, utan minskar ocks\u00e5 vikten som uppst\u00e5r n\u00e4r man b\u00e4r med sig flera elektroniska cigaretter. Ett m\u00e5ste f\u00f6r dig som gillar rika smaker.<\/p>\t\t\t\t\t\t\t\t<\/div>\n\t\t\t\t<\/div>\n\t\t\t\t\t<\/div>\n\t\t\t\t<\/div>\n\t\t\t\t<\/div>","protected":false},"excerpt":{"rendered":"<p>Le Bang Leader 80000 3 en 1 Framboise Mojito P\u00eache Glac\u00e9e &amp; Fraise Past\u00e8que &amp; Kiwi Fruit de la Passion Goyave propose une combinaison de trois saveurs tropicales et fruit\u00e9es\u00a0: \u00ab\u00a0Framboise Mojito P\u00eache Glac\u00e9e\u00a0\u00bb, \u00ab\u00a0Fraise Past\u00e8que\u00a0\u00bb et \u00ab\u00a0Kiwi Fruit de la Passion Goyave\u00a0\u00bb. Cet ar\u00f4me trois-en-un pour cigarette \u00e9lectronique offre une fusion de fruits, un [&hellip;]<\/p>\n","protected":false},"featured_media":5724,"comment_status":"open","ping_status":"closed","template":"","meta":{"site-sidebar-layout":"no-sidebar","site-content-layout":"page-builder","ast-site-content-layout":"normal-width-container","site-content-style":"default","site-sidebar-style":"default","ast-global-header-display":"","ast-banner-title-visibility":"","ast-main-header-display":"","ast-hfb-above-header-display":"","ast-hfb-below-header-display":"","ast-hfb-mobile-header-display":"","site-post-title":"disabled","ast-breadcrumbs-content":"","ast-featured-img":"disabled","footer-sml-layout":"","ast-disable-related-posts":"","theme-transparent-header-meta":"default","adv-header-id-meta":"","stick-header-meta":"default","header-above-stick-meta":"","header-main-stick-meta":"","header-below-stick-meta":"","astra-migrate-meta-layouts":"set","ast-page-background-enabled":"default","ast-page-background-meta":{"desktop":{"background-color":"","background-image":"","background-repeat":"repeat","background-position":"center center","background-size":"auto","background-attachment":"scroll","background-type":"","background-media":"","overlay-type":"","overlay-color":"","overlay-opacity":"","overlay-gradient":""},"tablet":{"background-color":"","background-image":"","background-repeat":"repeat","background-position":"center center","background-size":"auto","background-attachment":"scroll","background-type":"","background-media":"","overlay-type":"","overlay-color":"","overlay-opacity":"","overlay-gradient":""},"mobile":{"background-color":"","background-image":"","background-repeat":"repeat","background-position":"center center","background-size":"auto","background-attachment":"scroll","background-type":"","background-media":"","overlay-type":"","overlay-color":"","overlay-opacity":"","overlay-gradient":""}},"ast-content-background-meta":{"desktop":{"background-color":"var(--ast-global-color-5)","background-image":"","background-repeat":"repeat","background-position":"center center","background-size":"auto","background-attachment":"scroll","background-type":"","background-media":"","overlay-type":"","overlay-color":"","overlay-opacity":"","overlay-gradient":""},"tablet":{"background-color":"var(--ast-global-color-5)","background-image":"","background-repeat":"repeat","background-position":"center center","background-size":"auto","background-attachment":"scroll","background-type":"","background-media":"","overlay-type":"","overlay-color":"","overlay-opacity":"","overlay-gradient":""},"mobile":{"background-color":"var(--ast-global-color-5)","background-image":"","background-repeat":"repeat","background-position":"center center","background-size":"auto","background-attachment":"scroll","background-type":"","background-media":"","overlay-type":"","overlay-color":"","overlay-opacity":"","overlay-gradient":""}}},"product_brand":[53],"product_cat":[54,106,15],"product_tag":[],"class_list":{"0":"post-5945","1":"product","2":"type-product","3":"status-publish","4":"has-post-thumbnail","6":"product_brand-bang-cree-une-cigarette-electronique-plus-confortable","7":"product_cat-bang-leader-80k-dispose-de-trois-reservoirs-de-liquide-independants-integres","8":"product_cat-puff-80k","9":"product_cat-magasin-cigarette-electronique","10":"desktop-align-center","11":"tablet-align-center","12":"mobile-align-center","13":"ast-product-gallery-layout-horizontal","14":"ast-product-gallery-with-no-image","15":"ast-product-single-variable","16":"ast-product-tabs-layout-horizontal","17":"ast-qv-on-image","19":"first","20":"outofstock","21":"sale","22":"shipping-taxable","23":"purchasable","24":"product-type-variable","25":"has-default-attributes"},"tiered_pricing_type":"fixed","tiered_pricing_fixed_rules":{"50":7.24,"100":6.45},"tiered_pricing_product_settings":{"layout":"default","base_unit_name":{"singular":null,"plural":null},"default_variation":null},"tiered_pricing_minimum_quantity":null,"tiered_pricing_roles_data":[],"tiered_pricing_percentage_rules":[],"_links":{"self":[{"href":"https:\/\/puffvapestore.com\/sv\/wp-json\/wp\/v2\/product\/5945","targetHints":{"allow":["GET"]}}],"collection":[{"href":"https:\/\/puffvapestore.com\/sv\/wp-json\/wp\/v2\/product"}],"about":[{"href":"https:\/\/puffvapestore.com\/sv\/wp-json\/wp\/v2\/types\/product"}],"replies":[{"embeddable":true,"href":"https:\/\/puffvapestore.com\/sv\/wp-json\/wp\/v2\/comments?post=5945"}],"version-history":[{"count":11,"href":"https:\/\/puffvapestore.com\/sv\/wp-json\/wp\/v2\/product\/5945\/revisions"}],"predecessor-version":[{"id":6227,"href":"https:\/\/puffvapestore.com\/sv\/wp-json\/wp\/v2\/product\/5945\/revisions\/6227"}],"wp:featuredmedia":[{"embeddable":true,"href":"https:\/\/puffvapestore.com\/sv\/wp-json\/wp\/v2\/media\/5724"}],"wp:attachment":[{"href":"https:\/\/puffvapestore.com\/sv\/wp-json\/wp\/v2\/media?parent=5945"}],"wp:term":[{"taxonomy":"product_brand","embeddable":true,"href":"https:\/\/puffvapestore.com\/sv\/wp-json\/wp\/v2\/product_brand?post=5945"},{"taxonomy":"product_cat","embeddable":true,"href":"https:\/\/puffvapestore.com\/sv\/wp-json\/wp\/v2\/product_cat?post=5945"},{"taxonomy":"product_tag","embeddable":true,"href":"https:\/\/puffvapestore.com\/sv\/wp-json\/wp\/v2\/product_tag?post=5945"}],"curies":[{"name":"wp","href":"https:\/\/api.w.org\/{rel}","templated":true}]}}