{"id":5934,"date":"2025-07-29T03:19:53","date_gmt":"2025-07-29T03:19:53","guid":{"rendered":"https:\/\/puffvapestore.com\/?post_type=product&#038;p=5934"},"modified":"2026-02-05T03:54:29","modified_gmt":"2026-02-05T03:54:29","slug":"watermelon-ice-strawberry-mango-banana-bang-leader-80k","status":"publish","type":"product","link":"https:\/\/puffvapestore.com\/sv\/product\/vattenmelon-is-jordgubbe-mango-banan-bang-leader-80k\/","title":{"rendered":"Vattenmelon Ice &amp; Jordgubb Mango &amp; Banan - Bang Leader 80K 3 i 1 Triple Flavour"},"content":{"rendered":"<div data-elementor-type=\"wp-post\" data-elementor-id=\"5934\" class=\"elementor elementor-5934\">\n\t\t\t\t<div class=\"elementor-element elementor-element-08c26f9 e-flex e-con-boxed e-con e-parent\" data-id=\"08c26f9\" data-element_type=\"container\" data-e-type=\"container\">\n\t\t\t\t\t<div class=\"e-con-inner\">\n\t\t\t\t<div class=\"elementor-element elementor-element-a005a97 elementor-widget elementor-widget-text-editor\" data-id=\"a005a97\" data-element_type=\"widget\" data-e-type=\"widget\" data-widget_type=\"text-editor.default\">\n\t\t\t\t<div class=\"elementor-widget-container\">\n\t\t\t\t\t\t\t\t\t<p>Styrkan hos Bang Leader 80000 ligger i dess unika tre-i-ett-design, utrustad med tre oberoende 26 ml e-v\u00e4tsketankar, med en total kapacitet p\u00e5 upp till 78 ml, vilket m\u00f6jligg\u00f6r upp till 80 000 bloss. Varje Bang Leader 80000 e-cigarett finns i tre olika smaker, utformade f\u00f6r att tillfredsst\u00e4lla alla entusiaster:<\/p><h2>Smak av frusen vattenmelon<\/h2><p>N\u00e4r de sista str\u00e5larna fr\u00e5n Paris skymning dyker upp, ta en l\u00e5ngsam klunk av vattenmelon iskall \u00e5nga fr\u00e5n bekv\u00e4mligheten av din balkong. Den friska, fruktiga aromen f\u00f6rflyttar dig till en somrig frukttr\u00e4dg\u00e5rd i s\u00f6dra Frankrike. Den uppfriskande smaken, tillsammans med en subtil antydan av mynta och is, lugnar kropp och sj\u00e4l efter en tr\u00f6ttande dag.<\/p><h2>Smak av jordgubb och mango<\/h2><p>Denna Strawberry Mango-smak framkallar en solnedg\u00e5ng p\u00e5 C\u00f4te d'Azur i s\u00f6dra Frankrike med sina fruktiga, passionerade aromer. Jordgubbens s\u00f6tma m\u00f6ter mangons tropiska rikedom f\u00f6r en rik smak. Att r\u00f6ka en cigarett p\u00e5 gatan sent p\u00e5 kv\u00e4llen efter en musikfestival \u00e4r inte bara en smakupplevelse utan ocks\u00e5 en andlig dans.<\/p><h2>Smak av banan<\/h2><p>Bananaromen ger dig en varm, mild k\u00e4nsla av v\u00e4lbefinnande, som om du satt i h\u00f6rnet av ett litter\u00e4rt caf\u00e9, i ett l\u00e4tt regn, och du var hemma och bl\u00e4ddrade i gamla tidningar medan du nj\u00f6t av de mjuka molnen omslutna av en bananarom. Ta ett bloss p\u00e5 en elektronisk cigarett f\u00f6r att koppla av; detta lugn \u00e4r ett s\u00e4llsynt \u00f6gonblick av v\u00e4lbefinnande i v\u00e5r moderna rytm.<\/p><h2>Tre smakbytessystem, stor 78 ml e-v\u00e4tsketank<\/h2><p>Bang Leader 80000 Watermelon Ice &amp; Strawberry Mango &amp; Banana har en innovativ tre-i-ett-design, med tre oberoende integrerade e-juice-tankar, var och en med en kapacitet p\u00e5 26 ml, f\u00f6r totalt 78 ml v\u00e4tska. Smakv\u00e4ljaren g\u00f6r det enkelt att byta smak och tre smaker visas samtidigt p\u00e5 samma elektroniska cigarett, vilket ger dig friheten att \u00e4ndra hum\u00f6r och smak n\u00e4r som helst.<\/p><p>Exceptionellt h\u00e5llbar bland eng\u00e5ngsartiklar, varje Bang Leader 80000 Watermelon Ice &amp; Strawberry Mango &amp; Banana elektronisk cigarett kan leverera upp till 80K puffar, vilket g\u00f6r den till det perfekta valet f\u00f6r regelbundna vapers. Njut av l\u00e5ngvarig anv\u00e4ndning och minska antalet frekventa byten.<\/p><p>Upp till fyra nikotinstyrkor tillg\u00e4ngliga: 0 %, 2 %, 3 %, 5 %. Oavsett om du \u00e4r ute efter en uppfriskande nikotinfri upplevelse eller om du \u00e4r en r\u00f6kare som vill ha en h\u00f6gkoncentrerad effekt i halsen, kommer du att hitta den intensitet som passar dig och enkelt kunna anpassa dig till dina r\u00f6kstoppsbehov eller smakf\u00f6r\u00e4ndringar.<\/p><h2>1,0 \u03a9 n\u00e4tmotst\u00e5nd, uts\u00f6kt smak av n\u00e4sta niv\u00e5<\/h2><p>Bang Leader 80000 Watermelon Ice &amp; Strawberry Mango &amp; Banana har ett h\u00f6gpresterande 1,0 \u03a9 mesh-motst\u00e5nd, som v\u00e4rms j\u00e4mnare och finf\u00f6rdelar mer \u00e4n traditionella motst\u00e5nd, f\u00f6r en rik, icke-irriterande r\u00f6k. Varje bloss \u00e4r mjukt och kr\u00e4migt, vilket maximerar frig\u00f6randet av e-liquidens autentiska smak.<\/p><h2>Typ-C 850 mAh snabbladdande batteri, stabil effekt utan str\u00f6mavbrott<\/h2><p>Inbyggt 850 mAh uppladdningsbart litiumbatteri med h\u00f6g kapacitet, kompatibelt med Type-C snabbladdningsgr\u00e4nssnitt, f\u00f6r en laddningstid p\u00e5 cirka 60 minuter. Den l\u00e5nga batteritiden och effektiva laddningen g\u00f6r att du kan h\u00e5lla dig motiverad och njuta av en oavbruten h\u00f6gpresterande vapingupplevelse.<\/p><p>Det integrerade h\u00f6ljet \u00e4r l\u00e4tt och b\u00e4rbart och kombinerar ergonomi och slitstyrka, vilket g\u00f6r det idealiskt f\u00f6r daglig transport och intensiv anv\u00e4ndning. Dess tre-i-ett-design g\u00f6r den inte bara mer praktisk, utan minskar ocks\u00e5 vikten som uppst\u00e5r n\u00e4r man b\u00e4r med sig flera elektroniska cigaretter. Ett m\u00e5ste f\u00f6r dig som gillar rika smaker.<\/p>\t\t\t\t\t\t\t\t<\/div>\n\t\t\t\t<\/div>\n\t\t\t\t\t<\/div>\n\t\t\t\t<\/div>\n\t\t\t\t<\/div>","protected":false},"excerpt":{"rendered":"<p>Le point fort du Bang Leader 80000 r\u00e9side dans sa conception unique trois-en-un, \u00e9quip\u00e9e de trois r\u00e9servoirs d&rsquo;e-liquide ind\u00e9pendants de 26 ml, d&rsquo;une capacit\u00e9 totale allant jusqu&rsquo;\u00e0 78 ml, permettant jusqu&rsquo;\u00e0 80000 bouff\u00e9es. Chaque e-cigarette Bang Leader 80000 propose trois saveurs diff\u00e9rentes, con\u00e7ues pour satisfaire tous les amateurs\u00a0: Saveur Past\u00e8que Glac\u00e9e Lorsque le cr\u00e9puscule parisien [&hellip;]<\/p>\n","protected":false},"featured_media":5729,"comment_status":"open","ping_status":"closed","template":"","meta":{"site-sidebar-layout":"no-sidebar","site-content-layout":"page-builder","ast-site-content-layout":"normal-width-container","site-content-style":"default","site-sidebar-style":"default","ast-global-header-display":"","ast-banner-title-visibility":"","ast-main-header-display":"","ast-hfb-above-header-display":"","ast-hfb-below-header-display":"","ast-hfb-mobile-header-display":"","site-post-title":"disabled","ast-breadcrumbs-content":"","ast-featured-img":"disabled","footer-sml-layout":"","ast-disable-related-posts":"","theme-transparent-header-meta":"default","adv-header-id-meta":"","stick-header-meta":"default","header-above-stick-meta":"","header-main-stick-meta":"","header-below-stick-meta":"","astra-migrate-meta-layouts":"set","ast-page-background-enabled":"default","ast-page-background-meta":{"desktop":{"background-color":"","background-image":"","background-repeat":"repeat","background-position":"center center","background-size":"auto","background-attachment":"scroll","background-type":"","background-media":"","overlay-type":"","overlay-color":"","overlay-opacity":"","overlay-gradient":""},"tablet":{"background-color":"","background-image":"","background-repeat":"repeat","background-position":"center center","background-size":"auto","background-attachment":"scroll","background-type":"","background-media":"","overlay-type":"","overlay-color":"","overlay-opacity":"","overlay-gradient":""},"mobile":{"background-color":"","background-image":"","background-repeat":"repeat","background-position":"center center","background-size":"auto","background-attachment":"scroll","background-type":"","background-media":"","overlay-type":"","overlay-color":"","overlay-opacity":"","overlay-gradient":""}},"ast-content-background-meta":{"desktop":{"background-color":"var(--ast-global-color-5)","background-image":"","background-repeat":"repeat","background-position":"center center","background-size":"auto","background-attachment":"scroll","background-type":"","background-media":"","overlay-type":"","overlay-color":"","overlay-opacity":"","overlay-gradient":""},"tablet":{"background-color":"var(--ast-global-color-5)","background-image":"","background-repeat":"repeat","background-position":"center center","background-size":"auto","background-attachment":"scroll","background-type":"","background-media":"","overlay-type":"","overlay-color":"","overlay-opacity":"","overlay-gradient":""},"mobile":{"background-color":"var(--ast-global-color-5)","background-image":"","background-repeat":"repeat","background-position":"center center","background-size":"auto","background-attachment":"scroll","background-type":"","background-media":"","overlay-type":"","overlay-color":"","overlay-opacity":"","overlay-gradient":""}}},"product_brand":[53],"product_cat":[54,106,15],"product_tag":[],"class_list":{"0":"post-5934","1":"product","2":"type-product","3":"status-publish","4":"has-post-thumbnail","6":"product_brand-bang-cree-une-cigarette-electronique-plus-confortable","7":"product_cat-bang-leader-80k-dispose-de-trois-reservoirs-de-liquide-independants-integres","8":"product_cat-puff-80k","9":"product_cat-magasin-cigarette-electronique","10":"desktop-align-center","11":"tablet-align-center","12":"mobile-align-center","13":"ast-product-gallery-layout-horizontal","14":"ast-product-gallery-with-no-image","15":"ast-product-single-variable","16":"ast-product-tabs-layout-horizontal","17":"ast-qv-on-image","19":"first","20":"outofstock","21":"sale","22":"shipping-taxable","23":"purchasable","24":"product-type-variable","25":"has-default-attributes"},"tiered_pricing_type":"fixed","tiered_pricing_fixed_rules":{"50":7.24,"100":6.45},"tiered_pricing_product_settings":{"layout":"default","base_unit_name":{"singular":null,"plural":null},"default_variation":null},"tiered_pricing_minimum_quantity":null,"tiered_pricing_roles_data":[],"tiered_pricing_percentage_rules":[],"_links":{"self":[{"href":"https:\/\/puffvapestore.com\/sv\/wp-json\/wp\/v2\/product\/5934","targetHints":{"allow":["GET"]}}],"collection":[{"href":"https:\/\/puffvapestore.com\/sv\/wp-json\/wp\/v2\/product"}],"about":[{"href":"https:\/\/puffvapestore.com\/sv\/wp-json\/wp\/v2\/types\/product"}],"replies":[{"embeddable":true,"href":"https:\/\/puffvapestore.com\/sv\/wp-json\/wp\/v2\/comments?post=5934"}],"version-history":[{"count":7,"href":"https:\/\/puffvapestore.com\/sv\/wp-json\/wp\/v2\/product\/5934\/revisions"}],"predecessor-version":[{"id":6226,"href":"https:\/\/puffvapestore.com\/sv\/wp-json\/wp\/v2\/product\/5934\/revisions\/6226"}],"wp:featuredmedia":[{"embeddable":true,"href":"https:\/\/puffvapestore.com\/sv\/wp-json\/wp\/v2\/media\/5729"}],"wp:attachment":[{"href":"https:\/\/puffvapestore.com\/sv\/wp-json\/wp\/v2\/media?parent=5934"}],"wp:term":[{"taxonomy":"product_brand","embeddable":true,"href":"https:\/\/puffvapestore.com\/sv\/wp-json\/wp\/v2\/product_brand?post=5934"},{"taxonomy":"product_cat","embeddable":true,"href":"https:\/\/puffvapestore.com\/sv\/wp-json\/wp\/v2\/product_cat?post=5934"},{"taxonomy":"product_tag","embeddable":true,"href":"https:\/\/puffvapestore.com\/sv\/wp-json\/wp\/v2\/product_tag?post=5934"}],"curies":[{"name":"wp","href":"https:\/\/api.w.org\/{rel}","templated":true}]}}