{"id":5923,"date":"2025-07-27T18:11:26","date_gmt":"2025-07-27T18:11:26","guid":{"rendered":"https:\/\/puffvapestore.com\/?post_type=product&#038;p=5923"},"modified":"2026-02-05T03:54:29","modified_gmt":"2026-02-05T03:54:29","slug":"avocado-ice-lemon-lime-watermelon-raspberry-bang-leader-80k-triple-saveur","status":"publish","type":"product","link":"https:\/\/puffvapestore.com\/sv\/product\/avokado-is-citron-lime-vattenmelon-hallon-bang-leader-80k-triple-flavour\/","title":{"rendered":"Avokado Ice &amp; Lemon Lime &amp; Watermelon Raspberry - Bang Leader 80K 3 i 1 Triple Flavour"},"content":{"rendered":"<div data-elementor-type=\"wp-post\" data-elementor-id=\"5923\" class=\"elementor elementor-5923\">\n\t\t\t\t<div class=\"elementor-element elementor-element-08c26f9 e-flex e-con-boxed e-con e-parent\" data-id=\"08c26f9\" data-element_type=\"container\" data-e-type=\"container\">\n\t\t\t\t\t<div class=\"e-con-inner\">\n\t\t\t\t<div class=\"elementor-element elementor-element-a005a97 elementor-widget elementor-widget-text-editor\" data-id=\"a005a97\" data-element_type=\"widget\" data-e-type=\"widget\" data-widget_type=\"text-editor.default\">\n\t\t\t\t<div class=\"elementor-widget-container\">\n\t\t\t\t\t\t\t\t\t<p>Efter en hektisk dag p\u00e5 jobbet kan du sitta bekv\u00e4mt p\u00e5 en balkong i en solstol, ta ett djupt andetag och dra ut den elektroniska cigaretten Bang Leader 80K Avocado Ice &amp; Lemon Lime &amp; Watermelon Raspberry. Det f\u00f6rsta blosset \u00e4r Avocado Ice, en uppfriskande blandning av s\u00f6tma fr\u00e5n avokado och is, som om du kopplade av i havsbrisen i Provence, i s\u00f6dra Frankrike. Byt till Lime-smaken och du kommer att k\u00e4nna den dubbla citroniga fr\u00e4sch\u00f6ren av lime och citron spr\u00e4nga i munnen, som sp\u00e4nningen i en isad lemonad p\u00e5 Paris gator. Och n\u00e4r du byter till smaken Watermelon Raspberry, en blandning av s\u00f6t vattenmelon och l\u00e4tt syrliga hallon, kommer det att k\u00e4nnas som om du \u00e4r p\u00e5 en vacker strand p\u00e5 eftermiddagen. Det \u00e4r en behaglig upplevelse, perfekt f\u00f6r en stunds avkoppling.<\/p><h2>Tre smakbytessystem, stor 78 ml e-v\u00e4tsketank<\/h2><p>Bang Leader 80000 Avocado Ice &amp; Lemon Lime &amp; Watermelon Raspberry har en innovativ tre-i-ett-design, med tre oberoende integrerade e-juice-tankar, var och en med en kapacitet p\u00e5 26 ml, f\u00f6r totalt 78 ml v\u00e4tska. Smakv\u00e4ljaren g\u00f6r det enkelt att byta smak och tre smaker visas samtidigt p\u00e5 samma elektroniska cigarett, vilket ger dig friheten att \u00e4ndra hum\u00f6r och smak n\u00e4r som helst.<\/p><p>Exceptionellt h\u00e5llbar bland eng\u00e5ngsprodukter, varje Bang Leader 80000 Avocado Ice &amp; Lemon Lime &amp; Watermelon Raspberry elektronisk cigarett kan leverera upp till 80K puffar, vilket g\u00f6r den till det perfekta valet f\u00f6r regelbundna vapers. Njut av l\u00e5ngvarig anv\u00e4ndning och minska antalet frekventa byten.<\/p><p>Upp till fyra nikotinstyrkor tillg\u00e4ngliga: 0 %, 2 %, 3 %, 5 %. Oavsett om du \u00e4r ute efter en uppfriskande nikotinfri upplevelse eller om du \u00e4r en r\u00f6kare som vill ha en h\u00f6gkoncentrerad effekt i halsen, kommer du att hitta den intensitet som passar dig och enkelt kunna anpassa dig till dina r\u00f6kstoppsbehov eller smakf\u00f6r\u00e4ndringar.<\/p><h2>1,0 \u03a9 n\u00e4tmotst\u00e5nd, uts\u00f6kt smak av n\u00e4sta niv\u00e5<\/h2><p>Bang Leader 80000 Avocado Ice &amp; Lemon Lime &amp; Watermelon Raspberry har ett h\u00f6gpresterande 1,0 \u03a9 mesh-motst\u00e5nd, som v\u00e4rms j\u00e4mnare och finf\u00f6rdelar mer \u00e4n traditionella motst\u00e5nd, f\u00f6r en rik, icke-irriterande r\u00f6k. Varje bloss \u00e4r mjukt och kr\u00e4migt, vilket maximerar frig\u00f6randet av e-liquidens autentiska smak.<\/p><h2>Typ-C 850 mAh snabbladdande batteri, stabil effekt utan str\u00f6mavbrott<\/h2><p>Inbyggt 850 mAh uppladdningsbart litiumbatteri med h\u00f6g kapacitet, kompatibelt med Type-C snabbladdningsgr\u00e4nssnitt, f\u00f6r en laddningstid p\u00e5 cirka 60 minuter. Den l\u00e5nga batteritiden och effektiva laddningen g\u00f6r att du kan h\u00e5lla dig motiverad och njuta av en oavbruten h\u00f6gpresterande vapingupplevelse.<\/p><p>Det integrerade h\u00f6ljet \u00e4r l\u00e4tt och b\u00e4rbart och kombinerar ergonomi och slitstyrka, vilket g\u00f6r det idealiskt f\u00f6r daglig transport och intensiv anv\u00e4ndning. Dess tre-i-ett-design g\u00f6r den inte bara mer praktisk, utan minskar ocks\u00e5 vikten som uppst\u00e5r n\u00e4r man b\u00e4r med sig flera elektroniska cigaretter. Ett m\u00e5ste f\u00f6r dig som gillar rika smaker.<\/p>\t\t\t\t\t\t\t\t<\/div>\n\t\t\t\t<\/div>\n\t\t\t\t\t<\/div>\n\t\t\t\t<\/div>\n\t\t\t\t<\/div>","protected":false},"excerpt":{"rendered":"<p>Apr\u00e8s une journ\u00e9e de travail bien remplie, installez-vous confortablement sur un balcon, dans une chaise longue, inspirez profond\u00e9ment et sortez la cigarette \u00e9lectronique Bang Leader 80K Avocado Ice &amp; Lemon Lime &amp; Watermelon Raspberry. La premi\u00e8re bouff\u00e9e est \u00e0 l&rsquo;Avocat Glac\u00e9, une fusion rafra\u00eechissante de la douceur de l&rsquo;avocat et de la glace, comme si [&hellip;]<\/p>\n","protected":false},"featured_media":5718,"comment_status":"open","ping_status":"closed","template":"","meta":{"site-sidebar-layout":"no-sidebar","site-content-layout":"page-builder","ast-site-content-layout":"normal-width-container","site-content-style":"default","site-sidebar-style":"default","ast-global-header-display":"","ast-banner-title-visibility":"","ast-main-header-display":"","ast-hfb-above-header-display":"","ast-hfb-below-header-display":"","ast-hfb-mobile-header-display":"","site-post-title":"disabled","ast-breadcrumbs-content":"","ast-featured-img":"disabled","footer-sml-layout":"","ast-disable-related-posts":"","theme-transparent-header-meta":"default","adv-header-id-meta":"","stick-header-meta":"default","header-above-stick-meta":"","header-main-stick-meta":"","header-below-stick-meta":"","astra-migrate-meta-layouts":"set","ast-page-background-enabled":"default","ast-page-background-meta":{"desktop":{"background-color":"","background-image":"","background-repeat":"repeat","background-position":"center center","background-size":"auto","background-attachment":"scroll","background-type":"","background-media":"","overlay-type":"","overlay-color":"","overlay-opacity":"","overlay-gradient":""},"tablet":{"background-color":"","background-image":"","background-repeat":"repeat","background-position":"center center","background-size":"auto","background-attachment":"scroll","background-type":"","background-media":"","overlay-type":"","overlay-color":"","overlay-opacity":"","overlay-gradient":""},"mobile":{"background-color":"","background-image":"","background-repeat":"repeat","background-position":"center center","background-size":"auto","background-attachment":"scroll","background-type":"","background-media":"","overlay-type":"","overlay-color":"","overlay-opacity":"","overlay-gradient":""}},"ast-content-background-meta":{"desktop":{"background-color":"var(--ast-global-color-5)","background-image":"","background-repeat":"repeat","background-position":"center center","background-size":"auto","background-attachment":"scroll","background-type":"","background-media":"","overlay-type":"","overlay-color":"","overlay-opacity":"","overlay-gradient":""},"tablet":{"background-color":"var(--ast-global-color-5)","background-image":"","background-repeat":"repeat","background-position":"center center","background-size":"auto","background-attachment":"scroll","background-type":"","background-media":"","overlay-type":"","overlay-color":"","overlay-opacity":"","overlay-gradient":""},"mobile":{"background-color":"var(--ast-global-color-5)","background-image":"","background-repeat":"repeat","background-position":"center center","background-size":"auto","background-attachment":"scroll","background-type":"","background-media":"","overlay-type":"","overlay-color":"","overlay-opacity":"","overlay-gradient":""}}},"product_brand":[53],"product_cat":[54,106,15],"product_tag":[],"class_list":{"0":"post-5923","1":"product","2":"type-product","3":"status-publish","4":"has-post-thumbnail","6":"product_brand-bang-cree-une-cigarette-electronique-plus-confortable","7":"product_cat-bang-leader-80k-dispose-de-trois-reservoirs-de-liquide-independants-integres","8":"product_cat-puff-80k","9":"product_cat-magasin-cigarette-electronique","10":"desktop-align-center","11":"tablet-align-center","12":"mobile-align-center","13":"ast-product-gallery-layout-horizontal","14":"ast-product-gallery-with-no-image","15":"ast-product-single-variable","16":"ast-product-tabs-layout-horizontal","17":"ast-qv-on-image","19":"first","20":"outofstock","21":"sale","22":"shipping-taxable","23":"purchasable","24":"product-type-variable","25":"has-default-attributes"},"tiered_pricing_type":"fixed","tiered_pricing_fixed_rules":{"50":7.24,"100":6.45},"tiered_pricing_product_settings":{"layout":"default","base_unit_name":{"singular":null,"plural":null},"default_variation":null},"tiered_pricing_minimum_quantity":null,"tiered_pricing_roles_data":[],"tiered_pricing_percentage_rules":[],"_links":{"self":[{"href":"https:\/\/puffvapestore.com\/sv\/wp-json\/wp\/v2\/product\/5923","targetHints":{"allow":["GET"]}}],"collection":[{"href":"https:\/\/puffvapestore.com\/sv\/wp-json\/wp\/v2\/product"}],"about":[{"href":"https:\/\/puffvapestore.com\/sv\/wp-json\/wp\/v2\/types\/product"}],"replies":[{"embeddable":true,"href":"https:\/\/puffvapestore.com\/sv\/wp-json\/wp\/v2\/comments?post=5923"}],"version-history":[{"count":7,"href":"https:\/\/puffvapestore.com\/sv\/wp-json\/wp\/v2\/product\/5923\/revisions"}],"predecessor-version":[{"id":6225,"href":"https:\/\/puffvapestore.com\/sv\/wp-json\/wp\/v2\/product\/5923\/revisions\/6225"}],"wp:featuredmedia":[{"embeddable":true,"href":"https:\/\/puffvapestore.com\/sv\/wp-json\/wp\/v2\/media\/5718"}],"wp:attachment":[{"href":"https:\/\/puffvapestore.com\/sv\/wp-json\/wp\/v2\/media?parent=5923"}],"wp:term":[{"taxonomy":"product_brand","embeddable":true,"href":"https:\/\/puffvapestore.com\/sv\/wp-json\/wp\/v2\/product_brand?post=5923"},{"taxonomy":"product_cat","embeddable":true,"href":"https:\/\/puffvapestore.com\/sv\/wp-json\/wp\/v2\/product_cat?post=5923"},{"taxonomy":"product_tag","embeddable":true,"href":"https:\/\/puffvapestore.com\/sv\/wp-json\/wp\/v2\/product_tag?post=5923"}],"curies":[{"name":"wp","href":"https:\/\/api.w.org\/{rel}","templated":true}]}}