{"id":5882,"date":"2025-07-27T05:30:15","date_gmt":"2025-07-27T05:30:15","guid":{"rendered":"https:\/\/puffvapestore.com\/?post_type=product&#038;p=5882"},"modified":"2026-02-05T03:54:29","modified_gmt":"2026-02-05T03:54:29","slug":"blueberry-ice-strawberry-banana-mixed-berries-bang-leader-80k","status":"publish","type":"product","link":"https:\/\/puffvapestore.com\/sv\/product\/blabar-is-jordgubbar-banan-blandade-bar-bang-leader-80k\/","title":{"rendered":"Bl\u00e5b\u00e4rsis &amp; jordgubbsbanan &amp; blandade b\u00e4r - Bang Leader 80000 3 i 1"},"content":{"rendered":"<div data-elementor-type=\"wp-post\" data-elementor-id=\"5882\" class=\"elementor elementor-5882\">\n\t\t\t\t<div class=\"elementor-element elementor-element-08c26f9 e-flex e-con-boxed e-con e-parent\" data-id=\"08c26f9\" data-element_type=\"container\" data-e-type=\"container\">\n\t\t\t\t\t<div class=\"e-con-inner\">\n\t\t\t\t<div class=\"elementor-element elementor-element-a005a97 elementor-widget elementor-widget-text-editor\" data-id=\"a005a97\" data-element_type=\"widget\" data-e-type=\"widget\" data-widget_type=\"text-editor.default\">\n\t\t\t\t<div class=\"elementor-widget-container\">\n\t\t\t\t\t\t\t\t\t<p>Bang Leader 80000 Blueberry Ice &amp; Strawberry Banana &amp; Mixed Berries 3 in 1 erbjuder tre olika smaker f\u00f6r att tillfredsst\u00e4lla alla smaker, fr\u00e5n fr\u00e4sch till s\u00f6t till syrlig.<\/p><p>Iced Blueberry flavour: Denna elektroniska cigarett har en uppfriskande sval smak med s\u00f6tma fr\u00e5n mogna bl\u00e5b\u00e4r, som en uppfriskande iskall fruktdrink en sommarkv\u00e4ll i s\u00f6dra Frankrike. Perfekt f\u00f6r att sitta tyst p\u00e5 en balkong, ta ett stort bloss p\u00e5 din e-cigarett med Frozen Blueberry-smak, l\u00e5ta sinnet lugna ner sig och irritabiliteten f\u00f6rsiktigt f\u00f6rsvinna.<\/p><p>Strawberry Banana flavour: Jordgubbarnas s\u00f6tma och bananernas kr\u00e4mighet f\u00f6renas perfekt, som en milkshake nygjord p\u00e5 ett parisiskt konditori. Perfekt f\u00f6r avkoppling efter en hektisk dag. Ta ett bloss p\u00e5 v\u00e5r elektroniska cigarett med smak av jordgubbar och bananer, s\u00f6t och varm, som en \u00e5terg\u00e5ng till eftermiddagens s\u00f6tma.<\/p><p>Fruits Rouges-smak: Kombinationen av flera r\u00f6da frukter \u00e4r full av vitalitet och gl\u00e4dje, perfekt f\u00f6r att lysa upp kv\u00e4llar med v\u00e4nner. Det \u00e4r en smak som inte f\u00e5r missas, som en \u00f6verraskande eskapad till ving\u00e5rdarna i s\u00f6dra Frankrike.<\/p><h2>Olika nikotinkoncentrationer<\/h2><p>Bang Leader 80000 Blueberry Ice &amp; Strawberry Banana &amp; Mixed Berries erbjuder olika nikotinstyrkor, inklusive 0 %, 2 %, 3 % och 5 %, f\u00f6r att passa alla anv\u00e4ndares behov. Oavsett om du \u00e4r ute efter en nikotinfri upplevelse eller en h\u00f6gre koncentration f\u00f6r att tillfredsst\u00e4lla ditt sug, ger den h\u00e4r elektroniska cigaretten dig flexibla alternativ f\u00f6r anv\u00e4ndning som passar dina preferenser.<\/p><h2>Innovativ tre-i-ett-design f\u00f6r e-juice<\/h2><p>Denna elektroniska cigarett har en kapacitet p\u00e5 78 ml extra stor v\u00e4tska, smart uppdelad i tre separata 26 ml-tankar. Denna unika tre-i-ett-design f\u00f6rb\u00e4ttrar inte bara anv\u00e4ndarkomforten, utan g\u00f6r det ocks\u00e5 enkelt att byta fr\u00e5n en smak till en annan f\u00f6r en varierad upplevelse. Varje tank \u00e4r noggrant utformad f\u00f6r att garantera s\u00e4ker f\u00f6rvaring och enkelt v\u00e4tskebyte.<\/p><p>Bang Leader 80000 Blueberry Ice &amp; Strawberry Banana &amp; Mixed Berries erbjuder upp till 80K puffar och \u00e4r utformad f\u00f6r l\u00e5ngvarig anv\u00e4ndning. Oavsett om det g\u00e4ller vardagsbruk eller l\u00e4ngre utflykter ger den h\u00e4r enheten dig en kontinuerlig, stabil vapingupplevelse utan frekventa byten eller p\u00e5fyllningar. Perfekt f\u00f6r anv\u00e4ndare som s\u00f6ker h\u00e5llbarhet.<\/p><h2>H\u00f6gpresterande batteri och snabbladdning<\/h2><p>Denna elektroniska cigarett har ett inbyggt 850 mAh uppladdningsbart batteri och st\u00f6djer Type-C snabbladdningsteknik, som tar bara cirka 60 minuter. Det effektiva batterihanteringssystemet s\u00e4kerst\u00e4ller l\u00e4ngre batteritid, medan snabbladdningsfunktionen g\u00f6r att du snabbt kan \u00e5teruppta anv\u00e4ndningen, f\u00f6r en smidig upplevelse n\u00e4r som helst, var som helst.<\/p><h2>Optimerad teknik f\u00f6r n\u00e4tmotst\u00e5nd<\/h2><p>Bang Leader 80000 Blueberry Ice &amp; Strawberry Banana &amp; Mixed Berries anv\u00e4nder ett 1,0 \u03a9 mesh-motst\u00e5nd. Detta s\u00e4kerst\u00e4ller j\u00e4mn uppv\u00e4rmning och en rik, kr\u00e4mig \u00e5nga. Mesh-motst\u00e5ndets struktur optimerar finf\u00f6rdelningen av v\u00e4tskan, vilket garanterar en j\u00e4mn och fyllig smak vid varje bloss.<\/p>\t\t\t\t\t\t\t\t<\/div>\n\t\t\t\t<\/div>\n\t\t\t\t\t<\/div>\n\t\t\t\t<\/div>\n\t\t\t\t<\/div>","protected":false},"excerpt":{"rendered":"<p>La Bang Leader 80000 Blueberry Ice &amp; Strawberry Banana &amp; Mixed Berries 3 en 1 offre trois saveurs distinctes pour satisfaire tous les go\u00fbts, du frais au sucr\u00e9 en passant par l&rsquo;acidul\u00e9. Go\u00fbt Myrtille Glac\u00e9e\u00a0: Cette cigarette \u00e9lectronique offre un go\u00fbt rafra\u00eechissant et frais, avec la douceur des myrtilles m\u00fbres, comme une boisson glac\u00e9e aux [&hellip;]<\/p>\n","protected":false},"featured_media":5720,"comment_status":"open","ping_status":"closed","template":"","meta":{"site-sidebar-layout":"no-sidebar","site-content-layout":"page-builder","ast-site-content-layout":"normal-width-container","site-content-style":"default","site-sidebar-style":"default","ast-global-header-display":"","ast-banner-title-visibility":"","ast-main-header-display":"","ast-hfb-above-header-display":"","ast-hfb-below-header-display":"","ast-hfb-mobile-header-display":"","site-post-title":"disabled","ast-breadcrumbs-content":"","ast-featured-img":"disabled","footer-sml-layout":"","ast-disable-related-posts":"","theme-transparent-header-meta":"default","adv-header-id-meta":"","stick-header-meta":"default","header-above-stick-meta":"","header-main-stick-meta":"","header-below-stick-meta":"","astra-migrate-meta-layouts":"set","ast-page-background-enabled":"default","ast-page-background-meta":{"desktop":{"background-color":"","background-image":"","background-repeat":"repeat","background-position":"center center","background-size":"auto","background-attachment":"scroll","background-type":"","background-media":"","overlay-type":"","overlay-color":"","overlay-opacity":"","overlay-gradient":""},"tablet":{"background-color":"","background-image":"","background-repeat":"repeat","background-position":"center center","background-size":"auto","background-attachment":"scroll","background-type":"","background-media":"","overlay-type":"","overlay-color":"","overlay-opacity":"","overlay-gradient":""},"mobile":{"background-color":"","background-image":"","background-repeat":"repeat","background-position":"center center","background-size":"auto","background-attachment":"scroll","background-type":"","background-media":"","overlay-type":"","overlay-color":"","overlay-opacity":"","overlay-gradient":""}},"ast-content-background-meta":{"desktop":{"background-color":"var(--ast-global-color-5)","background-image":"","background-repeat":"repeat","background-position":"center center","background-size":"auto","background-attachment":"scroll","background-type":"","background-media":"","overlay-type":"","overlay-color":"","overlay-opacity":"","overlay-gradient":""},"tablet":{"background-color":"var(--ast-global-color-5)","background-image":"","background-repeat":"repeat","background-position":"center center","background-size":"auto","background-attachment":"scroll","background-type":"","background-media":"","overlay-type":"","overlay-color":"","overlay-opacity":"","overlay-gradient":""},"mobile":{"background-color":"var(--ast-global-color-5)","background-image":"","background-repeat":"repeat","background-position":"center center","background-size":"auto","background-attachment":"scroll","background-type":"","background-media":"","overlay-type":"","overlay-color":"","overlay-opacity":"","overlay-gradient":""}}},"product_brand":[53],"product_cat":[54,106,15],"product_tag":[],"class_list":{"0":"post-5882","1":"product","2":"type-product","3":"status-publish","4":"has-post-thumbnail","6":"product_brand-bang-cree-une-cigarette-electronique-plus-confortable","7":"product_cat-bang-leader-80k-dispose-de-trois-reservoirs-de-liquide-independants-integres","8":"product_cat-puff-80k","9":"product_cat-magasin-cigarette-electronique","10":"desktop-align-center","11":"tablet-align-center","12":"mobile-align-center","13":"ast-product-gallery-layout-horizontal","14":"ast-product-gallery-with-no-image","15":"ast-product-single-variable","16":"ast-product-tabs-layout-horizontal","17":"ast-qv-on-image","19":"first","20":"outofstock","21":"sale","22":"shipping-taxable","23":"purchasable","24":"product-type-variable","25":"has-default-attributes"},"tiered_pricing_type":"fixed","tiered_pricing_fixed_rules":{"50":7.24,"100":6.45},"tiered_pricing_product_settings":{"layout":"default","base_unit_name":{"singular":null,"plural":null},"default_variation":null},"tiered_pricing_minimum_quantity":null,"tiered_pricing_roles_data":[],"tiered_pricing_percentage_rules":[],"_links":{"self":[{"href":"https:\/\/puffvapestore.com\/sv\/wp-json\/wp\/v2\/product\/5882","targetHints":{"allow":["GET"]}}],"collection":[{"href":"https:\/\/puffvapestore.com\/sv\/wp-json\/wp\/v2\/product"}],"about":[{"href":"https:\/\/puffvapestore.com\/sv\/wp-json\/wp\/v2\/types\/product"}],"replies":[{"embeddable":true,"href":"https:\/\/puffvapestore.com\/sv\/wp-json\/wp\/v2\/comments?post=5882"}],"version-history":[{"count":7,"href":"https:\/\/puffvapestore.com\/sv\/wp-json\/wp\/v2\/product\/5882\/revisions"}],"predecessor-version":[{"id":6222,"href":"https:\/\/puffvapestore.com\/sv\/wp-json\/wp\/v2\/product\/5882\/revisions\/6222"}],"wp:featuredmedia":[{"embeddable":true,"href":"https:\/\/puffvapestore.com\/sv\/wp-json\/wp\/v2\/media\/5720"}],"wp:attachment":[{"href":"https:\/\/puffvapestore.com\/sv\/wp-json\/wp\/v2\/media?parent=5882"}],"wp:term":[{"taxonomy":"product_brand","embeddable":true,"href":"https:\/\/puffvapestore.com\/sv\/wp-json\/wp\/v2\/product_brand?post=5882"},{"taxonomy":"product_cat","embeddable":true,"href":"https:\/\/puffvapestore.com\/sv\/wp-json\/wp\/v2\/product_cat?post=5882"},{"taxonomy":"product_tag","embeddable":true,"href":"https:\/\/puffvapestore.com\/sv\/wp-json\/wp\/v2\/product_tag?post=5882"}],"curies":[{"name":"wp","href":"https:\/\/api.w.org\/{rel}","templated":true}]}}