{"id":5863,"date":"2025-07-27T03:17:47","date_gmt":"2025-07-27T03:17:47","guid":{"rendered":"https:\/\/puffvapestore.com\/?post_type=product&#038;p=5863"},"modified":"2026-02-05T03:54:29","modified_gmt":"2026-02-05T03:54:29","slug":"red-bull-blueberry-watermelon-apple-pear-bang-leader-80k","status":"publish","type":"product","link":"https:\/\/puffvapestore.com\/sv\/product\/red-bull-blabar-vattenmelon-apple-paron-bang-leader-80k\/","title":{"rendered":"Red Bull &amp; Bl\u00e5b\u00e4r Vattenmelon &amp; \u00c4ppelp\u00e4ron - Bang Leader 80000 3 i 1"},"content":{"rendered":"<div data-elementor-type=\"wp-post\" data-elementor-id=\"5863\" class=\"elementor elementor-5863\">\n\t\t\t\t<div class=\"elementor-element elementor-element-08c26f9 e-flex e-con-boxed e-con e-parent\" data-id=\"08c26f9\" data-element_type=\"container\" data-e-type=\"container\">\n\t\t\t\t\t<div class=\"e-con-inner\">\n\t\t\t\t<div class=\"elementor-element elementor-element-a005a97 elementor-widget elementor-widget-text-editor\" data-id=\"a005a97\" data-element_type=\"widget\" data-e-type=\"widget\" data-widget_type=\"text-editor.default\">\n\t\t\t\t<div class=\"elementor-widget-container\">\n\t\t\t\t\t\t\t\t\t<p>Bang Leader 80000 Red Bull, Blueberry, Watermelon, Apple and Pear 3 in 1 \u00e4r en elektronisk cigarett som perfekt kombinerar energi och fruktig friskhet. Red Bull-smaken erbjuder klassisk Red Bull-stimulering, Blueberry, Watermelon-smaken en symfoni av fruktiga aromer och Apple and Pear-smaken en varm \u00e4pple- och p\u00e4ronfinish. Den \u00e4r perfekt f\u00f6r e-cigarettfans som uppskattar smakvariationer utan att bli f\u00f6r s\u00f6ta.<\/p><h2>Red Bull: Sl\u00e4pp loss din energi och slappna av<\/h2><p>Efter en dags strosande p\u00e5 Paris gator faller natten, lamporna t\u00e4nds och ett bloss p\u00e5 en elektronisk cigarett med Red Bull-smak \u00e4r som att f\u00f6rvandla en hel flaska energidryck till en mild \u00e5nga och injicera den i dina lungor, vilket ger en subtil s\u00f6tma och uppfriskande stimulans. Koffeinfri, dess \u00abwake-up\u00bb smak g\u00f6r din natt mer dynamisk och fokuserad.<\/p><h2>Bl\u00e5b\u00e4r Vattenmelon: fruktig sommarsmak, frisk och s\u00f6t<\/h2><p>P\u00e5 semester i Provence eller vid havet kombinerar du s\u00f6tman fr\u00e5n bl\u00e5b\u00e4r med friskheten fr\u00e5n vattenmeloner och sl\u00e4pper ut en mjuk, s\u00f6t dimma i luften. Den h\u00e4r doften \u00e4r perfekt f\u00f6r att ta ett bloss p\u00e5 en elektronisk cigarett med smak av bl\u00e5b\u00e4r och vattenmelon medan du l\u00e4ser, lyssnar p\u00e5 musik eller sippar p\u00e5 en drink, som om du lutade dig tillbaka i en rottingf\u00e5t\u00f6lj p\u00e5 en solig balkong och andades in sommaren med full kraft.<\/p><h2>\u00c4ppelp\u00e4ron: Verger \u00c9l\u00e9gant, Fra\u00eecheur Fran\u00e7aise<\/h2><p>Kombinationen av \u00e4pple och p\u00e4ron \u00e4r den mest v\u00e4lk\u00e4nda fruktiga smaken p\u00e5 franska familjebord. Bang Leader f\u00f6rvandlar denna v\u00e4lbekanta smak till en elegant, l\u00e4tt \u00e5nga, perfekt f\u00f6r att ta ett bloss av en elektronisk cigarett med \u00e4pple-p\u00e4ronsmak mellan tv\u00e5 timmars arbete eller ensam p\u00e5 kv\u00e4llen och minnas livets s\u00f6ta stunder.<\/p><h2>Olika nikotinkoncentrationer<\/h2><p>Bang Leader 80000 erbjuder olika nikotinstyrkor, inklusive 0 %, 2 %, 3 % och 5 %, f\u00f6r att passa alla anv\u00e4ndares behov. Oavsett om du \u00e4r ute efter en nikotinfri upplevelse eller en h\u00f6gre koncentration f\u00f6r att tillfredsst\u00e4lla ditt sug, erbjuder denna elektroniska cigarett flexibla alternativ f\u00f6r anv\u00e4ndning som passar dina preferenser.<\/p><h2>Innovativ tre-i-ett-design f\u00f6r e-juice<\/h2><p>Denna elektroniska cigarett har en kapacitet p\u00e5 78 ml extra stor v\u00e4tska, smart uppdelad i tre separata 26 ml-tankar. Denna unika tre-i-ett-design f\u00f6rb\u00e4ttrar inte bara anv\u00e4ndarkomforten, utan g\u00f6r det ocks\u00e5 enkelt att byta fr\u00e5n en smak till en annan f\u00f6r en varierad upplevelse. Varje tank \u00e4r noggrant utformad f\u00f6r att garantera s\u00e4ker f\u00f6rvaring och enkelt v\u00e4tskebyte.<\/p><p>Bang Leader 80000 ger upp till 80 000 puffar och \u00e4r utformad f\u00f6r l\u00e5ngvarig anv\u00e4ndning. Oavsett om det g\u00e4ller vardagsbruk eller l\u00e4ngre utflykter ger den h\u00e4r enheten dig en kontinuerlig och stabil vapingupplevelse utan frekventa byten eller p\u00e5fyllningar. Perfekt f\u00f6r anv\u00e4ndare som s\u00f6ker h\u00e5llbarhet.<\/p><h2>H\u00f6gpresterande batteri och snabbladdning<\/h2><p>Denna elektroniska cigarett har ett inbyggt 850 mAh uppladdningsbart batteri och st\u00f6djer Type-C snabbladdningsteknik, som tar bara cirka 60 minuter. Det effektiva batterihanteringssystemet s\u00e4kerst\u00e4ller l\u00e4ngre batteritid, medan snabbladdningsfunktionen g\u00f6r att du snabbt kan \u00e5teruppta anv\u00e4ndningen, f\u00f6r en smidig upplevelse n\u00e4r som helst, var som helst.<\/p><h2>Optimerad teknik f\u00f6r n\u00e4tmotst\u00e5nd<\/h2><p>Bang Leader 80000 anv\u00e4nder ett n\u00e4tmotst\u00e5nd p\u00e5 1,0 \u03a9. Detta s\u00e4kerst\u00e4ller j\u00e4mn uppv\u00e4rmning och en rik, kr\u00e4mig \u00e5nga. Mesh-motst\u00e5ndets struktur optimerar finf\u00f6rdelningen av v\u00e4tskan, vilket garanterar en j\u00e4mn och fyllig smak vid varje bloss.<\/p>\t\t\t\t\t\t\t\t<\/div>\n\t\t\t\t<\/div>\n\t\t\t\t\t<\/div>\n\t\t\t\t<\/div>\n\t\t\t\t<\/div>","protected":false},"excerpt":{"rendered":"<p>La Bang Leader 80000 Red Bull, Myrtille, Past\u00e8que, Pomme et Poire 3 en 1 est une cigarette \u00e9lectronique alliant parfaitement \u00e9nergie et fra\u00eecheur fruit\u00e9e. La saveur Red Bull offre la stimulation classique de Red Bull, la saveur Myrtille, Past\u00e8que, une symphonie d&rsquo;ar\u00f4mes fruit\u00e9s, et la saveur Pomme et Poire, une finale chaleureuse de pommes et [&hellip;]<\/p>\n","protected":false},"featured_media":5725,"comment_status":"open","ping_status":"closed","template":"","meta":{"site-sidebar-layout":"no-sidebar","site-content-layout":"page-builder","ast-site-content-layout":"normal-width-container","site-content-style":"default","site-sidebar-style":"default","ast-global-header-display":"","ast-banner-title-visibility":"","ast-main-header-display":"","ast-hfb-above-header-display":"","ast-hfb-below-header-display":"","ast-hfb-mobile-header-display":"","site-post-title":"disabled","ast-breadcrumbs-content":"","ast-featured-img":"disabled","footer-sml-layout":"","ast-disable-related-posts":"","theme-transparent-header-meta":"default","adv-header-id-meta":"","stick-header-meta":"default","header-above-stick-meta":"","header-main-stick-meta":"","header-below-stick-meta":"","astra-migrate-meta-layouts":"set","ast-page-background-enabled":"default","ast-page-background-meta":{"desktop":{"background-color":"","background-image":"","background-repeat":"repeat","background-position":"center center","background-size":"auto","background-attachment":"scroll","background-type":"","background-media":"","overlay-type":"","overlay-color":"","overlay-opacity":"","overlay-gradient":""},"tablet":{"background-color":"","background-image":"","background-repeat":"repeat","background-position":"center center","background-size":"auto","background-attachment":"scroll","background-type":"","background-media":"","overlay-type":"","overlay-color":"","overlay-opacity":"","overlay-gradient":""},"mobile":{"background-color":"","background-image":"","background-repeat":"repeat","background-position":"center center","background-size":"auto","background-attachment":"scroll","background-type":"","background-media":"","overlay-type":"","overlay-color":"","overlay-opacity":"","overlay-gradient":""}},"ast-content-background-meta":{"desktop":{"background-color":"var(--ast-global-color-5)","background-image":"","background-repeat":"repeat","background-position":"center center","background-size":"auto","background-attachment":"scroll","background-type":"","background-media":"","overlay-type":"","overlay-color":"","overlay-opacity":"","overlay-gradient":""},"tablet":{"background-color":"var(--ast-global-color-5)","background-image":"","background-repeat":"repeat","background-position":"center center","background-size":"auto","background-attachment":"scroll","background-type":"","background-media":"","overlay-type":"","overlay-color":"","overlay-opacity":"","overlay-gradient":""},"mobile":{"background-color":"var(--ast-global-color-5)","background-image":"","background-repeat":"repeat","background-position":"center center","background-size":"auto","background-attachment":"scroll","background-type":"","background-media":"","overlay-type":"","overlay-color":"","overlay-opacity":"","overlay-gradient":""}}},"product_brand":[53],"product_cat":[54,106,15],"product_tag":[],"class_list":{"0":"post-5863","1":"product","2":"type-product","3":"status-publish","4":"has-post-thumbnail","6":"product_brand-bang-cree-une-cigarette-electronique-plus-confortable","7":"product_cat-bang-leader-80k-dispose-de-trois-reservoirs-de-liquide-independants-integres","8":"product_cat-puff-80k","9":"product_cat-magasin-cigarette-electronique","10":"desktop-align-center","11":"tablet-align-center","12":"mobile-align-center","13":"ast-product-gallery-layout-horizontal","14":"ast-product-gallery-with-no-image","15":"ast-product-single-variable","16":"ast-product-tabs-layout-horizontal","17":"ast-qv-on-image","19":"first","20":"outofstock","21":"sale","22":"shipping-taxable","23":"purchasable","24":"product-type-variable","25":"has-default-attributes"},"tiered_pricing_type":"fixed","tiered_pricing_fixed_rules":{"50":7.24,"100":6.45},"tiered_pricing_product_settings":{"layout":"default","base_unit_name":{"singular":null,"plural":null},"default_variation":null},"tiered_pricing_minimum_quantity":null,"tiered_pricing_roles_data":[],"tiered_pricing_percentage_rules":[],"_links":{"self":[{"href":"https:\/\/puffvapestore.com\/sv\/wp-json\/wp\/v2\/product\/5863","targetHints":{"allow":["GET"]}}],"collection":[{"href":"https:\/\/puffvapestore.com\/sv\/wp-json\/wp\/v2\/product"}],"about":[{"href":"https:\/\/puffvapestore.com\/sv\/wp-json\/wp\/v2\/types\/product"}],"replies":[{"embeddable":true,"href":"https:\/\/puffvapestore.com\/sv\/wp-json\/wp\/v2\/comments?post=5863"}],"version-history":[{"count":11,"href":"https:\/\/puffvapestore.com\/sv\/wp-json\/wp\/v2\/product\/5863\/revisions"}],"predecessor-version":[{"id":6221,"href":"https:\/\/puffvapestore.com\/sv\/wp-json\/wp\/v2\/product\/5863\/revisions\/6221"}],"wp:featuredmedia":[{"embeddable":true,"href":"https:\/\/puffvapestore.com\/sv\/wp-json\/wp\/v2\/media\/5725"}],"wp:attachment":[{"href":"https:\/\/puffvapestore.com\/sv\/wp-json\/wp\/v2\/media?parent=5863"}],"wp:term":[{"taxonomy":"product_brand","embeddable":true,"href":"https:\/\/puffvapestore.com\/sv\/wp-json\/wp\/v2\/product_brand?post=5863"},{"taxonomy":"product_cat","embeddable":true,"href":"https:\/\/puffvapestore.com\/sv\/wp-json\/wp\/v2\/product_cat?post=5863"},{"taxonomy":"product_tag","embeddable":true,"href":"https:\/\/puffvapestore.com\/sv\/wp-json\/wp\/v2\/product_tag?post=5863"}],"curies":[{"name":"wp","href":"https:\/\/api.w.org\/{rel}","templated":true}]}}