{"id":5852,"date":"2025-07-26T11:58:19","date_gmt":"2025-07-26T11:58:19","guid":{"rendered":"https:\/\/puffvapestore.com\/?post_type=product&#038;p=5852"},"modified":"2026-02-05T03:54:29","modified_gmt":"2026-02-05T03:54:29","slug":"bang-leader-80k-kiwi-passion-fruit-guava-lychee-ice-mango-peach-pineapple","status":"publish","type":"product","link":"https:\/\/puffvapestore.com\/sv\/product\/bang-leader-80k-kiwi-passionsfrukt-guava-litchi-is-mango-persika-ananas\/","title":{"rendered":"Bang Leader 80000 3 i 1 - Kiwi Passionsfrukt Guava &amp; Lychee Ice &amp; Mango Persika Ananas"},"content":{"rendered":"<div data-elementor-type=\"wp-post\" data-elementor-id=\"5852\" class=\"elementor elementor-5852\">\n\t\t\t\t<div class=\"elementor-element elementor-element-08c26f9 e-flex e-con-boxed e-con e-parent\" data-id=\"08c26f9\" data-element_type=\"container\" data-e-type=\"container\">\n\t\t\t\t\t<div class=\"e-con-inner\">\n\t\t\t\t<div class=\"elementor-element elementor-element-a005a97 elementor-widget elementor-widget-text-editor\" data-id=\"a005a97\" data-element_type=\"widget\" data-e-type=\"widget\" data-widget_type=\"text-editor.default\">\n\t\t\t\t<div class=\"elementor-widget-container\">\n\t\t\t\t\t\t\t\t\t<p>Om du \u00e4lskar rika fruktiga aromer och vill uppt\u00e4cka komplexa, uppfriskande och intensiva tropiska smaker, \u00e4r denna Bang Leader 80000 3 i 1 ett utm\u00e4rkt val.<\/p><p>Kiwi, passionsfrukt, guava: Den subtila s\u00f6tman blandad med tropiska fruktaromer ger dig ett rent \u00f6gonblick av friskhet, som ett glas isad juice p\u00e5 C\u00f4te d'Azur en varm sommardag.<\/p><p>Litchi, Glace: En n\u00e5got s\u00f6t, frisk doft blandas med orientalisk charm. I skymningen i Paris, n\u00e4r jag sitter ensam p\u00e5 terrassen till ett caf\u00e9, andas jag f\u00f6rsiktigt in r\u00f6ken som doftar av isad litchi, som om tiden hade st\u00e5tt stilla.<\/p><p>Mango, persika och ananas: en rik, subtil fruktig arom med tydliga nyanser som kan ers\u00e4tta desserten vid sammankomster med v\u00e4nner och ge en annan avkopplande ritual.<\/p><h2>Specifikationer f\u00f6r Bang Leader 80000 Kiwi Passion Fruit Guava &amp; Lychee Ice &amp; Mango Peach Pineapple 3 in 1 :<\/h2><p>Antal puffar: Varje Bang Leader 80000 Kiwi Passion Fruit Guava &amp; Lychee Ice &amp; Mango Peach Pineapple har upp till 80000 puffar, f\u00f6r l\u00e5ngvarig anv\u00e4ndning.<\/p><p>Kapacitet: 78 ml v\u00e4tska i tre oberoende 26 ml beh\u00e5llare.<\/p><p>Batteri: 850 mAh uppladdningsbart batteri, kompatibelt med Type-C snabbladdning, f\u00f6r en laddningstid p\u00e5 cirka 60 minuter.<\/p><p>Nikotinkoncentrationer: 0 %, 2 %, 3 % och 5 % finns tillg\u00e4ngliga f\u00f6r att tillgodose alla anv\u00e4ndares behov.<\/p><p>N\u00e4tmotst\u00e5nd: 1,0 \u03a9 n\u00e4tmotst\u00e5nd f\u00f6r j\u00e4mn uppv\u00e4rmning och j\u00e4mn \u00e5nga.<\/p><h2>Egenskaper hos Bang Leader 80000 Kiwi Passion Fruit Guava &amp; Lychee Ice &amp; Mango Peach Pineapple 3 in 1 :<\/h2><p>Trippelsmakssystem: Utrustad med tre oberoende reservoarer g\u00f6r smakv\u00e4ljaren det enkelt att byta smak och undvika den monotona smaken av en enda smak.<\/p><p>H\u00f6gpresterande n\u00e4tmotst\u00e5nd: n\u00e4tmotst\u00e5ndet p\u00e5 1,0 \u03a9 ger en j\u00e4mn \u00e5nga och rik smak, vilket garanterar en j\u00e4mn \u00e5nga vid varje bloss.<\/p><p>Uppladdningsbar design: 850 mAh batteri med snabbladdning av typ C, vilket minskar driftstopp och f\u00f6rl\u00e4nger batteriets livsl\u00e4ngd.<\/p><p>Ergonomisk design: b\u00e4rbar, l\u00e4tt och bekv\u00e4m att h\u00e5lla i, l\u00e4mplig f\u00f6r daglig transport och frekvent anv\u00e4ndning.<\/p><p>Olika nikotinalternativ: fr\u00e5n nikotinfri (0 %) till h\u00f6gkoncentrerad nikotin (5 %), l\u00e4mplig f\u00f6r b\u00e5de nyb\u00f6rjare och erfarna vapers.<\/p><p>S\u00e4kerhetsfunktioner: inbyggt \u00f6verbelastnings-, kortslutnings- och l\u00e5gsp\u00e4nningsskydd f\u00f6r s\u00e4ker drift.<\/p>\t\t\t\t\t\t\t\t<\/div>\n\t\t\t\t<\/div>\n\t\t\t\t\t<\/div>\n\t\t\t\t<\/div>\n\t\t\t\t<\/div>","protected":false},"excerpt":{"rendered":"<p>Si vous aimez les ar\u00f4mes fruit\u00e9s riches et souhaitez d\u00e9couvrir des saveurs tropicales complexes, rafra\u00eechissantes et intenses, ce Bang Leader 80000 3 en 1 est un excellent choix. Kiwi, Fruit de la Passion, Goyave\u00a0: La douceur subtile m\u00eal\u00e9e aux ar\u00f4mes fruit\u00e9s tropicaux vous offre un pur moment de fra\u00eecheur, comme un verre de jus glac\u00e9 [&hellip;]<\/p>\n","protected":false},"featured_media":5723,"comment_status":"open","ping_status":"closed","template":"","meta":{"site-sidebar-layout":"no-sidebar","site-content-layout":"page-builder","ast-site-content-layout":"normal-width-container","site-content-style":"default","site-sidebar-style":"default","ast-global-header-display":"","ast-banner-title-visibility":"","ast-main-header-display":"","ast-hfb-above-header-display":"","ast-hfb-below-header-display":"","ast-hfb-mobile-header-display":"","site-post-title":"disabled","ast-breadcrumbs-content":"","ast-featured-img":"disabled","footer-sml-layout":"","ast-disable-related-posts":"","theme-transparent-header-meta":"default","adv-header-id-meta":"","stick-header-meta":"default","header-above-stick-meta":"","header-main-stick-meta":"","header-below-stick-meta":"","astra-migrate-meta-layouts":"set","ast-page-background-enabled":"default","ast-page-background-meta":{"desktop":{"background-color":"","background-image":"","background-repeat":"repeat","background-position":"center center","background-size":"auto","background-attachment":"scroll","background-type":"","background-media":"","overlay-type":"","overlay-color":"","overlay-opacity":"","overlay-gradient":""},"tablet":{"background-color":"","background-image":"","background-repeat":"repeat","background-position":"center center","background-size":"auto","background-attachment":"scroll","background-type":"","background-media":"","overlay-type":"","overlay-color":"","overlay-opacity":"","overlay-gradient":""},"mobile":{"background-color":"","background-image":"","background-repeat":"repeat","background-position":"center center","background-size":"auto","background-attachment":"scroll","background-type":"","background-media":"","overlay-type":"","overlay-color":"","overlay-opacity":"","overlay-gradient":""}},"ast-content-background-meta":{"desktop":{"background-color":"var(--ast-global-color-5)","background-image":"","background-repeat":"repeat","background-position":"center center","background-size":"auto","background-attachment":"scroll","background-type":"","background-media":"","overlay-type":"","overlay-color":"","overlay-opacity":"","overlay-gradient":""},"tablet":{"background-color":"var(--ast-global-color-5)","background-image":"","background-repeat":"repeat","background-position":"center center","background-size":"auto","background-attachment":"scroll","background-type":"","background-media":"","overlay-type":"","overlay-color":"","overlay-opacity":"","overlay-gradient":""},"mobile":{"background-color":"var(--ast-global-color-5)","background-image":"","background-repeat":"repeat","background-position":"center center","background-size":"auto","background-attachment":"scroll","background-type":"","background-media":"","overlay-type":"","overlay-color":"","overlay-opacity":"","overlay-gradient":""}}},"product_brand":[53],"product_cat":[54,106,15],"product_tag":[],"class_list":{"0":"post-5852","1":"product","2":"type-product","3":"status-publish","4":"has-post-thumbnail","6":"product_brand-bang-cree-une-cigarette-electronique-plus-confortable","7":"product_cat-bang-leader-80k-dispose-de-trois-reservoirs-de-liquide-independants-integres","8":"product_cat-puff-80k","9":"product_cat-magasin-cigarette-electronique","10":"desktop-align-center","11":"tablet-align-center","12":"mobile-align-center","13":"ast-product-gallery-layout-horizontal","14":"ast-product-gallery-with-no-image","15":"ast-product-single-variable","16":"ast-product-tabs-layout-horizontal","17":"ast-qv-on-image","19":"first","20":"outofstock","21":"sale","22":"shipping-taxable","23":"purchasable","24":"product-type-variable","25":"has-default-attributes"},"tiered_pricing_type":"fixed","tiered_pricing_fixed_rules":{"50":7.24,"100":6.45},"tiered_pricing_product_settings":{"layout":"default","base_unit_name":{"singular":null,"plural":null},"default_variation":null},"tiered_pricing_minimum_quantity":null,"tiered_pricing_roles_data":[],"tiered_pricing_percentage_rules":[],"_links":{"self":[{"href":"https:\/\/puffvapestore.com\/sv\/wp-json\/wp\/v2\/product\/5852","targetHints":{"allow":["GET"]}}],"collection":[{"href":"https:\/\/puffvapestore.com\/sv\/wp-json\/wp\/v2\/product"}],"about":[{"href":"https:\/\/puffvapestore.com\/sv\/wp-json\/wp\/v2\/types\/product"}],"replies":[{"embeddable":true,"href":"https:\/\/puffvapestore.com\/sv\/wp-json\/wp\/v2\/comments?post=5852"}],"version-history":[{"count":7,"href":"https:\/\/puffvapestore.com\/sv\/wp-json\/wp\/v2\/product\/5852\/revisions"}],"predecessor-version":[{"id":6220,"href":"https:\/\/puffvapestore.com\/sv\/wp-json\/wp\/v2\/product\/5852\/revisions\/6220"}],"wp:featuredmedia":[{"embeddable":true,"href":"https:\/\/puffvapestore.com\/sv\/wp-json\/wp\/v2\/media\/5723"}],"wp:attachment":[{"href":"https:\/\/puffvapestore.com\/sv\/wp-json\/wp\/v2\/media?parent=5852"}],"wp:term":[{"taxonomy":"product_brand","embeddable":true,"href":"https:\/\/puffvapestore.com\/sv\/wp-json\/wp\/v2\/product_brand?post=5852"},{"taxonomy":"product_cat","embeddable":true,"href":"https:\/\/puffvapestore.com\/sv\/wp-json\/wp\/v2\/product_cat?post=5852"},{"taxonomy":"product_tag","embeddable":true,"href":"https:\/\/puffvapestore.com\/sv\/wp-json\/wp\/v2\/product_tag?post=5852"}],"curies":[{"name":"wp","href":"https:\/\/api.w.org\/{rel}","templated":true}]}}