{"id":5841,"date":"2025-07-26T07:51:01","date_gmt":"2025-07-26T07:51:01","guid":{"rendered":"https:\/\/puffvapestore.com\/?post_type=product&#038;p=5841"},"modified":"2026-02-05T03:54:29","modified_gmt":"2026-02-05T03:54:29","slug":"bang-leader-80k-cola-ice-blueberry-raspberry-peach-mango-watermelon-une-detente-instantanee","status":"publish","type":"product","link":"https:\/\/puffvapestore.com\/sv\/product\/bang-leader-80k-cola-is-blabar-hallon-persika-mango-vattenmelon-omedelbar-avkoppling\/","title":{"rendered":"Bang Leader 80000 3 i 1 - Cola Ice &amp; Bl\u00e5b\u00e4r Hallon &amp; Persika Mango Vattenmelon"},"content":{"rendered":"<div data-elementor-type=\"wp-post\" data-elementor-id=\"5841\" class=\"elementor elementor-5841\">\n\t\t\t\t<div class=\"elementor-element elementor-element-08c26f9 e-flex e-con-boxed e-con e-parent\" data-id=\"08c26f9\" data-element_type=\"container\" data-e-type=\"container\">\n\t\t\t\t\t<div class=\"e-con-inner\">\n\t\t\t\t<div class=\"elementor-element elementor-element-a005a97 elementor-widget elementor-widget-text-editor\" data-id=\"a005a97\" data-element_type=\"widget\" data-e-type=\"widget\" data-widget_type=\"text-editor.default\">\n\t\t\t\t<div class=\"elementor-widget-container\">\n\t\t\t\t\t\t\t\t\t<p>Den elektroniska cigaretten Bang Leader 80000:s tre-i-ett-design \u00e4r en av dess fr\u00e4msta tillg\u00e5ngar, s\u00e4rskilt p\u00e5 en marknad som den franska, d\u00e4r smaken \u00e4r viktigast, vilket ger st\u00f6rre valm\u00f6jligheter. Cola Ice-smaken, som b\u00e4rs av r\u00f6ken, ger dig en k\u00e4nsla av friskhet och svalka, som om du f\u00f6rflyttades till ett kaf\u00e9 vid havet mitt i sommaren. Brisen blandas med den v\u00e4lbekanta doften av l\u00e4skskum och ger omedelbar avkoppling. Smaken Blueberry, Raspberry erbjuder en mognare, mer elegant s\u00f6tma. Den syrliga, s\u00f6ta b\u00e4rblandningen f\u00f6r tankarna till en fruktt\u00e5rta p\u00e5 Paris gator, s\u00f6t utan att vara fet och v\u00e4cker sinnena. Och om du l\u00e4ngtar efter tropisk komfort kommer den saftiga, fr\u00e4scha smaken av persika, mango och vattenmelon att transportera dig till Medelhavets solsken, till hj\u00e4rtat av frukttr\u00e4dg\u00e5rdarna, avslappnad och energisk.<\/p><h2>Specifikationer f\u00f6r Bang Leader 80000 Cola Ice &amp; Blueberry Raspberry &amp; Peach Mango Watermelon 3 in 1 :<\/h2><p>Antal puffar: Varje Bang Leader 80000 Cola Ice &amp; Blueberry Raspberry &amp; Peach Mango Watermelon ger upp till 80000 puffar, f\u00f6r l\u00e5ngvarig anv\u00e4ndning.<\/p><p>Kapacitet: 78 ml v\u00e4tska i tre oberoende 26 ml beh\u00e5llare.<\/p><p>Batteri: 850 mAh uppladdningsbart batteri, kompatibelt med Type-C snabbladdning, f\u00f6r en laddningstid p\u00e5 cirka 60 minuter.<\/p><p>Nikotinkoncentrationer: 0 %, 2 %, 3 % och 5 % finns tillg\u00e4ngliga f\u00f6r att tillgodose alla anv\u00e4ndares behov.<\/p><p>N\u00e4tmotst\u00e5nd: 1,0 \u03a9 n\u00e4tmotst\u00e5nd f\u00f6r j\u00e4mn uppv\u00e4rmning och j\u00e4mn \u00e5nga.<\/p><h2>Egenskaper f\u00f6r Bang Leader 80000 Cola Ice &amp; Blueberry Raspberry &amp; Peach Mango Watermelon 3 in 1 :<\/h2><p>Trippelsmakssystem: Utrustad med tre oberoende reservoarer g\u00f6r smakv\u00e4ljaren det enkelt att byta smak och undvika den monotona smaken av en enda smak.<\/p><p>H\u00f6gpresterande n\u00e4tmotst\u00e5nd: n\u00e4tmotst\u00e5ndet p\u00e5 1,0 \u03a9 ger en j\u00e4mn \u00e5nga och rik smak, vilket garanterar en j\u00e4mn \u00e5nga vid varje bloss.<\/p><p>Uppladdningsbar design: 850 mAh batteri med snabbladdning av typ C, vilket minskar driftstopp och f\u00f6rl\u00e4nger batteriets livsl\u00e4ngd.<\/p><p>Ergonomisk design: b\u00e4rbar, l\u00e4tt och bekv\u00e4m att h\u00e5lla i, l\u00e4mplig f\u00f6r daglig transport och frekvent anv\u00e4ndning.<\/p><p>Olika nikotinalternativ: fr\u00e5n nikotinfri (0 %) till h\u00f6gkoncentrerad nikotin (5 %), l\u00e4mplig f\u00f6r b\u00e5de nyb\u00f6rjare och erfarna vapers.<\/p><p>S\u00e4kerhetsfunktioner: inbyggt \u00f6verbelastnings-, kortslutnings- och l\u00e5gsp\u00e4nningsskydd f\u00f6r s\u00e4ker drift.<\/p>\t\t\t\t\t\t\t\t<\/div>\n\t\t\t\t<\/div>\n\t\t\t\t\t<\/div>\n\t\t\t\t<\/div>\n\t\t\t\t<\/div>","protected":false},"excerpt":{"rendered":"<p>La conception trois en un de la cigarette \u00e9lectronique Bang Leader 80000 est l&rsquo;un de ses atouts majeurs, notamment sur un march\u00e9 comme la France, o\u00f9 le go\u00fbt est primordial, offrant un choix et des possibilit\u00e9s plus vastes. L&rsquo;ar\u00f4me Cola Ice, port\u00e9 par la fum\u00e9e, procure une sensation de fra\u00eecheur et de fra\u00eecheur, comme si [&hellip;]<\/p>\n","protected":false},"featured_media":5722,"comment_status":"open","ping_status":"closed","template":"","meta":{"site-sidebar-layout":"no-sidebar","site-content-layout":"page-builder","ast-site-content-layout":"normal-width-container","site-content-style":"default","site-sidebar-style":"default","ast-global-header-display":"","ast-banner-title-visibility":"","ast-main-header-display":"","ast-hfb-above-header-display":"","ast-hfb-below-header-display":"","ast-hfb-mobile-header-display":"","site-post-title":"disabled","ast-breadcrumbs-content":"","ast-featured-img":"disabled","footer-sml-layout":"","ast-disable-related-posts":"","theme-transparent-header-meta":"default","adv-header-id-meta":"","stick-header-meta":"default","header-above-stick-meta":"","header-main-stick-meta":"","header-below-stick-meta":"","astra-migrate-meta-layouts":"set","ast-page-background-enabled":"default","ast-page-background-meta":{"desktop":{"background-color":"","background-image":"","background-repeat":"repeat","background-position":"center center","background-size":"auto","background-attachment":"scroll","background-type":"","background-media":"","overlay-type":"","overlay-color":"","overlay-opacity":"","overlay-gradient":""},"tablet":{"background-color":"","background-image":"","background-repeat":"repeat","background-position":"center center","background-size":"auto","background-attachment":"scroll","background-type":"","background-media":"","overlay-type":"","overlay-color":"","overlay-opacity":"","overlay-gradient":""},"mobile":{"background-color":"","background-image":"","background-repeat":"repeat","background-position":"center center","background-size":"auto","background-attachment":"scroll","background-type":"","background-media":"","overlay-type":"","overlay-color":"","overlay-opacity":"","overlay-gradient":""}},"ast-content-background-meta":{"desktop":{"background-color":"var(--ast-global-color-5)","background-image":"","background-repeat":"repeat","background-position":"center center","background-size":"auto","background-attachment":"scroll","background-type":"","background-media":"","overlay-type":"","overlay-color":"","overlay-opacity":"","overlay-gradient":""},"tablet":{"background-color":"var(--ast-global-color-5)","background-image":"","background-repeat":"repeat","background-position":"center center","background-size":"auto","background-attachment":"scroll","background-type":"","background-media":"","overlay-type":"","overlay-color":"","overlay-opacity":"","overlay-gradient":""},"mobile":{"background-color":"var(--ast-global-color-5)","background-image":"","background-repeat":"repeat","background-position":"center center","background-size":"auto","background-attachment":"scroll","background-type":"","background-media":"","overlay-type":"","overlay-color":"","overlay-opacity":"","overlay-gradient":""}}},"product_brand":[53],"product_cat":[54,106,15],"product_tag":[],"class_list":{"0":"post-5841","1":"product","2":"type-product","3":"status-publish","4":"has-post-thumbnail","6":"product_brand-bang-cree-une-cigarette-electronique-plus-confortable","7":"product_cat-bang-leader-80k-dispose-de-trois-reservoirs-de-liquide-independants-integres","8":"product_cat-puff-80k","9":"product_cat-magasin-cigarette-electronique","10":"desktop-align-center","11":"tablet-align-center","12":"mobile-align-center","13":"ast-product-gallery-layout-horizontal","14":"ast-product-gallery-with-no-image","15":"ast-product-single-variable","16":"ast-product-tabs-layout-horizontal","17":"ast-qv-on-image","19":"first","20":"outofstock","21":"sale","22":"shipping-taxable","23":"purchasable","24":"product-type-variable","25":"has-default-attributes"},"tiered_pricing_type":"fixed","tiered_pricing_fixed_rules":{"50":7.24,"100":6.45},"tiered_pricing_product_settings":{"layout":"default","base_unit_name":{"singular":null,"plural":null},"default_variation":null},"tiered_pricing_minimum_quantity":null,"tiered_pricing_roles_data":[],"tiered_pricing_percentage_rules":[],"_links":{"self":[{"href":"https:\/\/puffvapestore.com\/sv\/wp-json\/wp\/v2\/product\/5841","targetHints":{"allow":["GET"]}}],"collection":[{"href":"https:\/\/puffvapestore.com\/sv\/wp-json\/wp\/v2\/product"}],"about":[{"href":"https:\/\/puffvapestore.com\/sv\/wp-json\/wp\/v2\/types\/product"}],"replies":[{"embeddable":true,"href":"https:\/\/puffvapestore.com\/sv\/wp-json\/wp\/v2\/comments?post=5841"}],"version-history":[{"count":7,"href":"https:\/\/puffvapestore.com\/sv\/wp-json\/wp\/v2\/product\/5841\/revisions"}],"predecessor-version":[{"id":6219,"href":"https:\/\/puffvapestore.com\/sv\/wp-json\/wp\/v2\/product\/5841\/revisions\/6219"}],"wp:featuredmedia":[{"embeddable":true,"href":"https:\/\/puffvapestore.com\/sv\/wp-json\/wp\/v2\/media\/5722"}],"wp:attachment":[{"href":"https:\/\/puffvapestore.com\/sv\/wp-json\/wp\/v2\/media?parent=5841"}],"wp:term":[{"taxonomy":"product_brand","embeddable":true,"href":"https:\/\/puffvapestore.com\/sv\/wp-json\/wp\/v2\/product_brand?post=5841"},{"taxonomy":"product_cat","embeddable":true,"href":"https:\/\/puffvapestore.com\/sv\/wp-json\/wp\/v2\/product_cat?post=5841"},{"taxonomy":"product_tag","embeddable":true,"href":"https:\/\/puffvapestore.com\/sv\/wp-json\/wp\/v2\/product_tag?post=5841"}],"curies":[{"name":"wp","href":"https:\/\/api.w.org\/{rel}","templated":true}]}}