{"id":5830,"date":"2025-07-26T03:40:14","date_gmt":"2025-07-26T03:40:14","guid":{"rendered":"https:\/\/puffvapestore.com\/?post_type=product&#038;p=5830"},"modified":"2026-02-05T03:54:29","modified_gmt":"2026-02-05T03:54:29","slug":"puff-bang-leader-80k-blueberry-ice-black-dragon-ice-mango-peach","status":"publish","type":"product","link":"https:\/\/puffvapestore.com\/sv\/product\/puff-bang-leader-80k-blabarsis-svart-drakis-mango-persika\/","title":{"rendered":"Bang Leader 80000 3 i 1 - Blueberry Ice &amp; Black Dragon Ice &amp; Mango Peach"},"content":{"rendered":"<div data-elementor-type=\"wp-post\" data-elementor-id=\"5830\" class=\"elementor elementor-5830\">\n\t\t\t\t<div class=\"elementor-element elementor-element-08c26f9 e-flex e-con-boxed e-con e-parent\" data-id=\"08c26f9\" data-element_type=\"container\" data-e-type=\"container\">\n\t\t\t\t\t<div class=\"e-con-inner\">\n\t\t\t\t<div class=\"elementor-element elementor-element-a005a97 elementor-widget elementor-widget-text-editor\" data-id=\"a005a97\" data-element_type=\"widget\" data-e-type=\"widget\" data-widget_type=\"text-editor.default\">\n\t\t\t\t<div class=\"elementor-widget-container\">\n\t\t\t\t\t\t\t\t\t<p>P\u00e5 kv\u00e4llen, efter jobbet, sitter du vid ett litet runt bord p\u00e5 en parisisk balkong, ett glas r\u00f6tt vin i handen och brisen smeker dina kinder. Du tar ett bloss fr\u00e5n din elektroniska cigarett Bang Leader 80000, byter till persika mango, och den s\u00f6ta doften dr\u00f6jer sig kvar i munnen, som om du har g\u00e5tt bort fr\u00e5n liv och r\u00f6relse och in i en lugn v\u00e4rld som bara tillh\u00f6r dig. Elektroniska cigaretter \u00e4r inte l\u00e4ngre bara r\u00f6ktillbeh\u00f6r, utan en integrerad del av den urbana avkopplingen: elegant, bekv\u00e4m och perfekt.<\/p><p>Frozen Blueberry-smaken \u00e4r uppfriskande och sval, som att bita i en fyllig frukt i en bl\u00e5b\u00e4rstr\u00e4dg\u00e5rd i Provence, med en antydan till friskhet som omedelbart v\u00e4cker sinnena.<\/p><p>Dragon Noir Glac\u00e9e har en mystisk, djup och frisk fruktig doft som f\u00f6r tankarna till den of\u00f6rklarliga romantiken och djupet i Seine i Paris p\u00e5 kv\u00e4llen.<\/p><p>Mango Peach-smaken \u00e4r en s\u00f6t och passionerad blandning, som en frukttr\u00e4dg\u00e5rd under Medelhavets eftermiddagssol, en tugga \u00e4r ett sommar\u00f6gonblick.<\/p><p>Dessa tre smaker av e-v\u00e4tska placeras i tre oberoende 26 ml-tankar, och anv\u00e4ndarna kan byta smak fritt beroende p\u00e5 hum\u00f6r och milj\u00f6. Precis som n\u00e4r man \u00e4ndrar tempo i livet, fr\u00e5n den livliga tunnelbanan tidigt p\u00e5 morgonen till lugnet p\u00e5 en terrass p\u00e5 kv\u00e4llen, erbjuder en cigarett flera olika smakupplevelser.<\/p><h2>Specifikationer f\u00f6r Bang Leader 80000 Blueberry Ice &amp; Black Dragon Ice &amp; Mango Peach 3 in 1 :<\/h2><p>Antal puffar: Varje Bang Leader 80000 Blueberry Ice &amp; Black Dragon Ice &amp; Mango Peach ger upp till 80000 puffar, f\u00f6r l\u00e5ngvarig anv\u00e4ndning.<\/p><p>Kapacitet: 78 ml v\u00e4tska i tre oberoende 26 ml beh\u00e5llare.<\/p><p>Batteri: 850 mAh uppladdningsbart batteri, kompatibelt med Type-C snabbladdning, f\u00f6r en laddningstid p\u00e5 cirka 60 minuter.<\/p><p>Nikotinkoncentrationer: 0 %, 2 %, 3 % och 5 % finns tillg\u00e4ngliga f\u00f6r att tillgodose alla anv\u00e4ndares behov.<\/p><p>N\u00e4tmotst\u00e5nd: 1,0 \u03a9 n\u00e4tmotst\u00e5nd f\u00f6r j\u00e4mn uppv\u00e4rmning och j\u00e4mn \u00e5nga.<\/p><h2>Egenskaper f\u00f6r Bang Leader 80000 Blueberry Ice &amp; Black Dragon Ice &amp; Mango Peach 3 in 1 :<\/h2><p>Trippelsmakssystem: Utrustad med tre oberoende reservoarer g\u00f6r smakv\u00e4ljaren det enkelt att byta smak och undvika den monotona smaken av en enda smak.<\/p><p>H\u00f6gpresterande n\u00e4tmotst\u00e5nd: n\u00e4tmotst\u00e5ndet p\u00e5 1,0 \u03a9 ger en j\u00e4mn \u00e5nga och rik smak, vilket garanterar en j\u00e4mn \u00e5nga vid varje bloss.<\/p><p>Uppladdningsbar design: 850 mAh batteri med snabbladdning av typ C, vilket minskar driftstopp och f\u00f6rl\u00e4nger batteriets livsl\u00e4ngd.<\/p><p>Ergonomisk design: b\u00e4rbar, l\u00e4tt och bekv\u00e4m att h\u00e5lla i, l\u00e4mplig f\u00f6r daglig transport och frekvent anv\u00e4ndning.<\/p><p>Olika nikotinalternativ: fr\u00e5n nikotinfri (0 %) till h\u00f6gkoncentrerad nikotin (5 %), l\u00e4mplig f\u00f6r b\u00e5de nyb\u00f6rjare och erfarna vapers.<\/p><p>S\u00e4kerhetsfunktioner: inbyggt \u00f6verbelastnings-, kortslutnings- och l\u00e5gsp\u00e4nningsskydd f\u00f6r s\u00e4ker drift.<\/p>\t\t\t\t\t\t\t\t<\/div>\n\t\t\t\t<\/div>\n\t\t\t\t\t<\/div>\n\t\t\t\t<\/div>\n\t\t\t\t<\/div>","protected":false},"excerpt":{"rendered":"<p>Le soir, apr\u00e8s le travail, vous \u00eates assis \u00e0 une petite table ronde sur un balcon parisien, un verre de vin rouge \u00e0 la main, la brise caressant vos joues. Vous tirez une bouff\u00e9e de votre cigarette \u00e9lectronique Bang Leader 80000, passez \u00e0 la mangue p\u00eache, et la douce odeur persiste en bouche, comme si [&hellip;]<\/p>\n","protected":false},"featured_media":5719,"comment_status":"open","ping_status":"closed","template":"","meta":{"site-sidebar-layout":"no-sidebar","site-content-layout":"page-builder","ast-site-content-layout":"normal-width-container","site-content-style":"default","site-sidebar-style":"default","ast-global-header-display":"","ast-banner-title-visibility":"","ast-main-header-display":"","ast-hfb-above-header-display":"","ast-hfb-below-header-display":"","ast-hfb-mobile-header-display":"","site-post-title":"disabled","ast-breadcrumbs-content":"","ast-featured-img":"disabled","footer-sml-layout":"","ast-disable-related-posts":"","theme-transparent-header-meta":"default","adv-header-id-meta":"","stick-header-meta":"default","header-above-stick-meta":"","header-main-stick-meta":"","header-below-stick-meta":"","astra-migrate-meta-layouts":"set","ast-page-background-enabled":"default","ast-page-background-meta":{"desktop":{"background-color":"","background-image":"","background-repeat":"repeat","background-position":"center center","background-size":"auto","background-attachment":"scroll","background-type":"","background-media":"","overlay-type":"","overlay-color":"","overlay-opacity":"","overlay-gradient":""},"tablet":{"background-color":"","background-image":"","background-repeat":"repeat","background-position":"center center","background-size":"auto","background-attachment":"scroll","background-type":"","background-media":"","overlay-type":"","overlay-color":"","overlay-opacity":"","overlay-gradient":""},"mobile":{"background-color":"","background-image":"","background-repeat":"repeat","background-position":"center center","background-size":"auto","background-attachment":"scroll","background-type":"","background-media":"","overlay-type":"","overlay-color":"","overlay-opacity":"","overlay-gradient":""}},"ast-content-background-meta":{"desktop":{"background-color":"var(--ast-global-color-5)","background-image":"","background-repeat":"repeat","background-position":"center center","background-size":"auto","background-attachment":"scroll","background-type":"","background-media":"","overlay-type":"","overlay-color":"","overlay-opacity":"","overlay-gradient":""},"tablet":{"background-color":"var(--ast-global-color-5)","background-image":"","background-repeat":"repeat","background-position":"center center","background-size":"auto","background-attachment":"scroll","background-type":"","background-media":"","overlay-type":"","overlay-color":"","overlay-opacity":"","overlay-gradient":""},"mobile":{"background-color":"var(--ast-global-color-5)","background-image":"","background-repeat":"repeat","background-position":"center center","background-size":"auto","background-attachment":"scroll","background-type":"","background-media":"","overlay-type":"","overlay-color":"","overlay-opacity":"","overlay-gradient":""}}},"product_brand":[53],"product_cat":[54,106,15],"product_tag":[],"class_list":{"0":"post-5830","1":"product","2":"type-product","3":"status-publish","4":"has-post-thumbnail","6":"product_brand-bang-cree-une-cigarette-electronique-plus-confortable","7":"product_cat-bang-leader-80k-dispose-de-trois-reservoirs-de-liquide-independants-integres","8":"product_cat-puff-80k","9":"product_cat-magasin-cigarette-electronique","10":"desktop-align-center","11":"tablet-align-center","12":"mobile-align-center","13":"ast-product-gallery-layout-horizontal","14":"ast-product-gallery-with-no-image","15":"ast-product-single-variable","16":"ast-product-tabs-layout-horizontal","17":"ast-qv-on-image","19":"first","20":"outofstock","21":"sale","22":"shipping-taxable","23":"purchasable","24":"product-type-variable","25":"has-default-attributes"},"tiered_pricing_type":"fixed","tiered_pricing_fixed_rules":{"50":7.24,"100":6.45},"tiered_pricing_product_settings":{"layout":"default","base_unit_name":{"singular":null,"plural":null},"default_variation":null},"tiered_pricing_minimum_quantity":null,"tiered_pricing_roles_data":[],"tiered_pricing_percentage_rules":[],"_links":{"self":[{"href":"https:\/\/puffvapestore.com\/sv\/wp-json\/wp\/v2\/product\/5830","targetHints":{"allow":["GET"]}}],"collection":[{"href":"https:\/\/puffvapestore.com\/sv\/wp-json\/wp\/v2\/product"}],"about":[{"href":"https:\/\/puffvapestore.com\/sv\/wp-json\/wp\/v2\/types\/product"}],"replies":[{"embeddable":true,"href":"https:\/\/puffvapestore.com\/sv\/wp-json\/wp\/v2\/comments?post=5830"}],"version-history":[{"count":7,"href":"https:\/\/puffvapestore.com\/sv\/wp-json\/wp\/v2\/product\/5830\/revisions"}],"predecessor-version":[{"id":6218,"href":"https:\/\/puffvapestore.com\/sv\/wp-json\/wp\/v2\/product\/5830\/revisions\/6218"}],"wp:featuredmedia":[{"embeddable":true,"href":"https:\/\/puffvapestore.com\/sv\/wp-json\/wp\/v2\/media\/5719"}],"wp:attachment":[{"href":"https:\/\/puffvapestore.com\/sv\/wp-json\/wp\/v2\/media?parent=5830"}],"wp:term":[{"taxonomy":"product_brand","embeddable":true,"href":"https:\/\/puffvapestore.com\/sv\/wp-json\/wp\/v2\/product_brand?post=5830"},{"taxonomy":"product_cat","embeddable":true,"href":"https:\/\/puffvapestore.com\/sv\/wp-json\/wp\/v2\/product_cat?post=5830"},{"taxonomy":"product_tag","embeddable":true,"href":"https:\/\/puffvapestore.com\/sv\/wp-json\/wp\/v2\/product_tag?post=5830"}],"curies":[{"name":"wp","href":"https:\/\/api.w.org\/{rel}","templated":true}]}}