{"id":5751,"date":"2025-07-24T11:00:28","date_gmt":"2025-07-24T11:00:28","guid":{"rendered":"https:\/\/puffvapestore.com\/?post_type=product&#038;p=5751"},"modified":"2026-02-05T03:54:29","modified_gmt":"2026-02-05T03:54:29","slug":"bang-leader-80000-avec-78ml-de-liquide","status":"publish","type":"product","link":"https:\/\/puffvapestore.com\/sv\/product\/bang-leader-80000-med-78-ml-vatska\/","title":{"rendered":"Bang Leader 80K 3-i-1: 80000 puffar r\u00f6k, 78 ml e-juice, 850 mAh uppladdningsbart batteri och n\u00e4tmotst\u00e5nd"},"content":{"rendered":"<div data-elementor-type=\"wp-post\" data-elementor-id=\"5751\" class=\"elementor elementor-5751\">\n\t\t\t\t<div class=\"elementor-element elementor-element-08c26f9 e-flex e-con-boxed e-con e-parent\" data-id=\"08c26f9\" data-element_type=\"container\" data-e-type=\"container\">\n\t\t\t\t\t<div class=\"e-con-inner\">\n\t\t\t\t<div class=\"elementor-element elementor-element-a005a97 elementor-widget elementor-widget-text-editor\" data-id=\"a005a97\" data-element_type=\"widget\" data-e-type=\"widget\" data-widget_type=\"text-editor.default\">\n\t\t\t\t<div class=\"elementor-widget-container\">\n\t\t\t\t\t\t\t\t\t<h2>Specifikationer f\u00f6r Bang Leader 80000 3 i 1 :<\/h2><p>Antal puffar: Varje Bang Leader 80000 ger upp till 80000 puffar, f\u00f6r l\u00e5ngvarig anv\u00e4ndning.<\/p><p>Kapacitet: 78 ml v\u00e4tska i tre oberoende 26 ml beh\u00e5llare.<\/p><p>Batteri: 850 mAh uppladdningsbart batteri, kompatibelt med Type-C snabbladdning, f\u00f6r en laddningstid p\u00e5 cirka 60 minuter.<\/p><p>Nikotinkoncentrationer: 0 %, 2 %, 3 % och 5 % finns tillg\u00e4ngliga f\u00f6r att tillgodose alla anv\u00e4ndares behov.<\/p><p>N\u00e4tmotst\u00e5nd: 1,0 \u03a9 n\u00e4tmotst\u00e5nd f\u00f6r j\u00e4mn uppv\u00e4rmning och j\u00e4mn \u00e5nga.<\/p><h2>Egenskaper f\u00f6r Bang Leader 80000 3 i 1 :<\/h2><p>Trippelsmakssystem: Utrustad med tre oberoende reservoarer g\u00f6r smakv\u00e4ljaren det enkelt att byta smak och undvika den monotona smaken av en enda smak.<\/p><p>H\u00f6gpresterande n\u00e4tmotst\u00e5nd: n\u00e4tmotst\u00e5ndet p\u00e5 1,0 \u03a9 ger en j\u00e4mn \u00e5nga och rik smak, vilket garanterar en j\u00e4mn \u00e5nga vid varje bloss.<\/p><p>Uppladdningsbar design: 850 mAh batteri med snabbladdning av typ C, vilket minskar driftstopp och f\u00f6rl\u00e4nger batteriets livsl\u00e4ngd.<\/p><p>Ergonomisk design: b\u00e4rbar, l\u00e4tt och bekv\u00e4m att h\u00e5lla i, l\u00e4mplig f\u00f6r daglig transport och frekvent anv\u00e4ndning.<\/p><p>Olika nikotinalternativ: fr\u00e5n nikotinfri (0 %) till h\u00f6gkoncentrerad nikotin (5 %), l\u00e4mplig f\u00f6r b\u00e5de nyb\u00f6rjare och erfarna vapers.<\/p><p>S\u00e4kerhetsfunktioner: inbyggt \u00f6verbelastnings-, kortslutnings- och l\u00e5gsp\u00e4nningsskydd f\u00f6r s\u00e4ker drift.<\/p><h2>Bang Leader 80K 3-in-1 erbjuder 12 unika smakkombinationer<\/h2><p>Den elektroniska cigaretten Bang Leader 80K 3-i-1 erbjuder 12 unika smakkombinationer, matchade med olika ingredienser som frukt, glass, desserter och drycker, f\u00f6r att tillgodose alla anv\u00e4ndares behov.<\/p><p>\u00abAvocado Ice &amp; Lemon Lime &amp; Watermelon Raspberry: Denna smakkombination kombinerar den kr\u00e4miga smaken av avokadoglass, den uppfriskande syran fr\u00e5n citron och lime och den s\u00f6ta, fruktiga aromen fr\u00e5n vattenmelon och hallon, f\u00f6r en balanserad upplevelse av friskhet och fruktighet.<\/p><p>\u00abBlueberry Ice &amp; Black Dragon Ice &amp; Mango Peach: Uppfriskande bl\u00e5b\u00e4rsglass m\u00f6ter mystisk pitayaglass, kombinerat med den tropiska smaken av mango och persika, f\u00f6r en unik kombination av fruktig friskhet och svalka.<\/p><p>\u00abBlueberry Ice &amp; Strawberry Banana &amp; Mixed Berries: Den fr\u00e4scha bl\u00e5b\u00e4rsglassen kombineras med den mj\u00f6lks\u00f6ta smaken av jordgubbar och bananer och den rika fruktiga smaken av blandade b\u00e4r, rik p\u00e5 nyanser och spr\u00e4ngfylld med fruktiga aromer.<\/p><p>\u00abBlueberry Watermelon &amp; Strawberry Mango &amp; Blackcurrant: S\u00f6tman fr\u00e5n bl\u00e5b\u00e4r och vattenmelon kompletterar den tropiska smaken fr\u00e5n jordgubbar och mango, medan syrligheten fr\u00e5n svarta vinb\u00e4r ger djup.<\/p><p>\u2018Cola Ice &amp; Blueberry Raspberry &amp; Peach Mango Watermelon\u2019: Den h\u00e4r isiga colan erbjuder den klassiska smaken av l\u00e4sk, d\u00e4r syran fr\u00e5n bl\u00e5b\u00e4r och hallon kontrasterar mot den tropiska s\u00f6tman fr\u00e5n persika och mango.<\/p><p>\u2018Kiwi Passion Fruit Guava &amp; Lychee Ice &amp; Mango Peach Pineapple\u2019: Den tropiska kombinationen av kiwi, passionsfrukt och guava, med friskheten fr\u00e5n litchiglass och s\u00f6tman fr\u00e5n mango, persika och ananas, ger en exotisk stil.<\/p><p>\u2018Raspberry Mojito Peach Ice &amp; Strawberry Watermelon &amp; Kiwi Passion Fruit Guava\u2019: Fr\u00e4schheten hos hallonmojito och persikois i kombination med jordgubbsvattenmelon och kiwi passionsfrukt guava skapar en fruktig och uppfriskande k\u00e4nsla p\u00e5 m\u00e5nga niv\u00e5er.<\/p><p>\u2018Red Bull &amp; Blueberry Watermelon &amp; Apple Pear\u2019: Smaken av energidrycken Red Bull kombineras med s\u00f6tman fr\u00e5n bl\u00e5b\u00e4rsvattenmelon och den livliga, fruktiga aromen fr\u00e5n \u00e4ppelp\u00e4ron, f\u00f6r en k\u00e4nsla full av vitalitet.<\/p><p>\u00abRed Bull &amp; Watermelon Bubble Candy &amp; Strawberry Ice Cream\u00bb: Den uppiggande k\u00e4nslan fr\u00e5n Red Bull kombineras med s\u00f6tman fr\u00e5n vattenmelonbubbelgummin och den mj\u00f6lkiga smaken fr\u00e5n jordgubbsglass, vilket ger ett resultat som \u00e4r b\u00e5de s\u00f6tt och gott.<\/p><p>\u00abStrawberry Kiwi &amp; Peach Ice &amp; Cherry Cola: S\u00f6tman fr\u00e5n jordgubbskivi, friskheten fr\u00e5n persikoglass och den klassiska smaken av Cherry Cola skapar en unik kombination av fruktiga aromer och l\u00e4sk.<\/p><p>\u00abStrawberry Watermelon &amp; Grape Ice &amp; Rainbow Candy: S\u00f6tman i jordgubbsvattenmelon, fr\u00e4schheten i druvglass och den f\u00e4rgglada s\u00f6tman i regnb\u00e5gsgodis ger en fruktig och uppfriskande kombination.<\/p><p>\u00abWatermelon Ice &amp; Strawberry Mango &amp; Banana: Fr\u00e4schheten hos vattenmelonis, den tropiska s\u00f6tman hos jordgubbsmango och den mj\u00f6lkiga aromen hos banan, f\u00f6r en kr\u00e4mig smak och rik fruktsmak.<\/p>\t\t\t\t\t\t\t\t<\/div>\n\t\t\t\t<\/div>\n\t\t\t\t\t<\/div>\n\t\t\t\t<\/div>\n\t\t\t\t<\/div>","protected":false},"excerpt":{"rendered":"<p>Sp\u00e9cifications du Bang Leader 80000 3 en 1\u00a0: Nombre de bouff\u00e9es\u00a0: Chaque Bang Leader 80000 offre jusqu\u2019\u00e0 80000 bouff\u00e9es, pour une utilisation longue dur\u00e9e. Capacit\u00e9\u00a0: 78\u00a0ml de liquide, r\u00e9partis dans trois r\u00e9servoirs ind\u00e9pendants de 26\u00a0ml. Batterie\u00a0: Batterie rechargeable de 850\u00a0mAh, compatible avec la charge rapide Type-C, pour une dur\u00e9e de charge d\u2019environ 60\u00a0minutes. Concentration en [&hellip;]<\/p>\n","protected":false},"featured_media":5730,"comment_status":"open","ping_status":"closed","template":"","meta":{"site-sidebar-layout":"no-sidebar","site-content-layout":"page-builder","ast-site-content-layout":"normal-width-container","site-content-style":"default","site-sidebar-style":"default","ast-global-header-display":"","ast-banner-title-visibility":"","ast-main-header-display":"","ast-hfb-above-header-display":"","ast-hfb-below-header-display":"","ast-hfb-mobile-header-display":"","site-post-title":"disabled","ast-breadcrumbs-content":"","ast-featured-img":"disabled","footer-sml-layout":"","ast-disable-related-posts":"","theme-transparent-header-meta":"default","adv-header-id-meta":"","stick-header-meta":"default","header-above-stick-meta":"","header-main-stick-meta":"","header-below-stick-meta":"","astra-migrate-meta-layouts":"set","ast-page-background-enabled":"default","ast-page-background-meta":{"desktop":{"background-color":"","background-image":"","background-repeat":"repeat","background-position":"center center","background-size":"auto","background-attachment":"scroll","background-type":"","background-media":"","overlay-type":"","overlay-color":"","overlay-opacity":"","overlay-gradient":""},"tablet":{"background-color":"","background-image":"","background-repeat":"repeat","background-position":"center center","background-size":"auto","background-attachment":"scroll","background-type":"","background-media":"","overlay-type":"","overlay-color":"","overlay-opacity":"","overlay-gradient":""},"mobile":{"background-color":"","background-image":"","background-repeat":"repeat","background-position":"center center","background-size":"auto","background-attachment":"scroll","background-type":"","background-media":"","overlay-type":"","overlay-color":"","overlay-opacity":"","overlay-gradient":""}},"ast-content-background-meta":{"desktop":{"background-color":"var(--ast-global-color-5)","background-image":"","background-repeat":"repeat","background-position":"center center","background-size":"auto","background-attachment":"scroll","background-type":"","background-media":"","overlay-type":"","overlay-color":"","overlay-opacity":"","overlay-gradient":""},"tablet":{"background-color":"var(--ast-global-color-5)","background-image":"","background-repeat":"repeat","background-position":"center center","background-size":"auto","background-attachment":"scroll","background-type":"","background-media":"","overlay-type":"","overlay-color":"","overlay-opacity":"","overlay-gradient":""},"mobile":{"background-color":"var(--ast-global-color-5)","background-image":"","background-repeat":"repeat","background-position":"center center","background-size":"auto","background-attachment":"scroll","background-type":"","background-media":"","overlay-type":"","overlay-color":"","overlay-opacity":"","overlay-gradient":""}}},"product_brand":[53],"product_cat":[54,106,15],"product_tag":[],"class_list":{"0":"post-5751","1":"product","2":"type-product","3":"status-publish","4":"has-post-thumbnail","6":"product_brand-bang-cree-une-cigarette-electronique-plus-confortable","7":"product_cat-bang-leader-80k-dispose-de-trois-reservoirs-de-liquide-independants-integres","8":"product_cat-puff-80k","9":"product_cat-magasin-cigarette-electronique","10":"desktop-align-center","11":"tablet-align-center","12":"mobile-align-center","13":"ast-product-gallery-layout-horizontal","14":"ast-product-single-variable","15":"ast-product-tabs-layout-horizontal","16":"ast-qv-on-image","18":"first","19":"outofstock","20":"sale","21":"shipping-taxable","22":"purchasable","23":"product-type-variable","24":"has-default-attributes"},"tiered_pricing_type":"fixed","tiered_pricing_fixed_rules":{"50":7.24,"100":6.45},"tiered_pricing_product_settings":{"layout":"default","base_unit_name":{"singular":null,"plural":null},"default_variation":null},"tiered_pricing_minimum_quantity":null,"tiered_pricing_roles_data":[],"tiered_pricing_percentage_rules":[],"_links":{"self":[{"href":"https:\/\/puffvapestore.com\/sv\/wp-json\/wp\/v2\/product\/5751","targetHints":{"allow":["GET"]}}],"collection":[{"href":"https:\/\/puffvapestore.com\/sv\/wp-json\/wp\/v2\/product"}],"about":[{"href":"https:\/\/puffvapestore.com\/sv\/wp-json\/wp\/v2\/types\/product"}],"replies":[{"embeddable":true,"href":"https:\/\/puffvapestore.com\/sv\/wp-json\/wp\/v2\/comments?post=5751"}],"version-history":[{"count":7,"href":"https:\/\/puffvapestore.com\/sv\/wp-json\/wp\/v2\/product\/5751\/revisions"}],"predecessor-version":[{"id":5814,"href":"https:\/\/puffvapestore.com\/sv\/wp-json\/wp\/v2\/product\/5751\/revisions\/5814"}],"wp:featuredmedia":[{"embeddable":true,"href":"https:\/\/puffvapestore.com\/sv\/wp-json\/wp\/v2\/media\/5730"}],"wp:attachment":[{"href":"https:\/\/puffvapestore.com\/sv\/wp-json\/wp\/v2\/media?parent=5751"}],"wp:term":[{"taxonomy":"product_brand","embeddable":true,"href":"https:\/\/puffvapestore.com\/sv\/wp-json\/wp\/v2\/product_brand?post=5751"},{"taxonomy":"product_cat","embeddable":true,"href":"https:\/\/puffvapestore.com\/sv\/wp-json\/wp\/v2\/product_cat?post=5751"},{"taxonomy":"product_tag","embeddable":true,"href":"https:\/\/puffvapestore.com\/sv\/wp-json\/wp\/v2\/product_tag?post=5751"}],"curies":[{"name":"wp","href":"https:\/\/api.w.org\/{rel}","templated":true}]}}