{"id":5696,"date":"2025-07-24T07:51:02","date_gmt":"2025-07-24T07:51:02","guid":{"rendered":"https:\/\/puffvapestore.com\/?post_type=product&#038;p=5696"},"modified":"2026-01-19T10:54:36","modified_gmt":"2026-01-19T10:54:36","slug":"blue-razz-ice-strawberry-watermelon-watermelon-ice-bang-king-85000-3-en-1","status":"publish","type":"product","link":"https:\/\/puffvapestore.com\/sv\/product\/blue-razz-ice-jordgubb-vattenmelon-vattenmelon-is-bang-king-85000-3-i-1\/","title":{"rendered":"Blue Razz Ice &amp; Strawberry Watermelon &amp; Watermelon Ice - Bang King Triple 85000 3 i 1"},"content":{"rendered":"<div data-elementor-type=\"wp-post\" data-elementor-id=\"5696\" class=\"elementor elementor-5696\">\n\t\t\t\t<div class=\"elementor-element elementor-element-08c26f9 e-flex e-con-boxed e-con e-parent\" data-id=\"08c26f9\" data-element_type=\"container\" data-e-type=\"container\">\n\t\t\t\t\t<div class=\"e-con-inner\">\n\t\t\t\t<div class=\"elementor-element elementor-element-a005a97 elementor-widget elementor-widget-text-editor\" data-id=\"a005a97\" data-element_type=\"widget\" data-e-type=\"widget\" data-widget_type=\"text-editor.default\">\n\t\t\t\t<div class=\"elementor-widget-container\">\n\t\t\t\t\t\t\t\t\t<p>Blue Razz Ice-smaken ger en kraftfull doft av bl\u00e5b\u00e4r och hallon, kombinerat med en touch av f\u00e4rsk mynta, som ett glas isad juice p\u00e5 stranden i Marseille p\u00e5 sommaren, som omedelbart skingrar v\u00e4rmen. Smaken Strawberry Watermelon \u00e4r en mjuk, komplex s\u00f6tma d\u00e4r jordgubbens s\u00f6tma och vattenmelonens friskhet blandas i munnen, som p\u00e5 f\u00e4lten i Provence, d\u00e4r solen skiner genom tr\u00e4dens skugga och s\u00f6tman \u00e4r allest\u00e4des n\u00e4rvarande. Iced Watermelon flavour \u00e4r \u00e4nnu friskare och renare och kombinerar perfekt den saftiga smaken av vattenmelon med dess friskhet. Efter en doft kommer du att k\u00e4nna dig som om du \u00e4r p\u00e5 Seine i Paris, vaggad av brisen och avslappnad.<\/p><p>Anv\u00e4nd helt enkelt den elektroniska cigarettens smakv\u00e4ljare f\u00f6r att v\u00e4lja bland de tre tillg\u00e4ngliga smakerna och tillfredsst\u00e4lla dina mest kr\u00e4vande beg\u00e4r. Livet erbjuder mer \u00e4n en smak, och din elektroniska cigarett ska inte erbjuda dig ett enda val.<\/p><p>Bang King 85000 Blue Razz Ice &amp; Strawberry Watermelon &amp; Watermelon Ice 3 in 1 Triple Flavour \u00e4r utrustad med ett h\u00f6gpresterande 600 mAh uppladdningsbart litiumbatteri och st\u00f6der snabbladdning via USB-C, vilket ger dig en stabil och l\u00e5ngvarig vape-upplevelse. \u00c4ven intensiva anv\u00e4ndare kan enkelt hantera daglig anv\u00e4ndning utan behov av frekvent laddning.<\/p><p>Den \u00e4r utrustad med en intelligent, h\u00f6guppl\u00f6st OLED-display som visar batteriniv\u00e5n och den \u00e5terst\u00e5ende m\u00e4ngden e-juice i realtid. Anv\u00e4ndarna kan p\u00e5 ett intuitivt s\u00e4tt se enhetens status, ladda i f\u00f6rv\u00e4g och byta smak n\u00e4r de vill.<\/p><h2>Tre smaker i en och samma maskin<\/h2><p>Bang King 85000 Blue Razz Ice &amp; Strawberry Watermelon &amp; Watermelon Ice har en originaltank med tre e-v\u00e4tskor, som var och en kan injiceras oberoende av varandra med olika e-v\u00e4tskesmaker, f\u00f6r en total kapacitet p\u00e5 upp till 63 ml (21 ml per tank). Smakv\u00e4ljaren inneb\u00e4r att du kan byta smak n\u00e4r som helst, utan att byta enhet eller patron, s\u00e5 att den passar alla dina behov.<\/p><p>Varje e-cigarett Bang King Triple 85000 Blue Razz Ice &amp; Strawberry Watermelon &amp; Watermelon Ice ger upp till 85 000 r\u00f6kpuffar, och varje smak ger cirka 28 300 r\u00f6kpuffar var f\u00f6r sig. Den \u00e4r m\u00e5ngsidig och h\u00e5llbar och \u00e4r den ledande e-cigaretten med h\u00f6g kapacitet p\u00e5 marknaden.<\/p><h2>Tre upps\u00e4ttningar av oberoende 1,0 \u03a9 n\u00e4tmotst\u00e5nd<\/h2><p>Bang King 85000 Blue Razz Ice &amp; Strawberry Watermelon &amp; Watermelon Ice 3 in 1 Triple Flavor \u00e4r utrustad med tre upps\u00e4ttningar oberoende integrerade 1,0 \u03a9 mesh-resistorer, som matar sina respektive tankar med e-v\u00e4tska, bevarar renheten hos varje smak och f\u00f6rb\u00e4ttrar finf\u00f6rdelningens enhetlighet och smakrikedom. Utan smakblandning \u00e4r det det perfekta valet f\u00f6r den ultimata smakupplevelsen.<\/p><h2>Flera alternativ f\u00f6r nikotinkoncentration<\/h2><p>F\u00f6r att tillgodose behoven hos alla anv\u00e4ndare erbjuder Bang King Triple 85000 Blue Razz Ice &amp; Strawberry Watermelon &amp; Watermelon Ice fyra alternativ f\u00f6r nikotinkoncentration:<\/p><p>0 % (nikotinfri version, perfekt f\u00f6r fans av e-cigaretter som vill ha b\u00e4sta m\u00f6jliga smakupplevelse)<\/p><p>2 %, 3 %, 5 % (flera nikotinkoncentrationer tillg\u00e4ngliga)<\/p><p>V\u00e4lj den intensitet som passar dig, fr\u00e5n enkel reduktion till en uppfriskande, tillfredsst\u00e4llande smak.<\/p><p>Oavsett om du \u00e4r p\u00e5 resande fot, p\u00e5 fest eller hemma kan den stora kapaciteten och urvalet av smaker i Bang King Triple 85000 Blue Razz Ice &amp; Strawberry Watermelon &amp; Watermelon Ice anpassas f\u00f6r att passa alla behov, oavsett milj\u00f6. I kombination med en raffinerad industridesign och en ergonomisk layout kombineras funktionalitet och estetik.<\/p><h2>Specifikationer f\u00f6r Bang King 85000 Blue Razz Ice &amp; Strawberry Watermelon &amp; Watermelon Ice 3 in 1 Triple Flavour<\/h2><p>Maximal puffvolym: 85.000 puffar (cirka 28.300 puffar per smak)<\/p><p>Total kapacitet f\u00f6r e-v\u00e4tska: 63 ml (3 x 21 ml)<\/p><p>Batterikapacitet: 600 mAh, uppladdningsbart<\/p><p>Snabbladdning: USB-C-gr\u00e4nssnitt<\/p><p>Resistorkonfiguration: tre upps\u00e4ttningar oberoende 1,0 \u03a9 mesh-resistorer<\/p><p>Alternativ f\u00f6r nikotinkoncentration: 0 %, 2 %, 3 %, 5 %<\/p><p>Displayfunktion: OLED-sk\u00e4rm (visar batteriladdning och \u00e5terst\u00e5ende m\u00e4ngd e-v\u00e4tska)<\/p><p>Viktiga egenskaper: enkelt byte mellan tre smaker, utan \u00f6verlappning av smakerna<\/p>\t\t\t\t\t\t\t\t<\/div>\n\t\t\t\t<\/div>\n\t\t\t\t\t<\/div>\n\t\t\t\t<\/div>\n\t\t\t\t<\/div>","protected":false},"excerpt":{"rendered":"<p>La saveur Blue Razz Ice offre un ar\u00f4me puissant de myrtille et de framboise, associ\u00e9 \u00e0 une touche de menthe fra\u00eeche, comme un verre de jus glac\u00e9 sur la plage de Marseille en \u00e9t\u00e9, dissipant instantan\u00e9ment la chaleur. La saveur Fraise Past\u00e8que est une douceur douce et complexe, o\u00f9 la douceur des fraises et la [&hellip;]<\/p>\n","protected":false},"featured_media":5390,"comment_status":"open","ping_status":"closed","template":"","meta":{"site-sidebar-layout":"no-sidebar","site-content-layout":"page-builder","ast-site-content-layout":"normal-width-container","site-content-style":"default","site-sidebar-style":"default","ast-global-header-display":"","ast-banner-title-visibility":"","ast-main-header-display":"","ast-hfb-above-header-display":"","ast-hfb-below-header-display":"","ast-hfb-mobile-header-display":"","site-post-title":"disabled","ast-breadcrumbs-content":"","ast-featured-img":"disabled","footer-sml-layout":"","ast-disable-related-posts":"","theme-transparent-header-meta":"default","adv-header-id-meta":"","stick-header-meta":"default","header-above-stick-meta":"","header-main-stick-meta":"","header-below-stick-meta":"","astra-migrate-meta-layouts":"set","ast-page-background-enabled":"default","ast-page-background-meta":{"desktop":{"background-color":"","background-image":"","background-repeat":"repeat","background-position":"center center","background-size":"auto","background-attachment":"scroll","background-type":"","background-media":"","overlay-type":"","overlay-color":"","overlay-opacity":"","overlay-gradient":""},"tablet":{"background-color":"","background-image":"","background-repeat":"repeat","background-position":"center center","background-size":"auto","background-attachment":"scroll","background-type":"","background-media":"","overlay-type":"","overlay-color":"","overlay-opacity":"","overlay-gradient":""},"mobile":{"background-color":"","background-image":"","background-repeat":"repeat","background-position":"center center","background-size":"auto","background-attachment":"scroll","background-type":"","background-media":"","overlay-type":"","overlay-color":"","overlay-opacity":"","overlay-gradient":""}},"ast-content-background-meta":{"desktop":{"background-color":"var(--ast-global-color-5)","background-image":"","background-repeat":"repeat","background-position":"center center","background-size":"auto","background-attachment":"scroll","background-type":"","background-media":"","overlay-type":"","overlay-color":"","overlay-opacity":"","overlay-gradient":""},"tablet":{"background-color":"var(--ast-global-color-5)","background-image":"","background-repeat":"repeat","background-position":"center center","background-size":"auto","background-attachment":"scroll","background-type":"","background-media":"","overlay-type":"","overlay-color":"","overlay-opacity":"","overlay-gradient":""},"mobile":{"background-color":"var(--ast-global-color-5)","background-image":"","background-repeat":"repeat","background-position":"center center","background-size":"auto","background-attachment":"scroll","background-type":"","background-media":"","overlay-type":"","overlay-color":"","overlay-opacity":"","overlay-gradient":""}}},"product_brand":[52],"product_cat":[51,107,15],"product_tag":[],"class_list":{"0":"post-5696","1":"product","2":"type-product","3":"status-publish","4":"has-post-thumbnail","6":"product_brand-bang-king","7":"product_cat-bang-king-triple-85000-trois-saveurs-en-une","8":"product_cat-puff-85k","9":"product_cat-magasin-cigarette-electronique","10":"desktop-align-center","11":"tablet-align-center","12":"mobile-align-center","13":"ast-product-gallery-layout-horizontal","14":"ast-product-gallery-with-no-image","15":"ast-product-single-variable","16":"ast-product-tabs-layout-horizontal","17":"ast-qv-on-image","19":"first","20":"instock","21":"sale","22":"shipping-taxable","23":"purchasable","24":"product-type-variable","25":"has-default-attributes"},"tiered_pricing_type":"fixed","tiered_pricing_fixed_rules":[],"tiered_pricing_product_settings":{"layout":"default","base_unit_name":{"singular":null,"plural":null},"default_variation":null},"tiered_pricing_minimum_quantity":null,"tiered_pricing_roles_data":[],"tiered_pricing_percentage_rules":[],"_links":{"self":[{"href":"https:\/\/puffvapestore.com\/sv\/wp-json\/wp\/v2\/product\/5696","targetHints":{"allow":["GET"]}}],"collection":[{"href":"https:\/\/puffvapestore.com\/sv\/wp-json\/wp\/v2\/product"}],"about":[{"href":"https:\/\/puffvapestore.com\/sv\/wp-json\/wp\/v2\/types\/product"}],"replies":[{"embeddable":true,"href":"https:\/\/puffvapestore.com\/sv\/wp-json\/wp\/v2\/comments?post=5696"}],"version-history":[{"count":8,"href":"https:\/\/puffvapestore.com\/sv\/wp-json\/wp\/v2\/product\/5696\/revisions"}],"predecessor-version":[{"id":10709,"href":"https:\/\/puffvapestore.com\/sv\/wp-json\/wp\/v2\/product\/5696\/revisions\/10709"}],"wp:featuredmedia":[{"embeddable":true,"href":"https:\/\/puffvapestore.com\/sv\/wp-json\/wp\/v2\/media\/5390"}],"wp:attachment":[{"href":"https:\/\/puffvapestore.com\/sv\/wp-json\/wp\/v2\/media?parent=5696"}],"wp:term":[{"taxonomy":"product_brand","embeddable":true,"href":"https:\/\/puffvapestore.com\/sv\/wp-json\/wp\/v2\/product_brand?post=5696"},{"taxonomy":"product_cat","embeddable":true,"href":"https:\/\/puffvapestore.com\/sv\/wp-json\/wp\/v2\/product_cat?post=5696"},{"taxonomy":"product_tag","embeddable":true,"href":"https:\/\/puffvapestore.com\/sv\/wp-json\/wp\/v2\/product_tag?post=5696"}],"curies":[{"name":"wp","href":"https:\/\/api.w.org\/{rel}","templated":true}]}}