{"id":5680,"date":"2025-07-24T05:37:12","date_gmt":"2025-07-24T05:37:12","guid":{"rendered":"https:\/\/puffvapestore.com\/?post_type=product&#038;p=5680"},"modified":"2026-01-19T10:54:36","modified_gmt":"2026-01-19T10:54:36","slug":"kiwi-passion-fruit-guava-lush-ice-straw-mango-bang-king-85k-un-plaisir-et-un-soulagement-instantanes","status":"publish","type":"product","link":"https:\/\/puffvapestore.com\/sv\/product\/kiwi-passionsfrukt-guava-lush-ice-halm-mango-bang-king-85k-omedelbar-njutning-och-lattnad\/","title":{"rendered":"Kiwi Passionsfrukt Guava &amp; Lush Ice &amp; Straw Mango - Bang King Triple 85000 3 i 1"},"content":{"rendered":"<div data-elementor-type=\"wp-post\" data-elementor-id=\"5680\" class=\"elementor elementor-5680\">\n\t\t\t\t<div class=\"elementor-element elementor-element-08c26f9 e-flex e-con-boxed e-con e-parent\" data-id=\"08c26f9\" data-element_type=\"container\" data-e-type=\"container\">\n\t\t\t\t\t<div class=\"e-con-inner\">\n\t\t\t\t<div class=\"elementor-element elementor-element-a005a97 elementor-widget elementor-widget-text-editor\" data-id=\"a005a97\" data-element_type=\"widget\" data-e-type=\"widget\" data-widget_type=\"text-editor.default\">\n\t\t\t\t<div class=\"elementor-widget-container\">\n\t\t\t\t\t\t\t\t\t<p>De tre smakerna Kiwi Passion Fruit Guava &amp; Lush Ice &amp; Straw Mango f\u00f6rkroppsligar kraften i tropiska fruktaromer, friskheten i sval mint och mjukheten i s\u00f6t fruktmassa. Tack vare den intelligenta v\u00e4ljaren kan du \u00e4ndra smak direkt genom att helt enkelt justera v\u00e4ljaren och g\u00f6ra varje inandning till en riktig resa.<\/p><h2>Kiwi Passionsfrukt Guava<\/h2><p>Denna unika tropiska trio kombinerar s\u00f6tsyrlig kiwi, doftande passionsfrukt och saftig guava f\u00f6r en intensiv, komplex smak. N\u00e4r du sitter p\u00e5 din balkong i solnedg\u00e5ngen och tar ett bloss av denna smaksatta elektroniska cigarett kommer du att k\u00e4nna dig som om du \u00e4r p\u00e5 en strand p\u00e5 Martinique och l\u00e5ter dina tankar flyta i vinden.<\/p><h2>Lush Ice<\/h2><p>Vattenmelonens s\u00f6tma omsluts delikat av mintens friskhet och fr\u00e4schar upp dina smakl\u00f6kar. Denna elektroniska cigarett med Lush Ice-smak \u00e4r perfekt f\u00f6r att koppla av p\u00e5 eftermiddagen, s\u00e4rskilt p\u00e5 sommaren. G\u00e5 ut fr\u00e5n kaf\u00e9et och ta ett bloss av Lush Ice, som en sval bris i ansiktet.<\/p><h2>Halm Mango<\/h2><p>Kombinationen av kr\u00e4mig mango och syrlig jordgubbe \u00e4r som en hemmagjord smoothie. Efter en drink eller en stunds l\u00e4sning, ta en doft av Straw Mango f\u00f6r en stunds avkoppling och njutning.<\/p><p>Bang King 85000 Kiwi Passion Fruit Guava &amp; Lush Ice &amp; Straw Mango 3 in 1 Triple Flavour \u00e4r utrustad med ett h\u00f6gpresterande 600 mAh uppladdningsbart litiumbatteri och st\u00f6der snabbladdning via USB-C, vilket ger dig en stabil och l\u00e5ngvarig vape-upplevelse. \u00c4ven intensiva anv\u00e4ndare kan enkelt hantera daglig anv\u00e4ndning utan behov av frekvent laddning.<\/p><p>Den \u00e4r utrustad med en intelligent, h\u00f6guppl\u00f6st OLED-display som visar batteriniv\u00e5n och den \u00e5terst\u00e5ende m\u00e4ngden e-juice i realtid. Anv\u00e4ndarna kan p\u00e5 ett intuitivt s\u00e4tt se enhetens status, ladda i f\u00f6rv\u00e4g och byta smak n\u00e4r de vill.<\/p><h2>Tre smaker i en och samma maskin<\/h2><p>Bang King 85000 Kiwi Passion Fruit Guava &amp; Lush Ice &amp; Straw Mango har en originaltank med tre e-v\u00e4tskor, som var och en kan injiceras oberoende av varandra med olika e-v\u00e4tskesmaker, f\u00f6r en total kapacitet p\u00e5 upp till 63 ml (21 ml per tank). Smakv\u00e4ljaren inneb\u00e4r att du kan byta smak n\u00e4r som helst, utan att byta enhet eller patron, s\u00e5 att den passar alla dina behov.<\/p><p>Varje Bang King Triple 85000 Kiwi Passion Fruit Guava &amp; Lush Ice &amp; Straw Mango e-cigarett ger upp till 85 000 r\u00f6kpuffar, och varje smak ger cirka 28 300 r\u00f6kpuffar oberoende av varandra. M\u00e5ngsidig och l\u00e5ngvarig, det \u00e4r den ledande e-cigaretten med h\u00f6g kapacitet p\u00e5 marknaden.<\/p><h2>Tre upps\u00e4ttningar av oberoende 1,0 \u03a9 n\u00e4tmotst\u00e5nd<\/h2><p>Bang King 85000 Kiwi Passion Fruit Guava &amp; Lush Ice &amp; Straw Mango 3 in 1 Triple Flavor \u00e4r utrustad med tre upps\u00e4ttningar oberoende integrerade 1,0 \u03a9 mesh-resistorer, som matar sina respektive tankar med e-v\u00e4tska, bevarar renheten hos varje smak och f\u00f6rb\u00e4ttrar atomiseringens enhetlighet och smakrikedom. Utan smakblandning \u00e4r det det perfekta valet f\u00f6r den ultimata smakupplevelsen.<\/p><h2>Flera alternativ f\u00f6r nikotinkoncentration<\/h2><p>F\u00f6r att tillgodose behoven hos alla anv\u00e4ndare erbjuder Bang King Triple 85000 Kiwi Passion Fruit Guava &amp; Lush Ice &amp; Straw Mango fyra alternativ f\u00f6r nikotinkoncentration:<\/p><p>0 % (nikotinfri version, perfekt f\u00f6r fans av e-cigaretter som vill ha b\u00e4sta m\u00f6jliga smakupplevelse)<\/p><p>2 %, 3 %, 5 % (flera nikotinkoncentrationer tillg\u00e4ngliga)<\/p><p>V\u00e4lj den intensitet som passar dig, fr\u00e5n enkel reduktion till en uppfriskande, tillfredsst\u00e4llande smak.<\/p><p>Oavsett om du \u00e4r p\u00e5 resande fot, p\u00e5 fest eller hemma kan den stora kapaciteten och urvalet av smaker i Bang King Triple 85000 Kiwi Passion Fruit Guava &amp; Lush Ice &amp; Straw Mango anpassas f\u00f6r att passa alla behov, oavsett milj\u00f6. I kombination med den raffinerade industridesignen och det ergonomiska konceptet kombineras funktionalitet och estetik.<\/p><h2>Specifikationer f\u00f6r Bang King 85000 3 i 1 Triple Flavour<\/h2><p>Maximal puffvolym: 85.000 puffar (cirka 28.300 puffar per smak)<\/p><p>Total kapacitet f\u00f6r e-v\u00e4tska: 63 ml (3 x 21 ml)<\/p><p>Batterikapacitet: 600 mAh, uppladdningsbart<\/p><p>Snabbladdning: USB-C-gr\u00e4nssnitt<\/p><p>Resistorkonfiguration: tre upps\u00e4ttningar oberoende 1,0 \u03a9 mesh-resistorer<\/p><p>Alternativ f\u00f6r nikotinkoncentration: 0 %, 2 %, 3 %, 5 %<\/p><p>Displayfunktion: OLED-sk\u00e4rm (visar batteriladdning och \u00e5terst\u00e5ende m\u00e4ngd e-v\u00e4tska)<\/p><p>Viktiga egenskaper: enkelt byte mellan tre smaker, utan \u00f6verlappning av smakerna<\/p>\t\t\t\t\t\t\t\t<\/div>\n\t\t\t\t<\/div>\n\t\t\t\t\t<\/div>\n\t\t\t\t<\/div>\n\t\t\t\t<\/div>","protected":false},"excerpt":{"rendered":"<p>Les trois saveurs Kiwi Passion Fruit Guava &amp; Lush Ice &amp; Straw Mango incarnent la puissance des ar\u00f4mes de fruits tropicaux, la fra\u00eecheur de la menthe fra\u00eeche et la douceur de la pulpe de fruit sucr\u00e9e. Gr\u00e2ce au s\u00e9lecteur intelligent, vous pouvez changer de saveur instantan\u00e9ment en ajustant simplement le s\u00e9lecteur, transformant chaque inhalation en [&hellip;]<\/p>\n","protected":false},"featured_media":5395,"comment_status":"open","ping_status":"closed","template":"","meta":{"site-sidebar-layout":"no-sidebar","site-content-layout":"page-builder","ast-site-content-layout":"normal-width-container","site-content-style":"default","site-sidebar-style":"default","ast-global-header-display":"","ast-banner-title-visibility":"","ast-main-header-display":"","ast-hfb-above-header-display":"","ast-hfb-below-header-display":"","ast-hfb-mobile-header-display":"","site-post-title":"disabled","ast-breadcrumbs-content":"","ast-featured-img":"disabled","footer-sml-layout":"","ast-disable-related-posts":"","theme-transparent-header-meta":"default","adv-header-id-meta":"","stick-header-meta":"default","header-above-stick-meta":"","header-main-stick-meta":"","header-below-stick-meta":"","astra-migrate-meta-layouts":"set","ast-page-background-enabled":"default","ast-page-background-meta":{"desktop":{"background-color":"","background-image":"","background-repeat":"repeat","background-position":"center center","background-size":"auto","background-attachment":"scroll","background-type":"","background-media":"","overlay-type":"","overlay-color":"","overlay-opacity":"","overlay-gradient":""},"tablet":{"background-color":"","background-image":"","background-repeat":"repeat","background-position":"center center","background-size":"auto","background-attachment":"scroll","background-type":"","background-media":"","overlay-type":"","overlay-color":"","overlay-opacity":"","overlay-gradient":""},"mobile":{"background-color":"","background-image":"","background-repeat":"repeat","background-position":"center center","background-size":"auto","background-attachment":"scroll","background-type":"","background-media":"","overlay-type":"","overlay-color":"","overlay-opacity":"","overlay-gradient":""}},"ast-content-background-meta":{"desktop":{"background-color":"var(--ast-global-color-5)","background-image":"","background-repeat":"repeat","background-position":"center center","background-size":"auto","background-attachment":"scroll","background-type":"","background-media":"","overlay-type":"","overlay-color":"","overlay-opacity":"","overlay-gradient":""},"tablet":{"background-color":"var(--ast-global-color-5)","background-image":"","background-repeat":"repeat","background-position":"center center","background-size":"auto","background-attachment":"scroll","background-type":"","background-media":"","overlay-type":"","overlay-color":"","overlay-opacity":"","overlay-gradient":""},"mobile":{"background-color":"var(--ast-global-color-5)","background-image":"","background-repeat":"repeat","background-position":"center center","background-size":"auto","background-attachment":"scroll","background-type":"","background-media":"","overlay-type":"","overlay-color":"","overlay-opacity":"","overlay-gradient":""}}},"product_brand":[52],"product_cat":[51,107,15],"product_tag":[],"class_list":{"0":"post-5680","1":"product","2":"type-product","3":"status-publish","4":"has-post-thumbnail","6":"product_brand-bang-king","7":"product_cat-bang-king-triple-85000-trois-saveurs-en-une","8":"product_cat-puff-85k","9":"product_cat-magasin-cigarette-electronique","10":"desktop-align-center","11":"tablet-align-center","12":"mobile-align-center","13":"ast-product-gallery-layout-horizontal","14":"ast-product-gallery-with-no-image","15":"ast-product-single-variable","16":"ast-product-tabs-layout-horizontal","17":"ast-qv-on-image","19":"first","20":"instock","21":"sale","22":"shipping-taxable","23":"purchasable","24":"product-type-variable","25":"has-default-attributes"},"tiered_pricing_type":"fixed","tiered_pricing_fixed_rules":[],"tiered_pricing_product_settings":{"layout":"default","base_unit_name":{"singular":null,"plural":null},"default_variation":null},"tiered_pricing_minimum_quantity":null,"tiered_pricing_roles_data":[],"tiered_pricing_percentage_rules":[],"_links":{"self":[{"href":"https:\/\/puffvapestore.com\/sv\/wp-json\/wp\/v2\/product\/5680","targetHints":{"allow":["GET"]}}],"collection":[{"href":"https:\/\/puffvapestore.com\/sv\/wp-json\/wp\/v2\/product"}],"about":[{"href":"https:\/\/puffvapestore.com\/sv\/wp-json\/wp\/v2\/types\/product"}],"replies":[{"embeddable":true,"href":"https:\/\/puffvapestore.com\/sv\/wp-json\/wp\/v2\/comments?post=5680"}],"version-history":[{"count":12,"href":"https:\/\/puffvapestore.com\/sv\/wp-json\/wp\/v2\/product\/5680\/revisions"}],"predecessor-version":[{"id":10708,"href":"https:\/\/puffvapestore.com\/sv\/wp-json\/wp\/v2\/product\/5680\/revisions\/10708"}],"wp:featuredmedia":[{"embeddable":true,"href":"https:\/\/puffvapestore.com\/sv\/wp-json\/wp\/v2\/media\/5395"}],"wp:attachment":[{"href":"https:\/\/puffvapestore.com\/sv\/wp-json\/wp\/v2\/media?parent=5680"}],"wp:term":[{"taxonomy":"product_brand","embeddable":true,"href":"https:\/\/puffvapestore.com\/sv\/wp-json\/wp\/v2\/product_brand?post=5680"},{"taxonomy":"product_cat","embeddable":true,"href":"https:\/\/puffvapestore.com\/sv\/wp-json\/wp\/v2\/product_cat?post=5680"},{"taxonomy":"product_tag","embeddable":true,"href":"https:\/\/puffvapestore.com\/sv\/wp-json\/wp\/v2\/product_tag?post=5680"}],"curies":[{"name":"wp","href":"https:\/\/api.w.org\/{rel}","templated":true}]}}