{"id":5650,"date":"2025-07-23T10:11:33","date_gmt":"2025-07-23T10:11:33","guid":{"rendered":"https:\/\/puffvapestore.com\/?post_type=product&#038;p=5650"},"modified":"2026-01-19T10:54:36","modified_gmt":"2026-01-19T10:54:36","slug":"double-apple-pineapple-ice-fruity-fusion-bang-king-85000-3-en-1-triple-saveur","status":"publish","type":"product","link":"https:\/\/puffvapestore.com\/sv\/product\/dubbel-apple-ananas-is-fruity-fusion-bang-king-85000-3-i-1-trippel-smak\/","title":{"rendered":"Double Apple &amp; Pineapple Ice &amp; Fruity Fusion - Bang King 85000 3 i 1 Triple Flavor"},"content":{"rendered":"<div data-elementor-type=\"wp-post\" data-elementor-id=\"5650\" class=\"elementor elementor-5650\">\n\t\t\t\t<div class=\"elementor-element elementor-element-08c26f9 e-flex e-con-boxed e-con e-parent\" data-id=\"08c26f9\" data-element_type=\"container\" data-e-type=\"container\">\n\t\t\t\t\t<div class=\"e-con-inner\">\n\t\t\t\t<div class=\"elementor-element elementor-element-a005a97 elementor-widget elementor-widget-text-editor\" data-id=\"a005a97\" data-element_type=\"widget\" data-e-type=\"widget\" data-widget_type=\"text-editor.default\">\n\t\t\t\t<div class=\"elementor-widget-container\">\n\t\t\t\t\t\t\t\t\t<p>Kombinationen \u00abDouble Apple &amp; Glazed Pineapple &amp; Fruity Fusion\u00bb har blivit ett perfekt val f\u00f6r stadsbor som vill koppla av tack vare sin uppfriskande, fylliga och exotiska smak.<\/p><h2>Denna unika fruktiga trippelarom kombinerar :<\/h2><p>Double Apple: en s\u00f6t och syrlig arom, typisk f\u00f6r vattenpipa, en ofta f\u00f6rekommande inspirationsk\u00e4lla i fransk kaffekultur.<\/p><p>Iced Pineapple: Uppfriskande och stimulerande, med en l\u00e4tt isig k\u00e4nsla, som en f\u00e4rsk ananas som krossas i Medelhavet, f\u00f6r en omedelbar k\u00e4nsla av friskhet.<\/p><p>Fruity fusion: En m\u00e4ngd olika frukter blandas f\u00f6r att skapa en s\u00f6t doft, som en solig frukttr\u00e4dg\u00e5rd, som balanserar stimulansen och s\u00f6tman hos de tv\u00e5 f\u00f6rsta smakerna.<\/p><p>Oavsett om du njuter av en eftermiddags-espresso p\u00e5 en terrass i Paris eller en kv\u00e4ll vid havet i s\u00f6dra Frankrike, framkallar denna kombination av smaker fr\u00e5n den elektroniska cigaretten Bang King 85000 sensorisk njutning och mental avkoppling.<\/p><h2>Intelligent HD-sk\u00e4rm<\/h2><p>Bang King Triple 85000 Double Apple &amp; Pineapple Ice &amp; Fruity Fusion \u00e4r utrustad med en avancerad integrerad HD-sk\u00e4rm som ger en intuitiv anv\u00e4ndarupplevelse. Sk\u00e4rmen visar viktig information i realtid, inklusive \u00e5terst\u00e5ende batteriladdning och m\u00e4ngden \u00e5terst\u00e5ende e-v\u00e4tska, s\u00e5 att anv\u00e4ndarna alltid kan \u00f6vervaka enhetens status och optimera sin upplevelse.<\/p><h2>Val av tre smaker och oberoende oljebeh\u00e5llare<\/h2><p>Bang King 85000 Double Apple &amp; Pineapple Ice &amp; Fruity Fusion 3 in 1 Triple Flavour integrerar innovativt tre oberoende e-v\u00e4tsketankar, var och en f\u00f6rfylld med 21 ml e-v\u00e4tska, f\u00f6r en total kapacitet p\u00e5 upp till 63 ml. En praktisk v\u00e4ljare g\u00f6r att du kan v\u00e4lja fritt mellan tre smaker. Varje smak ger upp till 28 300 puffar och totalt upp till 85 000 puffar, vilket ger en varierad och l\u00e5ngvarig vape-upplevelse.<\/p><p>F\u00f6r att tillgodose behoven hos alla anv\u00e4ndare erbjuder Bang King Triple 85000 Double Apple &amp; Pineapple Ice &amp; Fruity Fusion fyra niv\u00e5er av nikotinkoncentration: 0 % (inget nikotin), 2 %, 3 % och 5 %. Denna flexibilitet inneb\u00e4r att du kan v\u00e4lja den dosering som passar dina preferenser, fr\u00e5n r\u00f6kare till tillf\u00e4lliga anv\u00e4ndare.<\/p><p>Denna elektroniska cigarett \u00e4r utrustad med ett 600 mAh uppladdningsbart batteri och st\u00f6der USB-C snabbladdningsteknik. Detta g\u00f6r att enheten kan laddas snabbt, vilket minskar v\u00e4ntetiden och s\u00e4kerst\u00e4ller konstant tillg\u00e4nglighet, vilket \u00e4r perfekt f\u00f6r frekvent anv\u00e4ndning.<\/p><h2>Optimerad konfiguration av resistorer<\/h2><p>Bang King Triple 85000 Double Apple &amp; Pineapple Ice &amp; Fruity Fusion har ett 1,0 \u03a9 mesh-motst\u00e5nd i tre niv\u00e5er, optimerat f\u00f6r optimal smak\u00e5tergivning och atomisering. Mesh-motst\u00e5ndet ger j\u00e4mn uppv\u00e4rmning, vilket garanterar intensiv smak- och \u00e5ngproduktion vid varje bloss.<\/p><p>Varje Bang King Triple 85000 Double Apple &amp; Pineapple Ice &amp; Fruity Fusion elektronisk cigarett har en total kapacitet p\u00e5 63 ml e-v\u00e4tska (3 tankar p\u00e5 21 ml vardera) och upp till 85 000 puffar, vilket g\u00f6r den till en av de mest l\u00e5nglivade enheterna p\u00e5 marknaden. Oavsett om du anv\u00e4nder den varje dag eller g\u00e5r ut en l\u00e4ngre tid kommer du att njuta av en bekymmersfri vapingupplevelse.<\/p>\t\t\t\t\t\t\t\t<\/div>\n\t\t\t\t<\/div>\n\t\t\t\t\t<\/div>\n\t\t\t\t<\/div>\n\t\t\t\t<\/div>","protected":false},"excerpt":{"rendered":"<p>La combinaison \u00ab\u00a0Double Pomme &amp; Ananas Glac\u00e9 &amp; Fusion Fruit\u00e9e\u00a0\u00bb est devenue un choix id\u00e9al pour les citadins qui souhaitent se d\u00e9tendre gr\u00e2ce \u00e0 son go\u00fbt rafra\u00eechissant, riche et exotique. Ce triple ar\u00f4me fruit\u00e9 unique combine\u00a0: Double Pomme\u00a0: un ar\u00f4me aigre-doux, typique du narguil\u00e9, une source d&rsquo;inspiration fr\u00e9quente dans la culture des caf\u00e9s fran\u00e7ais. Ananas [&hellip;]<\/p>\n","protected":false},"featured_media":5393,"comment_status":"open","ping_status":"closed","template":"","meta":{"site-sidebar-layout":"no-sidebar","site-content-layout":"page-builder","ast-site-content-layout":"normal-width-container","site-content-style":"default","site-sidebar-style":"default","ast-global-header-display":"","ast-banner-title-visibility":"","ast-main-header-display":"","ast-hfb-above-header-display":"","ast-hfb-below-header-display":"","ast-hfb-mobile-header-display":"","site-post-title":"disabled","ast-breadcrumbs-content":"","ast-featured-img":"disabled","footer-sml-layout":"","ast-disable-related-posts":"","theme-transparent-header-meta":"default","adv-header-id-meta":"","stick-header-meta":"default","header-above-stick-meta":"","header-main-stick-meta":"","header-below-stick-meta":"","astra-migrate-meta-layouts":"set","ast-page-background-enabled":"default","ast-page-background-meta":{"desktop":{"background-color":"","background-image":"","background-repeat":"repeat","background-position":"center center","background-size":"auto","background-attachment":"scroll","background-type":"","background-media":"","overlay-type":"","overlay-color":"","overlay-opacity":"","overlay-gradient":""},"tablet":{"background-color":"","background-image":"","background-repeat":"repeat","background-position":"center center","background-size":"auto","background-attachment":"scroll","background-type":"","background-media":"","overlay-type":"","overlay-color":"","overlay-opacity":"","overlay-gradient":""},"mobile":{"background-color":"","background-image":"","background-repeat":"repeat","background-position":"center center","background-size":"auto","background-attachment":"scroll","background-type":"","background-media":"","overlay-type":"","overlay-color":"","overlay-opacity":"","overlay-gradient":""}},"ast-content-background-meta":{"desktop":{"background-color":"var(--ast-global-color-5)","background-image":"","background-repeat":"repeat","background-position":"center center","background-size":"auto","background-attachment":"scroll","background-type":"","background-media":"","overlay-type":"","overlay-color":"","overlay-opacity":"","overlay-gradient":""},"tablet":{"background-color":"var(--ast-global-color-5)","background-image":"","background-repeat":"repeat","background-position":"center center","background-size":"auto","background-attachment":"scroll","background-type":"","background-media":"","overlay-type":"","overlay-color":"","overlay-opacity":"","overlay-gradient":""},"mobile":{"background-color":"var(--ast-global-color-5)","background-image":"","background-repeat":"repeat","background-position":"center center","background-size":"auto","background-attachment":"scroll","background-type":"","background-media":"","overlay-type":"","overlay-color":"","overlay-opacity":"","overlay-gradient":""}}},"product_brand":[52],"product_cat":[51,107,15],"product_tag":[],"class_list":{"0":"post-5650","1":"product","2":"type-product","3":"status-publish","4":"has-post-thumbnail","6":"product_brand-bang-king","7":"product_cat-bang-king-triple-85000-trois-saveurs-en-une","8":"product_cat-puff-85k","9":"product_cat-magasin-cigarette-electronique","10":"desktop-align-center","11":"tablet-align-center","12":"mobile-align-center","13":"ast-product-gallery-layout-horizontal","14":"ast-product-gallery-with-no-image","15":"ast-product-single-variable","16":"ast-product-tabs-layout-horizontal","17":"ast-qv-on-image","19":"first","20":"instock","21":"sale","22":"shipping-taxable","23":"purchasable","24":"product-type-variable","25":"has-default-attributes"},"tiered_pricing_type":"fixed","tiered_pricing_fixed_rules":[],"tiered_pricing_product_settings":{"layout":"default","base_unit_name":{"singular":null,"plural":null},"default_variation":null},"tiered_pricing_minimum_quantity":null,"tiered_pricing_roles_data":[],"tiered_pricing_percentage_rules":[],"_links":{"self":[{"href":"https:\/\/puffvapestore.com\/sv\/wp-json\/wp\/v2\/product\/5650","targetHints":{"allow":["GET"]}}],"collection":[{"href":"https:\/\/puffvapestore.com\/sv\/wp-json\/wp\/v2\/product"}],"about":[{"href":"https:\/\/puffvapestore.com\/sv\/wp-json\/wp\/v2\/types\/product"}],"replies":[{"embeddable":true,"href":"https:\/\/puffvapestore.com\/sv\/wp-json\/wp\/v2\/comments?post=5650"}],"version-history":[{"count":8,"href":"https:\/\/puffvapestore.com\/sv\/wp-json\/wp\/v2\/product\/5650\/revisions"}],"predecessor-version":[{"id":10699,"href":"https:\/\/puffvapestore.com\/sv\/wp-json\/wp\/v2\/product\/5650\/revisions\/10699"}],"wp:featuredmedia":[{"embeddable":true,"href":"https:\/\/puffvapestore.com\/sv\/wp-json\/wp\/v2\/media\/5393"}],"wp:attachment":[{"href":"https:\/\/puffvapestore.com\/sv\/wp-json\/wp\/v2\/media?parent=5650"}],"wp:term":[{"taxonomy":"product_brand","embeddable":true,"href":"https:\/\/puffvapestore.com\/sv\/wp-json\/wp\/v2\/product_brand?post=5650"},{"taxonomy":"product_cat","embeddable":true,"href":"https:\/\/puffvapestore.com\/sv\/wp-json\/wp\/v2\/product_cat?post=5650"},{"taxonomy":"product_tag","embeddable":true,"href":"https:\/\/puffvapestore.com\/sv\/wp-json\/wp\/v2\/product_tag?post=5650"}],"curies":[{"name":"wp","href":"https:\/\/api.w.org\/{rel}","templated":true}]}}