{"id":5628,"date":"2025-07-23T05:55:18","date_gmt":"2025-07-23T05:55:18","guid":{"rendered":"https:\/\/puffvapestore.com\/?post_type=product&#038;p=5628"},"modified":"2026-01-19T10:54:36","modified_gmt":"2026-01-19T10:54:36","slug":"ice-tea-lemon-ice-lychee-ice-cream-mango-on-ice-bang-king-85000","status":"publish","type":"product","link":"https:\/\/puffvapestore.com\/sv\/product\/iste-citronglass-litchiglass-mangoglass-pa-is-bang-king-85000\/","title":{"rendered":"Ice Tea Lemon Ice &amp; Lychee Ice Cream &amp; Mango On Ice - Bang King 85000 3 i 1 Triple Flavor"},"content":{"rendered":"<div data-elementor-type=\"wp-post\" data-elementor-id=\"5628\" class=\"elementor elementor-5628\">\n\t\t\t\t<div class=\"elementor-element elementor-element-08c26f9 e-flex e-con-boxed e-con e-parent\" data-id=\"08c26f9\" data-element_type=\"container\" data-e-type=\"container\">\n\t\t\t\t\t<div class=\"e-con-inner\">\n\t\t\t\t<div class=\"elementor-element elementor-element-a005a97 elementor-widget elementor-widget-text-editor\" data-id=\"a005a97\" data-element_type=\"widget\" data-e-type=\"widget\" data-widget_type=\"text-editor.default\">\n\t\t\t\t<div class=\"elementor-widget-container\">\n\t\t\t\t\t\t\t\t\t<p>Bang King 85000 3 in 1 triple flavour: Ice Tea Lemon Ice &amp; Lychee Ice Cream &amp; Mango On Ice \u00e4r en elektronisk cigarett som kombinerar tre uppfriskande smaker, f\u00f6r en somrig r\u00f6kupplevelse av isad frukt och mj\u00f6lkiga desserter.<\/p><p>Iced lemon tea: Denna smaksatta elektroniska cigarett \u00e4r som en kopp svart te med citron, f\u00f6r friskt andetag under varma sommardagar. Den l\u00e4tta tesmaken blandas med syrligheten fr\u00e5n citronen och \u00e4r uppfriskande utan att vara skarp. Det \u00e4r den perfekta doften f\u00f6r att sitta tyst p\u00e5 balkongen p\u00e5 eftermiddagen, bl\u00e4ddra i en gammal bok och ta en l\u00e4tt doft av r\u00f6k, f\u00f6r en k\u00e4nsla av avkoppling och lycka.<\/p><p>Litchi-glass: Kombinationen av litchi och mj\u00f6lk ger dig intrycket av att best\u00e4lla en exklusiv hantverksm\u00e4ssig dessert fr\u00e5n en gammal glassbar p\u00e5 stranden i Nice. Den h\u00e4r t\u00e4ta glassen med sin tropiska fruktsmak \u00e4r mjuk, s\u00f6t och inte fet. Den \u00e4r idealisk f\u00f6r en stunds fullst\u00e4ndig avkoppling efter en filmkv\u00e4ll.<\/p><p>Mangue sur Glace: Mangons intensiva s\u00f6tma, som f\u00f6rst\u00e4rks av den l\u00e5ga temperaturen och k\u00e4nslan av is, ger en k\u00e4nsla av tropisk frihet. Det \u00e4r som att vara p\u00e5 en korsikansk strand, ta ett djupt andetag av Mango sur Glace-doftande r\u00f6k n\u00e4r solen g\u00e5r ner och vinden bl\u00e5ser, och pl\u00f6tsligt k\u00e4nna dagens tr\u00f6tthet avdunsta.<\/p><h2>Intelligent HD-sk\u00e4rm<\/h2><p>Bang King Triple 85000 Ice Tea Lemon Ice &amp; Lychee Ice Cream &amp; Mango On Ice \u00e4r utrustad med en avancerad integrerad HD-display som ger en intuitiv anv\u00e4ndarupplevelse. Sk\u00e4rmen visar viktig information i realtid, inklusive \u00e5terst\u00e5ende batteriladdning och m\u00e4ngden \u00e5terst\u00e5ende e-v\u00e4tska, s\u00e5 att anv\u00e4ndarna alltid kan \u00f6vervaka enhetens status och optimera sin upplevelse.<\/p><h2>Val av tre smaker och oberoende oljebeh\u00e5llare<\/h2><p>Bang King 85000 3 in 1 Triple Flavour integrerar p\u00e5 ett innovativt s\u00e4tt tre oberoende e-v\u00e4tsketankar, var och en f\u00f6rfylld med 21 ml e-v\u00e4tska, f\u00f6r en total kapacitet p\u00e5 upp till 63 ml. En praktisk v\u00e4ljare g\u00f6r att du kan v\u00e4lja fritt mellan tre smaker. Varje smak ger upp till 28 300 puffar och totalt upp till 85 000 puffar, vilket ger en varierad och l\u00e5ngvarig vape-upplevelse.<\/p><p>F\u00f6r att tillgodose behoven hos alla anv\u00e4ndare erbjuder Bang King Triple 85000 Ice Tea Lemon Ice &amp; Lychee Ice Cream &amp; Mango On Ice fyra niv\u00e5er av nikotinkoncentration: 0 % (inget nikotin), 2 %, 3 % och 5 %. Denna flexibilitet inneb\u00e4r att du kan v\u00e4lja den dosering som passar dina preferenser, fr\u00e5n r\u00f6kare till tillf\u00e4lliga anv\u00e4ndare.<\/p><p>Denna elektroniska cigarett \u00e4r utrustad med ett 600 mAh uppladdningsbart batteri och st\u00f6der USB-C snabbladdningsteknik. Detta g\u00f6r att enheten kan laddas snabbt, vilket minskar v\u00e4ntetiden och s\u00e4kerst\u00e4ller konstant tillg\u00e4nglighet, vilket \u00e4r perfekt f\u00f6r frekvent anv\u00e4ndning.<\/p><h2>Optimerad konfiguration av resistorer<\/h2><p>Bang King Triple 85000 Ice Tea Lemon Ice &amp; Lychee Ice Cream &amp; Mango On Ice har ett trestegs 1,0 \u03a9 mesh-motst\u00e5nd som \u00e4r optimerat f\u00f6r optimal smak\u00e5tergivning och atomisering. Mesh-motst\u00e5ndet s\u00e4kerst\u00e4ller j\u00e4mn uppv\u00e4rmning, vilket garanterar intensiv smak- och \u00e5ngproduktion vid varje bloss.<\/p><p>Varje elektronisk cigarett Bang King Triple 85000 har en total kapacitet p\u00e5 63 ml e-v\u00e4tska (3 tankar p\u00e5 21 ml vardera) och upp till 85 000 bloss, vilket g\u00f6r den till en av de mest l\u00e5nglivade enheterna p\u00e5 marknaden. Oavsett om du anv\u00e4nder den varje dag eller g\u00e5r ut en l\u00e4ngre tid kommer du att njuta av en bekymmersfri vapingupplevelse.<\/p>\t\t\t\t\t\t\t\t<\/div>\n\t\t\t\t<\/div>\n\t\t\t\t\t<\/div>\n\t\t\t\t<\/div>\n\t\t\t\t<\/div>","protected":false},"excerpt":{"rendered":"<p>Le Bang King 85000 3 en 1 triple saveur : Ice Tea Lemon Ice &amp; Lychee Ice Cream &amp; Mango On Ice est une cigarette \u00e9lectronique qui combine trois saveurs rafra\u00eechissantes, pour une exp\u00e9rience de fumage estivale de fruits glac\u00e9s et de desserts lact\u00e9s. Th\u00e9 glac\u00e9 citron glac\u00e9 : Cette cigarette \u00e9lectronique aromatis\u00e9e est comme [&hellip;]<\/p>\n","protected":false},"featured_media":5394,"comment_status":"open","ping_status":"closed","template":"","meta":{"site-sidebar-layout":"no-sidebar","site-content-layout":"page-builder","ast-site-content-layout":"normal-width-container","site-content-style":"default","site-sidebar-style":"default","ast-global-header-display":"","ast-banner-title-visibility":"","ast-main-header-display":"","ast-hfb-above-header-display":"","ast-hfb-below-header-display":"","ast-hfb-mobile-header-display":"","site-post-title":"disabled","ast-breadcrumbs-content":"","ast-featured-img":"disabled","footer-sml-layout":"","ast-disable-related-posts":"","theme-transparent-header-meta":"default","adv-header-id-meta":"","stick-header-meta":"default","header-above-stick-meta":"","header-main-stick-meta":"","header-below-stick-meta":"","astra-migrate-meta-layouts":"set","ast-page-background-enabled":"default","ast-page-background-meta":{"desktop":{"background-color":"","background-image":"","background-repeat":"repeat","background-position":"center center","background-size":"auto","background-attachment":"scroll","background-type":"","background-media":"","overlay-type":"","overlay-color":"","overlay-opacity":"","overlay-gradient":""},"tablet":{"background-color":"","background-image":"","background-repeat":"repeat","background-position":"center center","background-size":"auto","background-attachment":"scroll","background-type":"","background-media":"","overlay-type":"","overlay-color":"","overlay-opacity":"","overlay-gradient":""},"mobile":{"background-color":"","background-image":"","background-repeat":"repeat","background-position":"center center","background-size":"auto","background-attachment":"scroll","background-type":"","background-media":"","overlay-type":"","overlay-color":"","overlay-opacity":"","overlay-gradient":""}},"ast-content-background-meta":{"desktop":{"background-color":"var(--ast-global-color-5)","background-image":"","background-repeat":"repeat","background-position":"center center","background-size":"auto","background-attachment":"scroll","background-type":"","background-media":"","overlay-type":"","overlay-color":"","overlay-opacity":"","overlay-gradient":""},"tablet":{"background-color":"var(--ast-global-color-5)","background-image":"","background-repeat":"repeat","background-position":"center center","background-size":"auto","background-attachment":"scroll","background-type":"","background-media":"","overlay-type":"","overlay-color":"","overlay-opacity":"","overlay-gradient":""},"mobile":{"background-color":"var(--ast-global-color-5)","background-image":"","background-repeat":"repeat","background-position":"center center","background-size":"auto","background-attachment":"scroll","background-type":"","background-media":"","overlay-type":"","overlay-color":"","overlay-opacity":"","overlay-gradient":""}}},"product_brand":[52],"product_cat":[51,107,15],"product_tag":[],"class_list":{"0":"post-5628","1":"product","2":"type-product","3":"status-publish","4":"has-post-thumbnail","6":"product_brand-bang-king","7":"product_cat-bang-king-triple-85000-trois-saveurs-en-une","8":"product_cat-puff-85k","9":"product_cat-magasin-cigarette-electronique","10":"desktop-align-center","11":"tablet-align-center","12":"mobile-align-center","13":"ast-product-gallery-layout-horizontal","14":"ast-product-gallery-with-no-image","15":"ast-product-single-variable","16":"ast-product-tabs-layout-horizontal","17":"ast-qv-on-image","19":"first","20":"instock","21":"sale","22":"shipping-taxable","23":"purchasable","24":"product-type-variable","25":"has-default-attributes"},"tiered_pricing_type":"fixed","tiered_pricing_fixed_rules":[],"tiered_pricing_product_settings":{"layout":"default","base_unit_name":{"singular":null,"plural":null},"default_variation":null},"tiered_pricing_minimum_quantity":null,"tiered_pricing_roles_data":[],"tiered_pricing_percentage_rules":[],"_links":{"self":[{"href":"https:\/\/puffvapestore.com\/sv\/wp-json\/wp\/v2\/product\/5628","targetHints":{"allow":["GET"]}}],"collection":[{"href":"https:\/\/puffvapestore.com\/sv\/wp-json\/wp\/v2\/product"}],"about":[{"href":"https:\/\/puffvapestore.com\/sv\/wp-json\/wp\/v2\/types\/product"}],"replies":[{"embeddable":true,"href":"https:\/\/puffvapestore.com\/sv\/wp-json\/wp\/v2\/comments?post=5628"}],"version-history":[{"count":8,"href":"https:\/\/puffvapestore.com\/sv\/wp-json\/wp\/v2\/product\/5628\/revisions"}],"predecessor-version":[{"id":10696,"href":"https:\/\/puffvapestore.com\/sv\/wp-json\/wp\/v2\/product\/5628\/revisions\/10696"}],"wp:featuredmedia":[{"embeddable":true,"href":"https:\/\/puffvapestore.com\/sv\/wp-json\/wp\/v2\/media\/5394"}],"wp:attachment":[{"href":"https:\/\/puffvapestore.com\/sv\/wp-json\/wp\/v2\/media?parent=5628"}],"wp:term":[{"taxonomy":"product_brand","embeddable":true,"href":"https:\/\/puffvapestore.com\/sv\/wp-json\/wp\/v2\/product_brand?post=5628"},{"taxonomy":"product_cat","embeddable":true,"href":"https:\/\/puffvapestore.com\/sv\/wp-json\/wp\/v2\/product_cat?post=5628"},{"taxonomy":"product_tag","embeddable":true,"href":"https:\/\/puffvapestore.com\/sv\/wp-json\/wp\/v2\/product_tag?post=5628"}],"curies":[{"name":"wp","href":"https:\/\/api.w.org\/{rel}","templated":true}]}}