{"id":5617,"date":"2025-07-23T02:37:15","date_gmt":"2025-07-23T02:37:15","guid":{"rendered":"https:\/\/puffvapestore.com\/?post_type=product&#038;p=5617"},"modified":"2026-01-19T10:54:36","modified_gmt":"2026-01-19T10:54:36","slug":"strawberry-donut-love-66-banana-ice-bang-king-85k","status":"publish","type":"product","link":"https:\/\/puffvapestore.com\/sv\/product\/jordgubbsmunk-karlek-66-banan-is-bang-king-85k\/","title":{"rendered":"Strawberry Donut &amp; Love 66 &amp; Banana Ice - Bang King 85000 3 i 1 Triple Flavor"},"content":{"rendered":"<div data-elementor-type=\"wp-post\" data-elementor-id=\"5617\" class=\"elementor elementor-5617\">\n\t\t\t\t<div class=\"elementor-element elementor-element-08c26f9 e-flex e-con-boxed e-con e-parent\" data-id=\"08c26f9\" data-element_type=\"container\" data-e-type=\"container\">\n\t\t\t\t\t<div class=\"e-con-inner\">\n\t\t\t\t<div class=\"elementor-element elementor-element-a005a97 elementor-widget elementor-widget-text-editor\" data-id=\"a005a97\" data-element_type=\"widget\" data-e-type=\"widget\" data-widget_type=\"text-editor.default\">\n\t\t\t\t<div class=\"elementor-widget-container\">\n\t\t\t\t\t\t\t\t\t<h2>Donut Fraise - Som f\u00f6rsta tuggan av en munk p\u00e5 Paris gator<\/h2><p>N\u00e4r du byter fr\u00e5n Bang King 85000 till Donut Fraise kommer en s\u00f6t, doftande jordgubbskr\u00e4msmak att omsluta din gom, som en morgonpromenad l\u00e4ngs Champs-\u00c9lys\u00e9es, och nybakade jordgubbsdoughnuts p\u00e5 franska konditorier vid v\u00e4gkanten kommer att k\u00e4nnas mjuka och varma. Ut\u00f6ver smaken av elektroniska cigaretter \u00e4r det en v\u00e4lbekant, mild komfort. Att ta ett bloss medan du tar en tupplur vid f\u00f6nstret \u00e4r som att koppla av i doften av desserter och njuta av en stund av ren fransk lycka.<\/p><h2>Love 66 - Fruktig passion f\u00f6r en romantisk natt<\/h2><p>Love 66-doften, denna mystiska och popul\u00e4ra fruktkombination, \u00e4r s\u00e4rskilt v\u00e4l l\u00e4mpad f\u00f6r Frankrike, ett land som \u00e4r naturligt k\u00e4nsligt f\u00f6r romantik. Den subtila blandningen av s\u00f6tman fr\u00e5n vattenmelon och tropisk frukt ger inte bara en k\u00e4nsla av gustatorisk njutning, utan stimulerar ocks\u00e5 en l\u00e4tt hj\u00e4rtklappning. Oavsett om det \u00e4r i skymningen, ensam vid Seine eller p\u00e5 en utekv\u00e4ll med v\u00e4nner, kan en sniff av Love 66 smoke f\u00f6r att koppla av kasta dig in i k\u00e4nslom\u00e4ssig lathet och v\u00e4llust.<\/p><h2>Banane Glac\u00e9e - En fr\u00e4sch omfamning vid havet p\u00e5 sommaren<\/h2><p>Frozen Banana aroma \u00e4r en uppfriskande flykt fr\u00e5n sommaren. Den t\u00e4ta bananaromen blandas med friskhet och ger dig ett fritt andetag som den bl\u00e5 kusten i s\u00f6dra Frankrike. N\u00e4r staden \u00e4r varm och outh\u00e4rdlig \u00e4r det som att g\u00e5 p\u00e5 stranden, solen skiner p\u00e5 dina axlar och svalkan invaderar din hals n\u00e4r du byter till Banane Glac\u00e9e-smaken. S\u00e5 snart du andas in r\u00f6ken f\u00f6rsvinner tr\u00f6ttheten omedelbart.<\/p><h2>Intelligent HD-sk\u00e4rm<\/h2><p>Bang King Triple 85000 Strawberry Donut &amp; Love 66 &amp; Banana Ice \u00e4r utrustad med en avancerad integrerad HD-display som ger en intuitiv anv\u00e4ndarupplevelse. Displayen visar viktig information i realtid, inklusive den \u00e5terst\u00e5ende batteriladdningen och m\u00e4ngden e-juice som \u00e5terst\u00e5r, s\u00e5 att anv\u00e4ndarna alltid kan \u00f6vervaka enhetens status och optimera sin upplevelse.<\/p><h2>Val av tre smaker och oberoende oljebeh\u00e5llare<\/h2><p>Bang King 85000 3 in 1 Triple Flavour integrerar p\u00e5 ett innovativt s\u00e4tt tre oberoende e-v\u00e4tsketankar, var och en f\u00f6rfylld med 21 ml e-v\u00e4tska, f\u00f6r en total kapacitet p\u00e5 upp till 63 ml. En praktisk v\u00e4ljare g\u00f6r att du kan v\u00e4lja fritt mellan tre smaker. Varje smak ger upp till 28 300 puffar och totalt upp till 85 000 puffar, vilket ger en varierad och l\u00e5ngvarig vape-upplevelse.<\/p><p>F\u00f6r att tillgodose behoven hos alla anv\u00e4ndare erbjuder Bang King Triple 85000 Strawberry Donut &amp; Love 66 &amp; Banana Ice fyra niv\u00e5er av nikotinkoncentration: 0 % (inget nikotin), 2 %, 3 % och 5 %. Denna flexibilitet inneb\u00e4r att du kan v\u00e4lja den dosering som passar dina preferenser, fr\u00e5n r\u00f6kare till sporadiska anv\u00e4ndare.<\/p><p>Denna elektroniska cigarett \u00e4r utrustad med ett 600 mAh uppladdningsbart batteri och st\u00f6der USB-C snabbladdningsteknik. Detta g\u00f6r att enheten kan laddas snabbt, vilket minskar v\u00e4ntetiden och s\u00e4kerst\u00e4ller konstant tillg\u00e4nglighet, vilket \u00e4r perfekt f\u00f6r frekvent anv\u00e4ndning.<\/p><h2>Optimerad konfiguration av resistorer<\/h2><p>Bang King Triple 85000 Strawberry Donut &amp; Love 66 &amp; Banana Ice har ett tre-niv\u00e5 1,0 \u03a9 mesh-motst\u00e5nd, optimerat f\u00f6r optimal smak\u00e5tergivning och atomisering. Mesh-motst\u00e5ndet ger en j\u00e4mn uppv\u00e4rmning, vilket garanterar intensiv smak- och \u00e5ngproduktion vid varje bloss.<\/p><p>Varje Bang King Triple 85000 Strawberry Donut &amp; Love 66 &amp; Banana Ice elektronisk cigarett har en total kapacitet p\u00e5 63 ml e-juice (3 tankar p\u00e5 21 ml vardera) och upp till 85 000 puffar, vilket g\u00f6r den till en av de mest l\u00e5nglivade enheterna p\u00e5 marknaden. Oavsett om du anv\u00e4nder den varje dag eller g\u00e5r ut en l\u00e4ngre tid kommer du att njuta av en bekymmersfri vapingupplevelse.<\/p>\t\t\t\t\t\t\t\t<\/div>\n\t\t\t\t<\/div>\n\t\t\t\t\t<\/div>\n\t\t\t\t<\/div>\n\t\t\t\t<\/div>","protected":false},"excerpt":{"rendered":"<p>Donut Fraise &#8211; Comme la premi\u00e8re bouch\u00e9e d&rsquo;un donut dans les rues de Paris Lorsque vous passez du Bang King 85000 au Donut Fraise, une douce et parfum\u00e9e saveur fraise-cr\u00e8me enveloppera votre palais, comme une promenade matinale sur les Champs-\u00c9lys\u00e9es, et les beignets \u00e0 la fraise fra\u00eechement sortis du four dans les p\u00e2tisseries fran\u00e7aises du [&hellip;]<\/p>\n","protected":false},"featured_media":5400,"comment_status":"open","ping_status":"closed","template":"","meta":{"site-sidebar-layout":"no-sidebar","site-content-layout":"page-builder","ast-site-content-layout":"normal-width-container","site-content-style":"default","site-sidebar-style":"default","ast-global-header-display":"","ast-banner-title-visibility":"","ast-main-header-display":"","ast-hfb-above-header-display":"","ast-hfb-below-header-display":"","ast-hfb-mobile-header-display":"","site-post-title":"disabled","ast-breadcrumbs-content":"","ast-featured-img":"disabled","footer-sml-layout":"","ast-disable-related-posts":"","theme-transparent-header-meta":"default","adv-header-id-meta":"","stick-header-meta":"default","header-above-stick-meta":"","header-main-stick-meta":"","header-below-stick-meta":"","astra-migrate-meta-layouts":"set","ast-page-background-enabled":"default","ast-page-background-meta":{"desktop":{"background-color":"","background-image":"","background-repeat":"repeat","background-position":"center center","background-size":"auto","background-attachment":"scroll","background-type":"","background-media":"","overlay-type":"","overlay-color":"","overlay-opacity":"","overlay-gradient":""},"tablet":{"background-color":"","background-image":"","background-repeat":"repeat","background-position":"center center","background-size":"auto","background-attachment":"scroll","background-type":"","background-media":"","overlay-type":"","overlay-color":"","overlay-opacity":"","overlay-gradient":""},"mobile":{"background-color":"","background-image":"","background-repeat":"repeat","background-position":"center center","background-size":"auto","background-attachment":"scroll","background-type":"","background-media":"","overlay-type":"","overlay-color":"","overlay-opacity":"","overlay-gradient":""}},"ast-content-background-meta":{"desktop":{"background-color":"var(--ast-global-color-5)","background-image":"","background-repeat":"repeat","background-position":"center center","background-size":"auto","background-attachment":"scroll","background-type":"","background-media":"","overlay-type":"","overlay-color":"","overlay-opacity":"","overlay-gradient":""},"tablet":{"background-color":"var(--ast-global-color-5)","background-image":"","background-repeat":"repeat","background-position":"center center","background-size":"auto","background-attachment":"scroll","background-type":"","background-media":"","overlay-type":"","overlay-color":"","overlay-opacity":"","overlay-gradient":""},"mobile":{"background-color":"var(--ast-global-color-5)","background-image":"","background-repeat":"repeat","background-position":"center center","background-size":"auto","background-attachment":"scroll","background-type":"","background-media":"","overlay-type":"","overlay-color":"","overlay-opacity":"","overlay-gradient":""}}},"product_brand":[52],"product_cat":[51,107,15],"product_tag":[],"class_list":{"0":"post-5617","1":"product","2":"type-product","3":"status-publish","4":"has-post-thumbnail","6":"product_brand-bang-king","7":"product_cat-bang-king-triple-85000-trois-saveurs-en-une","8":"product_cat-puff-85k","9":"product_cat-magasin-cigarette-electronique","10":"desktop-align-center","11":"tablet-align-center","12":"mobile-align-center","13":"ast-product-gallery-layout-horizontal","14":"ast-product-gallery-with-no-image","15":"ast-product-single-variable","16":"ast-product-tabs-layout-horizontal","17":"ast-qv-on-image","19":"first","20":"instock","21":"sale","22":"shipping-taxable","23":"purchasable","24":"product-type-variable","25":"has-default-attributes"},"tiered_pricing_type":"fixed","tiered_pricing_fixed_rules":[],"tiered_pricing_product_settings":{"layout":"default","base_unit_name":{"singular":null,"plural":null},"default_variation":null},"tiered_pricing_minimum_quantity":null,"tiered_pricing_roles_data":[],"tiered_pricing_percentage_rules":[],"_links":{"self":[{"href":"https:\/\/puffvapestore.com\/sv\/wp-json\/wp\/v2\/product\/5617","targetHints":{"allow":["GET"]}}],"collection":[{"href":"https:\/\/puffvapestore.com\/sv\/wp-json\/wp\/v2\/product"}],"about":[{"href":"https:\/\/puffvapestore.com\/sv\/wp-json\/wp\/v2\/types\/product"}],"replies":[{"embeddable":true,"href":"https:\/\/puffvapestore.com\/sv\/wp-json\/wp\/v2\/comments?post=5617"}],"version-history":[{"count":8,"href":"https:\/\/puffvapestore.com\/sv\/wp-json\/wp\/v2\/product\/5617\/revisions"}],"predecessor-version":[{"id":10695,"href":"https:\/\/puffvapestore.com\/sv\/wp-json\/wp\/v2\/product\/5617\/revisions\/10695"}],"wp:featuredmedia":[{"embeddable":true,"href":"https:\/\/puffvapestore.com\/sv\/wp-json\/wp\/v2\/media\/5400"}],"wp:attachment":[{"href":"https:\/\/puffvapestore.com\/sv\/wp-json\/wp\/v2\/media?parent=5617"}],"wp:term":[{"taxonomy":"product_brand","embeddable":true,"href":"https:\/\/puffvapestore.com\/sv\/wp-json\/wp\/v2\/product_brand?post=5617"},{"taxonomy":"product_cat","embeddable":true,"href":"https:\/\/puffvapestore.com\/sv\/wp-json\/wp\/v2\/product_cat?post=5617"},{"taxonomy":"product_tag","embeddable":true,"href":"https:\/\/puffvapestore.com\/sv\/wp-json\/wp\/v2\/product_tag?post=5617"}],"curies":[{"name":"wp","href":"https:\/\/api.w.org\/{rel}","templated":true}]}}