{"id":5579,"date":"2025-07-22T08:56:29","date_gmt":"2025-07-22T08:56:29","guid":{"rendered":"https:\/\/puffvapestore.com\/?post_type=product&#038;p=5579"},"modified":"2026-01-19T10:54:36","modified_gmt":"2026-01-19T10:54:36","slug":"85k-bang-king-tropical-fruit-lemon-peach-strawberry-watermelon","status":"publish","type":"product","link":"https:\/\/puffvapestore.com\/sv\/product\/85k-bang-king-tropisk-frukt-citron-persika-jordgubbe-vattenmelon\/","title":{"rendered":"Bang King Triple 85000 3 i 1 - Tropisk frukt &amp; citron Persika &amp; jordgubb Vattenmelon"},"content":{"rendered":"<div data-elementor-type=\"wp-post\" data-elementor-id=\"5579\" class=\"elementor elementor-5579\">\n\t\t\t\t<div class=\"elementor-element elementor-element-08c26f9 e-flex e-con-boxed e-con e-parent\" data-id=\"08c26f9\" data-element_type=\"container\" data-e-type=\"container\">\n\t\t\t\t\t<div class=\"e-con-inner\">\n\t\t\t\t<div class=\"elementor-element elementor-element-a005a97 elementor-widget elementor-widget-text-editor\" data-id=\"a005a97\" data-element_type=\"widget\" data-e-type=\"widget\" data-widget_type=\"text-editor.default\">\n\t\t\t\t<div class=\"elementor-widget-container\">\n\t\t\t\t\t\t\t\t\t<p>Tack vare Bang King Triple 85000:s tre oberoende e-v\u00e4tsketankar och smakvalssystem kan anv\u00e4ndaren v\u00e4lja fritt mellan dessa tre smaker efter hum\u00f6r, s\u00e5 att varje inandning bjuder p\u00e5 nya \u00f6verraskningar. Bang King Triple 85000 \u00e4r inte bara en elektronisk cigarett, det \u00e4r ocks\u00e5 en anpassningsbar resebox.<\/p><p><strong>Tropisk frukt :<\/strong><br \/>Denna smak f\u00f6r tankarna till sommarsolen p\u00e5 Frankrikes sydkust, frisk och saftig. En l\u00e4tt doft av r\u00f6k inbjuder dig att koppla av p\u00e5 en solstol under en palm, och havsbrisen med sina tropiska fruktaromer \u00e4r det perfekta s\u00e4ttet att b\u00f6rja dagen.<\/p><p><strong>Citron Persika :<\/strong><br \/>Den friska smaken av citron kombineras med s\u00f6tman av persika, och smaken \u00e4r livlig utan att vara alltf\u00f6r stimulerande. Perfekt f\u00f6r att l\u00e4sa p\u00e5 balkongen p\u00e5 eftermiddagen, r\u00f6ka en cigarett och i lugn och ro njuta av den franska livsstilens komfort och elegans.<\/p><p><strong>Jordgubb Vattenmelon :<\/strong><br \/>Denna s\u00f6ta, icke-feta kombination \u00e4r idealisk f\u00f6r b\u00e5de kv\u00e4llar hemma och ute. Jordgubbarnas s\u00f6tma och vattenmelonens fr\u00e4sch\u00f6r blandas och inbjuder dig att ta ett l\u00e5ngt bloss medan du kopplar av, som i en sommarnattsdr\u00f6m.<\/p><h2>System f\u00f6r f\u00f6r\u00e4ndring med tre smaker<\/h2><p>Bang King 85000 Tropical Fruit &amp; Lemon Peach &amp; Strawberry Watermelon har tre oberoende e-v\u00e4tsketankar, var och en f\u00f6rfylld med 21 ml h\u00f6gkvalitativ e-v\u00e4tska, f\u00f6r en total kapacitet p\u00e5 upp till 63 ml. S\u00e5 du kan byta smak som du vill. Byt enkelt fr\u00e5n en smak till en annan utan att byta enhet. Uppt\u00e4ck tre olika smaker f\u00f6r att tillfredsst\u00e4lla \u00e4ven de mest kr\u00e4vande gommarna.<\/p><p>Bang King Triple 85000 Tropical Fruit &amp; Lemon Peach &amp; Strawberry Watermelon erbjuder 85 000 puffar, eller cirka 28 300 puffar per smak. Oavsett om du anv\u00e4nder den varje dag eller p\u00e5 resande fot kommer du att kunna lita p\u00e5 den under l\u00e5ng tid utan att beh\u00f6va byta ut den ofta.<\/p><h2>Intelligent digital display, tydlig vid en snabb blick<\/h2><p>Bang King 85000 Tropical Fruit &amp; Lemon Peach &amp; Strawberry Watermelon 3 in 1 Triple Flavour har en inbyggd h\u00f6guppl\u00f6st smart display som visar batteriladdningen och den \u00e5terst\u00e5ende niv\u00e5n av e-v\u00e4tska i realtid. Intuitiva indikationer g\u00f6r det enkelt att se anv\u00e4ndningsstatus och s\u00e4kerst\u00e4lla en konstant laddning av e-v\u00e4tska och batteri.<\/p><h2>Det finns olika nikotinkoncentrationer f\u00f6r att tillgodose olika behov.<\/h2><p>Bang King Triple 85000 Tropical Fruit &amp; Lemon Peach &amp; Strawberry Watermelon erbjuder fyra nikotinkoncentrationer: 0 %, 2 %, 3 % och 5 %, f\u00f6r att passa olika r\u00f6kvanor. Fr\u00e5n enkel nikotinfri njutning till h\u00f6ga koncentrationer f\u00f6r intensiv anv\u00e4ndning, anpassar den sig till en m\u00e4ngd olika anv\u00e4ndningsscenarier.<\/p><p>Tre upps\u00e4ttningar oberoende 1,0 \u03a9 n\u00e4tresistorer, inbyggda i varje oljel\u00e5da, f\u00f6rb\u00e4ttrar atomiseringseffektiviteten och smak\u00e5tergivningen. N\u00e4tstrukturen v\u00e4rmer j\u00e4mnare, \u00e5ngan blir rikare och r\u00f6kintaget mjukare, vilket ger en ren och smidig r\u00f6kupplevelse.<\/p><p>Den \u00e4r utrustad med ett h\u00f6gpresterande 600 mAh uppladdningsbart batteri och \u00e4r kompatibel med USB-C snabbladdningsteknik. Laddningen \u00e4r snabb och g\u00f6r att du kan forts\u00e4tta att njuta av din vape utan att oroa dig f\u00f6r batteritiden, vilket g\u00f6r den perfekt f\u00f6r frekventa vapers eller l\u00e5ngtidsanv\u00e4ndare.<\/p><h2>Nytt utseende och ergonomisk design<\/h2><p>Kroppen p\u00e5 Bang King 85000 3 in 1 Triple Flavour har en modern, str\u00f6mlinjeformad form som kombinerar teknik och praktiska egenskaper. Den l\u00e4ckages\u00e4kra utformningen av e-v\u00e4tskestrukturen s\u00e4kerst\u00e4ller problemfri daglig transport, och hantverket \u00e5terspeglas i varje detalj.<\/p>\t\t\t\t\t\t\t\t<\/div>\n\t\t\t\t<\/div>\n\t\t\t\t\t<\/div>\n\t\t\t\t<\/div>\n\t\t\t\t<\/div>","protected":false},"excerpt":{"rendered":"<p>Gr\u00e2ce aux trois r\u00e9servoirs d&rsquo;e-liquide ind\u00e9pendants et au syst\u00e8me de s\u00e9lection d&rsquo;ar\u00f4mes de la Bang King Triple 85000, les utilisateurs peuvent choisir librement parmi ces trois saveurs selon leur humeur, pour que chaque inhalation leur r\u00e9serve de nouvelles surprises. La Bang King Triple 85000 n&rsquo;est pas seulement une cigarette \u00e9lectronique, c&rsquo;est aussi une bo\u00eete de [&hellip;]<\/p>\n","protected":false},"featured_media":5403,"comment_status":"open","ping_status":"closed","template":"","meta":{"site-sidebar-layout":"no-sidebar","site-content-layout":"page-builder","ast-site-content-layout":"normal-width-container","site-content-style":"default","site-sidebar-style":"default","ast-global-header-display":"","ast-banner-title-visibility":"","ast-main-header-display":"","ast-hfb-above-header-display":"","ast-hfb-below-header-display":"","ast-hfb-mobile-header-display":"","site-post-title":"disabled","ast-breadcrumbs-content":"","ast-featured-img":"disabled","footer-sml-layout":"","ast-disable-related-posts":"","theme-transparent-header-meta":"default","adv-header-id-meta":"","stick-header-meta":"default","header-above-stick-meta":"","header-main-stick-meta":"","header-below-stick-meta":"","astra-migrate-meta-layouts":"set","ast-page-background-enabled":"default","ast-page-background-meta":{"desktop":{"background-color":"","background-image":"","background-repeat":"repeat","background-position":"center center","background-size":"auto","background-attachment":"scroll","background-type":"","background-media":"","overlay-type":"","overlay-color":"","overlay-opacity":"","overlay-gradient":""},"tablet":{"background-color":"","background-image":"","background-repeat":"repeat","background-position":"center center","background-size":"auto","background-attachment":"scroll","background-type":"","background-media":"","overlay-type":"","overlay-color":"","overlay-opacity":"","overlay-gradient":""},"mobile":{"background-color":"","background-image":"","background-repeat":"repeat","background-position":"center center","background-size":"auto","background-attachment":"scroll","background-type":"","background-media":"","overlay-type":"","overlay-color":"","overlay-opacity":"","overlay-gradient":""}},"ast-content-background-meta":{"desktop":{"background-color":"var(--ast-global-color-5)","background-image":"","background-repeat":"repeat","background-position":"center center","background-size":"auto","background-attachment":"scroll","background-type":"","background-media":"","overlay-type":"","overlay-color":"","overlay-opacity":"","overlay-gradient":""},"tablet":{"background-color":"var(--ast-global-color-5)","background-image":"","background-repeat":"repeat","background-position":"center center","background-size":"auto","background-attachment":"scroll","background-type":"","background-media":"","overlay-type":"","overlay-color":"","overlay-opacity":"","overlay-gradient":""},"mobile":{"background-color":"var(--ast-global-color-5)","background-image":"","background-repeat":"repeat","background-position":"center center","background-size":"auto","background-attachment":"scroll","background-type":"","background-media":"","overlay-type":"","overlay-color":"","overlay-opacity":"","overlay-gradient":""}}},"product_brand":[52],"product_cat":[51,107,15],"product_tag":[],"class_list":{"0":"post-5579","1":"product","2":"type-product","3":"status-publish","4":"has-post-thumbnail","6":"product_brand-bang-king","7":"product_cat-bang-king-triple-85000-trois-saveurs-en-une","8":"product_cat-puff-85k","9":"product_cat-magasin-cigarette-electronique","10":"desktop-align-center","11":"tablet-align-center","12":"mobile-align-center","13":"ast-product-gallery-layout-horizontal","14":"ast-product-gallery-with-no-image","15":"ast-product-single-variable","16":"ast-product-tabs-layout-horizontal","17":"ast-qv-on-image","19":"first","20":"instock","21":"sale","22":"shipping-taxable","23":"purchasable","24":"product-type-variable","25":"has-default-attributes"},"tiered_pricing_type":"fixed","tiered_pricing_fixed_rules":[],"tiered_pricing_product_settings":{"layout":"default","base_unit_name":{"singular":null,"plural":null},"default_variation":null},"tiered_pricing_minimum_quantity":null,"tiered_pricing_roles_data":[],"tiered_pricing_percentage_rules":[],"_links":{"self":[{"href":"https:\/\/puffvapestore.com\/sv\/wp-json\/wp\/v2\/product\/5579","targetHints":{"allow":["GET"]}}],"collection":[{"href":"https:\/\/puffvapestore.com\/sv\/wp-json\/wp\/v2\/product"}],"about":[{"href":"https:\/\/puffvapestore.com\/sv\/wp-json\/wp\/v2\/types\/product"}],"replies":[{"embeddable":true,"href":"https:\/\/puffvapestore.com\/sv\/wp-json\/wp\/v2\/comments?post=5579"}],"version-history":[{"count":8,"href":"https:\/\/puffvapestore.com\/sv\/wp-json\/wp\/v2\/product\/5579\/revisions"}],"predecessor-version":[{"id":10703,"href":"https:\/\/puffvapestore.com\/sv\/wp-json\/wp\/v2\/product\/5579\/revisions\/10703"}],"wp:featuredmedia":[{"embeddable":true,"href":"https:\/\/puffvapestore.com\/sv\/wp-json\/wp\/v2\/media\/5403"}],"wp:attachment":[{"href":"https:\/\/puffvapestore.com\/sv\/wp-json\/wp\/v2\/media?parent=5579"}],"wp:term":[{"taxonomy":"product_brand","embeddable":true,"href":"https:\/\/puffvapestore.com\/sv\/wp-json\/wp\/v2\/product_brand?post=5579"},{"taxonomy":"product_cat","embeddable":true,"href":"https:\/\/puffvapestore.com\/sv\/wp-json\/wp\/v2\/product_cat?post=5579"},{"taxonomy":"product_tag","embeddable":true,"href":"https:\/\/puffvapestore.com\/sv\/wp-json\/wp\/v2\/product_tag?post=5579"}],"curies":[{"name":"wp","href":"https:\/\/api.w.org\/{rel}","templated":true}]}}