{"id":5568,"date":"2025-07-22T05:31:10","date_gmt":"2025-07-22T05:31:10","guid":{"rendered":"https:\/\/puffvapestore.com\/?post_type=product&#038;p=5568"},"modified":"2026-01-19T10:54:36","modified_gmt":"2026-01-19T10:54:36","slug":"bang-king-triple-85k-strawberry-watermelon-triple-melon-strawberry-ice","status":"publish","type":"product","link":"https:\/\/puffvapestore.com\/sv\/product\/bang-king-trippel-85k-jordgubbsvattenmelon-trippel-melon-jordgubbsis\/","title":{"rendered":"Bang King Triple 85000 3 i 1 - Jordgubbsvattenmelon &amp; Triple Melon &amp; Strawberry Ice"},"content":{"rendered":"<div data-elementor-type=\"wp-post\" data-elementor-id=\"5568\" class=\"elementor elementor-5568\">\n\t\t\t\t<div class=\"elementor-element elementor-element-08c26f9 e-flex e-con-boxed e-con e-parent\" data-id=\"08c26f9\" data-element_type=\"container\" data-e-type=\"container\">\n\t\t\t\t\t<div class=\"e-con-inner\">\n\t\t\t\t<div class=\"elementor-element elementor-element-a005a97 elementor-widget elementor-widget-text-editor\" data-id=\"a005a97\" data-element_type=\"widget\" data-e-type=\"widget\" data-widget_type=\"text-editor.default\">\n\t\t\t\t<div class=\"elementor-widget-container\">\n\t\t\t\t\t\t\t\t\t<p>Bang King Triple 85000 \u00e4r inte bara en elektronisk cigarett, det \u00e4r ocks\u00e5 ett viktigt verktyg f\u00f6r att variera dina dagliga n\u00f6jen. Den har tre oberoende tankar, var och en med en kapacitet p\u00e5 21 ml. Uppt\u00e4ck olika smaker genom att helt enkelt byta smak med hj\u00e4lp av v\u00e4ljaren. Varje elektronisk cigarett ger upp till 85 000 bloss, en perfekt balans mellan kostnadseffektivitet och njutning i toppklass.<\/p><h2>Strawberry Watermelon: Doften av en frukttr\u00e4dg\u00e5rd p\u00e5 en solig eftermiddag i Frankrike<\/h2><p>P\u00e5 en b\u00e4nk vid Seine i Paris, medan solen kikar fram genom l\u00f6ven p\u00e5 dina axlar, njuter du av en klunk Strawberry Watermelon-smaksatt r\u00f6k, som om du befann dig i hj\u00e4rtat av en tidig sommarodling. Jordgubbens s\u00f6tma och vattenmelonens friskhet blandas och skapar en j\u00e4mn, ljus munk\u00e4nsla. Smaken p\u00e5minner om fruktst\u00e5nden i s\u00f6dra Frankrike under h\u00f6gsommaren, naturlig, fr\u00e4sch och utan \u00f6verfl\u00f6d.<\/p><h2>Triple Melon: Saftig och s\u00f6t, i samma stil som i s\u00f6dra Frankrike<\/h2><p>Triple Melon \u00e4r en perfekt hyllning till den franska k\u00e4rleken till fruktig komplexitet. Fusionen av tre sorters melon och frukt, lager p\u00e5 lager: s\u00f6tman fr\u00e5n cantaloupe, delikatessen fr\u00e5n honungsmelon och den l\u00e4tta syran fr\u00e5n melon, skapar en rik, l\u00e5ngvarig eftersmak. Njut av en klunk Triple Melon-smaksatt r\u00f6k som om du var p\u00e5 v\u00e4g till marknaden i Provence, d\u00e4r solen skiner p\u00e5 de f\u00e4rgglada fruktst\u00e5nden och luften \u00e4r fylld av fruktiga dofter. Denna doft \u00e4r s\u00e4rskilt idealisk efter m\u00f6rkrets inbrott, n\u00e4r du sitter p\u00e5 din balkong och pratar med v\u00e4nner. G\u00e5 in i avslappningsl\u00e4ge n\u00e4r som helst, var som helst.<\/p><h2>Fraise Glac\u00e9e: Ett uppfriskande val f\u00f6r moderna parisiska n\u00e4tter<\/h2><p>Om du \u00e4r en natt\u00e4lskare kommer smaken Fraise Glac\u00e9e att bli din inspirationsk\u00e4lla. Jordgubbarnas s\u00f6tma, f\u00f6rst\u00e4rkt av myntas fr\u00e4sch\u00f6r, har en uppfriskande effekt, som en r\u00f6d fruktcocktail efter en nattpromenad l\u00e4ngs Champs-\u00c9lys\u00e9es. K\u00e4nslan av friskhet \u00e4r inte skarp, utan av fransk subtilitet: elegant och nykter. Denna doft \u00e4r perfekt f\u00f6r att l\u00e4sa, lyssna p\u00e5 jazz eller meditera ensam. Efter en klunk av Fraise Glac\u00e9e-smaksatt r\u00f6k f\u00f6rsvinner tr\u00f6ttheten och l\u00e4mnar plats f\u00f6r klara tankar.<\/p><h2>System f\u00f6r f\u00f6r\u00e4ndring med tre smaker<\/h2><p>Bang King 85000 Strawberry Watermelon &amp; Triple Melon &amp; Strawberry Ice 3 in 1 Triple Flavour levereras med tre oberoende e-v\u00e4tsketankar, var och en f\u00f6rfylld med 21 ml h\u00f6gkvalitativ e-v\u00e4tska, f\u00f6r en total kapacitet p\u00e5 upp till 63 ml. S\u00e5 du kan byta smak som du vill. Byt enkelt fr\u00e5n en smak till en annan utan att byta enhet. Uppt\u00e4ck tre olika smaker f\u00f6r att tillfredsst\u00e4lla \u00e4ven de mest kr\u00e4vande gommarna.<\/p><p>Bang King Triple 85000 Strawberry Watermelon &amp; Triple Melon &amp; Strawberry Ice erbjuder 85 000 puffar, eller cirka 28 300 puffar per smak. Oavsett om du anv\u00e4nder den varje dag eller p\u00e5 resande fot kommer du att kunna lita p\u00e5 den under l\u00e5ng tid utan att beh\u00f6va byta ut den ofta.<\/p><h2>Intelligent digital display, tydlig vid en snabb blick<\/h2><p>Bang King 85000 Strawberry Watermelon &amp; Triple Melon &amp; Strawberry Ice 3 in 1 Triple Flavour har en inbyggd h\u00f6guppl\u00f6st smart display som visar batteriladdningen och \u00e5terst\u00e5ende e-v\u00e4tskeniv\u00e5 i realtid. Intuitiva indikationer g\u00f6r det enkelt att se anv\u00e4ndningsstatus och s\u00e4kerst\u00e4lla en konstant laddning av e-v\u00e4tska och batteri.<\/p><h2>Det finns olika nikotinkoncentrationer f\u00f6r att tillgodose olika behov.<\/h2><p>Bang King Triple 85000 erbjuder fyra nikotinkoncentrationer: 0 %, 2 %, 3 % och 5 %, f\u00f6r att passa olika r\u00f6kvanor. Fr\u00e5n enkel njutning utan nikotin till h\u00f6g koncentration f\u00f6r intensiva behov, anpassar den sig till olika anv\u00e4ndningsscenarier.<\/p><p>Tre upps\u00e4ttningar oberoende 1,0 \u03a9 n\u00e4tresistorer, inbyggda i varje oljel\u00e5da, f\u00f6rb\u00e4ttrar atomiseringseffektiviteten och smak\u00e5tergivningen. N\u00e4tstrukturen v\u00e4rmer j\u00e4mnare, \u00e5ngan blir rikare och r\u00f6kintaget mjukare, vilket ger en ren och smidig r\u00f6kupplevelse.<\/p><p>Den \u00e4r utrustad med ett h\u00f6gpresterande 600 mAh uppladdningsbart batteri och \u00e4r kompatibel med USB-C snabbladdningsteknik. Laddningen \u00e4r snabb och g\u00f6r att du kan forts\u00e4tta att njuta av din vape utan att oroa dig f\u00f6r batteritiden, vilket g\u00f6r den perfekt f\u00f6r frekventa vapers eller l\u00e5ngtidsanv\u00e4ndare.<\/p><h2>Nytt utseende och ergonomisk design<\/h2><p>Kroppen p\u00e5 Bang King 85000 Strawberry Watermelon &amp; Triple Melon &amp; Strawberry Ice 3 in 1 Triple Flavour har en modern, str\u00f6mlinjeformad form som kombinerar teknik och praktiska egenskaper. Den l\u00e4ckages\u00e4kra utformningen av e-v\u00e4tskestrukturen s\u00e4kerst\u00e4ller problemfri daglig transport, och hantverket \u00e5terspeglas i varje detalj.<\/p>\t\t\t\t\t\t\t\t<\/div>\n\t\t\t\t<\/div>\n\t\t\t\t\t<\/div>\n\t\t\t\t<\/div>\n\t\t\t\t<\/div>","protected":false},"excerpt":{"rendered":"<p>La Bang King Triple 85000 est non seulement une cigarette \u00e9lectronique, mais aussi un outil indispensable pour varier les plaisirs au quotidien. Elle est \u00e9quip\u00e9e de trois r\u00e9servoirs ind\u00e9pendants, chacun offrant une capacit\u00e9 de 21 ml. D\u00e9couvrez diff\u00e9rentes saveurs en changeant simplement de saveur gr\u00e2ce au s\u00e9lecteur. Chaque cigarette \u00e9lectronique offre jusqu&rsquo;\u00e0 85000 bouff\u00e9es, un [&hellip;]<\/p>\n","protected":false},"featured_media":5402,"comment_status":"open","ping_status":"closed","template":"","meta":{"site-sidebar-layout":"no-sidebar","site-content-layout":"page-builder","ast-site-content-layout":"normal-width-container","site-content-style":"default","site-sidebar-style":"default","ast-global-header-display":"","ast-banner-title-visibility":"","ast-main-header-display":"","ast-hfb-above-header-display":"","ast-hfb-below-header-display":"","ast-hfb-mobile-header-display":"","site-post-title":"disabled","ast-breadcrumbs-content":"","ast-featured-img":"disabled","footer-sml-layout":"","ast-disable-related-posts":"","theme-transparent-header-meta":"default","adv-header-id-meta":"","stick-header-meta":"default","header-above-stick-meta":"","header-main-stick-meta":"","header-below-stick-meta":"","astra-migrate-meta-layouts":"set","ast-page-background-enabled":"default","ast-page-background-meta":{"desktop":{"background-color":"","background-image":"","background-repeat":"repeat","background-position":"center center","background-size":"auto","background-attachment":"scroll","background-type":"","background-media":"","overlay-type":"","overlay-color":"","overlay-opacity":"","overlay-gradient":""},"tablet":{"background-color":"","background-image":"","background-repeat":"repeat","background-position":"center center","background-size":"auto","background-attachment":"scroll","background-type":"","background-media":"","overlay-type":"","overlay-color":"","overlay-opacity":"","overlay-gradient":""},"mobile":{"background-color":"","background-image":"","background-repeat":"repeat","background-position":"center center","background-size":"auto","background-attachment":"scroll","background-type":"","background-media":"","overlay-type":"","overlay-color":"","overlay-opacity":"","overlay-gradient":""}},"ast-content-background-meta":{"desktop":{"background-color":"var(--ast-global-color-5)","background-image":"","background-repeat":"repeat","background-position":"center center","background-size":"auto","background-attachment":"scroll","background-type":"","background-media":"","overlay-type":"","overlay-color":"","overlay-opacity":"","overlay-gradient":""},"tablet":{"background-color":"var(--ast-global-color-5)","background-image":"","background-repeat":"repeat","background-position":"center center","background-size":"auto","background-attachment":"scroll","background-type":"","background-media":"","overlay-type":"","overlay-color":"","overlay-opacity":"","overlay-gradient":""},"mobile":{"background-color":"var(--ast-global-color-5)","background-image":"","background-repeat":"repeat","background-position":"center center","background-size":"auto","background-attachment":"scroll","background-type":"","background-media":"","overlay-type":"","overlay-color":"","overlay-opacity":"","overlay-gradient":""}}},"product_brand":[52],"product_cat":[51,107,15],"product_tag":[],"class_list":{"0":"post-5568","1":"product","2":"type-product","3":"status-publish","4":"has-post-thumbnail","6":"product_brand-bang-king","7":"product_cat-bang-king-triple-85000-trois-saveurs-en-une","8":"product_cat-puff-85k","9":"product_cat-magasin-cigarette-electronique","10":"desktop-align-center","11":"tablet-align-center","12":"mobile-align-center","13":"ast-product-gallery-layout-horizontal","14":"ast-product-gallery-with-no-image","15":"ast-product-single-variable","16":"ast-product-tabs-layout-horizontal","17":"ast-qv-on-image","19":"first","20":"instock","21":"sale","22":"shipping-taxable","23":"purchasable","24":"product-type-variable","25":"has-default-attributes"},"tiered_pricing_type":"fixed","tiered_pricing_fixed_rules":[],"tiered_pricing_product_settings":{"layout":"default","base_unit_name":{"singular":null,"plural":null},"default_variation":null},"tiered_pricing_minimum_quantity":null,"tiered_pricing_roles_data":[],"tiered_pricing_percentage_rules":[],"_links":{"self":[{"href":"https:\/\/puffvapestore.com\/sv\/wp-json\/wp\/v2\/product\/5568","targetHints":{"allow":["GET"]}}],"collection":[{"href":"https:\/\/puffvapestore.com\/sv\/wp-json\/wp\/v2\/product"}],"about":[{"href":"https:\/\/puffvapestore.com\/sv\/wp-json\/wp\/v2\/types\/product"}],"replies":[{"embeddable":true,"href":"https:\/\/puffvapestore.com\/sv\/wp-json\/wp\/v2\/comments?post=5568"}],"version-history":[{"count":8,"href":"https:\/\/puffvapestore.com\/sv\/wp-json\/wp\/v2\/product\/5568\/revisions"}],"predecessor-version":[{"id":10704,"href":"https:\/\/puffvapestore.com\/sv\/wp-json\/wp\/v2\/product\/5568\/revisions\/10704"}],"wp:featuredmedia":[{"embeddable":true,"href":"https:\/\/puffvapestore.com\/sv\/wp-json\/wp\/v2\/media\/5402"}],"wp:attachment":[{"href":"https:\/\/puffvapestore.com\/sv\/wp-json\/wp\/v2\/media?parent=5568"}],"wp:term":[{"taxonomy":"product_brand","embeddable":true,"href":"https:\/\/puffvapestore.com\/sv\/wp-json\/wp\/v2\/product_brand?post=5568"},{"taxonomy":"product_cat","embeddable":true,"href":"https:\/\/puffvapestore.com\/sv\/wp-json\/wp\/v2\/product_cat?post=5568"},{"taxonomy":"product_tag","embeddable":true,"href":"https:\/\/puffvapestore.com\/sv\/wp-json\/wp\/v2\/product_tag?post=5568"}],"curies":[{"name":"wp","href":"https:\/\/api.w.org\/{rel}","templated":true}]}}