{"id":5538,"date":"2025-07-22T00:48:59","date_gmt":"2025-07-22T00:48:59","guid":{"rendered":"https:\/\/puffvapestore.com\/?post_type=product&#038;p=5538"},"modified":"2026-01-19T10:54:36","modified_gmt":"2026-01-19T10:54:36","slug":"bang-king-85k-strawberry-vanilla-coke-black-dragon-ice-peach-ice","status":"publish","type":"product","link":"https:\/\/puffvapestore.com\/sv\/product\/bang-king-85k-jordgubb-vanilj-cola-svart-drake-is-persika-is\/","title":{"rendered":"Bang King 85000 3 i 1 Trippel smak - Jordgubb Vanilj Cola &amp; Black Dragon Ice &amp; Peach Ice"},"content":{"rendered":"<div data-elementor-type=\"wp-post\" data-elementor-id=\"5538\" class=\"elementor elementor-5538\">\n\t\t\t\t<div class=\"elementor-element elementor-element-08c26f9 e-flex e-con-boxed e-con e-parent\" data-id=\"08c26f9\" data-element_type=\"container\" data-e-type=\"container\">\n\t\t\t\t\t<div class=\"e-con-inner\">\n\t\t\t\t<div class=\"elementor-element elementor-element-a005a97 elementor-widget elementor-widget-text-editor\" data-id=\"a005a97\" data-element_type=\"widget\" data-e-type=\"widget\" data-widget_type=\"text-editor.default\">\n\t\t\t\t<div class=\"elementor-widget-container\">\n\t\t\t\t\t\t\t\t\t<p>Bang King Triple 85000 har en trippel e-liquid tank. Tack vare smakv\u00e4ljaren kan du enkelt byta smak och universum n\u00e4r som helst, beroende p\u00e5 ditt hum\u00f6r. Med 63 ml f\u00f6rinstallerad e-juice, eller 21 ml per smak, kan du r\u00f6ka cirka 28 300 puffar, vilket ger dig imponerande 85 000 puffar totalt, vilket vida \u00f6verstiger de flesta produkter p\u00e5 marknaden.<\/p><p>Coca-Cola Strawberry Vanilla smak: s\u00f6tman av jordgubbar blandas med mjukheten av vanilj och de subtila bubblorna av cola. En doft av r\u00f6k f\u00f6r tankarna tillbaka till de f\u00f6rsta sommarn\u00e4tterna i s\u00f6dra Frankrike. N\u00e4r man sitter p\u00e5 en kaf\u00e9terrass f\u00f6rsvinner stadens liv och r\u00f6relse gradvis. Att ta ett bloss \u00e4r som att \u00f6ppna en flaska l\u00e4sk fr\u00e5n v\u00e5r barndom: avkopplande, tillfredsst\u00e4llande och en aning retro.<\/p><p>Smak Black Dragon Ice: namnet Black Dragon Ice avsl\u00f6jar en touch av mystik och friskhet. Kombinationen av friskhet och rika fruktiga aromer framkallar en sval, uppfriskande bergsbris vid kanten av Alperna. Under meditation eller ensam p\u00e5 kv\u00e4llen \u00e4r ett bloss p\u00e5 en cigarett som att kn\u00e4cka is, omedelbart nyktra till och f\u00f6rdjupa dig i dess mjuka lager.<\/p><p>Saveur P\u00eache Glac\u00e9e: s\u00f6ta, saftiga persikor kombineras med glassens fr\u00e4sch\u00f6r. Som en provensalsk eftermiddag, solen skiner genom det vita gasv\u00e4vsf\u00f6nstret, en kopp iste med persikor i handen, melodi\u00f6s musik spelas och kropp och sj\u00e4l slappnar av. Den h\u00e4r doften \u00e4r perfekt f\u00f6r att r\u00f6ka en cigarett och koppla av, som att gl\u00f6mma v\u00e4rldens stress och l\u00e4mna plats f\u00f6r mildhet och ett tr\u00f6stande leende.<\/p><h2>Innovativ tre-i-ett-design - tre oberoende smaksystem<\/h2><p>Bang King Triple 85000 Strawberry Vanilla Coke &amp; Black Dragon Ice &amp; Peach Ice erbjuder ett maximalt antal bloss, ett marknadsrekord, med 85 000 bloss. En enda BangKing Triple85000 elektronisk cigarett ger l\u00e5ngvarig anv\u00e4ndning, utan behov av frekventa byten eller transporter, vilket g\u00f6r den idealisk f\u00f6r intensiva anv\u00e4ndare eller l\u00e5ngtidsresen\u00e4rer. Oavsett om den anv\u00e4nds dagligen eller som ett n\u00f6dtillbeh\u00f6r erbjuder den stabil, l\u00e5ngvarig vape-kraft, samtidigt som den \u00e4r extremt ekonomisk.<\/p><p>Bang King Triple 85000 Strawberry Vanilla Coke &amp; Black Dragon Ice &amp; Peach Ice har en unik tank med tre e-liquids, var och en f\u00f6rfylld med en specifik e-liquid. Anv\u00e4ndaren kan v\u00e4lja mellan tre olika smaker tack vare v\u00e4ljaren, och till och med blanda och r\u00f6ka, f\u00f6r en o\u00f6vertr\u00e4ffad smakupplevelse.<\/p><h2>Milj\u00f6v\u00e4nlig uppladdningsbar design - snabbladdning med Type-C<\/h2><p>Bang King Triple 85000 Strawberry Vanilla Coke &amp; Black Dragon Ice &amp; Peach Ice \u00e4r utrustad med ett h\u00f6gpresterande 600 mAh litiumbatteri och ett snabbladdningsgr\u00e4nssnitt av typ C, vilket m\u00f6jligg\u00f6r flera laddningscykler. J\u00e4mf\u00f6rt med traditionella elektroniska cigaretter f\u00f6r eng\u00e5ngsbruk \u00e4r det inte bara mer milj\u00f6v\u00e4nligt utan ocks\u00e5 mer ekonomiskt p\u00e5 l\u00e5ng sikt. Dessutom \u00e4r batteritiden stabil och den effekt som levereras med varje bloss \u00e4r konstant, vilket garanterar en j\u00e4mn smak.<\/p><p>Varje e-v\u00e4tsketank \u00e4r utrustad med ett h\u00f6geffektivt finf\u00f6rdelningsmotst\u00e5nd med 1,0 \u03a9 mesh, vilket ger j\u00e4mn v\u00e4rmeledning, snabb uppv\u00e4rmning, fylligare finf\u00f6rdelning och en mjukare, fylligare smak. Oavsett om det \u00e4r f\u00e4rsk frukt eller en gr\u00e4dddessert \u00e5terger den troget den ursprungliga smaken av e-v\u00e4tskan, f\u00f6r en r\u00f6k som sm\u00e4lter i munnen och en l\u00e5ngvarig eftersmak, vilket dramatiskt f\u00f6rb\u00e4ttrar r\u00f6kupplevelsen. \u00c4ven vid kontinuerlig inhalering kommer du inte att uppleva n\u00e5gra problem med br\u00e4nning eller \u00f6verhettning.<\/p><h2>Intelligent LED-display<\/h2><p>Bang King Triple 85000 Strawberry Vanilla Coke &amp; Black Dragon Ice &amp; Peach Ice \u00e4r utrustad med en intelligent LED-sk\u00e4rm p\u00e5 framsidan, som visar batteriniv\u00e5, \u00e5terst\u00e5ende e-v\u00e4tskeniv\u00e5 och annan information i realtid, vilket g\u00f6r det m\u00f6jligt f\u00f6r anv\u00e4ndare att effektivt hantera sin anv\u00e4ndningstid och \u00e5terst\u00e5ende kapacitet. F\u00f6r vanliga anv\u00e4ndare finns det inte l\u00e4ngre n\u00e5got behov av att uppskatta enhetens \u00e5terst\u00e5ende livsl\u00e4ngd: visuell anv\u00e4ndning \u00e4r mer m\u00e4nsklig och intelligent.<\/p><p>BangKing Triple 85000 Strawberry Vanilla Coke &amp; Black Dragon Ice &amp; Peach Ice erbjuder upp till fyra niv\u00e5er av nikotinkoncentration: 0 %, 2 %, 3 % och 5 %. Oavsett om du vill sluta r\u00f6ka, minska ditt nikotinintag eller beh\u00e5lla din smakgl\u00e4dje, hittar du den perfekta l\u00f6sningen. F\u00f6r anv\u00e4ndare av elektroniska cigaretter p\u00e5 alla niv\u00e5er erbjuder denna design stor frihet och genomt\u00e4nkt design, som inte bara tillgodoser nyb\u00f6rjares behov utan ocks\u00e5 den personliga upplevelsen f\u00f6r erfarna anv\u00e4ndare.<\/p><h2>Andra h\u00f6jdpunkter:<\/h2><p>Automatisk aktiveringsfunktion: du beh\u00f6ver inte trycka p\u00e5 n\u00e5gon knapp, utan inandning aktiverar den elektroniska cigaretten, vilket g\u00f6r den enkel att anv\u00e4nda.<\/p><p>Trendigt, f\u00e4rgstarkt utseende: m\u00e5ngf\u00e4rgad design och trendiga ljuseffekter f\u00f6r ett mer tekniskt och trendigt utseende.<\/p><h2>Specifikationer f\u00f6r Bang King Triple 85000 3 i 1 Strawberry Vanilla Coke &amp; Black Dragon Ice &amp; Peach Ice<\/h2><p>Maximalt antal puffar: upp till 85.000 puffar (28.300 puffar f\u00f6r var och en av de tre smakerna)<\/p><p>Tre oljebeh\u00e5llare: Inneh\u00e5ller 3 oljebeh\u00e5llare, med en v\u00e4ljare f\u00f6r att \u00e4ndra smak.<\/p><p>Total volym: 63 ml f\u00f6rfylld e-juice (21 ml x 3 vardera).<\/p><p>Batterikapacitet och laddning: 600 mAh uppladdningsbart batteri, kompatibelt med USB-C snabbladdning.<\/p><p>Resistorkonfiguration: tre upps\u00e4ttningar 1,0 \u03a9 mesh-resistorer f\u00f6r att f\u00f6rb\u00e4ttra smak och finf\u00f6rdelning.<\/p><p>Nikotinkoncentration: fyra olika niv\u00e5er kan v\u00e4ljas: 0 %, 2 %, 3 % och 5 %.<\/p><p>Intelligent display: Utrustad med en h\u00f6guppl\u00f6st sk\u00e4rm som visar batteriladdning och \u00e5terst\u00e5ende oljeniv\u00e5.<\/p>\t\t\t\t\t\t\t\t<\/div>\n\t\t\t\t<\/div>\n\t\t\t\t\t<\/div>\n\t\t\t\t<\/div>\n\t\t\t\t<\/div>","protected":false},"excerpt":{"rendered":"<p>La Bang King Triple 85000 est dot\u00e9e d&rsquo;un triple r\u00e9servoir d&rsquo;e-liquide. Gr\u00e2ce au s\u00e9lecteur de saveurs, vous pouvez facilement changer de saveur et d&rsquo;univers \u00e0 tout moment, selon votre humeur. Avec 63 ml d&rsquo;e-liquide pr\u00e9-install\u00e9, soit 21 ml par saveur, vous pouvez fumer environ 28300 bouff\u00e9es, soit un total impressionnant de 85000 bouff\u00e9es, d\u00e9passant largement [&hellip;]<\/p>\n","protected":false},"featured_media":5401,"comment_status":"open","ping_status":"closed","template":"","meta":{"site-sidebar-layout":"no-sidebar","site-content-layout":"page-builder","ast-site-content-layout":"normal-width-container","site-content-style":"default","site-sidebar-style":"default","ast-global-header-display":"","ast-banner-title-visibility":"","ast-main-header-display":"","ast-hfb-above-header-display":"","ast-hfb-below-header-display":"","ast-hfb-mobile-header-display":"","site-post-title":"disabled","ast-breadcrumbs-content":"","ast-featured-img":"disabled","footer-sml-layout":"","ast-disable-related-posts":"","theme-transparent-header-meta":"default","adv-header-id-meta":"","stick-header-meta":"default","header-above-stick-meta":"","header-main-stick-meta":"","header-below-stick-meta":"","astra-migrate-meta-layouts":"set","ast-page-background-enabled":"default","ast-page-background-meta":{"desktop":{"background-color":"","background-image":"","background-repeat":"repeat","background-position":"center center","background-size":"auto","background-attachment":"scroll","background-type":"","background-media":"","overlay-type":"","overlay-color":"","overlay-opacity":"","overlay-gradient":""},"tablet":{"background-color":"","background-image":"","background-repeat":"repeat","background-position":"center center","background-size":"auto","background-attachment":"scroll","background-type":"","background-media":"","overlay-type":"","overlay-color":"","overlay-opacity":"","overlay-gradient":""},"mobile":{"background-color":"","background-image":"","background-repeat":"repeat","background-position":"center center","background-size":"auto","background-attachment":"scroll","background-type":"","background-media":"","overlay-type":"","overlay-color":"","overlay-opacity":"","overlay-gradient":""}},"ast-content-background-meta":{"desktop":{"background-color":"var(--ast-global-color-5)","background-image":"","background-repeat":"repeat","background-position":"center center","background-size":"auto","background-attachment":"scroll","background-type":"","background-media":"","overlay-type":"","overlay-color":"","overlay-opacity":"","overlay-gradient":""},"tablet":{"background-color":"var(--ast-global-color-5)","background-image":"","background-repeat":"repeat","background-position":"center center","background-size":"auto","background-attachment":"scroll","background-type":"","background-media":"","overlay-type":"","overlay-color":"","overlay-opacity":"","overlay-gradient":""},"mobile":{"background-color":"var(--ast-global-color-5)","background-image":"","background-repeat":"repeat","background-position":"center center","background-size":"auto","background-attachment":"scroll","background-type":"","background-media":"","overlay-type":"","overlay-color":"","overlay-opacity":"","overlay-gradient":""}}},"product_brand":[52],"product_cat":[51,107,15],"product_tag":[],"class_list":{"0":"post-5538","1":"product","2":"type-product","3":"status-publish","4":"has-post-thumbnail","6":"product_brand-bang-king","7":"product_cat-bang-king-triple-85000-trois-saveurs-en-une","8":"product_cat-puff-85k","9":"product_cat-magasin-cigarette-electronique","10":"desktop-align-center","11":"tablet-align-center","12":"mobile-align-center","13":"ast-product-gallery-layout-horizontal","14":"ast-product-gallery-with-no-image","15":"ast-product-single-variable","16":"ast-product-tabs-layout-horizontal","17":"ast-qv-on-image","19":"first","20":"instock","21":"sale","22":"shipping-taxable","23":"purchasable","24":"product-type-variable","25":"has-default-attributes"},"tiered_pricing_type":"fixed","tiered_pricing_fixed_rules":[],"tiered_pricing_product_settings":{"layout":"default","base_unit_name":{"singular":null,"plural":null},"default_variation":null},"tiered_pricing_minimum_quantity":null,"tiered_pricing_roles_data":[],"tiered_pricing_percentage_rules":[],"_links":{"self":[{"href":"https:\/\/puffvapestore.com\/sv\/wp-json\/wp\/v2\/product\/5538","targetHints":{"allow":["GET"]}}],"collection":[{"href":"https:\/\/puffvapestore.com\/sv\/wp-json\/wp\/v2\/product"}],"about":[{"href":"https:\/\/puffvapestore.com\/sv\/wp-json\/wp\/v2\/types\/product"}],"replies":[{"embeddable":true,"href":"https:\/\/puffvapestore.com\/sv\/wp-json\/wp\/v2\/comments?post=5538"}],"version-history":[{"count":11,"href":"https:\/\/puffvapestore.com\/sv\/wp-json\/wp\/v2\/product\/5538\/revisions"}],"predecessor-version":[{"id":10706,"href":"https:\/\/puffvapestore.com\/sv\/wp-json\/wp\/v2\/product\/5538\/revisions\/10706"}],"wp:featuredmedia":[{"embeddable":true,"href":"https:\/\/puffvapestore.com\/sv\/wp-json\/wp\/v2\/media\/5401"}],"wp:attachment":[{"href":"https:\/\/puffvapestore.com\/sv\/wp-json\/wp\/v2\/media?parent=5538"}],"wp:term":[{"taxonomy":"product_brand","embeddable":true,"href":"https:\/\/puffvapestore.com\/sv\/wp-json\/wp\/v2\/product_brand?post=5538"},{"taxonomy":"product_cat","embeddable":true,"href":"https:\/\/puffvapestore.com\/sv\/wp-json\/wp\/v2\/product_cat?post=5538"},{"taxonomy":"product_tag","embeddable":true,"href":"https:\/\/puffvapestore.com\/sv\/wp-json\/wp\/v2\/product_tag?post=5538"}],"curies":[{"name":"wp","href":"https:\/\/api.w.org\/{rel}","templated":true}]}}