{"id":5512,"date":"2025-07-20T02:26:25","date_gmt":"2025-07-20T02:26:25","guid":{"rendered":"https:\/\/puffvapestore.com\/?post_type=product&#038;p=5512"},"modified":"2026-01-19T10:54:36","modified_gmt":"2026-01-19T10:54:36","slug":"bang-king-85000-watermelon-ice-red-bull-strawberry-kiwi-offre-une-vapeur-riche","status":"publish","type":"product","link":"https:\/\/puffvapestore.com\/sv\/product\/bang-king-85000-vattenmelon-is-red-bull-jordgubbar-kiwi-erbjuder-rik-anga\/","title":{"rendered":"Bang King 85000 3 i 1 Triple Flavor - Vattenmelon Ice &amp; Red Bull &amp; Strawberry Kiwi"},"content":{"rendered":"<div data-elementor-type=\"wp-post\" data-elementor-id=\"5512\" class=\"elementor elementor-5512\">\n\t\t\t\t<div class=\"elementor-element elementor-element-d3f3f97 e-flex e-con-boxed e-con e-parent\" data-id=\"d3f3f97\" data-element_type=\"container\" data-e-type=\"container\">\n\t\t\t\t\t<div class=\"e-con-inner\">\n\t\t\t\t<div class=\"elementor-element elementor-element-9600b1d elementor-widget elementor-widget-text-editor\" data-id=\"9600b1d\" data-element_type=\"widget\" data-e-type=\"widget\" data-widget_type=\"text-editor.default\">\n\t\t\t\t<div class=\"elementor-widget-container\">\n\t\t\t\t\t\t\t\t\t<p>Bang King 85000 3 in 1 Triple Flavour - Watermelon Ice &amp; Red Bull &amp; Strawberry Kiwi erbjuder en vapingupplevelse rik p\u00e5 uppfriskande fruktiga smaker (isad vattenmelon), intensiva dryckessmaker (Red Bull) och syrliga tropiska fruktsmaker (jordgubbskivi). Varje smak \u00e4r noggrant formulerad f\u00f6r att tillgodose varje anv\u00e4ndares behov.<\/p><h2>Vattenmelon-is<\/h2><p>Huvudnotering : S\u00f6t, saftig vattenmelonsmak<\/p><p>Sekund\u00e4rnot : Isad mintfriskhet<\/p><p>Smak: Den naturliga fruktiga doften av mogen vattenmelon f\u00f6ljs av en uppfriskande svalka, liknande den fr\u00e5n mynta eller iskristaller, och l\u00e4mnar en frisk eftersmak i gommen.<\/p><h2>Red Bull<\/h2><p>Key note: Aromen av en klassisk energidryck, liknande den hos klassiska Red Bull.<\/p><p>Smak: Den komplexa, l\u00e4tt karamelliga och syrliga citrussmaken framtr\u00e4der omedelbart i gommen. Den ger en uppfriskande och stimulerande k\u00e4nsla, perfekt f\u00f6r \u00e4lskare av starka smaker. En l\u00e5ngvarig arom av honung och citrusfrukter dr\u00f6jer sig kvar i gommen.<\/p><h2>Jordgubb Kiwi<\/h2><p>Huvudnotering: en komplex fruktig doft av s\u00f6t jordgubbe och l\u00e4tt syrlig kiwi.<\/p><p>Smakegenskaper: jordgubbssmaken \u00e4r s\u00f6t och naturlig, med en l\u00e4tt mj\u00f6lkig bas som ger en len smak som p\u00e5minner om sylt. Tillsatsen av kiwi ger en antydan till syra, vilket ger den \u00f6vergripande smaken en mer tredimensionell, fr\u00e4sch och icke-fet konsistens. Den fruktiga strukturen \u00e4r kraftfull, med s\u00f6ta och syrliga toner sammanfl\u00e4tade, idealisk f\u00f6r l\u00e5ngvarig konsumtion.<\/p><h2>Smakupplevelse: Vattenmelon Ice &amp; Red Bull &amp; Strawberry Kiwi<\/h2><p>Med 3-i-1-serien av Bang King 85000 Watermelon Ice &amp; Red Bull &amp; Strawberry Kiwi kan anv\u00e4ndarna njuta av tre helt olika smakupplevelser i en och samma apparat tack vare kombinationen av tre smaker:<\/p><p>Fr\u00e5n uppfriskande isvattenmelon till energigivande Red Bull och avslutningsvis en balanserad, s\u00f6t och syrlig jordgubbs-kiwi.<\/p><p>Perfekt f\u00f6r anv\u00e4ndare som gillar att variera smakerna eller vill ha en rikare smak.<\/p><p>Varje smak \u00e4r tydligt \u00f6verlagrad under f\u00f6r\u00e4ndringen och beh\u00e5ller sina egna egenskaper.<\/p>\t\t\t\t\t\t\t\t<\/div>\n\t\t\t\t<\/div>\n\t\t\t\t\t<\/div>\n\t\t\t\t<\/div>\n\t\t<div class=\"elementor-element elementor-element-08c26f9 e-flex e-con-boxed e-con e-parent\" data-id=\"08c26f9\" data-element_type=\"container\" data-e-type=\"container\">\n\t\t\t\t\t<div class=\"e-con-inner\">\n\t\t\t\t<div class=\"elementor-element elementor-element-a005a97 elementor-widget elementor-widget-text-editor\" data-id=\"a005a97\" data-element_type=\"widget\" data-e-type=\"widget\" data-widget_type=\"text-editor.default\">\n\t\t\t\t<div class=\"elementor-widget-container\">\n\t\t\t\t\t\t\t\t\t<h2>Innovativ tre-i-ett-design - tre oberoende smaksystem<\/h2><p>Bang King Triple 85000 erbjuder ett maximalt antal puffar, ett marknadsrekord, med 85 000 puffar. En enda BangKing Triple85000 elektronisk cigarett m\u00f6jligg\u00f6r l\u00e5ngvarig anv\u00e4ndning utan behov av frekventa byten eller transporter, vilket g\u00f6r den idealisk f\u00f6r intensiva anv\u00e4ndare eller l\u00e5ngtidsresen\u00e4rer. Oavsett om den anv\u00e4nds dagligen eller som ett n\u00f6dtillbeh\u00f6r erbjuder den stabil, l\u00e5ngvarig vape-kraft, samtidigt som den \u00e4r extremt ekonomisk.<\/p><p>Bang King Triple 85000 har en unik tank med tre e-liquids, var och en f\u00f6rfylld med en specifik e-liquid. Anv\u00e4ndaren kan v\u00e4lja mellan tre olika smaker med hj\u00e4lp av v\u00e4ljaren, och \u00e4ven blanda och r\u00f6ka f\u00f6r att f\u00e5 en helt ny smakupplevelse.<\/p><h2>Milj\u00f6v\u00e4nlig uppladdningsbar design - snabbladdning med Type-C<\/h2><p>Bang King Triple 85000 \u00e4r utrustad med ett h\u00f6gpresterande 600 mAh litiumbatteri och ett snabbladdningsgr\u00e4nssnitt av typ C, vilket m\u00f6jligg\u00f6r flera laddningscykler. J\u00e4mf\u00f6rt med traditionella elektroniska eng\u00e5ngscigaretter \u00e4r det inte bara mer milj\u00f6v\u00e4nligt, utan ocks\u00e5 mer ekonomiskt p\u00e5 l\u00e5ng sikt. Dessutom \u00e4r batteritiden stabil och den effekt som levereras med varje bloss \u00e4r konstant, vilket garanterar en j\u00e4mn smak.<\/p><p>Varje e-v\u00e4tsketank \u00e4r utrustad med ett h\u00f6geffektivt finf\u00f6rdelningsmotst\u00e5nd med 1,0 \u03a9 mesh, vilket ger j\u00e4mn v\u00e4rmeledning, snabb uppv\u00e4rmning, fylligare finf\u00f6rdelning och en mjukare, fylligare smak. Oavsett om det \u00e4r f\u00e4rsk frukt eller en gr\u00e4dddessert \u00e5terger den troget den ursprungliga smaken av e-v\u00e4tskan, f\u00f6r en r\u00f6k som sm\u00e4lter i munnen och en l\u00e5ngvarig eftersmak, vilket dramatiskt f\u00f6rb\u00e4ttrar r\u00f6kupplevelsen. \u00c4ven vid kontinuerlig inhalering kommer du inte att uppleva n\u00e5gra problem med br\u00e4nning eller \u00f6verhettning.<\/p><h2>Intelligent LED-display<\/h2><p>Bang King Triple 85000 \u00e4r utrustad med en intelligent LED-sk\u00e4rm p\u00e5 framsidan, som visar batteriniv\u00e5, \u00e5terst\u00e5ende e-v\u00e4tskeniv\u00e5 och annan information i realtid, vilket g\u00f6r det m\u00f6jligt f\u00f6r anv\u00e4ndare att effektivt hantera sin anv\u00e4ndningstid och \u00e5terst\u00e5ende kapacitet. F\u00f6r vanliga anv\u00e4ndare finns det inte l\u00e4ngre n\u00e5got behov av att uppskatta enhetens \u00e5terst\u00e5ende livsl\u00e4ngd: visuell anv\u00e4ndning \u00e4r mer m\u00e4nsklig och intelligent.<\/p><p>BangKing Triple 85000 erbjuder upp till fyra niv\u00e5er av nikotinkoncentration: 0 %, 2 %, 3 % och 5 %. Oavsett om du vill sluta r\u00f6ka, minska ditt nikotinintag eller bibeh\u00e5lla din smakgl\u00e4dje hittar du den perfekta l\u00f6sningen. F\u00f6r anv\u00e4ndare av elektroniska cigaretter p\u00e5 alla niv\u00e5er erbjuder denna design stor frihet och genomt\u00e4nkt design, som inte bara tillgodoser nyb\u00f6rjares behov utan ocks\u00e5 den personliga upplevelsen f\u00f6r erfarna anv\u00e4ndare.<\/p><h2>Andra h\u00f6jdpunkter:<\/h2><p>Automatisk aktiveringsfunktion: du beh\u00f6ver inte trycka p\u00e5 n\u00e5gon knapp, utan inandning aktiverar den elektroniska cigaretten, vilket g\u00f6r den enkel att anv\u00e4nda.<\/p><p>Trendigt, f\u00e4rgstarkt utseende: m\u00e5ngf\u00e4rgad design och trendiga ljuseffekter f\u00f6r ett mer tekniskt och trendigt utseende.<\/p><h2>Specifikationer f\u00f6r Bang King Triple 85000 3 i 1<\/h2><p>Maximalt antal puffar: upp till 85.000 puffar (28.300 puffar f\u00f6r var och en av de tre smakerna)<\/p><p>Tre oljebeh\u00e5llare: Inneh\u00e5ller 3 oljebeh\u00e5llare, med en v\u00e4ljare f\u00f6r att \u00e4ndra smak.<\/p><p>Total volym: 63 ml f\u00f6rfylld e-juice (21 ml x 3 vardera).<\/p><p>Batterikapacitet och laddning: 600 mAh uppladdningsbart batteri, kompatibelt med USB-C snabbladdning.<\/p><p>Resistorkonfiguration: tre upps\u00e4ttningar 1,0 \u03a9 mesh-resistorer f\u00f6r att f\u00f6rb\u00e4ttra smak och finf\u00f6rdelning.<\/p><p>Nikotinkoncentration: fyra olika niv\u00e5er kan v\u00e4ljas: 0 %, 2 %, 3 % och 5 %.<\/p><p>Intelligent display: Utrustad med en h\u00f6guppl\u00f6st sk\u00e4rm som visar batteriladdning och \u00e5terst\u00e5ende oljeniv\u00e5.<\/p>\t\t\t\t\t\t\t\t<\/div>\n\t\t\t\t<\/div>\n\t\t\t\t\t<\/div>\n\t\t\t\t<\/div>\n\t\t\t\t<\/div>","protected":false},"excerpt":{"rendered":"<p>Le Bang King 85000 3 en 1 Triple Saveur &#8211; Watermelon Ice &amp; Red Bull &amp; Strawberry Kiwi offre une exp\u00e9rience de vapotage riche en saveurs fruit\u00e9es rafra\u00eechissantes (past\u00e8que glac\u00e9e), en saveurs de boisson intenses (Red Bull) et en saveurs de fruits tropicaux acidul\u00e9s (fraise kiwi). Chaque saveur est soigneusement formul\u00e9e pour r\u00e9pondre aux besoins [&hellip;]<\/p>\n","protected":false},"featured_media":5404,"comment_status":"open","ping_status":"closed","template":"","meta":{"site-sidebar-layout":"no-sidebar","site-content-layout":"page-builder","ast-site-content-layout":"normal-width-container","site-content-style":"default","site-sidebar-style":"default","ast-global-header-display":"","ast-banner-title-visibility":"","ast-main-header-display":"","ast-hfb-above-header-display":"","ast-hfb-below-header-display":"","ast-hfb-mobile-header-display":"","site-post-title":"disabled","ast-breadcrumbs-content":"","ast-featured-img":"disabled","footer-sml-layout":"","ast-disable-related-posts":"","theme-transparent-header-meta":"default","adv-header-id-meta":"","stick-header-meta":"default","header-above-stick-meta":"","header-main-stick-meta":"","header-below-stick-meta":"","astra-migrate-meta-layouts":"set","ast-page-background-enabled":"default","ast-page-background-meta":{"desktop":{"background-color":"","background-image":"","background-repeat":"repeat","background-position":"center center","background-size":"auto","background-attachment":"scroll","background-type":"","background-media":"","overlay-type":"","overlay-color":"","overlay-opacity":"","overlay-gradient":""},"tablet":{"background-color":"","background-image":"","background-repeat":"repeat","background-position":"center center","background-size":"auto","background-attachment":"scroll","background-type":"","background-media":"","overlay-type":"","overlay-color":"","overlay-opacity":"","overlay-gradient":""},"mobile":{"background-color":"","background-image":"","background-repeat":"repeat","background-position":"center center","background-size":"auto","background-attachment":"scroll","background-type":"","background-media":"","overlay-type":"","overlay-color":"","overlay-opacity":"","overlay-gradient":""}},"ast-content-background-meta":{"desktop":{"background-color":"var(--ast-global-color-5)","background-image":"","background-repeat":"repeat","background-position":"center center","background-size":"auto","background-attachment":"scroll","background-type":"","background-media":"","overlay-type":"","overlay-color":"","overlay-opacity":"","overlay-gradient":""},"tablet":{"background-color":"var(--ast-global-color-5)","background-image":"","background-repeat":"repeat","background-position":"center center","background-size":"auto","background-attachment":"scroll","background-type":"","background-media":"","overlay-type":"","overlay-color":"","overlay-opacity":"","overlay-gradient":""},"mobile":{"background-color":"var(--ast-global-color-5)","background-image":"","background-repeat":"repeat","background-position":"center center","background-size":"auto","background-attachment":"scroll","background-type":"","background-media":"","overlay-type":"","overlay-color":"","overlay-opacity":"","overlay-gradient":""}}},"product_brand":[52],"product_cat":[51,107,15],"product_tag":[],"class_list":{"0":"post-5512","1":"product","2":"type-product","3":"status-publish","4":"has-post-thumbnail","6":"product_brand-bang-king","7":"product_cat-bang-king-triple-85000-trois-saveurs-en-une","8":"product_cat-puff-85k","9":"product_cat-magasin-cigarette-electronique","10":"desktop-align-center","11":"tablet-align-center","12":"mobile-align-center","13":"ast-product-gallery-layout-horizontal","14":"ast-product-gallery-with-no-image","15":"ast-product-single-variable","16":"ast-product-tabs-layout-horizontal","17":"ast-qv-on-image","19":"first","20":"instock","21":"sale","22":"shipping-taxable","23":"purchasable","24":"product-type-variable","25":"has-default-attributes"},"tiered_pricing_type":"fixed","tiered_pricing_fixed_rules":[],"tiered_pricing_product_settings":{"layout":"default","base_unit_name":{"singular":null,"plural":null},"default_variation":null},"tiered_pricing_minimum_quantity":null,"tiered_pricing_roles_data":[],"tiered_pricing_percentage_rules":[],"_links":{"self":[{"href":"https:\/\/puffvapestore.com\/sv\/wp-json\/wp\/v2\/product\/5512","targetHints":{"allow":["GET"]}}],"collection":[{"href":"https:\/\/puffvapestore.com\/sv\/wp-json\/wp\/v2\/product"}],"about":[{"href":"https:\/\/puffvapestore.com\/sv\/wp-json\/wp\/v2\/types\/product"}],"replies":[{"embeddable":true,"href":"https:\/\/puffvapestore.com\/sv\/wp-json\/wp\/v2\/comments?post=5512"}],"version-history":[{"count":9,"href":"https:\/\/puffvapestore.com\/sv\/wp-json\/wp\/v2\/product\/5512\/revisions"}],"predecessor-version":[{"id":10698,"href":"https:\/\/puffvapestore.com\/sv\/wp-json\/wp\/v2\/product\/5512\/revisions\/10698"}],"wp:featuredmedia":[{"embeddable":true,"href":"https:\/\/puffvapestore.com\/sv\/wp-json\/wp\/v2\/media\/5404"}],"wp:attachment":[{"href":"https:\/\/puffvapestore.com\/sv\/wp-json\/wp\/v2\/media?parent=5512"}],"wp:term":[{"taxonomy":"product_brand","embeddable":true,"href":"https:\/\/puffvapestore.com\/sv\/wp-json\/wp\/v2\/product_brand?post=5512"},{"taxonomy":"product_cat","embeddable":true,"href":"https:\/\/puffvapestore.com\/sv\/wp-json\/wp\/v2\/product_cat?post=5512"},{"taxonomy":"product_tag","embeddable":true,"href":"https:\/\/puffvapestore.com\/sv\/wp-json\/wp\/v2\/product_tag?post=5512"}],"curies":[{"name":"wp","href":"https:\/\/api.w.org\/{rel}","templated":true}]}}