{"id":5378,"date":"2025-07-19T09:02:00","date_gmt":"2025-07-19T09:02:00","guid":{"rendered":"https:\/\/puffvapestore.com\/?post_type=product&#038;p=5378"},"modified":"2026-04-21T07:08:56","modified_gmt":"2026-04-21T07:08:56","slug":"blueberry-cherry-cranberry-fumot-40000-offre-un-gout-doux","status":"publish","type":"product","link":"https:\/\/puffvapestore.com\/sv\/product\/blabar-korsbar-tranbar-fumot-40000-ger-en-sot-smak\/","title":{"rendered":"Bl\u00e5b\u00e4r K\u00f6rsb\u00e4r Tranb\u00e4r - Fumot RandM Tornado 40000"},"content":{"rendered":"<div data-elementor-type=\"wp-post\" data-elementor-id=\"5378\" class=\"elementor elementor-5378\">\n\t\t\t\t<div class=\"elementor-element elementor-element-08c26f9 e-flex e-con-boxed e-con e-parent\" data-id=\"08c26f9\" data-element_type=\"container\" data-e-type=\"container\">\n\t\t\t\t\t<div class=\"e-con-inner\">\n\t\t\t\t<div class=\"elementor-element elementor-element-a005a97 elementor-widget elementor-widget-text-editor\" data-id=\"a005a97\" data-element_type=\"widget\" data-e-type=\"widget\" data-widget_type=\"text-editor.default\">\n\t\t\t\t<div class=\"elementor-widget-container\">\n\t\t\t\t\t\t\t\t\t<p>P\u00e5 den franska street food-festivalen fylldes luften av doften av nygr\u00e4ddade cr\u00eapes och den lockande smaken av varma sniglar med ost. N\u00e4r du h\u00e5ller i en elektronisk cigarett RandM Tornado 40000 Blueberry Cherry Cranberry andas du ut en r\u00f6k som p\u00e5 ett delikat s\u00e4tt kombinerar bl\u00e5b\u00e4rens fr\u00e4sch\u00f6r, k\u00f6rsb\u00e4rens s\u00f6tma och tranb\u00e4rens l\u00e4tta syrlighet, vilket skapar en unik sensorisk upplevelse tack vare denna blandning av smaker och aromer.<\/p><p>Bl\u00e5b\u00e4r: Bl\u00e5b\u00e4r ger en s\u00f6t, l\u00e4tt syrlig bas till denna smak. Aromen f\u00e5ngar den saftiga saften fr\u00e5n mogna bl\u00e5b\u00e4r och ger en frisk, naturlig fruktig smak. Smaken liknar den hos nyplockade bl\u00e5b\u00e4r, med en rund smak och en naturlig fruktig arom.<\/p><p>K\u00f6rsb\u00e4r: K\u00f6rsb\u00e4r ger en rik s\u00f6tma och en antydan till syra, vilket ger en nyanserad och komplex smak. Det ger en fylligare fruktig upplevelse, som om du njuter av den rika saften fr\u00e5n ett f\u00e4rskt k\u00f6rsb\u00e4r.<\/p><p>Tranb\u00e4r: Tranb\u00e4ret avslutar smaken och uppenbarar sig gradvis i utandningsluften. Dess utpr\u00e4glade syra ger den sista touchen och ger helheten en uppfriskande, sammandragande ton.<\/p><h2>Fumot Leopard 40000 Bl\u00e5b\u00e4r K\u00f6rsb\u00e4r Tranb\u00e4r \u00e4r l\u00e4mplig f\u00f6r :<\/h2><p>Njuter av aromer av blandade r\u00f6da frukter<\/p><p>Anv\u00e4ndare av elektroniska cigaretter som f\u00f6redrar l\u00e4tt syrliga, l\u00e4tta och fr\u00e4scha smaker<\/p><p>Anv\u00e4ndare som inte gillar alltf\u00f6r s\u00f6ta smaker eller smaker av enstaka frukter<\/p>\t\t\t\t\t\t\t\t<\/div>\n\t\t\t\t<\/div>\n\t\t\t\t\t<\/div>\n\t\t\t\t<\/div>\n\t\t<div class=\"elementor-element elementor-element-718b380 e-flex e-con-boxed e-con e-parent\" data-id=\"718b380\" data-element_type=\"container\" data-e-type=\"container\">\n\t\t\t\t\t<div class=\"e-con-inner\">\n\t\t\t\t<div class=\"elementor-element elementor-element-d2cc8fa elementor-widget elementor-widget-text-editor\" data-id=\"d2cc8fa\" data-element_type=\"widget\" data-e-type=\"widget\" data-widget_type=\"text-editor.default\">\n\t\t\t\t<div class=\"elementor-widget-container\">\n\t\t\t\t\t\t\t\t\t<h2>Batteri med h\u00f6g kapacitet - uppladdningsbart litiumbatteri p\u00e5 700 mAh<\/h2><p>Fumot Leopard 40000 (RandM Tornado 40K) Blueberry Cherry Cranberry erbjuder upp till 40000 puffar, vilket vida \u00f6verstiger marknadsgenomsnittet. Den erbjuder en l\u00e5ngvarig upplevelse, s\u00e4rskilt l\u00e4mpad f\u00f6r regelbundna anv\u00e4ndare, och eliminerar problemet med frekventa byten av enheter.<\/p><p>Det inbyggda h\u00f6gkapacitetsbatteriet p\u00e5 700 mAh kan laddas flera g\u00e5nger via USB Type-C-gr\u00e4nssnittet. J\u00e4mf\u00f6rt med traditionella eng\u00e5ngsartiklar \u00e4r den uppladdningsbara designen mer milj\u00f6v\u00e4nlig och ekonomisk, och batteritiden \u00e4r l\u00e5ng, vilket g\u00f6r att \u00e4ven intensiva anv\u00e4ndare kan anv\u00e4nda den i mer \u00e4n en dag.<\/p><p>Med det moderna, vanliga USB Type-C-gr\u00e4nssnittet erbjuder den inte bara f\u00f6rb\u00e4ttrad laddningseffektivitet, utan g\u00f6r det ocks\u00e5 enklare att ansluta och koppla ur. Tack vare snabbladdningstekniken laddas den vanligtvis fullt p\u00e5 kort tid, vilket minskar v\u00e4ntetiden och g\u00f6r att du kan h\u00e5lla kontakten n\u00e4r som helst och var som helst.<\/p><h2>Motst\u00e5ndsteknik med dubbla n\u00e4t<\/h2><p>Fumot Leopard 40000 (RandM Tornado 40K) Blueberry Cherry Cranberry har en avancerad v\u00e4rmetr\u00e5dsstruktur med dubbla n\u00e4t f\u00f6r j\u00e4mnare och effektivare uppv\u00e4rmning, vilket ger en rik, delikat r\u00f6k med mjuka smaker vid varje bloss. Det dubbla motst\u00e5ndet f\u00f6rl\u00e4nger effektivt motst\u00e5ndets livsl\u00e4ngd, bevarar smakstabiliteten och f\u00f6rhindrar nedbrytning.<\/p><p>F\u00f6r att tillgodose alla anv\u00e4ndares \u00f6nskem\u00e5l erbjuder Fumot Leopard 40000 fyra nikotinkoncentrationer: 0 %, 2 %, 3 % och 5 %. Oavsett om du \u00e4r en tillf\u00e4llig anv\u00e4ndare som inte anv\u00e4nder nikotin eller en storr\u00f6kare som beh\u00f6ver en h\u00f6g koncentration f\u00f6r att m\u00f6ta dina abstinensbehov, kommer du att hitta den perfekta produkten.<\/p><h2>H\u00f6guppl\u00f6st LED-display<\/h2><p>Fumot Leopard 40000 (RandM Tornado 40K) \u00e4r utrustad med en sofistikerad digital LED-display som visar hur mycket e-juice som finns kvar och batteriets laddning i realtid. Det inneb\u00e4r att anv\u00e4ndarna snabbt kan kontrollera enhetens status, f\u00f6rutse n\u00e4r det \u00e4r dags att ladda eller ladda om batteriet och undvika str\u00f6mavbrott eller att batteriet tar slut.<\/p><p>Det leopardtexturerade skalet, som \u00e4r tillverkat av ett h\u00f6gtransmissionsmaterial, kombinerar visuell effekt med elegans. Vid inandning snurrar och blinkar de dynamiska, trendiga RGB-lamporna och ger varje bloss en nattklubbsk\u00e4nsla. Det \u00e4r en trendig produkt som passar perfekt f\u00f6r fester och speciella tillf\u00e4llen.<\/p><p>Den praktiska automatiska inhalationstekniken har inga knappar eller inst\u00e4llningar, vilket g\u00f6r den enkel att anv\u00e4nda f\u00f6r nyb\u00f6rjare. Andas bara in f\u00f6rsiktigt s\u00e5 b\u00f6rjar enheten automatiskt finf\u00f6rdela, vilket ger en j\u00e4mn och behaglig inandningsupplevelse.<\/p><h2>Ergonomisk design<\/h2><p>Den ergonomiska designen p\u00e5 Fumot Leopard 40000 (RandM Tornado 40K) Blueberry Cherry Cranberry \u00e4r bekv\u00e4m att h\u00e5lla i och den kompakta storleken g\u00f6r den l\u00e4tt att b\u00e4ra. Den l\u00e4tta vikten g\u00f6r den enkel att b\u00e4ra och ta med sig.<\/p>\t\t\t\t\t\t\t\t<\/div>\n\t\t\t\t<\/div>\n\t\t\t\t\t<\/div>\n\t\t\t\t<\/div>\n\t\t\t\t<\/div>","protected":false},"excerpt":{"rendered":"<p>Lors du festival de street food fran\u00e7ais, l&rsquo;air \u00e9tait envahi par l&rsquo;ar\u00f4me des cr\u00eapes fra\u00eechement cuites et le go\u00fbt all\u00e9chant des escargots chauds au fromage. Tenant une cigarette \u00e9lectronique RandM Tornado 40000 Myrtille Cerise Canneberge, vous exhalez une fum\u00e9e qui allie d\u00e9licatement la fra\u00eecheur des myrtilles, la douceur des cerises et la l\u00e9g\u00e8re acidit\u00e9 des [&hellip;]<\/p>\n","protected":false},"featured_media":5083,"comment_status":"open","ping_status":"closed","template":"","meta":{"site-sidebar-layout":"no-sidebar","site-content-layout":"page-builder","ast-site-content-layout":"normal-width-container","site-content-style":"default","site-sidebar-style":"default","ast-global-header-display":"","ast-banner-title-visibility":"","ast-main-header-display":"","ast-hfb-above-header-display":"","ast-hfb-below-header-display":"","ast-hfb-mobile-header-display":"","site-post-title":"disabled","ast-breadcrumbs-content":"","ast-featured-img":"disabled","footer-sml-layout":"","ast-disable-related-posts":"","theme-transparent-header-meta":"default","adv-header-id-meta":"","stick-header-meta":"default","header-above-stick-meta":"","header-main-stick-meta":"","header-below-stick-meta":"","astra-migrate-meta-layouts":"set","ast-page-background-enabled":"default","ast-page-background-meta":{"desktop":{"background-color":"","background-image":"","background-repeat":"repeat","background-position":"center center","background-size":"auto","background-attachment":"scroll","background-type":"","background-media":"","overlay-type":"","overlay-color":"","overlay-opacity":"","overlay-gradient":""},"tablet":{"background-color":"","background-image":"","background-repeat":"repeat","background-position":"center center","background-size":"auto","background-attachment":"scroll","background-type":"","background-media":"","overlay-type":"","overlay-color":"","overlay-opacity":"","overlay-gradient":""},"mobile":{"background-color":"","background-image":"","background-repeat":"repeat","background-position":"center center","background-size":"auto","background-attachment":"scroll","background-type":"","background-media":"","overlay-type":"","overlay-color":"","overlay-opacity":"","overlay-gradient":""}},"ast-content-background-meta":{"desktop":{"background-color":"var(--ast-global-color-5)","background-image":"","background-repeat":"repeat","background-position":"center center","background-size":"auto","background-attachment":"scroll","background-type":"","background-media":"","overlay-type":"","overlay-color":"","overlay-opacity":"","overlay-gradient":""},"tablet":{"background-color":"var(--ast-global-color-5)","background-image":"","background-repeat":"repeat","background-position":"center center","background-size":"auto","background-attachment":"scroll","background-type":"","background-media":"","overlay-type":"","overlay-color":"","overlay-opacity":"","overlay-gradient":""},"mobile":{"background-color":"var(--ast-global-color-5)","background-image":"","background-repeat":"repeat","background-position":"center center","background-size":"auto","background-attachment":"scroll","background-type":"","background-media":"","overlay-type":"","overlay-color":"","overlay-opacity":"","overlay-gradient":""}}},"product_brand":[42],"product_cat":[50,88,77,15],"product_tag":[],"class_list":{"0":"post-5378","1":"product","2":"type-product","3":"status-publish","4":"has-post-thumbnail","6":"product_brand-randm-tornado","7":"product_cat-randm-tornado-40000-avec-ecran-led-hd","8":"product_cat-puff-40k","9":"product_cat-entrepot-de-lue","10":"product_cat-magasin-cigarette-electronique","11":"desktop-align-center","12":"tablet-align-center","13":"mobile-align-center","14":"ast-product-gallery-layout-horizontal","15":"ast-product-gallery-with-no-image","16":"ast-product-single-variable","17":"ast-product-tabs-layout-horizontal","18":"ast-qv-on-image","20":"first","21":"instock","22":"sale","23":"shipping-taxable","24":"purchasable","25":"product-type-variable","26":"has-default-attributes"},"tiered_pricing_type":"fixed","tiered_pricing_fixed_rules":{"30":10.42,"60":9.26,"100":8.05,"200":7.8,"500":7.67,"1000":7.38},"tiered_pricing_product_settings":{"layout":"default","base_unit_name":{"singular":null,"plural":null},"default_variation":null},"tiered_pricing_minimum_quantity":null,"tiered_pricing_roles_data":[],"tiered_pricing_percentage_rules":[],"_links":{"self":[{"href":"https:\/\/puffvapestore.com\/sv\/wp-json\/wp\/v2\/product\/5378","targetHints":{"allow":["GET"]}}],"collection":[{"href":"https:\/\/puffvapestore.com\/sv\/wp-json\/wp\/v2\/product"}],"about":[{"href":"https:\/\/puffvapestore.com\/sv\/wp-json\/wp\/v2\/types\/product"}],"replies":[{"embeddable":true,"href":"https:\/\/puffvapestore.com\/sv\/wp-json\/wp\/v2\/comments?post=5378"}],"version-history":[{"count":7,"href":"https:\/\/puffvapestore.com\/sv\/wp-json\/wp\/v2\/product\/5378\/revisions"}],"predecessor-version":[{"id":10758,"href":"https:\/\/puffvapestore.com\/sv\/wp-json\/wp\/v2\/product\/5378\/revisions\/10758"}],"wp:featuredmedia":[{"embeddable":true,"href":"https:\/\/puffvapestore.com\/sv\/wp-json\/wp\/v2\/media\/5083"}],"wp:attachment":[{"href":"https:\/\/puffvapestore.com\/sv\/wp-json\/wp\/v2\/media?parent=5378"}],"wp:term":[{"taxonomy":"product_brand","embeddable":true,"href":"https:\/\/puffvapestore.com\/sv\/wp-json\/wp\/v2\/product_brand?post=5378"},{"taxonomy":"product_cat","embeddable":true,"href":"https:\/\/puffvapestore.com\/sv\/wp-json\/wp\/v2\/product_cat?post=5378"},{"taxonomy":"product_tag","embeddable":true,"href":"https:\/\/puffvapestore.com\/sv\/wp-json\/wp\/v2\/product_tag?post=5378"}],"curies":[{"name":"wp","href":"https:\/\/api.w.org\/{rel}","templated":true}]}}