{"id":5330,"date":"2025-07-19T01:27:59","date_gmt":"2025-07-19T01:27:59","guid":{"rendered":"https:\/\/puffvapestore.com\/?post_type=product&#038;p=5330"},"modified":"2026-04-21T07:08:20","modified_gmt":"2026-04-21T07:08:20","slug":"blueberry-raspberry-tornado-40000-un-arome-raffine","status":"publish","type":"product","link":"https:\/\/puffvapestore.com\/sv\/product\/blabar-hallon-tornado-40000-en-raffinerad-arom\/","title":{"rendered":"Fumot Leopard 40000 - Bl\u00e5b\u00e4r Hallon"},"content":{"rendered":"<div data-elementor-type=\"wp-post\" data-elementor-id=\"5330\" class=\"elementor elementor-5330\">\n\t\t\t\t<div class=\"elementor-element elementor-element-08c26f9 e-flex e-con-boxed e-con e-parent\" data-id=\"08c26f9\" data-element_type=\"container\" data-e-type=\"container\">\n\t\t\t\t\t<div class=\"e-con-inner\">\n\t\t\t\t<div class=\"elementor-element elementor-element-a005a97 elementor-widget elementor-widget-text-editor\" data-id=\"a005a97\" data-element_type=\"widget\" data-e-type=\"widget\" data-widget_type=\"text-editor.default\">\n\t\t\t\t<div class=\"elementor-widget-container\">\n\t\t\t\t\t\t\t\t\t<p>Utm\u00e4rkande f\u00f6r Blueberry Raspberry \u00e4r den bl\u00e5b\u00e4rsdominerade s\u00f6tman och den syrliga hallonavslutningen. Texturen \u00e4r mer uttalad, utan komplexiteten och blandningen av andra fruktiga aromer, l\u00e4mplig f\u00f6r anv\u00e4ndare som f\u00f6redrar enkla fruktiga smaker.<\/p><p>Huvudsaklig bl\u00e5b\u00e4rsanteckning: Smaken framkallar s\u00f6tman hos mogna bl\u00e5b\u00e4r. Den fulla, saftiga, fruktiga aromen kan k\u00e4nnas redan fr\u00e5n b\u00f6rjan, med en rundhet som p\u00e5minner om bl\u00e5b\u00e4rssylt eller godis.<\/p><p>Raspberry Auxiliary Note: Hallonen ger en l\u00e4tt syrlighet till den \u00f6vergripande smaken, vilket g\u00f6r att s\u00f6tman inte blir fet, och det \u00e4r en s\u00f6t, syrlig b\u00e4rdoft.<\/p>\t\t\t\t\t\t\t\t<\/div>\n\t\t\t\t<\/div>\n\t\t\t\t\t<\/div>\n\t\t\t\t<\/div>\n\t\t<div class=\"elementor-element elementor-element-718b380 e-flex e-con-boxed e-con e-parent\" data-id=\"718b380\" data-element_type=\"container\" data-e-type=\"container\">\n\t\t\t\t\t<div class=\"e-con-inner\">\n\t\t\t\t<div class=\"elementor-element elementor-element-d2cc8fa elementor-widget elementor-widget-text-editor\" data-id=\"d2cc8fa\" data-element_type=\"widget\" data-e-type=\"widget\" data-widget_type=\"text-editor.default\">\n\t\t\t\t<div class=\"elementor-widget-container\">\n\t\t\t\t\t\t\t\t\t<h2>Batteri med h\u00f6g kapacitet - uppladdningsbart litiumbatteri p\u00e5 700 mAh<\/h2><p>Fumot Leopard 40000 (RandM Tornado 40K) Blueberry Raspberry erbjuder upp till 40000 puffar, vilket vida \u00f6verstiger marknadsgenomsnittet. Den ger en l\u00e5ngvarig upplevelse, s\u00e4rskilt l\u00e4mpad f\u00f6r regelbundna anv\u00e4ndare, och eliminerar problemet med att ofta beh\u00f6va byta ut enheten.<\/p><p>Det inbyggda h\u00f6gkapacitetsbatteriet p\u00e5 700 mAh kan laddas flera g\u00e5nger via USB Type-C-gr\u00e4nssnittet. J\u00e4mf\u00f6rt med traditionella eng\u00e5ngsartiklar \u00e4r den uppladdningsbara designen mer milj\u00f6v\u00e4nlig och ekonomisk, och batteritiden \u00e4r l\u00e5ng, vilket g\u00f6r att \u00e4ven intensiva anv\u00e4ndare kan anv\u00e4nda den i mer \u00e4n en dag.<\/p><p>Med det moderna, vanliga USB Type-C-gr\u00e4nssnittet erbjuder den inte bara f\u00f6rb\u00e4ttrad laddningseffektivitet, utan g\u00f6r det ocks\u00e5 enklare att ansluta och koppla ur. Tack vare snabbladdningstekniken laddas den vanligtvis fullt p\u00e5 kort tid, vilket minskar v\u00e4ntetiden och g\u00f6r att du kan h\u00e5lla kontakten n\u00e4r som helst och var som helst.<\/p><h2>Motst\u00e5ndsteknik med dubbla n\u00e4t<\/h2><p>Fumot Leopard 40000 (RandM Tornado 40K) Blueberry Raspberry har en avancerad v\u00e4rmetr\u00e5dsstruktur med dubbla n\u00e4t f\u00f6r j\u00e4mnare och effektivare uppv\u00e4rmning, vilket ger en rik, delikat r\u00f6k med mjuka smaker vid varje bloss. Det dubbla motst\u00e5ndet f\u00f6rl\u00e4nger effektivt motst\u00e5ndets livsl\u00e4ngd, bevarar smakstabiliteten och f\u00f6rhindrar nedbrytning.<\/p><p>F\u00f6r att tillgodose alla anv\u00e4ndares \u00f6nskem\u00e5l erbjuder Fumot Leopard 40000 fyra nikotinkoncentrationer: 0 %, 2 %, 3 % och 5 %. Oavsett om du \u00e4r en tillf\u00e4llig anv\u00e4ndare som inte anv\u00e4nder nikotin eller en storr\u00f6kare som beh\u00f6ver en h\u00f6g koncentration f\u00f6r att m\u00f6ta dina abstinensbehov, kommer du att hitta den perfekta produkten.<\/p><h2>H\u00f6guppl\u00f6st LED-display<\/h2><p>Fumot Leopard 40000 (RandM Tornado 40K) Blueberry Raspberry \u00e4r utrustad med en sofistikerad digital LED-display som visar hur mycket e-juice som finns kvar och batteriets laddning i realtid. Det inneb\u00e4r att anv\u00e4ndarna snabbt kan kontrollera enhetens status, f\u00f6rutse n\u00e4r det \u00e4r dags att ladda eller ladda om batteriet och undvika str\u00f6mavbrott eller att batteriet tar slut.<\/p><p>Det leopardtexturerade skalet, som \u00e4r tillverkat av ett h\u00f6gtransmissionsmaterial, kombinerar visuell effekt med elegans. Vid inandning snurrar och blinkar de dynamiska, trendiga RGB-lamporna och ger varje bloss en nattklubbsk\u00e4nsla. Det \u00e4r en trendig produkt som passar perfekt f\u00f6r fester och speciella tillf\u00e4llen.<\/p><p>Den praktiska automatiska inhalationstekniken har inga knappar eller inst\u00e4llningar, vilket g\u00f6r den enkel att anv\u00e4nda f\u00f6r nyb\u00f6rjare. Andas bara in f\u00f6rsiktigt s\u00e5 b\u00f6rjar enheten automatiskt finf\u00f6rdela, vilket ger en j\u00e4mn och behaglig inandningsupplevelse.<\/p><h2>Ergonomisk design<\/h2><p>Den ergonomiska designen p\u00e5 Fumot Leopard 40000 (RandM Tornado 40K) Blueberry Raspberry \u00e4r bekv\u00e4m att h\u00e5lla i och den kompakta storleken g\u00f6r den l\u00e4tt att b\u00e4ra med sig. Den l\u00e4tta vikten g\u00f6r den enkel att b\u00e4ra och ta med sig.<\/p>\t\t\t\t\t\t\t\t<\/div>\n\t\t\t\t<\/div>\n\t\t\t\t\t<\/div>\n\t\t\t\t<\/div>\n\t\t\t\t<\/div>","protected":false},"excerpt":{"rendered":"<p>La particularit\u00e9 de la Myrtille Framboise r\u00e9side dans sa douceur domin\u00e9e par la myrtille et sa finale acidul\u00e9e \u00e0 la framboise. La texture est plus prononc\u00e9e, sans la complexit\u00e9 et le m\u00e9lange des autres ar\u00f4mes fruit\u00e9s, convenant aux utilisateurs qui pr\u00e9f\u00e8rent les saveurs fruit\u00e9es franches. Note principale de Myrtille : Le go\u00fbt \u00e9voque la douceur [&hellip;]<\/p>\n","protected":false},"featured_media":5085,"comment_status":"open","ping_status":"closed","template":"","meta":{"site-sidebar-layout":"no-sidebar","site-content-layout":"page-builder","ast-site-content-layout":"normal-width-container","site-content-style":"default","site-sidebar-style":"default","ast-global-header-display":"","ast-banner-title-visibility":"","ast-main-header-display":"","ast-hfb-above-header-display":"","ast-hfb-below-header-display":"","ast-hfb-mobile-header-display":"","site-post-title":"disabled","ast-breadcrumbs-content":"","ast-featured-img":"disabled","footer-sml-layout":"","ast-disable-related-posts":"","theme-transparent-header-meta":"default","adv-header-id-meta":"","stick-header-meta":"default","header-above-stick-meta":"","header-main-stick-meta":"","header-below-stick-meta":"","astra-migrate-meta-layouts":"set","ast-page-background-enabled":"default","ast-page-background-meta":{"desktop":{"background-color":"","background-image":"","background-repeat":"repeat","background-position":"center center","background-size":"auto","background-attachment":"scroll","background-type":"","background-media":"","overlay-type":"","overlay-color":"","overlay-opacity":"","overlay-gradient":""},"tablet":{"background-color":"","background-image":"","background-repeat":"repeat","background-position":"center center","background-size":"auto","background-attachment":"scroll","background-type":"","background-media":"","overlay-type":"","overlay-color":"","overlay-opacity":"","overlay-gradient":""},"mobile":{"background-color":"","background-image":"","background-repeat":"repeat","background-position":"center center","background-size":"auto","background-attachment":"scroll","background-type":"","background-media":"","overlay-type":"","overlay-color":"","overlay-opacity":"","overlay-gradient":""}},"ast-content-background-meta":{"desktop":{"background-color":"var(--ast-global-color-5)","background-image":"","background-repeat":"repeat","background-position":"center center","background-size":"auto","background-attachment":"scroll","background-type":"","background-media":"","overlay-type":"","overlay-color":"","overlay-opacity":"","overlay-gradient":""},"tablet":{"background-color":"var(--ast-global-color-5)","background-image":"","background-repeat":"repeat","background-position":"center center","background-size":"auto","background-attachment":"scroll","background-type":"","background-media":"","overlay-type":"","overlay-color":"","overlay-opacity":"","overlay-gradient":""},"mobile":{"background-color":"var(--ast-global-color-5)","background-image":"","background-repeat":"repeat","background-position":"center center","background-size":"auto","background-attachment":"scroll","background-type":"","background-media":"","overlay-type":"","overlay-color":"","overlay-opacity":"","overlay-gradient":""}}},"product_brand":[42],"product_cat":[50,88,77,15],"product_tag":[],"class_list":{"0":"post-5330","1":"product","2":"type-product","3":"status-publish","4":"has-post-thumbnail","6":"product_brand-randm-tornado","7":"product_cat-randm-tornado-40000-avec-ecran-led-hd","8":"product_cat-puff-40k","9":"product_cat-entrepot-de-lue","10":"product_cat-magasin-cigarette-electronique","11":"desktop-align-center","12":"tablet-align-center","13":"mobile-align-center","14":"ast-product-gallery-layout-horizontal","15":"ast-product-gallery-with-no-image","16":"ast-product-single-variable","17":"ast-product-tabs-layout-horizontal","18":"ast-qv-on-image","20":"first","21":"instock","22":"sale","23":"shipping-taxable","24":"purchasable","25":"product-type-variable","26":"has-default-attributes"},"tiered_pricing_type":"fixed","tiered_pricing_fixed_rules":{"30":10.42,"60":9.26,"100":8.05,"200":7.8,"500":7.67,"1000":7.38},"tiered_pricing_product_settings":{"layout":"default","base_unit_name":{"singular":null,"plural":null},"default_variation":null},"tiered_pricing_minimum_quantity":null,"tiered_pricing_roles_data":[],"tiered_pricing_percentage_rules":[],"_links":{"self":[{"href":"https:\/\/puffvapestore.com\/sv\/wp-json\/wp\/v2\/product\/5330","targetHints":{"allow":["GET"]}}],"collection":[{"href":"https:\/\/puffvapestore.com\/sv\/wp-json\/wp\/v2\/product"}],"about":[{"href":"https:\/\/puffvapestore.com\/sv\/wp-json\/wp\/v2\/types\/product"}],"replies":[{"embeddable":true,"href":"https:\/\/puffvapestore.com\/sv\/wp-json\/wp\/v2\/comments?post=5330"}],"version-history":[{"count":7,"href":"https:\/\/puffvapestore.com\/sv\/wp-json\/wp\/v2\/product\/5330\/revisions"}],"predecessor-version":[{"id":10762,"href":"https:\/\/puffvapestore.com\/sv\/wp-json\/wp\/v2\/product\/5330\/revisions\/10762"}],"wp:featuredmedia":[{"embeddable":true,"href":"https:\/\/puffvapestore.com\/sv\/wp-json\/wp\/v2\/media\/5085"}],"wp:attachment":[{"href":"https:\/\/puffvapestore.com\/sv\/wp-json\/wp\/v2\/media?parent=5330"}],"wp:term":[{"taxonomy":"product_brand","embeddable":true,"href":"https:\/\/puffvapestore.com\/sv\/wp-json\/wp\/v2\/product_brand?post=5330"},{"taxonomy":"product_cat","embeddable":true,"href":"https:\/\/puffvapestore.com\/sv\/wp-json\/wp\/v2\/product_cat?post=5330"},{"taxonomy":"product_tag","embeddable":true,"href":"https:\/\/puffvapestore.com\/sv\/wp-json\/wp\/v2\/product_tag?post=5330"}],"curies":[{"name":"wp","href":"https:\/\/api.w.org\/{rel}","templated":true}]}}